{"id":11793,"date":"2023-10-11T09:28:01","date_gmt":"2023-10-11T09:28:01","guid":{"rendered":"https:\/\/alija.com.pl\/?page_id=11793"},"modified":"2026-02-23T11:15:29","modified_gmt":"2026-02-23T11:15:29","slug":"vedic-art","status":"publish","type":"page","link":"https:\/\/alija.com.pl\/pl_pl\/vedic-art\/","title":{"rendered":"Vedic Art"},"content":{"rendered":"<div class=\"wpb-content-wrapper\"><div data-vc-full-width=\"true\" data-vc-full-width-init=\"false\" data-vc-stretch-content=\"true\" class=\"vc_row wpb_row vc_row-fluid vc_custom_1697358541641 vc_row-has-fill vc_row-o-content-middle vc_row-flex wd-rs-652ba2c24232c\"><div class=\"wpb_column vc_column_container vc_col-sm-12 vc_col-lg-offset-7 vc_col-lg-5 vc_col-has-fill color-scheme-light wd-rs-65281094070bc\"><div class=\"vc_column-inner vc_custom_1697124571552\"><div class=\"wpb_wrapper\">\n\t\t<div id=\"wd-652d4df9b77d7\" class=\"title-wrapper wd-wpb set-mb-s reset-last-child  wd-rs-652d4df9b77d7 wd-title-color-primary wd-title-style-default text-left  wd-width-enabled wd-underline-colored\" style=\"--wd-max-width: 90%;\">\n\t\t\t\n\t\t\t<div class=\"liner-continer\">\n\t\t\t\t<h4 class=\"woodmart-title-container title  wd-font-weight- wd-fontsize-l\" >Vedic Art<\/h4>\n\t\t\t\t\t\t\t<\/div>\n\t\t\t\n\t\t\t\t\t\t\t<div class=\"title-after_title  set-cont-mb-s reset-last-child  wd-fontsize-xs\">Zapraszam wszystkich, kt\u00f3rzy t\u0119skni\u0105 do odkrycia w sobie artysty. W czasie warsztat\u00f3w malowania intuicyjnego Vedic Art poznasz 17 staro\u017cytnych zasad, kt\u00f3re s\u0105 kluczem do samo poznania i wymalowania swojej Duszy.<br \/>Nie musisz mie\u0107 wcze\u015bniejszego do\u015bwiadczenia w malowaniu. Przekonasz si\u0119 sam(a) \u017ce ju\u017c dzi\u015b potrafisz malowa\u0107.<\/p>\r\n<p>Warsztaty malarskie Vedic Art prowadz\u0119 od 15 lat. Obecnie we wszystkich stopniach zaawansowania tj. I, II stopnia, kursy nauczycielskie, stacjonarnie i online, w Polsce i za granic\u0105.<\/div>\n\t\t\t\n\t\t\t\n\t\t<\/div>\n\t\t\n\t\t\n\t\t<div id=\"wd-652ba36697fea\" class=\"title-wrapper wd-wpb set-mb-s reset-last-child  wd-rs-652ba36697fea wd-title-color-primary wd-title-style-default text-left  wd-width-enabled wd-underline-colored\" style=\"--wd-max-width: 90%;\">\n\t\t\t\n\t\t\t<div class=\"liner-continer\">\n\t\t\t\t<h4 class=\"woodmart-title-container title  wd-font-weight- wd-fontsize-m\" >Alija Ariana Karima<\/h4>\n\t\t\t\t\t\t\t<\/div>\n\t\t\t\n\t\t\t\n\t\t\t\n\t\t<\/div>\n\t\t\n\t\t<\/div><\/div><\/div><\/div><div class=\"vc_row-full-width vc_clearfix\"><\/div><div class=\"vc_row wpb_row vc_row-fluid\"><div class=\"wpb_column vc_column_container vc_col-sm-6\"><div class=\"vc_column-inner\"><div class=\"wpb_wrapper\">\n\t\t<div id=\"wd-68c93ab50891a\" class=\"title-wrapper wd-wpb set-mb-s reset-last-child  wd-rs-68c93ab50891a wd-title-color-primary wd-title-style-underlined text-left vc_custom_1758018243358 wd-width-custom wd-underline-colored\">\n\t\t\t\n\t\t\t<div class=\"liner-continer\">\n\t\t\t\t<h4 class=\"woodmart-title-container title  wd-font-weight-400 wd-fontsize-l\" >Warsztaty malarskie <strong>Vedic Art<\/strong><\/h4>\n\t\t\t\t\t\t\t<\/div>\n\t\t\t\n\t\t\t\n\t\t\t\n\t\t<\/div>\n\t\t\n\t\t\n\t<div class=\"wpb_text_column wpb_content_element\" >\n\t\t<div class=\"wpb_wrapper\">\n\t\t\t<p>I, II stopnia oraz kurs nauczycielski<\/p>\n<p>1-6 maja<br \/>3-8 czerwca<br \/>11-16 lipca<br \/>17-22 sierpnia<\/p>\n<p><strong>Miejsce:<\/strong> Dom \u015awiat\u0142a<br \/>ul. Zacisze 2VC<br \/>57-330 Szczytna<\/p>\n\n\t\t<\/div>\n\t<\/div>\n<div class=\"vc_empty_space\"   style=\"height: 52px\"><span class=\"vc_empty_space_inner\"><\/span><\/div><\/div><\/div><\/div><div class=\"wpb_column vc_column_container vc_col-sm-6\"><div class=\"vc_column-inner\"><div class=\"wpb_wrapper\">\n\t\t<div id=\"wd-65280d84ca98a\" class=\"title-wrapper wd-wpb set-mb-s reset-last-child  wd-rs-65280d84ca98a wd-title-color-primary wd-title-style-underlined text-left vc_custom_1697123727088 wd-width-custom wd-underline-colored\">\n\t\t\t\n\t\t\t<div class=\"liner-continer\">\n\t\t\t\t<h4 class=\"woodmart-title-container title  wd-font-weight-400 wd-fontsize-l\" >Vedic Art <strong>online<\/strong><\/h4>\n\t\t\t\t\t\t\t<\/div>\n\t\t\t\n\t\t\t\n\t\t\t\n\t\t<\/div>\n\t\t\n\t\t\n\t<div class=\"wpb_text_column wpb_content_element text-larger\" >\n\t\t<div class=\"wpb_wrapper\">\n\t\t\t<p>I, II stopnia oraz kurs nauczycielski<\/p>\n<p><strong>Data kursu online:<br \/><\/strong>7-8, 14-15, 21-22 marca<br \/>1-6 maja<br \/>2-7 czerwca<br \/>11-16 lipca<br \/>17-22 sierpnia<\/p>\n<p><strong>Kurs indywidualny:<\/strong> ty wybierasz. 6 dni, pod rz\u0105d lub weekendowo<br \/><strong>Miejsce:<\/strong> Gdziekolwiek jeste\u015b, w spokojnej przestrzeni do malowania.<\/p>\n\n\t\t<\/div>\n\t<\/div>\n<div id=\"wd-652ba3c9e5ee7\" class=\" wd-rs-652ba3c9e5ee7  wd-button-wrapper text-left\"><a href=\"https:\/\/alija.com.pl\/pl_pl\/vedic-art-online\/\" title=\"\" class=\"btn btn-color-primary btn-style-default btn-style-round btn-size-default\">WI\u0118CEJ O VEDIC ART ONLINE<\/a><\/div><\/div><\/div><\/div><\/div><div class=\"vc_row wpb_row vc_row-fluid vc_custom_1697124834584 vc_row-has-fill wd-bg-left-center wd-rs-652811ca393e2\"><div class=\"wpb_column vc_column_container vc_col-sm-6 vc_col-has-fill wd-bg-right-bottom wd-rs-652811ed94713\"><div class=\"vc_column-inner vc_custom_1697124850793\"><div class=\"wpb_wrapper\"><\/div><\/div><\/div><div class=\"wpb_column vc_column_container vc_col-sm-6 wd-rs-6528123f05e4c\"><div class=\"vc_column-inner vc_custom_1697124959499\"><div class=\"wpb_wrapper\">\n\t<div class=\"wpb_text_column wpb_content_element vc_custom_1697125157826 color-scheme-dark\" >\n\t\t<div class=\"wpb_wrapper\">\n\t\t\t<div class=\"av-special-heading av-special-heading-h1 blockquote modern-quote avia-builder-el-10 el_before_av_textblock avia-builder-el-first \">\n<h1><strong>Vedic Art to sztuka \u017cycia,<\/strong><\/h1>\n<p>w kt\u00f3rej liczy si\u0119 akt kreacji polegaj\u0105cy na wyra\u017caniu w\u0142asnych odczu\u0107. To wiedza o prawach natury i wszech\u015bwiata. Droga do osi\u0105gni\u0119cia wy\u017cszej \u015bwiadomo\u015bci poprzez tworzenie, kt\u00f3re nie wymaga \u017cadnych zdolno\u015bci ani znajomo\u015bci technik malarskich. Prace nie podlegaj\u0105 ocenom czy uznaniu. Poprzez tego rodzaju sztuk\u0119 mo\u017cemy wyrazi\u0107 w\u0142asn\u0105 indywidualno\u015b\u0107 bez jakichkolwiek oczekiwa\u0144 i wymaga\u0144.<\/p>\n<\/div>\n<section class=\"av_textblock_section \">\n<div class=\"av-special-heading av-special-heading-h1 blockquote modern-quote avia-builder-el-12 el_after_av_textblock el_before_av_textblock av-thin-font \">\n<h1 class=\"av-special-heading-tag \"><strong>Sk\u0105d pochodzi?<\/strong><\/h1>\n<p>Metoda ma swoje \u017ar\u00f3d\u0142o w Wedach. Zapisane s\u0105 tam uniwersalne prawdy o wszech\u015bwiecie, o potencjale cz\u0142owieka i jego istocie. To staro\u017cytna, licz\u0105ca 5000 lat wiedza pomagaj\u0105ca w prosty i naturalny spos\u00f3b przebudzi\u0107 wewn\u0119trzn\u0105 si\u0142\u0119 kreacji drzemi\u0105c\u0105 we wn\u0119trzu ka\u017cdego cz\u0142owieka. Przez stulecia dost\u0119pna by\u0142a jedynie joginom i ludziom bieg\u0142ym w sanskrycie. Mistrz Maharishi Mahesh Yogi zapragn\u0105\u0142, by m\u0105dro\u015b\u0107 Wed by\u0142a znana ludziom zachodu. Wiedzia\u0142, \u017ce prawda ta mo\u017ce ich wyzwoli\u0107 i sprawi\u0107, by \u017cyli szcz\u0119\u015bliwie. Szuka\u0142 metody, jak j\u0105 przekaza\u0107. W latach 80 znalaz\u0142 w\u0142a\u015bciw\u0105 osob\u0119, szwedzkiego malarza, <strong>Curta K\u00e4llmana<\/strong>, kt\u00f3remu przekaza\u0142 m\u0105dro\u015b\u0107 wedyjsk\u0105 wraz z 17 zasadami. A ten opracowa\u0142 metod\u0119 malarsk\u0105, dzi\u0119ki kt\u00f3rej mo\u017cemy pozna\u0107 prawd\u0119 o sobie samym i odkry\u0107 nasz tw\u00f3rczy potencja\u0142. Same zasady nie s\u0105 nigdzie spisane. By je zrozumie\u0107, trzeba do\u015bwiadczy\u0107 ka\u017cd\u0105 z nich podczas malowania. Je\u015bli by je teraz wymieni\u0107, wyda\u0142yby si\u0119 pustymi s\u0142owami, mimo, \u017ce za nimi kryje si\u0119 wielka m\u0105dro\u015b\u0107.<\/p>\n<\/div>\n<\/section>\n\n\t\t<\/div>\n\t<\/div>\n<\/div><\/div><\/div><\/div><div class=\"vc_row wpb_row vc_row-fluid\"><div class=\"wpb_column vc_column_container vc_col-sm-12 wd-rs-652812656ded1\"><div class=\"vc_column-inner vc_custom_1697124971530\"><div class=\"wpb_wrapper\">\n\t<div class=\"wpb_text_column wpb_content_element\" >\n\t\t<div class=\"wpb_wrapper\">\n\t\t\t<h1 class=\"av-special-heading av-special-heading-h1 blockquote modern-quote avia-builder-el-28 el_before_av_textblock avia-builder-el-first \"><strong>Co malujemy?<\/strong><\/h1>\n<p><strong>Podczas warsztat\u00f3w Vedic Art wyra\u017camy siebie<\/strong>. Inspiracj\u0105 staje si\u0119 jedynie nasze wn\u0119trze, nie obserwowany obiekt. M\u00f3wi si\u0119, \u017ce pisarze przelewaj\u0105 na papier swoje my\u015bli, my\u00a0<strong>malujemy na p\u0142\u00f3tnie nasze emocje, pragnienia<\/strong>, ale te\u017c\u00a0<strong>l\u0119ki i mroki przesz\u0142o\u015bci<\/strong>.To jak zachowujemy si\u0119 podczas tworzenia pokazuje nam jak kreujemy swoje \u017cycie. Dzi\u0119ki Vedic Art mo\u017cemy przekracza\u0107 ograniczenia, np. wzi\u0105\u0107 wielkie p\u0142\u00f3tno i poczu\u0107 jak to jest marzy\u0107 i dzia\u0142a\u0107 na wielk\u0105 skal\u0119. Smutki mo\u017cemy zamalowa\u0107 rado\u015bci\u0105, kt\u00f3ra z czasem faktycznie pojawia si\u0119 w naszym \u017cyciu. Uczymy si\u0119\u00a0<strong>dokonywa\u0107 zmian w \u017cyciu, poprzez przemalowywanie obraz\u00f3w<\/strong>. Dopuszczamy do g\u0142osu nasz\u0105 intuicj\u0119. Z czasem puszczamy kontrol\u0119 i ufamy ka\u017cdemu spontanicznemu ruchowi naszej r\u0119ki, kt\u00f3ry lekko, bez wysi\u0142ku prowadzi do powstania wspania\u0142ego dzie\u0142a.<\/p>\n<section class=\"av_textblock_section \">\n<div class=\"avia_textblock \">\n<p>Zako\u0144czenie procesu tworzenia ma wielkie znaczenie. Bierzemy odpowiedzialno\u015b\u0107 za swoje dzie\u0142o, stajemy si\u0119 tw\u00f3rcami swojego \u017cycia, a nie ofiarami. Uczymy si\u0119 nie uzale\u017cnia\u0107 od oceny innych, przychodzi te\u017c akceptacja nas takimi, jakimi jeste\u015bmy.\u00a0<strong>Poprzez malowanie uaktywniamy nasz\u0105 moc tworzenia<\/strong>, a odzyskuj\u0105c j\u0105 stajemy si\u0119 kreatywni w ka\u017cdej dziedzinie \u017cycia. Dzi\u0119ki temu ro\u015bnie w nas s\u0142uszne przekonanie\u00a0\u017ce ka\u017cdy cz\u0142owiek ma w sobie ca\u0142\u0105 potrzebn\u0105 mu wiedz\u0119, niczego nie musi si\u0119 uczy\u0107, ale jedynie przypomnie\u0107 sobie to, co zapomnia\u0142 w procesie reinkarnacyjnym. Wedy pomagaj\u0105 nam odnale\u017a\u0107 drog\u0119 do tej zapomnianej wiedzy ukrytej w nas samych, a dost\u0119pnej jedynie naszemu wy\u017cszemu ja.<\/p>\n<\/div>\n<\/section>\n\n\t\t<\/div>\n\t<\/div>\n<\/div><\/div><\/div><\/div><div class=\"vc_row wpb_row vc_row-fluid\"><div class=\"wpb_column vc_column_container vc_col-sm-4 vc_col-has-fill wd-bg-center-top wd-rs-6528019f81392\"><div class=\"vc_column-inner vc_custom_1697120769989\"><div class=\"wpb_wrapper\">\n\t<div  class=\"wpb_single_image wpb_content_element vc_align_left\">\n\t\t\n\t\t<figure class=\"wpb_wrapper vc_figure\">\n\t\t\t<div class=\"vc_single_image-wrapper   vc_box_border_grey\"><img loading=\"lazy\" decoding=\"async\" class=\"vc_single_image-img \" src=\"https:\/\/alija.com.pl\/wp-content\/uploads\/2023\/10\/399016_199730450130740_310849712_n-400x250.jpg\" width=\"400\" height=\"250\" alt=\"399016_199730450130740_310849712_n\" title=\"399016_199730450130740_310849712_n\" loading=\"lazy\" \/><\/div>\n\t\t<\/figure>\n\t<\/div>\n\n\t<div class=\"wpb_text_column wpb_content_element\" >\n\t\t<div class=\"wpb_wrapper\">\n\t\t\t<article class=\"iconbox iconbox_left avia-builder-el-22 el_after_av_image el_before_av_hr \">\n<div class=\"iconbox_content\">\n<header class=\"entry-content-header\">\n<h3 class=\"iconbox_content_title \"><strong>Sprz\u0119t malarski<\/strong><\/h3>\n<\/header>\n<div class=\"iconbox_content_container \">\n<p><strong>Nale\u017cy zaopatrzy\u0107 si\u0119 w nast\u0119puj\u0105ce materia\u0142y malarskie:\u00a0<\/strong><\/p>\n<ul>\n<li>komplet farb akrylowych (r\u00f3\u017cne kolory, lepiej wi\u0119ksze farbki, np. 100ml),<\/li>\n<li>9 podobrazi (to s\u0105 p\u0142\u00f3tna bawe\u0142niane naci\u0105gni\u0119te na ram\u0119, gotowe do malowania). Kupcie r\u00f3\u017cnorodne rozmiary podobrazi<\/li>\n<li>Paleta, p\u0119dzle, papier, o\u0142\u00f3wek, klej, pojemnik na wod\u0119, ubranie do pobrudzenia<\/li>\n<li>R\u00f3\u017cnorodne materia\u0142y do tworzenia faktur (np. brokaty ry\u017c, piasek, kamyki, guziki, nitki.. i wszystko inne co przyjdzie wam do g\u0142owy). Na miejscu b\u0119d\u0119 mia\u0142a materia\u0142y ale takie awaryjne, gdyby co\u015b si\u0119 komu\u015b poko\u0144czy\u0142o.<\/li>\n<\/ul>\n<p>Do Pa\u0144stwa dyspozycji jest sala ze sztalugami. Na miejscu s\u0105 w sprzeda\u017cy du\u017ce podobrazia i p\u0142\u00f3tna. Uwaga farby olejne d\u0142ugo schn\u0105, wi\u0119c nie polecam na warsztaty.<\/p>\n<\/div>\n<\/div>\n<footer class=\"entry-footer\"><\/footer>\n<\/article>\n<div class=\"hr hr-invisible avia-builder-el-23 el_after_av_icon_box avia-builder-el-last \">\u00a0<\/div>\n\n\t\t<\/div>\n\t<\/div>\n<\/div><\/div><\/div><div class=\"wpb_column vc_column_container vc_col-sm-4 wd-rs-65280317295e3\"><div class=\"vc_column-inner vc_custom_1697121069148\"><div class=\"wpb_wrapper\">\n\t<div  class=\"wpb_single_image wpb_content_element vc_align_left\">\n\t\t\n\t\t<figure class=\"wpb_wrapper vc_figure\">\n\t\t\t<div class=\"vc_single_image-wrapper   vc_box_border_grey\"><img loading=\"lazy\" decoding=\"async\" class=\"vc_single_image-img \" src=\"https:\/\/alija.com.pl\/wp-content\/uploads\/2023\/10\/1-1-600x375-1-400x250.jpg\" width=\"400\" height=\"250\" alt=\"1-1-600x375\" title=\"1-1-600x375\" loading=\"lazy\" \/><\/div>\n\t\t<\/figure>\n\t<\/div>\n\n\t<div class=\"wpb_text_column wpb_content_element\" >\n\t\t<div class=\"wpb_wrapper\">\n\t\t\t<article class=\"iconbox iconbox_left avia-builder-el-22 el_after_av_image el_before_av_hr \">\n<div class=\"iconbox_content\">\n<header class=\"entry-content-header\">\n<h3 class=\"iconbox_content_title \"><strong>Cennik kursu stancjonarnego<\/strong><\/h3>\n<p class=\"iconbox_content_title \"><strong>Doro\u015bli\u00a0 <\/strong>&#8211; 2000 z\u0142<\/p>\n<p><strong>Dzieci od 12 do 16 roku \u017cycia<\/strong> &#8211; gratis<br \/>Udzia\u0142 dzieci uczestnik\u00f3w<\/p>\n<p><strong>Kurs nauczycielski<\/strong> &#8211; 4500 z\u0142<\/p>\n<p><strong>Pobyt<\/strong> &#8211; pobliska agroturystyka , pokoje 2-3 oosbowe, 100 z\u0142 ze \u015bniadaniem<\/p>\n<\/header>\n<\/div>\n<\/article>\n\n\t\t<\/div>\n\t<\/div>\n<\/div><\/div><\/div><div class=\"wpb_column vc_column_container vc_col-sm-4 wd-rs-65280345974d4\"><div class=\"vc_column-inner vc_custom_1697121099844\"><div class=\"wpb_wrapper\">\n\t<div  class=\"wpb_single_image wpb_content_element vc_align_left\">\n\t\t\n\t\t<figure class=\"wpb_wrapper vc_figure\">\n\t\t\t<div class=\"vc_single_image-wrapper   vc_box_border_grey\"><img loading=\"lazy\" decoding=\"async\" class=\"vc_single_image-img \" src=\"https:\/\/alija.com.pl\/wp-content\/uploads\/2023\/10\/vedic-art-z-alija-6-400x250.jpg\" width=\"400\" height=\"250\" alt=\"vedic art z alija 6\" title=\"vedic art z alija 6\" loading=\"lazy\" \/><\/div>\n\t\t<\/figure>\n\t<\/div>\n\n\t<div class=\"wpb_text_column wpb_content_element\" >\n\t\t<div class=\"wpb_wrapper\">\n\t\t\t<article class=\"iconbox iconbox_left avia-builder-el-22 el_after_av_image el_before_av_hr \">\n<div class=\"iconbox_content\">\n<header class=\"entry-content-header\">\n<h3 class=\"iconbox_content_title \"><strong>Rezerwacja<\/strong><\/h3>\n<\/header>\n<div class=\"iconbox_content_container \">\n<p>adriana@koloryduszy.pl<\/p>\n<p><strong>Przyk\u0142adowy program<\/strong><\/p>\n<p>warsztaty Vedic Art od 10.00 do 16\/17.00<br \/>przerwy kawowe, obiad o 13.00<\/p>\n<h3>Od 2023 roku jest zmiana formu\u0142y warsztat\u00f3w Vedic Art w Polsce obowi\u0105zuj\u0105ca wszystkich nauczycieli. Zaj\u0119cia trwaj\u0105 6 dni zamiast 4, co ma s\u0142u\u017cy\u0107 g\u0142\u0119bszym procesom i lepszej integracji Vedic Art. Kursy prowadzone kr\u00f3cej nie s\u0105 prawid\u0142ow\u0105 wersj\u0105.<br \/>Do kursu nauczycielskiego mog\u0105 podej\u015b\u0107 osoby, kt\u00f3ry uko\u0144czy\u0142y minimum jeden stopie\u0144 w formule 6 dniowej<\/h3>\n<\/div>\n<\/div>\n<\/article>\n\n\t\t<\/div>\n\t<\/div>\n<\/div><\/div><\/div><\/div><div class=\"vc_row wpb_row vc_row-fluid\"><div class=\"wpb_column vc_column_container vc_col-sm-6\"><div class=\"vc_column-inner\"><div class=\"wpb_wrapper\">\n\t<div  class=\"wpb_single_image wpb_content_element vc_align_left\">\n\t\t\n\t\t<figure class=\"wpb_wrapper vc_figure\">\n\t\t\t<div class=\"vc_single_image-wrapper   vc_box_border_grey\"><img loading=\"lazy\" decoding=\"async\" class=\"vc_single_image-img \" src=\"https:\/\/alija.com.pl\/wp-content\/uploads\/2023\/10\/kurs-nauczycielski-vedic-art-z-ariana-karima-700x600.jpg\" width=\"700\" height=\"600\" alt=\"kurs nauczycielski vedic art z ariana karima\" title=\"kurs nauczycielski vedic art z ariana karima\" loading=\"lazy\" \/><\/div>\n\t\t<\/figure>\n\t<\/div>\n<\/div><\/div><\/div><div class=\"wpb_column vc_column_container vc_col-sm-6\"><div class=\"vc_column-inner\"><div class=\"wpb_wrapper\">\n\t<div class=\"wpb_text_column wpb_content_element\" >\n\t\t<div class=\"wpb_wrapper\">\n\t\t\t<header class=\"entry-content-header\">\n<h1 class=\"iconbox_content_title \"><strong>Kursy nauczycielskie Vedic Art<\/strong><\/h1>\n<\/header>\n<div class=\"iconbox_content_container \">\n<h3>Od 2011 roku jestem upowa\u017cniona przez tw\u00f3rc\u0119 metody Vedic Art, Kurta Kallmana do prowadzenie kurs\u00f3w nauczycielskich Vedic Art. Po uko\u0144czeniu kursu jest si\u0119 uprawionym do prowadzenie zaj\u0119\u0107 I stopnia<\/h3>\n<p>Gdyby kto\u015b z Was poczu\u0142 powo\u0142anie by sztuka wype\u0142ni\u0142a jego \u017cycie, tak jak wype\u0142ni\u0142a moje i by prowadzi\u0107 innych na drodze do ich serca poprzez malowanie intuicyjne, zapraszam na dwa, min. 30 godzinne (6 dniowe) stopnie warsztat\u00f3w Vedic Art, a nast\u0119pnie na min. 30 godzinny\u00a0<strong>kurs nauczycielski<\/strong>. Po nim sami b\u0119dziecie mogli\u00a0<strong>prowadzi\u0107 warsztaty metod\u0105\u00a0Vedic Art<\/strong>.<\/p>\n<p><em>Je\u015bli jeste\u015b zainteresowana(y) kursem, zg\u0142o\u015b si\u0119 do mnie.<\/em><\/p>\n<p>Do kursu nauczycielskiego mog\u0119 podej\u015b\u0107 jedynie osoby, kt\u00f3re uko\u0144czy\u0142y I i II stopie\u0144 u jednego z rekomendowanych (uprawnionych) nauczycieli Vedic Art. Lista nauczycieli Vedic Art jest podana na stronie vedicart.pl<\/p>\n<\/div>\n\n\t\t<\/div>\n\t<\/div>\n<\/div><\/div><\/div><\/div><div class=\"vc_row wpb_row vc_row-fluid\"><div class=\"wpb_column vc_column_container vc_col-sm-12\"><div class=\"vc_column-inner\"><div class=\"wpb_wrapper\">\n\t<div class=\"wpb_video_widget wpb_content_element vc_clearfix vc_custom_1697124078144 vc_video-aspect-ratio-169 vc_video-el-width-80 vc_video-align-left wd-rs-65280ee60d16b\" >\n\t\t<div class=\"wpb_wrapper\">\n\t\t\t\n\t\t\t<div class=\"wpb_video_wrapper\"><iframe title=\"Warsztaty malarskie Vedic Art z Arian\u0105 Karim\u0105\" width=\"500\" height=\"281\" src=\"https:\/\/www.youtube.com\/embed\/QKzjit8xFis?feature=oembed\" frameborder=\"0\" allow=\"accelerometer; autoplay; clipboard-write; encrypted-media; gyroscope; picture-in-picture; web-share\" referrerpolicy=\"strict-origin-when-cross-origin\" allowfullscreen><\/iframe><\/div>\n\t\t<\/div>\n\t<\/div>\n<\/div><\/div><\/div><\/div><div class=\"vc_row wpb_row vc_row-fluid\"><div class=\"wpb_column vc_column_container vc_col-sm-12\"><div class=\"vc_column-inner\"><div class=\"wpb_wrapper\">\n\t<div class=\"wpb_text_column wpb_content_element\" >\n\t\t<div class=\"wpb_wrapper\">\n\t\t\t\n\t\t<\/div>\n\t<\/div>\n<\/div><\/div><\/div><\/div><\/div>","protected":false},"excerpt":{"rendered":"Vedic Art Zapraszam wszystkich, kt\u00f3rzy t\u0119skni\u0105 do odkrycia w sobie artysty. W czasie warsztat\u00f3w malowania intuicyjnego Vedic Art poznasz 17","protected":false},"author":1,"featured_media":11779,"parent":0,"menu_order":0,"comment_status":"closed","ping_status":"closed","template":"","meta":{"footnotes":""},"class_list":["post-11793","page","type-page","status-publish","has-post-thumbnail","hentry"],"jetpack_sharing_enabled":true,"_links":{"self":[{"href":"https:\/\/alija.com.pl\/pl_pl\/wp-json\/wp\/v2\/pages\/11793","targetHints":{"allow":["GET"]}}],"collection":[{"href":"https:\/\/alija.com.pl\/pl_pl\/wp-json\/wp\/v2\/pages"}],"about":[{"href":"https:\/\/alija.com.pl\/pl_pl\/wp-json\/wp\/v2\/types\/page"}],"author":[{"embeddable":true,"href":"https:\/\/alija.com.pl\/pl_pl\/wp-json\/wp\/v2\/users\/1"}],"replies":[{"embeddable":true,"href":"https:\/\/alija.com.pl\/pl_pl\/wp-json\/wp\/v2\/comments?post=11793"}],"version-history":[{"count":43,"href":"https:\/\/alija.com.pl\/pl_pl\/wp-json\/wp\/v2\/pages\/11793\/revisions"}],"predecessor-version":[{"id":19363,"href":"https:\/\/alija.com.pl\/pl_pl\/wp-json\/wp\/v2\/pages\/11793\/revisions\/19363"}],"wp:featuredmedia":[{"embeddable":true,"href":"https:\/\/alija.com.pl\/pl_pl\/wp-json\/wp\/v2\/media\/11779"}],"wp:attachment":[{"href":"https:\/\/alija.com.pl\/pl_pl\/wp-json\/wp\/v2\/media?parent=11793"}],"curies":[{"name":"wp","href":"https:\/\/api.w.org\/{rel}","templated":true}]}}