{"id":11891,"date":"2023-10-12T13:57:17","date_gmt":"2023-10-12T13:57:17","guid":{"rendered":"https:\/\/alija.com.pl\/?page_id=11891"},"modified":"2023-12-21T13:41:44","modified_gmt":"2023-12-21T13:41:44","slug":"warsztaty-i-sesje","status":"publish","type":"page","link":"https:\/\/alija.com.pl\/pl_pl\/warsztaty-i-sesje\/","title":{"rendered":"Warsztaty i sesje"},"content":{"rendered":"<div class=\"wpb-content-wrapper\"><div data-vc-full-width=\"true\" data-vc-full-width-init=\"false\" data-vc-stretch-content=\"true\" class=\"vc_row wpb_row vc_row-fluid vc_custom_1697367948612 vc_row-o-content-middle vc_row-flex wd-rs-652bc778abe3e\"><div class=\"wpb_column vc_column_container vc_col-sm-6 vc_col-has-fill wd-rs-65268f0cc332c\"><div class=\"vc_column-inner vc_custom_1697025849678\"><div class=\"wpb_wrapper\">\t\t<div id=\"wd-652bc560776ea\" class=\"wd-image wd-wpb wd-rs-652bc560776ea text-right vc_custom_1697367414465\">\n\t\t\t\n\t\t\t<img fetchpriority=\"high\" decoding=\"async\" width=\"666\" height=\"800\" src=\"https:\/\/alija.com.pl\/wp-content\/uploads\/2023\/10\/vedic-art-z-alija-1.jpg\" class=\"attachment-large size-large\" alt=\"\" srcset=\"https:\/\/alija.com.pl\/wp-content\/uploads\/2023\/10\/vedic-art-z-alija-1.jpg 666w, https:\/\/alija.com.pl\/wp-content\/uploads\/2023\/10\/vedic-art-z-alija-1-250x300.jpg 250w, https:\/\/alija.com.pl\/wp-content\/uploads\/2023\/10\/vedic-art-z-alija-1-10x12.jpg 10w, https:\/\/alija.com.pl\/wp-content\/uploads\/2023\/10\/vedic-art-z-alija-1-150x180.jpg 150w\" sizes=\"(max-width: 666px) 100vw, 666px\" \/>\n\t\t\t\t\t<\/div>\n\t\t<\/div><\/div><\/div><div data-parallax='{\"y\":\"30\",\"smoothness\":\"30\"}' class=\"wpb_column vc_column_container vc_col-sm-6 wd-rs-61121cdd6e1d1\"><div class=\"vc_column-inner vc_custom_1628576994133\"><div class=\"wpb_wrapper\">\n\t\t<div id=\"wd-652ccfea4ebbe\" class=\"title-wrapper wd-wpb set-mb-s reset-last-child  wd-rs-652ccfea4ebbe wd-title-color-default wd-title-style-default text-left  wd-underline-colored\">\n\t\t\t\t\t\t\t<div class=\"title-subtitle  subtitle-color-default font-alt subtitle-style-default wd-font-weight- wd-fontsize-xs\">I ty mo\u017cesz malowa\u0107!<\/div>\n\t\t\t\n\t\t\t<div class=\"liner-continer\">\n\t\t\t\t<h4 class=\"woodmart-title-container title  wd-font-weight-400 wd-fontsize-l\" >Warsztaty malarskie<br \/>\n<u>Vedic Art<\/u><\/h4>\n\t\t\t\t\t\t\t<\/div>\n\t\t\t\n\t\t\t\n\t\t\t\n\t\t<\/div>\n\t\t\n\t\t\n\t<div class=\"wpb_text_column wpb_content_element\" >\n\t\t<div class=\"wpb_wrapper\">\n\t\t\t<p>Vedic Art to metoda malowania, kt\u00f3ra \u0142\u0105czy sztuk\u0119 z duchowo\u015bci\u0105. To nie jest kurs nauki technik malarskich, ale proces odkrywania siebie, swojej Duszy oraz mo\u017cliwo\u015bci tw\u00f3rczych poprzez malowanie intuicyjne.<br \/>\nVedic Art opiera si\u0119 na 17 zasadach, kt\u00f3re s\u0105 drogowskazami do rozwoju \u015bwiadomo\u015bci i wyra\u017cania w\u0142asnej prawdy. Nie potrzebujesz \u017cadnego do\u015bwiadczenia w malowaniu, ani talentu artystycznego. Wystarczy, \u017ce masz ochot\u0119 spr\u00f3bowa\u0107 czego\u015b nowego i ciekawego.<\/p>\n\n\t\t<\/div>\n\t<\/div>\n<div id=\"wd-652bc4000411c\" class=\" wd-rs-652bc4000411c  wd-button-wrapper text-center inline-element\"><a href=\"https:\/\/alija.com.pl\/pl_pl\/vedic-art\/\" title=\"\" class=\"btn btn-color-primary btn-style-default btn-style-round btn-size-default\">WI\u0118CEJ<\/a><\/div>\n\t<div class=\"wpb_text_column wpb_content_element\" >\n\t\t<div class=\"wpb_wrapper\">\n\t\t\t\n\t\t<\/div>\n\t<\/div>\n<\/div><\/div><\/div><\/div><div class=\"vc_row-full-width vc_clearfix\"><\/div><div data-vc-full-width=\"true\" data-vc-full-width-init=\"false\" data-vc-stretch-content=\"true\" class=\"vc_row wpb_row vc_row-fluid vc_custom_1697367968700 vc_row-o-content-middle vc_row-flex row-reverse-mobile wd-rs-652bc797d6f49\"><div data-parallax='{\"y\":\"-30\",\"smoothness\":\"30\"}' class=\"wpb_column vc_column_container vc_col-sm-6 text-right wd-rs-61165b295c329\"><div class=\"vc_column-inner vc_custom_1628855083827\"><div class=\"wpb_wrapper\">\n\t\t<div id=\"wd-652ccffea7d35\" class=\"title-wrapper wd-wpb set-mb-s reset-last-child  wd-rs-652ccffea7d35 wd-title-color-primary wd-title-style-default text-right vc_custom_1697435657098 wd-width-custom wd-underline-colored\">\n\t\t\t\t\t\t\t<div class=\"title-subtitle  subtitle-color-primary font-alt subtitle-style-default wd-font-weight- wd-fontsize-xs\">Po\u0142\u0105czenie Duszy z cia\u0142em<\/div>\n\t\t\t\n\t\t\t<div class=\"liner-continer\">\n\t\t\t\t<h4 class=\"woodmart-title-container title  wd-font-weight-400 wd-fontsize-l\" >Soul Body <u>Fusion<\/u><\/h4>\n\t\t\t\t\t\t\t<\/div>\n\t\t\t\n\t\t\t\n\t\t\t\n\t\t<\/div>\n\t\t\n\t\t\t\t<div id=\"wd-652ccf07db686\" class=\"wd-text-block wd-wpb reset-last-child wd-rs-652ccf07db686 text-right wd-width-custom wd-fontsize-xs vc_custom_1697435467703\">\n\t\t\t<p>Kiedy pozwalasz, by Twoja Dusza po\u0142\u0105czy\u0142a si\u0119 z twoim cia\u0142em, otwierasz si\u0119 na przemian\u0119 na ka\u017cdym poziomie. To prosta droga do spe\u0142nionego \u017cycia, szybkiego rozwoju \u015bwiadomo\u015bci i o\u015bwiecenia. Prowadz\u0119 <strong>sesje<\/strong> Soul Body Fusion tj. po\u0142\u0105czenia Duszy z cia\u0142em oraz\u00a0 certyfikowany <strong>kurs dla praktyk\u00f3w<\/strong> Soul Body Fusion, dla tych kt\u00f3rzy pragn\u0105 towarzyszy\u0107 innym w ich integracji i przemianie. Metody tej uczy\u0142am si\u0119 od jej tw\u00f3rczyni, Jonnette Crowley, autorki ksi\u0105\u017cki o Soul Body Fusion.<\/p>\n\t\t<\/div>\n\t\t<div id=\"wd-652bc3ea69cc3\" class=\" wd-rs-652bc3ea69cc3  wd-button-wrapper text-center inline-element\"><a href=\"https:\/\/alija.com.pl\/pl_pl\/soul-body-fusion\/\" title=\"\" class=\"btn btn-color-primary btn-style-default btn-style-round btn-size-default\">WI\u0118CEJ<\/a><\/div><\/div><\/div><\/div><div class=\"wpb_column vc_column_container vc_col-sm-6 vc_col-has-fill wd-rs-6513e26f1db7a\"><div class=\"vc_column-inner vc_custom_1695802459657\"><div class=\"wpb_wrapper\">\t\t<div id=\"wd-65269058e9f50\" class=\"wd-image wd-wpb wd-rs-65269058e9f50 text-left vc_custom_1697026146271\">\n\t\t\t\n\t\t\t<img decoding=\"async\" width=\"600\" height=\"600\" src=\"https:\/\/alija.com.pl\/wp-content\/uploads\/2023\/09\/soul-body-fusion-alija-m.jpg\" class=\"attachment-full size-full\" alt=\"\" srcset=\"https:\/\/alija.com.pl\/wp-content\/uploads\/2023\/09\/soul-body-fusion-alija-m.jpg 600w, https:\/\/alija.com.pl\/wp-content\/uploads\/2023\/09\/soul-body-fusion-alija-m-150x150.jpg 150w, https:\/\/alija.com.pl\/wp-content\/uploads\/2023\/09\/soul-body-fusion-alija-m-300x300.jpg 300w, https:\/\/alija.com.pl\/wp-content\/uploads\/2023\/09\/soul-body-fusion-alija-m-12x12.jpg 12w\" sizes=\"(max-width: 600px) 100vw, 600px\" \/>\n\t\t\t\t\t<\/div>\n\t\t<\/div><\/div><\/div><\/div><div class=\"vc_row-full-width vc_clearfix\"><\/div><div data-vc-full-width=\"true\" data-vc-full-width-init=\"false\" data-vc-stretch-content=\"true\" class=\"vc_row wpb_row vc_row-fluid vc_custom_1697367641287 vc_row-has-fill vc_row-o-content-middle vc_row-flex wd-rs-652bc5dda6f11\"><div class=\"wpb_column vc_column_container vc_col-sm-6 vc_col-has-fill wd-rs-652bc5354004f\"><div class=\"vc_column-inner vc_custom_1697367371392\"><div class=\"wpb_wrapper\">\t\t<div id=\"wd-652bc50a5a9a1\" class=\"wd-image wd-wpb wd-rs-652bc50a5a9a1 text-right vc_custom_1697367326890\">\n\t\t\t\n\t\t\t<img decoding=\"async\" width=\"800\" height=\"800\" src=\"https:\/\/alija.com.pl\/wp-content\/uploads\/2023\/10\/gotowosc-Alija-Ariana-Karimam-800x800.jpg\" class=\"attachment-large size-large\" alt=\"\" srcset=\"https:\/\/alija.com.pl\/wp-content\/uploads\/2023\/10\/gotowosc-Alija-Ariana-Karimam-800x800.jpg 800w, https:\/\/alija.com.pl\/wp-content\/uploads\/2023\/10\/gotowosc-Alija-Ariana-Karimam-150x150.jpg 150w, https:\/\/alija.com.pl\/wp-content\/uploads\/2023\/10\/gotowosc-Alija-Ariana-Karimam-700x700.jpg 700w, https:\/\/alija.com.pl\/wp-content\/uploads\/2023\/10\/gotowosc-Alija-Ariana-Karimam-300x300.jpg 300w, https:\/\/alija.com.pl\/wp-content\/uploads\/2023\/10\/gotowosc-Alija-Ariana-Karimam-768x768.jpg 768w, https:\/\/alija.com.pl\/wp-content\/uploads\/2023\/10\/gotowosc-Alija-Ariana-Karimam-12x12.jpg 12w, https:\/\/alija.com.pl\/wp-content\/uploads\/2023\/10\/gotowosc-Alija-Ariana-Karimam-860x860.jpg 860w, https:\/\/alija.com.pl\/wp-content\/uploads\/2023\/10\/gotowosc-Alija-Ariana-Karimam.jpg 884w\" sizes=\"(max-width: 800px) 100vw, 800px\" \/>\n\t\t\t\t\t<\/div>\n\t\t<\/div><\/div><\/div><div data-parallax='{\"y\":\"30\",\"smoothness\":\"30\"}' class=\"wpb_column vc_column_container vc_col-sm-6 wd-rs-61121cdd6e1d1\"><div class=\"vc_column-inner vc_custom_1628576994133\"><div class=\"wpb_wrapper\">\n\t\t<div id=\"wd-652cd01122bcb\" class=\"title-wrapper wd-wpb set-mb-s reset-last-child  wd-rs-652cd01122bcb wd-title-color-default wd-title-style-default text-left  wd-underline-colored\">\n\t\t\t\t\t\t\t<div class=\"title-subtitle  subtitle-color-default font-alt subtitle-style-default wd-font-weight- wd-fontsize-xs\">Dla tych, co wybrali o\u015bwiecenie<\/div>\n\t\t\t\n\t\t\t<div class=\"liner-continer\">\n\t\t\t\t<h4 class=\"woodmart-title-container title  wd-font-weight-400 wd-fontsize-l\" >Szko\u0142a <u>Mistrz\u00f3w<\/u><\/h4>\n\t\t\t\t\t\t\t<\/div>\n\t\t\t\n\t\t\t\t\t\t\t<div class=\"title-after_title  set-cont-mb-s reset-last-child  wd-fontsize-xs\">Ta szko\u0142a jest dla wszystkich tych, kt\u00f3rzy wybrali przebudzenie, o\u015bwiecenie, urzeczywistnienie w tym \u017cyciu. Je\u015bli nie ma dla Ciebie nic wa\u017cniejszego, jeste\u015b w doskona\u0142ym miejscu, by ch\u0142on\u0105\u0107 m\u0105dro\u015b\u0107, kt\u00f3ra pomo\u017ce ci przej\u015b\u0107 przez proces przebudzenia z lekko\u015bci\u0105 i rado\u015bci\u0105.<br \/>\nZapraszam do Szko\u0142y internetowej na seri\u0119 wyk\u0142ad\u00f3w oraz medytacji, kt\u00f3re poszerz\u0105 twoj\u0105 \u015bwiadomo\u015b\u0107, by do\u015bwiadczy\u0107 Siebie prawdziwego i zacz\u0105\u0107 Nowe \u017cycie Przebudzonego Mistrza.<br \/>\nPodziel\u0119 si\u0119 z Wami drog\u0105, kt\u00f3ra doprowadzi\u0142a mnie do po\u0142\u0105czenia z Ja\u017ani\u0105 Ja Istniej\u0119.<\/div>\n\t\t\t\n\t\t\t\n\t\t<\/div>\n\t\t\n\t\t<div id=\"wd-652bc4000411c\" class=\" wd-rs-652bc4000411c  wd-button-wrapper text-center inline-element\"><a href=\"https:\/\/alija.com.pl\/pl_pl\/vedic-art\/\" title=\"\" class=\"btn btn-color-primary btn-style-default btn-style-round btn-size-default\">WI\u0118CEJ<\/a><\/div>\n\t<div class=\"wpb_text_column wpb_content_element\" >\n\t\t<div class=\"wpb_wrapper\">\n\t\t\t\n\t\t<\/div>\n\t<\/div>\n<\/div><\/div><\/div><\/div><div class=\"vc_row-full-width vc_clearfix\"><\/div><div data-vc-full-width=\"true\" data-vc-full-width-init=\"false\" data-vc-stretch-content=\"true\" class=\"vc_row wpb_row vc_row-fluid vc_custom_1697367968700 vc_row-o-content-middle vc_row-flex row-reverse-mobile wd-rs-652bc797d6f49\"><div data-parallax='{\"y\":\"-30\",\"smoothness\":\"30\"}' class=\"wpb_column vc_column_container vc_col-sm-6 text-right wd-rs-652bcc1932f54\"><div class=\"vc_column-inner vc_custom_1697369143378\"><div class=\"wpb_wrapper\">\n\t\t<div id=\"wd-652cd023e72b0\" class=\"title-wrapper wd-wpb set-mb-s reset-last-child  wd-rs-652cd023e72b0 wd-title-color-primary wd-title-style-default text-right vc_custom_1697435699721 wd-width-custom wd-underline-colored\">\n\t\t\t\t\t\t\t<div class=\"title-subtitle  subtitle-color-primary font-alt subtitle-style-default wd-font-weight- wd-fontsize-xs\">Powr\u00f3t do r\u00f3wnowagi<\/div>\n\t\t\t\n\t\t\t<div class=\"liner-continer\">\n\t\t\t\t<h4 class=\"woodmart-title-container title  wd-font-weight-400 wd-fontsize-l\" >Uzdrawianie <u>rekonektywne<\/u><\/h4>\n\t\t\t\t\t\t\t<\/div>\n\t\t\t\n\t\t\t\n\t\t\t\n\t\t<\/div>\n\t\t\n\t\t\t\t<div id=\"wd-652bcc0333894\" class=\"wd-text-block wd-wpb reset-last-child wd-rs-652bcc0333894 text-right wd-width-custom wd-fontsize-xs vc_custom_1697369100570\">\n\t\t\t<p>Dzi\u0119ki cz\u0119stotliwo\u015bci, na kt\u00f3rej opiera si\u0119 <strong>uzdrawianie rekonektywne i sesja Reconnection<\/strong>, maj\u0105 miejsca spektakularne uzdrowienia fizyczne, na poziomie mentalnym, emocjonalnym i duchowym.\u00a0To przywr\u00f3cenie harmonii na wszystkich poziomach poprzez wibracj\u0119 zawieraj\u0105c\u0105 energi\u0119, \u015bwiat\u0142o i informacj\u0119.<\/p>\n<p><strong>Reconnection, <\/strong>sesj\u0119 ponownego po\u0142\u0105czenia robi si\u0119 raz w \u017cyciu, by zmieni\u0107 je na zawsze. Je\u015bli chcieliby\u015bcie zacz\u0105\u0107 do\u015bwiadcza\u0107 pe\u0142ni \u017cycia, wej\u015b\u0107 odwa\u017cnie na drog\u0119 spe\u0142nienia, w zgodzie z planem duszy, po\u0142\u0105czy\u0107 si\u0119 ze swoj\u0105 Wy\u017csz\u0105 Ja\u017ani\u0105, s\u0142ysze\u0107 jej g\u0142os, poczu\u0107 po\u0142\u0105czenie ze wszech\u015bwiatem, sesja ponownego po\u0142\u0105czenia &#8211; Reconnection, jest dla Ciebie.<\/p>\n\t\t<\/div>\n\t\t<div id=\"wd-652bc3ea69cc3\" class=\" wd-rs-652bc3ea69cc3  wd-button-wrapper text-center inline-element\"><a href=\"https:\/\/alija.com.pl\/pl_pl\/soul-body-fusion\/\" title=\"\" class=\"btn btn-color-primary btn-style-default btn-style-round btn-size-default\">WI\u0118CEJ<\/a><\/div><\/div><\/div><\/div><div class=\"wpb_column vc_column_container vc_col-sm-6 vc_col-has-fill wd-rs-652bcbd9d5628\"><div class=\"vc_column-inner vc_custom_1697369064993\"><div class=\"wpb_wrapper\">\t\t<div id=\"wd-652bc9ce14850\" class=\"wd-image wd-wpb wd-rs-652bc9ce14850 text-left vc_custom_1697368749299\">\n\t\t\t\n\t\t\t<img loading=\"lazy\" decoding=\"async\" width=\"600\" height=\"600\" src=\"https:\/\/alija.com.pl\/wp-content\/uploads\/2023\/10\/reconnection-alija-ariana-karima.jpg\" class=\"attachment-full size-full\" alt=\"\" srcset=\"https:\/\/alija.com.pl\/wp-content\/uploads\/2023\/10\/reconnection-alija-ariana-karima.jpg 600w, https:\/\/alija.com.pl\/wp-content\/uploads\/2023\/10\/reconnection-alija-ariana-karima-300x300.jpg 300w, https:\/\/alija.com.pl\/wp-content\/uploads\/2023\/10\/reconnection-alija-ariana-karima-150x150.jpg 150w, https:\/\/alija.com.pl\/wp-content\/uploads\/2023\/10\/reconnection-alija-ariana-karima-12x12.jpg 12w, https:\/\/alija.com.pl\/wp-content\/uploads\/2023\/10\/reconnection-alija-ariana-karima-100x100.jpg 100w\" sizes=\"(max-width: 600px) 100vw, 600px\" \/>\n\t\t\t\t\t<\/div>\n\t\t<\/div><\/div><\/div><\/div><div class=\"vc_row-full-width vc_clearfix\"><\/div>\n<\/div>","protected":false},"excerpt":{"rendered":"I ty mo\u017cesz malowa\u0107! Warsztaty malarskie Vedic Art Vedic Art to metoda malowania, kt\u00f3ra \u0142\u0105czy sztuk\u0119 z duchowo\u015bci\u0105. To nie","protected":false},"author":1,"featured_media":0,"parent":0,"menu_order":0,"comment_status":"closed","ping_status":"closed","template":"","meta":{"footnotes":""},"class_list":["post-11891","page","type-page","status-publish","hentry"],"jetpack_sharing_enabled":true,"_links":{"self":[{"href":"https:\/\/alija.com.pl\/pl_pl\/wp-json\/wp\/v2\/pages\/11891","targetHints":{"allow":["GET"]}}],"collection":[{"href":"https:\/\/alija.com.pl\/pl_pl\/wp-json\/wp\/v2\/pages"}],"about":[{"href":"https:\/\/alija.com.pl\/pl_pl\/wp-json\/wp\/v2\/types\/page"}],"author":[{"embeddable":true,"href":"https:\/\/alija.com.pl\/pl_pl\/wp-json\/wp\/v2\/users\/1"}],"replies":[{"embeddable":true,"href":"https:\/\/alija.com.pl\/pl_pl\/wp-json\/wp\/v2\/comments?post=11891"}],"version-history":[{"count":14,"href":"https:\/\/alija.com.pl\/pl_pl\/wp-json\/wp\/v2\/pages\/11891\/revisions"}],"predecessor-version":[{"id":14956,"href":"https:\/\/alija.com.pl\/pl_pl\/wp-json\/wp\/v2\/pages\/11891\/revisions\/14956"}],"wp:attachment":[{"href":"https:\/\/alija.com.pl\/pl_pl\/wp-json\/wp\/v2\/media?parent=11891"}],"curies":[{"name":"wp","href":"https:\/\/api.w.org\/{rel}","templated":true}]}}