{"id":11946,"date":"2023-10-15T07:17:49","date_gmt":"2023-10-15T07:17:49","guid":{"rendered":"https:\/\/alija.com.pl\/?page_id=11946"},"modified":"2025-09-16T10:31:56","modified_gmt":"2025-09-16T10:31:56","slug":"vedic-art-online","status":"publish","type":"page","link":"https:\/\/alija.com.pl\/pl_pl\/vedic-art-online\/","title":{"rendered":"Vedic Art online"},"content":{"rendered":"<div class=\"wpb-content-wrapper\"><div data-vc-full-width=\"true\" data-vc-full-width-init=\"false\" data-vc-stretch-content=\"true\" class=\"vc_row wpb_row vc_row-fluid vc_custom_1697357818576 vc_row-has-fill vc_row-o-content-middle vc_row-flex wd-rs-652b9fe10782d\"><div class=\"wpb_column vc_column_container vc_col-sm-12 vc_col-lg-offset-7 vc_col-lg-5 vc_col-has-fill color-scheme-light wd-rs-65281094070bc\"><div class=\"vc_column-inner vc_custom_1697124571552\"><div class=\"wpb_wrapper\">\n\t\t<div id=\"wd-652ba08cc21e8\" class=\"title-wrapper wd-wpb set-mb-s reset-last-child  wd-rs-652ba08cc21e8 wd-title-color-primary wd-title-style-default text-left  wd-width-enabled wd-underline-colored\" style=\"--wd-max-width: 90%;\">\n\t\t\t\t\t\t\t<div class=\"title-subtitle  subtitle-color-primary font-default subtitle-style-default wd-font-weight- wd-fontsize-xs\">MALUJ W DOMU<\/div>\n\t\t\t\n\t\t\t<div class=\"liner-continer\">\n\t\t\t\t<h4 class=\"woodmart-title-container title  wd-font-weight- wd-fontsize-l\" >Vedic Art Online<\/h4>\n\t\t\t\t\t\t\t<\/div>\n\t\t\t\n\t\t\t\t\t\t\t<div class=\"title-after_title  set-cont-mb-s reset-last-child  wd-fontsize-xs\">Teraz wystarczy stworzy\u0107 spokojn\u0105 przestrze\u0144 do malowania w Twoim domu, lub gdziekolwiek zapragniesz i mo\u017cesz do\u015bwiadczy\u0107 g\u0142\u0119bi procesu Vedic Art w wersji online. Z przyjemno\u015bci\u0105 b\u0119d\u0105 dla Ciebie przewodniczk\u0105.<\/p>\n<p>ALIJA ARIANA KARIMA<br \/>\nnauczycielka z 15 letnim do\u015bwiadczeniem<br \/>\nI i II stopie\u0144, kurs nauczycielski<\/div>\n\t\t\t\n\t\t\t\n\t\t<\/div>\n\t\t\n\t\t<\/div><\/div><\/div><\/div><div class=\"vc_row-full-width vc_clearfix\"><\/div><div class=\"vc_row wpb_row vc_row-fluid\"><div class=\"wpb_column vc_column_container vc_col-sm-6\"><div class=\"vc_column-inner\"><div class=\"wpb_wrapper\">\n\t\t<div id=\"wd-65280d84ca98a\" class=\"title-wrapper wd-wpb set-mb-s reset-last-child  wd-rs-65280d84ca98a wd-title-color-primary wd-title-style-underlined text-left vc_custom_1697123727088 wd-width-custom wd-underline-colored\">\n\t\t\t\n\t\t\t<div class=\"liner-continer\">\n\t\t\t\t<h4 class=\"woodmart-title-container title  wd-font-weight-400 wd-fontsize-l\" >Vedic Art <strong>online<\/strong><\/h4>\n\t\t\t\t\t\t\t<\/div>\n\t\t\t\n\t\t\t\n\t\t\t\n\t\t<\/div>\n\t\t\n\t\t\n\t<div class=\"wpb_text_column wpb_content_element text-larger\" >\n\t\t<div class=\"wpb_wrapper\">\n\t\t\t<p>I, II stopnia oraz kurs nauczycielski<\/p>\n<p><strong>Data:<\/strong> 6-11 listopada 2025<br \/>\n<strong>Miejsce:<\/strong> Gdziekolwiek jeste\u015b, w spokojnej przestrzeni do malowania.<br \/>\n<strong>Kurs indywidualny:<\/strong>\u00a0ty wybierasz. 6 dni, pod rz\u0105d lub weekendowo, min. 30 godzin.<\/p>\n\n\t\t<\/div>\n\t<\/div>\n<div class=\"vc_empty_space\"   style=\"height: 52px\"><span class=\"vc_empty_space_inner\"><\/span><\/div><\/div><\/div><\/div><div class=\"wpb_column vc_column_container vc_col-sm-6\"><div class=\"vc_column-inner\"><div class=\"wpb_wrapper\">\n\t<div class=\"wpb_video_widget wpb_content_element vc_clearfix vc_custom_1697358101301 vc_video-aspect-ratio-169 vc_video-el-width-100 vc_video-align-left wd-rs-652ba107cd82d\" >\n\t\t<div class=\"wpb_wrapper\">\n\t\t\t\n\t\t\t<div class=\"wpb_video_wrapper\"><iframe title=\"Vedic Art Online z Arian\u0105 Karim\u0105\" width=\"500\" height=\"281\" src=\"https:\/\/www.youtube.com\/embed\/-n2XScPIcXA?start=1&feature=oembed\" frameborder=\"0\" allow=\"accelerometer; autoplay; clipboard-write; encrypted-media; gyroscope; picture-in-picture; web-share\" referrerpolicy=\"strict-origin-when-cross-origin\" allowfullscreen><\/iframe><\/div>\n\t\t<\/div>\n\t<\/div>\n<\/div><\/div><\/div><\/div><div class=\"vc_row wpb_row vc_row-fluid vc_custom_1697354905581 vc_row-has-fill wd-bg-left-center wd-rs-652b94927aa44\"><div class=\"wpb_column vc_column_container vc_col-sm-6 vc_col-has-fill wd-bg-right-bottom wd-rs-652b9ce75ae94\"><div class=\"vc_column-inner vc_custom_1697357047824\"><div class=\"wpb_wrapper\">\n\t<div class=\"wpb_text_column wpb_content_element vc_custom_1697357294679 color-scheme-dark\" >\n\t\t<div class=\"wpb_wrapper\">\n\t\t\t<div class=\"av-special-heading av-special-heading-h1 blockquote modern-quote avia-builder-el-10 el_before_av_textblock avia-builder-el-first \">\n<h1><strong>Vedic Art to sztuka \u017cycia<\/strong><\/h1>\n<p>Zapraszam na kurs Vedic Art online, I STOPNIA dla pocz\u0105tkuj\u0105cych, II STOPNIA dla zaawansowanych lub KURS NAUCZYCIELSKI.<\/p>\n<p>Kurs odb\u0119dzie si\u0119 online. B\u0119dzie mia\u0142\u00a0<strong>tak\u0105 sam\u0105 formu\u0142\u0119 jak warsztaty stacjonarne,<\/strong>\u00a0tj. sk\u0142ada si\u0119 z cz\u0119\u015bci merytorycznej, m\u0105dro\u015bci wedyjskiej,\u00a0 inspiruj\u0105cych ciebie do namalowania obraz\u00f3w. Podczas wyk\u0142ad\u00f3w przekazuj\u0119 17 zasad Vedic Art, a do nich podaj\u0119 \u0107wiczenie malarskie oraz ramy czasowe, potrzebne na wykonanie \u0107wiczenia w domu, lub gdziekolwiek wybierzesz.<br \/>\nPo wykonaniu \u0107wiczenia, podaj\u0119 komentarz uzupe\u0142niaj\u0105cy, a nast\u0119pnie kolejn\u0105 zasad\u0119 wraz z\u00a0 nast\u0119pnym \u0107wiczeniem malarskim.<br \/>\nPodczas spotka\u0144 online b\u0119dzie okazja, by porozmawia\u0107 o twoim procesie.<\/p>\n<\/div>\n<p>Warunkiem, by proces by\u0142 dla Ciebie udany jest to by\u015b stworzy\u0142\/a sobie<strong>\u00a0spokojn\u0105 przestrze\u0144, bez zak\u0142\u00f3ce\u0144.<\/strong>\u00a0Zadbaj, by w czasie kiedy si\u0105dziesz do warsztat\u00f3w, nie przeszkadzali ci domownicy, ani inne osoby.<br \/>\nJe\u015bli wykupujesz kurs, jest on jedynie dla ciebie.\u00a0 Je\u015bli b\u0119dzie was wi\u0119cej przed ekranem, ka\u017cdy p\u0142aci pe\u0142n\u0105 cen\u0119 kursu.<\/p>\n\n\t\t<\/div>\n\t<\/div>\n<\/div><\/div><\/div><div class=\"wpb_column vc_column_container vc_col-sm-6 wd-rs-6528123f05e4c\"><div class=\"vc_column-inner vc_custom_1697124959499\"><div class=\"wpb_wrapper\">\n\t<div class=\"wpb_text_column wpb_content_element vc_custom_1697357107568 color-scheme-dark\" >\n\t\t<div class=\"wpb_wrapper\">\n\t\t\t<div class=\"av-special-heading av-special-heading-h1 blockquote modern-quote avia-builder-el-10 el_before_av_textblock avia-builder-el-first \">\n<p>Zapraszam wszystkich, kt\u00f3rzy t\u0119skni\u0105 by po prostu sp\u0119dzi\u0107 czas na beztroskiej zabawie z farbami. Nie musisz mie\u0107 wcze\u015bniejszego do\u015bwiadczenia w malowaniu. Przekonasz si\u0119 sam(a) \u017ce ju\u017c dzi\u015b potrafisz malowa\u0107 i wyra\u017ca\u0107 si\u0119 tak jak lubisz.<\/p>\n<p>Vedic Art jest pi\u0119knym, minimum 30 godzinnym procesem, podczas kt\u00f3rego poznajesz 17 staro\u017cytnych zasad, kt\u00f3re s\u0105 kluczem do samo poznania i przypomnieniem kim na prawd\u0119 JESTES.<\/p>\n<p>Ta najg\u0142\u0119bsza t\u0119sknota, kt\u00f3ra w nas jest i cz\u0119sto jest nienazwana, to w\u0142a\u015bnie t\u0119sknota za nami prawdziwymi, ZA PO\u0141ACZENIEM ZE SOB\u0104. Podczas zaj\u0119\u0107, stworzymy razem przestrze\u0144 w kt\u00f3rej z \u0142atwo\u015bci\u0105 poczujesz swoj\u0105 esencj\u0119, Dusz\u0119, kt\u00f3r\u0105 jeste\u015b i przypomnisz sobie na czym polega prawdziwa Kreacja i \u017ce to Ty jeste\u015b Stw\u00f3rc\u0105, swojego \u017cycia.<\/p>\n<\/div>\n\n\t\t<\/div>\n\t<\/div>\n<div id=\"wd-652b9e0a65752\" class=\" wd-rs-652b9e0a65752 vc_custom_1697357357437 wd-button-wrapper text-left\"><a  class=\"btn btn-color-primary btn-style-default btn-style-round btn-size-default\">WI\u0118CEJ O METODZIE VEDIC ART<\/a><\/div><\/div><\/div><\/div><\/div><div class=\"vc_row wpb_row vc_row-fluid\"><div class=\"wpb_column vc_column_container vc_col-sm-12 wd-rs-652812656ded1\"><div class=\"vc_column-inner vc_custom_1697124971530\"><div class=\"wpb_wrapper\">\t\t\t\n\t\t\t<div id=\"wd-652ba154b0ee5\" class=\"testimonials testimonials-wrapper testimonials-slider testimon-style-boxed color-scheme-dark wd-fontsize-xs testimon-align-center  wd-carousel-container wd-carousel-spacing-30\" data-owl-carousel data-wrap=\"no\" data-hide_pagination_control=\"no\" data-hide_prev_next_buttons=\"no\" data-desktop=\"3\" data-tablet_landscape=\"3\" data-tablet=\"2\" data-mobile=\"1\">\n\t\t\t\t<div class=\" owl-carousel wd-owl owl-items-lg-3 owl-items-md-3 owl-items-sm-2 owl-items-xs-1\" >\n\t\t\t\t\t\n<div class=\"testimonial column \">\n\t<div class=\"testimonial-inner\">\n\t\t\t\t\t<div class=\"testimonial-avatar\">\n\t\t\t\t<img decoding=\"async\" width=\"100\" height=\"100\" src=\"https:\/\/alija.com.pl\/wp-content\/uploads\/2023\/10\/Milosc-2-100x100.jpg\" class=\"testimonial-avatar-image\" alt=\"\" srcset=\"https:\/\/alija.com.pl\/wp-content\/uploads\/2023\/10\/Milosc-2-100x100.jpg 100w, https:\/\/alija.com.pl\/wp-content\/uploads\/2023\/10\/Milosc-2-150x150.jpg 150w, https:\/\/alija.com.pl\/wp-content\/uploads\/2023\/10\/Milosc-2-12x12.jpg 12w\" sizes=\"(max-width: 100px) 100vw, 100px\" \/>\t\t\t<\/div>\n\t\t\n\t\t<div class=\"testimonial-content\">\n\t\t\t<div class=\"testimonial-rating\">\n\t\t\t\t<span class=\"star-rating\">\n\t\t\t\t\t<span style=\"width:100%\"><\/span>\n\t\t\t\t<\/span>\n\t\t\t<\/div>\n\n\t\t\t\u201cMia\u0142am moment niepewno\u015bci, czy kurs Vedic Art online mo\u017ce dor\u00f3wna\u0107 wersji stacjonarnej, ale oczywi\u015bcie wtedy, kiedy do mnie przyszed\u0142, okaza\u0142 si\u0119 najlepszym wariantem. Wszech\u015bwiat obdarowa\u0142 mnie czterem dniami intymnego spotkania ze sob\u0105 w zaciszu domowym w\u015br\u00f3d farb, p\u0119dzli i p\u0142\u00f3cien. Czasem interakcje w grupie s\u0105 potrzebne, ale te\u017c niezast\u0105piona jest swoboda, kt\u00f3r\u0105 zapewnia osobista PRZESTRZE\u0143 domowa, pozwalaj\u0105ca na pozostanie we w\u0142asnym niezak\u0142\u00f3conym RYTMIE, na jedynie s\u0142usznej dla siebie POZYCJI \ud83d\ude09 I nieocenione wsparcie \u015awietlistej Przewodniczki. Ariano, Namaste\u201d\n\t\t\t<footer>\n\t\t\t\tKatarzyna\n\t\t\t\t\t\t\t<\/footer>\n\t\t<\/div>\n\t<\/div>\n<\/div>\n<div class=\"testimonial column \">\n\t<div class=\"testimonial-inner\">\n\t\t\t\t\t<div class=\"testimonial-avatar\">\n\t\t\t\t<img decoding=\"async\" width=\"100\" height=\"100\" src=\"https:\/\/alija.com.pl\/wp-content\/uploads\/2023\/10\/ogien-we-mnie-100x100.jpg\" class=\"testimonial-avatar-image\" alt=\"\" srcset=\"https:\/\/alija.com.pl\/wp-content\/uploads\/2023\/10\/ogien-we-mnie-100x100.jpg 100w, https:\/\/alija.com.pl\/wp-content\/uploads\/2023\/10\/ogien-we-mnie-301x300.jpg 301w, https:\/\/alija.com.pl\/wp-content\/uploads\/2023\/10\/ogien-we-mnie-150x150.jpg 150w, https:\/\/alija.com.pl\/wp-content\/uploads\/2023\/10\/ogien-we-mnie-12x12.jpg 12w, https:\/\/alija.com.pl\/wp-content\/uploads\/2023\/10\/ogien-we-mnie.jpg 481w\" sizes=\"(max-width: 100px) 100vw, 100px\" \/>\t\t\t<\/div>\n\t\t\n\t\t<div class=\"testimonial-content\">\n\t\t\t<div class=\"testimonial-rating\">\n\t\t\t\t<span class=\"star-rating\">\n\t\t\t\t\t<span style=\"width:100%\"><\/span>\n\t\t\t\t<\/span>\n\t\t\t<\/div>\n\n\t\t\t\u201d Vedic Art w wersji online to niepowtarzalna podr\u00f3\u017c w g\u0142\u0105b siebie. Na pewno warto spr\u00f3bowa\u0107 namalowa\u0107 sw\u00f3j \u015bwiat na nowo. By\u0107 ponad nim i w nim jednocze\u015bnie we wspania\u0142ym towarzystwie takiego przewodnika jakim jest Ariana. Dzi\u0119kuj\u0119 by\u0142o wspaniale.\u201d\n\t\t\t<footer>\n\t\t\t\tKasia\n\t\t\t\t\t\t\t<\/footer>\n\t\t<\/div>\n\t<\/div>\n<\/div>\n<div class=\"testimonial column \">\n\t<div class=\"testimonial-inner\">\n\t\t\t\t\t<div class=\"testimonial-avatar\">\n\t\t\t\t<img decoding=\"async\" width=\"100\" height=\"100\" src=\"https:\/\/alija.com.pl\/wp-content\/uploads\/2023\/10\/399016_199730450130740_310849712_n-100x100.jpg\" class=\"testimonial-avatar-image\" alt=\"\" srcset=\"https:\/\/alija.com.pl\/wp-content\/uploads\/2023\/10\/399016_199730450130740_310849712_n-100x100.jpg 100w, https:\/\/alija.com.pl\/wp-content\/uploads\/2023\/10\/399016_199730450130740_310849712_n-150x150.jpg 150w\" sizes=\"(max-width: 100px) 100vw, 100px\" \/>\t\t\t<\/div>\n\t\t\n\t\t<div class=\"testimonial-content\">\n\t\t\t<div class=\"testimonial-rating\">\n\t\t\t\t<span class=\"star-rating\">\n\t\t\t\t\t<span style=\"width:100%\"><\/span>\n\t\t\t\t<\/span>\n\t\t\t<\/div>\n<div class=\"avia-testimonial-content \">\n<p>\u201cDzi\u0119kuj\u0119 Ariano z ca\u0142ego mojego serca za wszystkie wspania\u0142e momenty, kt\u00f3rych do\u015bwiadczy\u0142am na kursie. Za obudzenie na nowo mojej mi\u0142o\u015bci do malowania. Za pokazanie nowej drogi. Dzi\u0119kuj\u0119 za mo\u017cliwo\u015b\u0107 skorzystania z kursu online. By\u0142 dla mnie idealny w tym momencie \u017cycia, w kt\u00f3rym teraz jestem. Wystarczy zorganizowa\u0107 sobie malutk\u0105 przestrze\u0144 tylko dla siebie. To jest mo\u017cliwe, trzeba tylko chcie\u0107. By\u0142o wspaniale. Dzi\u0119kuj\u0119 \u2665\ufe0f\u201d<\/p>\n<\/div>\n<p>\n\t\t\t<footer>\n\t\t\t\tKaja\n\t\t\t\t\t\t\t<\/footer>\n\t\t<\/div>\n\t<\/div>\n<\/div>\t\t\t\t<\/div>\n\t\t\t<\/div>\n\t\t<\/div><\/div><\/div><\/div><div class=\"vc_row wpb_row vc_row-fluid\"><div class=\"wpb_column vc_column_container vc_col-sm-4 vc_col-has-fill wd-bg-center-top wd-rs-6528019f81392\"><div class=\"vc_column-inner vc_custom_1697120769989\"><div class=\"wpb_wrapper\">\n\t<div  class=\"wpb_single_image wpb_content_element vc_align_left\">\n\t\t\n\t\t<figure class=\"wpb_wrapper vc_figure\">\n\t\t\t<div class=\"vc_single_image-wrapper   vc_box_border_grey\"><img loading=\"lazy\" decoding=\"async\" class=\"vc_single_image-img \" src=\"https:\/\/alija.com.pl\/wp-content\/uploads\/2023\/10\/399016_199730450130740_310849712_n-400x250.jpg\" width=\"400\" height=\"250\" alt=\"399016_199730450130740_310849712_n\" title=\"399016_199730450130740_310849712_n\" loading=\"lazy\" \/><\/div>\n\t\t<\/figure>\n\t<\/div>\n\n\t<div class=\"wpb_text_column wpb_content_element\" >\n\t\t<div class=\"wpb_wrapper\">\n\t\t\t<article class=\"iconbox iconbox_left avia-builder-el-22 el_after_av_image el_before_av_hr \">\n<div class=\"iconbox_content\">\n<header class=\"entry-content-header\">\n<h3 class=\"iconbox_content_title \"><strong>Sprz\u0119t malarski<\/strong><\/h3>\n<p>Prosz\u0119 przygotuj miejsce do malowania: spokojne bez zak\u0142\u00f3ce\u0144, ze \u015bwiat\u0142em dziennym.<br \/>\nDla komfortu malowania polecam sztalug\u0119. Niekt\u00f3rzy maluj\u0105 na stole, jednak sztaluga jest wygodniejsza.<\/p>\n<p><strong>Przed kursem nale\u017cy zaopatrzy\u0107 si\u0119 w nast\u0119puj\u0105ce materia\u0142y malarskie:\u00a0<\/strong><\/p>\n<\/header>\n<div class=\"iconbox_content_container \">\n<ul>\n<li>komplet farb akrylowych (r\u00f3\u017cne kolory, lepiej wi\u0119ksze farbki, np. 100ml),<\/li>\n<li>9 podobrazi (to s\u0105 p\u0142\u00f3tna bawe\u0142niane naci\u0105gni\u0119te na ram\u0119, gotowe do malowania). Kupcie r\u00f3\u017cnorodne rozmiary podobrazi, w tym wi\u0119ksze np. 60 x 80, 70 x 100<\/li>\n<li>Paleta, p\u0119dzle, papier, o\u0142\u00f3wek, klej, pojemnik na wod\u0119, ubranie do pobrudzenia<\/li>\n<li>R\u00f3\u017cnorodne materia\u0142y do tworzenia faktur (np. brokaty ry\u017c, piasek, kamyki, guziki, nitki.. i wszystko inne co przyjdzie wam do g\u0142owy). Na miejscu b\u0119d\u0119 mia\u0142a materia\u0142y ale takie awaryjne, gdyby co\u015b si\u0119 komu\u015b poko\u0144czy\u0142o.<\/li>\n<\/ul>\n<div class=\"iconbox_content_container \"><\/div>\n<\/div>\n<\/div>\n<footer class=\"entry-footer\"><\/footer>\n<\/article>\n<div class=\"hr hr-invisible avia-builder-el-23 el_after_av_icon_box avia-builder-el-last \"><\/div>\n\n\t\t<\/div>\n\t<\/div>\n<\/div><\/div><\/div><div class=\"wpb_column vc_column_container vc_col-sm-4 wd-rs-65280317295e3\"><div class=\"vc_column-inner vc_custom_1697121069148\"><div class=\"wpb_wrapper\">\n\t<div  class=\"wpb_single_image wpb_content_element vc_align_left\">\n\t\t\n\t\t<figure class=\"wpb_wrapper vc_figure\">\n\t\t\t<div class=\"vc_single_image-wrapper   vc_box_border_grey\"><img loading=\"lazy\" decoding=\"async\" class=\"vc_single_image-img \" src=\"https:\/\/alija.com.pl\/wp-content\/uploads\/2023\/10\/1-1-600x375-1-400x250.jpg\" width=\"400\" height=\"250\" alt=\"1-1-600x375\" title=\"1-1-600x375\" loading=\"lazy\" \/><\/div>\n\t\t<\/figure>\n\t<\/div>\n\n\t<div class=\"wpb_text_column wpb_content_element\" >\n\t\t<div class=\"wpb_wrapper\">\n\t\t\t<article class=\"iconbox iconbox_left avia-builder-el-22 el_after_av_image el_before_av_hr \">\n<div class=\"iconbox_content\">\n<header class=\"entry-content-header\">\n<h3 class=\"iconbox_content_title \"><strong>Cennik<\/strong><\/h3>\n<p class=\"iconbox_content_title \"><strong>Doro\u015bli\u00a0 <\/strong>&#8211; 1700 z\u0142 promocja (zamiast 2000 z\u0142)<\/p>\n<p><strong>Kurs nauczycielski<\/strong> &#8211; 4500 z\u0142<\/p>\n<p><strong>Kurs indywidualny I lub II stopnia <\/strong>&#8211; 2000 z\u0142<\/p>\n<\/header>\n<\/div>\n<\/article>\n<p>\u00a0<\/p>\n\n\t\t<\/div>\n\t<\/div>\n\n\t<div class=\"wpb_text_column wpb_content_element\" >\n\t\t<div class=\"wpb_wrapper\">\n\t\t\t<article class=\"iconbox iconbox_left avia-builder-el-22 el_after_av_image el_before_av_hr \">\n<div class=\"iconbox_content\">\n<header class=\"entry-content-header\">\n<h3><strong>Przyk\u0142adowy program<\/strong><\/h3>\n<p>Zaj\u0119cia codziennie od 10 do 16.00<\/p>\n<ul>\n<li>10.00 wyk\u0142ad na \u017cywo\u00a0<strong>w aplikacji Google Meet<\/strong><br \/>\npodanie zasad i \u0107wiczenia malarskiego<\/li>\n<li>czas na malowanie w domu (w zale\u017cno\u015bci od zasady od 30 min. do 2,5 godziny)<\/li>\n<li>po malowaniu kolejny wyk\u0142ad:<br \/>\nkomentarz do poprzedniej zasady i rozmowa o procesie<br \/>\npodanie kolejnej zasady i kolejnego \u0107wiczenia<\/li>\n<li>malowanie w domu<\/li>\n<li>przerwa ko\u0142o 13.00 na obiad (45 min)<\/li>\n<li>kontynuacja wyk\u0142ad\u00f3w i malowania<\/li>\n<li>koniec ok. 16.00<\/li>\n<\/ul>\n<\/header>\n<\/div>\n<\/article>\n\n\t\t<\/div>\n\t<\/div>\n<\/div><\/div><\/div><div class=\"wpb_column vc_column_container vc_col-sm-4 wd-rs-65280345974d4\"><div class=\"vc_column-inner vc_custom_1697121099844\"><div class=\"wpb_wrapper\">\n\t<div  class=\"wpb_single_image wpb_content_element vc_align_left\">\n\t\t\n\t\t<figure class=\"wpb_wrapper vc_figure\">\n\t\t\t<div class=\"vc_single_image-wrapper   vc_box_border_grey\"><img loading=\"lazy\" decoding=\"async\" class=\"vc_single_image-img \" src=\"https:\/\/alija.com.pl\/wp-content\/uploads\/2023\/10\/vedic-art-z-alija-6-400x250.jpg\" width=\"400\" height=\"250\" alt=\"vedic art z alija 6\" title=\"vedic art z alija 6\" loading=\"lazy\" \/><\/div>\n\t\t<\/figure>\n\t<\/div>\n\n\t<div class=\"wpb_text_column wpb_content_element\" >\n\t\t<div class=\"wpb_wrapper\">\n\t\t\t<article class=\"iconbox iconbox_left avia-builder-el-22 el_after_av_image el_before_av_hr \">\n<div class=\"iconbox_content\">\n<header class=\"entry-content-header\"><\/header>\n<div class=\"iconbox_content_container \">\n<h2>Przygotowanie:<\/h2>\n<p><strong>Wymagania techniczne:<\/strong><\/p>\n<ul>\n<li>Konieczno\u015b\u0107 po\u0142\u0105czenia z Google Meet na komputerze lub telefonie, sprawny internet, kamerka i mikrofon.<\/li>\n<li>Nie ma mo\u017cliwo\u015bci nagrywania wyk\u0142ad\u00f3w.<\/li>\n<\/ul>\n<p><strong>Sytuacje szczeg\u00f3lne:<\/strong><\/p>\n<ul>\n<li>W przypadku niemo\u017cliwo\u015bci uczestniczenia w poszczeg\u00f3lnych wyk\u0142adach, mog\u0119 poda\u0107 zasad\u0119 indywidualnie.<br \/>\nDla ka\u017cdego uczestnika przewiduj\u0119 tak\u0105 mo\u017cliwo\u015b\u0107 jeden raz, nieodp\u0142atnie.<br \/>\nKa\u017cda kolejna indywidualnie podana zasada b\u0119dzie dodatkowo p\u0142atna, 80 z\u0142.<\/li>\n<\/ul>\n<h2><strong style=\"color: #1b1919; font-size: 22px;\">Rezerwacja<\/strong><\/h2>\n<div class=\"iconbox_content_container \">\n<p>adriana@koloryduszy.pl<\/p>\n<\/div>\n<\/div>\n<\/div>\n<\/article>\n<p>\u00a0<\/p>\n\n\t\t<\/div>\n\t<\/div>\n<\/div><\/div><\/div><\/div><div class=\"vc_row wpb_row vc_row-fluid\"><div class=\"wpb_column vc_column_container vc_col-sm-6\"><div class=\"vc_column-inner\"><div class=\"wpb_wrapper\">\n\t<div  class=\"wpb_single_image wpb_content_element vc_align_left\">\n\t\t\n\t\t<figure class=\"wpb_wrapper vc_figure\">\n\t\t\t<div class=\"vc_single_image-wrapper   vc_box_border_grey\"><img loading=\"lazy\" decoding=\"async\" class=\"vc_single_image-img \" src=\"https:\/\/alija.com.pl\/wp-content\/uploads\/2023\/10\/kurs-nauczycielski-vedic-art-z-ariana-karima-700x600.jpg\" width=\"700\" height=\"600\" alt=\"kurs nauczycielski vedic art z ariana karima\" title=\"kurs nauczycielski vedic art z ariana karima\" loading=\"lazy\" \/><\/div>\n\t\t<\/figure>\n\t<\/div>\n<\/div><\/div><\/div><div class=\"wpb_column vc_column_container vc_col-sm-6\"><div class=\"vc_column-inner\"><div class=\"wpb_wrapper\">\n\t<div class=\"wpb_text_column wpb_content_element\" >\n\t\t<div class=\"wpb_wrapper\">\n\t\t\t<header class=\"entry-content-header\">\n<h1 class=\"iconbox_content_title \"><strong>Kursy nauczycielskie Vedic Art<\/strong><\/h1>\n<\/header>\n<div class=\"iconbox_content_container \">\n<h3>Od 2011 roku jestem upowa\u017cniona przez tw\u00f3rc\u0119 metody Vedic Art, Kurta Kallmana do prowadzenie kurs\u00f3w nauczycielskich Vedic Art. Po uko\u0144czeniu kursu jest si\u0119 uprawionym do prowadzenie zaj\u0119\u0107 I stopnia<\/h3>\n<p>Gdyby kto\u015b z Was poczu\u0142 powo\u0142anie by sztuka wype\u0142ni\u0142a jego \u017cycie, tak jak wype\u0142ni\u0142a moje i by prowadzi\u0107 innych na drodze do ich serca poprzez malowanie intuicyjne, zapraszam na dwa, min. 30 godzinne (6 dniowe) stopnie warsztat\u00f3w Vedic Art, a nast\u0119pnie na min. 30 godzinny\u00a0<strong>kurs nauczycielski<\/strong>. Po nim sami b\u0119dziecie mogli\u00a0<strong>prowadzi\u0107 warsztaty metod\u0105\u00a0Vedic Art<\/strong>.<\/p>\n<p><em>Je\u015bli jeste\u015b zainteresowana(y) kursem, zg\u0142o\u015b si\u0119 do mnie.<\/em><\/p>\n<p>Do kursu nauczycielskiego mog\u0119 podej\u015b\u0107 jedynie osoby, kt\u00f3re uko\u0144czy\u0142y I i II stopie\u0144 u jednego z rekomendowanych (uprawnionych) nauczycieli Vedic Art. Lista nauczycieli Vedic Art jest podana na stronie vedicart.pl.<br \/>\n<strong>Od stycznia 2026 na<\/strong>\u00a0<strong>KURS NAUCZYCIELSKI \u00a0Vedic Art b\u0119d\u0105 przyjmowani jedynie ci, kt\u00f3rzy przeszli\u00a0 kursy VA pocz\u0105tkowy i kontynuacyjny w formacie sze\u015bciodniowym.<\/strong><\/p>\n<\/div>\n\n\t\t<\/div>\n\t<\/div>\n<\/div><\/div><\/div><\/div>\n<\/div>","protected":false},"excerpt":{"rendered":"MALUJ W DOMU Vedic Art Online Teraz wystarczy stworzy\u0107 spokojn\u0105 przestrze\u0144 do malowania w Twoim domu, lub gdziekolwiek zapragniesz i","protected":false},"author":1,"featured_media":0,"parent":0,"menu_order":0,"comment_status":"closed","ping_status":"closed","template":"","meta":{"footnotes":""},"class_list":["post-11946","page","type-page","status-publish","hentry"],"jetpack_sharing_enabled":true,"_links":{"self":[{"href":"https:\/\/alija.com.pl\/pl_pl\/wp-json\/wp\/v2\/pages\/11946","targetHints":{"allow":["GET"]}}],"collection":[{"href":"https:\/\/alija.com.pl\/pl_pl\/wp-json\/wp\/v2\/pages"}],"about":[{"href":"https:\/\/alija.com.pl\/pl_pl\/wp-json\/wp\/v2\/types\/page"}],"author":[{"embeddable":true,"href":"https:\/\/alija.com.pl\/pl_pl\/wp-json\/wp\/v2\/users\/1"}],"replies":[{"embeddable":true,"href":"https:\/\/alija.com.pl\/pl_pl\/wp-json\/wp\/v2\/comments?post=11946"}],"version-history":[{"count":9,"href":"https:\/\/alija.com.pl\/pl_pl\/wp-json\/wp\/v2\/pages\/11946\/revisions"}],"predecessor-version":[{"id":19211,"href":"https:\/\/alija.com.pl\/pl_pl\/wp-json\/wp\/v2\/pages\/11946\/revisions\/19211"}],"wp:attachment":[{"href":"https:\/\/alija.com.pl\/pl_pl\/wp-json\/wp\/v2\/media?parent=11946"}],"curies":[{"name":"wp","href":"https:\/\/api.w.org\/{rel}","templated":true}]}}