{"id":11965,"date":"2023-10-15T08:35:26","date_gmt":"2023-10-15T08:35:26","guid":{"rendered":"https:\/\/alija.com.pl\/?page_id=11965"},"modified":"2024-03-27T11:23:15","modified_gmt":"2024-03-27T11:23:15","slug":"szkola-mistrzow","status":"publish","type":"page","link":"https:\/\/alija.com.pl\/pl_pl\/szkola-mistrzow\/","title":{"rendered":"Szko\u0142a Mistrz\u00f3w"},"content":{"rendered":"<div class=\"wpb-content-wrapper\"><div data-vc-full-width=\"true\" data-vc-full-width-init=\"false\" data-vc-stretch-content=\"true\" class=\"vc_row wpb_row vc_row-fluid vc_custom_1697361393622 vc_row-has-fill vc_row-o-content-middle vc_row-flex wd-bg-right-top wd-rs-652badccc0bc2\"><div class=\"wpb_column vc_column_container vc_col-sm-12 vc_col-lg-offset-7 vc_col-lg-5 vc_col-has-fill color-scheme-light wd-rs-652bae6ba0308\"><div class=\"vc_column-inner vc_custom_1697361530713\"><div class=\"wpb_wrapper\">\n\t\t<div id=\"wd-652d4e9650d60\" class=\"title-wrapper wd-wpb set-mb-s reset-last-child  wd-rs-652d4e9650d60 wd-title-color-primary wd-title-style-default text-left vc_custom_1697468064854 wd-width-enabled wd-underline-colored\" style=\"--wd-max-width: 90%;\">\n\t\t\t\n\t\t\t<div class=\"liner-continer\">\n\t\t\t\t<h4 class=\"woodmart-title-container title  wd-font-weight- wd-fontsize-l\" >Szko\u0142a Mistrz\u00f3w<\/h4>\n\t\t\t\t\t\t\t<\/div>\n\t\t\t\n\t\t\t\n\t\t\t\n\t\t<\/div>\n\t\t\n\t\t\n\t<div class=\"wpb_text_column wpb_content_element vc_custom_1697468047426\" >\n\t\t<div class=\"wpb_wrapper\">\n\t\t\t<p>Stworzy\u0142am t\u0119 Szko\u0142\u0119, dla wszystkich tych, kt\u00f3ry w tym \u017cyciu wybrali o\u015bwiecenie i s\u0105 gotowi przyj\u0105\u0107 swoje Mistrzostwo. To ponad 40 godzin wyk\u0142ad\u00f3w i medytacji, kt\u00f3re zawieraj\u0105 esencj\u0119 m\u0105dro\u015bci procesu przebudzenia do o\u015bwiecenia. Pozna\u0142am go i do\u015bwiadczy\u0142am, ucz\u0105c si\u0119 od Wzniesionych Mistrz\u00f3w: Adamusa Saint Germaina, Tobiasza, Kuthumiego i Jeszuy.<\/p>\n\n\t\t<\/div>\n\t<\/div>\n\n\t\t<div id=\"wd-652ba36697fea\" class=\"title-wrapper wd-wpb set-mb-s reset-last-child  wd-rs-652ba36697fea wd-title-color-primary wd-title-style-default text-left  wd-width-enabled wd-underline-colored\" style=\"--wd-max-width: 90%;\">\n\t\t\t\n\t\t\t<div class=\"liner-continer\">\n\t\t\t\t<h4 class=\"woodmart-title-container title  wd-font-weight- wd-fontsize-m\" >Alija Ariana Karima<\/h4>\n\t\t\t\t\t\t\t<\/div>\n\t\t\t\n\t\t\t\n\t\t\t\n\t\t<\/div>\n\t\t\n\t\t<\/div><\/div><\/div><\/div><div class=\"vc_row-full-width vc_clearfix\"><\/div><div class=\"vc_row wpb_row vc_row-fluid\"><div class=\"wpb_column vc_column_container vc_col-sm-6\"><div class=\"vc_column-inner\"><div class=\"wpb_wrapper\">\n\t\t<div id=\"wd-652ba63dc9205\" class=\"title-wrapper wd-wpb set-mb-s reset-last-child  wd-rs-652ba63dc9205 wd-title-color-primary wd-title-style-underlined text-left vc_custom_1697359437046 wd-width-custom wd-underline-colored\">\n\t\t\t\n\t\t\t<div class=\"liner-continer\">\n\t\t\t\t<h4 class=\"woodmart-title-container title  wd-font-weight-400 wd-fontsize-l\" >Witaj <strong>Mistrzu<\/strong><\/h4>\n\t\t\t\t\t\t\t<\/div>\n\t\t\t\n\t\t\t\n\t\t\t\n\t\t<\/div>\n\t\t\n\t\t\n\t<div class=\"wpb_text_column wpb_content_element\" >\n\t\t<div class=\"wpb_wrapper\">\n\t\t\t<p>Ta szko\u0142a jest dla wszystkich tych, kt\u00f3rzy wybrali\u00a0<strong>przebudzenie, o\u015bwiecenie, urzeczywistnienie<\/strong> w tym \u017cyciu. Je\u015bli nie ma dla Ciebie nic wa\u017cniejszego, jeste\u015b w doskona\u0142ym miejscu, by ch\u0142on\u0105\u0107 m\u0105dro\u015b\u0107, kt\u00f3ra pomo\u017ce ci przej\u015b\u0107 przez proces przebudzenia z lekko\u015bci\u0105 i rado\u015bci\u0105.<br \/>\nZapraszam do Szko\u0142y internetowej na seri\u0119 wyk\u0142ad\u00f3w oraz medytacji, kt\u00f3re poszerz\u0105 twoj\u0105 \u015bwiadomo\u015b\u0107, by <strong>do\u015bwiadczy\u0107 Siebie prawdziwego i zacz\u0105\u0107 Nowe \u017cycie Przebudzonego Mistrza<\/strong>.<br \/>\nPodziel\u0119 si\u0119 z Wami drog\u0105, kt\u00f3ra doprowadzi\u0142a mnie do\u00a0<strong>po\u0142\u0105czenia z Ja\u017ani\u0105 Ja Istniej\u0119<\/strong>.<\/p>\n\n\t\t<\/div>\n\t<\/div>\n\n\t<div class=\"wpb_text_column wpb_content_element text-larger\" >\n\t\t<div class=\"wpb_wrapper\">\n\t\t\t<p><span style=\"color: #333333; font-size: 16px;\">Ta wyj\u0105tkowa szko\u0142a to przestrze\u0144, gdzie mo\u017cesz pozna\u0107 m\u0105dro\u015b\u0107 procesu przebudzenia, kt\u00f3r\u0105 pozna\u0142am od o\u015bwieconych Mistrz\u00f3w. Kurs stworzy\u0142am korzystaj\u0105c z do\u015bwiadczenia, kt\u00f3re by\u0142o moim w\u0142asnym udzia\u0142em, prowadzona w ostatniej fazie przebudzenia przez <\/span><strong style=\"color: #333333; font-size: 16px;\">Tobiasza i\u00a0Adamusa Saint Germain\u2019a.\u00a0<\/strong><\/p>\n<div class=\"flex_column av_one_half flex_column_div \">\n<div id=\"0\" class=\"wonderplugin-video\" data-aspectratio=\"1,5\">\n<div class=\"wpve-videoplayer\" data-mp4=\"https:\/\/koloryduszy.pl\/wp-content\/uploads\/zaproszenie.mp4\" data-skinfolder=\"https:\/\/koloryduszy.pl\/wp-content\/plugins\/wonderplugin-video-embed\/engine\/\" data-poster=\"https:\/\/koloryduszy.pl\/wp-content\/uploads\/szkola.jpg\" data-playbutton=\"https:\/\/koloryduszy.pl\/wp-content\/plugins\/wonderplugin-video-embed\/engine\/playvideo-64-64-0.png\">W prosty spos\u00f3b opowiadam o kluczowych etapach przebudzenia. A Ty je\u015bli tak wybierzesz, do\u015bwiadczysz tego, czego ucz\u0119.<\/div>\n<\/div>\n<\/div>\n\n\t\t<\/div>\n\t<\/div>\n<div id=\"wd-652ba7959f17b\" class=\" wd-rs-652ba7959f17b  wd-button-wrapper text-left\"><a href=\"https:\/\/koloryduszy.pl\/szkola-mistrzow\/szkola-mistrzow-podglad\/\" title=\"\" class=\"btn btn-color-primary btn-style-default btn-style-round btn-size-default\">PODGL\u0104D SZKO\u0141Y MISTRZ\u00d3W<\/a><\/div><div class=\"vc_empty_space\"   style=\"height: 52px\"><span class=\"vc_empty_space_inner\"><\/span><\/div><\/div><\/div><\/div><div class=\"wpb_column vc_column_container vc_col-sm-6\"><div class=\"vc_column-inner\"><div class=\"wpb_wrapper\">\n\t<div class=\"wpb_text_column wpb_content_element vc_custom_1697360084426 color-scheme-dark\" >\n\t\t<div class=\"wpb_wrapper\">\n\t\t\t<div class=\"av-special-heading av-special-heading-h1 blockquote modern-quote avia-builder-el-10 el_before_av_textblock avia-builder-el-first \">\n<div class=\"flex_column av_one_half flex_column_div first \">\n<p>&nbsp;<\/p>\n<\/div>\n<div class=\"flex_column av_one_half flex_column_div \">\n<div id=\"0\" class=\"wonderplugin-video\" data-aspectratio=\"1,5\">\n<div class=\"wpve-videoplayer\" data-mp4=\"https:\/\/koloryduszy.pl\/wp-content\/uploads\/zaproszenie.mp4\" data-skinfolder=\"https:\/\/koloryduszy.pl\/wp-content\/plugins\/wonderplugin-video-embed\/engine\/\" data-poster=\"https:\/\/koloryduszy.pl\/wp-content\/uploads\/szkola.jpg\" data-playbutton=\"https:\/\/koloryduszy.pl\/wp-content\/plugins\/wonderplugin-video-embed\/engine\/playvideo-64-64-0.png\">\n<p><iframe title=\"Zaproszenie do Szko\u0142y Mistrz\u00f3w - dla tych co wybrali Przebudzenie\" width=\"500\" height=\"281\" src=\"https:\/\/www.youtube.com\/embed\/qBzeILIY1ns?list=UULF-pJuFHbXU-RXxbAiJAgXkQ\" frameborder=\"0\" allow=\"accelerometer; autoplay; clipboard-write; encrypted-media; gyroscope; picture-in-picture; web-share\" referrerpolicy=\"strict-origin-when-cross-origin\" allowfullscreen><\/iframe><\/p>\n<div class=\"html5boxVideoControls\"><\/div>\n<\/div>\n<\/div>\n<\/div>\n<\/div>\n<p><iframe title=\"Proces przebudzenia  czyli co b\u0119dzie w Szkole Mistrz\u00f3w?\" width=\"500\" height=\"281\" src=\"https:\/\/www.youtube.com\/embed\/ib-MPjClUvg?feature=oembed\" frameborder=\"0\" allow=\"accelerometer; autoplay; clipboard-write; encrypted-media; gyroscope; picture-in-picture; web-share\" referrerpolicy=\"strict-origin-when-cross-origin\" allowfullscreen><\/iframe><\/p>\n\n\t\t<\/div>\n\t<\/div>\n<\/div><\/div><\/div><\/div><div class=\"vc_row wpb_row vc_row-fluid vc_custom_1697359119152 vc_row-has-fill wd-bg-left-center wd-rs-652ba507bd738\"><div class=\"wpb_column vc_column_container vc_col-sm-6 vc_col-has-fill wd-bg-right-bottom wd-rs-652811ed94713\"><div class=\"vc_column-inner vc_custom_1697124850793\"><div class=\"wpb_wrapper\">\n\t<div class=\"wpb_text_column wpb_content_element vc_custom_1697468086193 color-scheme-dark\" >\n\t\t<div class=\"wpb_wrapper\">\n\t\t\t<div class=\"av-special-heading av-special-heading-h1 blockquote modern-quote avia-builder-el-10 el_before_av_textblock avia-builder-el-first \">\n<div class=\"flex_column av_one_half flex_column_div \">\n<div id=\"0\" class=\"wonderplugin-video\" data-aspectratio=\"1,5\">\n<div class=\"wpve-videoplayer\" data-mp4=\"https:\/\/koloryduszy.pl\/wp-content\/uploads\/zaproszenie.mp4\" data-skinfolder=\"https:\/\/koloryduszy.pl\/wp-content\/plugins\/wonderplugin-video-embed\/engine\/\" data-poster=\"https:\/\/koloryduszy.pl\/wp-content\/uploads\/szkola.jpg\" data-playbutton=\"https:\/\/koloryduszy.pl\/wp-content\/plugins\/wonderplugin-video-embed\/engine\/playvideo-64-64-0.png\">\n<h2><strong>Zagadnienia Szko\u0142y Mistrz\u00f3w:<\/strong><\/h2>\n<p>&nbsp;<\/p>\n<\/div>\n<\/div>\n<\/div>\n<ul>\n<li>Wyj\u015bcie z wszelkich ogranicze\u0144 i sta\u0107 si\u0119\u00a0<strong>Istot\u0105 Suwerenn\u0105<\/strong><\/li>\n<li>Uwolnienie si\u0119 od\u00a0wp\u0142ywu\u00a0<strong>karmy, przodk\u00f3w, masowej \u015bwiadomo\u015bci<\/strong>\u00a0i odkrywanie Siebie prawdziwego<\/li>\n<li>Proces\u00a0<strong>puszczenia kontroli na poziomie cia\u0142a, umys\u0142u i ducha, by do\u015bwiadczy\u0107 wolno\u015bci<\/strong><\/li>\n<li>Poznanie mechanizm\u00f3w\u00a0<strong>gry o energi\u0119<\/strong> i wyj\u015bcie z tej gry<\/li>\n<li><strong>Pokochanie Siebie<\/strong>\u00a0totalnie i bezwarunkowo. Proces alchemii\u00a0<strong>\u015bwiat\u0142a i ciemno\u015bci<\/strong><\/li>\n<li>Wyj\u015bcie z iluzji\u00a0<strong>w\u0142adzy, dobra i z\u0142a<\/strong><\/li>\n<li>Moc\u00a0<strong>wyboru, zaufania, pozwalania i oddechu<\/strong><\/li>\n<li>Na czym polega twoje\u00a0<strong>Mistrzostwo<\/strong> i jak je mo\u017cesz zamanifestowa\u0107 i \u017cy\u0107 jak Mistrz<\/li>\n<li>Czym jest\u00a0<strong>O\u015bwiecenie<\/strong>, kto jest za nie odpowiedzialny. A co ty mo\u017cesz zrobi\u0107, by jego do\u015bwiadczy\u0107?<\/li>\n<li>Jak tworzymy rzeczywisto\u015b\u0107 i czym jest\u00a0<strong>gra \u015bwiadomo\u015bci<\/strong>?<\/li>\n<li>Jak powsta\u0142a\u00a0<strong>energia<\/strong>, jak dzia\u0142a i co to znaczy, \u017ce\u00a0<strong>nam s\u0142u\u017cy<\/strong>?<\/li>\n<\/ul>\n<\/div>\n\n\t\t<\/div>\n\t<\/div>\n<\/div><\/div><\/div><div class=\"wpb_column vc_column_container vc_col-sm-6 wd-rs-6528123f05e4c\"><div class=\"vc_column-inner vc_custom_1697124959499\"><div class=\"wpb_wrapper\">\n\t<div class=\"wpb_text_column wpb_content_element vc_custom_1697361963720 color-scheme-dark\" >\n\t\t<div class=\"wpb_wrapper\">\n\t\t\t<div class=\"av-special-heading av-special-heading-h1 blockquote modern-quote avia-builder-el-10 el_before_av_textblock avia-builder-el-first \">\n<div class=\"flex_column av_one_half flex_column_div \">\n<div id=\"0\" class=\"wonderplugin-video\" data-aspectratio=\"1,5\">\n<div class=\"wpve-videoplayer\" data-mp4=\"https:\/\/koloryduszy.pl\/wp-content\/uploads\/zaproszenie.mp4\" data-skinfolder=\"https:\/\/koloryduszy.pl\/wp-content\/plugins\/wonderplugin-video-embed\/engine\/\" data-poster=\"https:\/\/koloryduszy.pl\/wp-content\/uploads\/szkola.jpg\" data-playbutton=\"https:\/\/koloryduszy.pl\/wp-content\/plugins\/wonderplugin-video-embed\/engine\/playvideo-64-64-0.png\">\n<h2><\/h2>\n<p>&nbsp;<\/p>\n<\/div>\n<\/div>\n<\/div>\n<ul>\n<li>Jaka jest\u00a0<strong>perspektywa Duszy<\/strong> na ludzkie \u017cycie?<\/li>\n<li>Poka\u017c\u0119 ci, jak mo\u017cesz <strong>sam\/a siebie uzdrowi\u0107<\/strong>, odm\u0142odzi\u0107<\/li>\n<li>Poznasz zupe\u0142nie nowe podej\u015bcie i zbudujesz\u00a0<strong>now\u0105 relacj\u0119 z\u00a0 energi\u0105<\/strong>\u00a0i jak jest ona powi\u0105zana ze \u015bwiadomo\u015bci\u0105<\/li>\n<li>Wyt\u0142umacz\u0119 na czym polega proces integracji ze sob\u0105 na ka\u017cdym poziomie, tj.\u00a0<strong>twojego cz\u0142owiecze\u0144stwa, Mistrzostwa i \u015awiadomo\u015bci Jam Jest<\/strong><\/li>\n<li>Do\u015bwiadczysz z wdzi\u0119kiem tej integracji i mo\u017cesz zacz\u0105\u0107 o\u015bwiecone \u017cycie<\/li>\n<li>Prowadz\u0119 liczne medytacje, podczas kt\u00f3rych do\u015bwiadczysz integracji,\u00a0<strong>po\u0142\u0105czysz cia\u0142o ze swoim cia\u0142em \u015bwietlistym,\u00a0 umys\u0142 z boskim umys\u0142em, zintegrujesz m\u0105dro\u015b\u0107 wszystkich \u017cy\u0107, sprowadzisz ca\u0142\u0105 energi\u0119, kt\u00f3ra nale\u017cy do Ciebie.<\/strong><\/li>\n<li>Do\u015bwiadczysz medytacji i poznasz proste \u0107wiczenia, dzi\u0119ki kt\u00f3rym mo\u017cesz\u00a0<strong>przyci\u0105gn\u0105\u0107 to\u00a0czego pragniesz w swoim \u017cyciu, i uwolnisz to co jeste\u015b ju\u017c gotowy<\/strong>\/a pu\u015bci\u0107<\/li>\n<li>Do\u015bwiadczysz co to znaczy, \u017ce\u00a0<strong>Ty jeste\u015b Kreacj\u0105<\/strong>. Do\u015bwiadczysz prawdy prawd\u00a0<strong>Ja istniej\u0119<\/strong><\/li>\n<li>Do\u015bwiadczysz przypomnienia<strong>\u00a0kim jeste\u015b. To jest Urzeczywistnienie O\u015bwiecenie<\/strong>, kt\u00f3rego tak pragniesz<\/li>\n<li><strong>Zaczniesz nowe \u017cycie z Ja\u017ani&#8230;<\/strong><br \/>\ni wiele wiele innych temat\u00f3w<\/li>\n<\/ul>\n<\/div>\n\n\t\t<\/div>\n\t<\/div>\n<\/div><\/div><\/div><\/div><div class=\"vc_row wpb_row vc_row-fluid\"><div class=\"wpb_column vc_column_container vc_col-sm-6 vc_col-has-fill wd-bg-center-top wd-rs-6528019f81392\"><div class=\"vc_column-inner vc_custom_1697120769989\"><div class=\"wpb_wrapper\">\n\t<div  class=\"wpb_single_image wpb_content_element vc_align_left vc_custom_1697361582778\">\n\t\t\n\t\t<figure class=\"wpb_wrapper vc_figure\">\n\t\t\t<div class=\"vc_single_image-wrapper   vc_box_border_grey\"><img loading=\"lazy\" decoding=\"async\" class=\"vc_single_image-img \" src=\"https:\/\/alija.com.pl\/wp-content\/uploads\/2023\/10\/2-aa-1-600x300.jpg\" width=\"600\" height=\"300\" alt=\"multiwymiarowa - 2\" title=\"multiwymiarowa - 2\" loading=\"lazy\" \/><\/div>\n\t\t<\/figure>\n\t<\/div>\n<\/div><\/div><\/div><div class=\"wpb_column vc_column_container vc_col-sm-6\"><div class=\"vc_column-inner\"><div class=\"wpb_wrapper\">\n\t<div class=\"wpb_text_column wpb_content_element\" >\n\t\t<div class=\"wpb_wrapper\">\n\t\t\t<article class=\"iconbox iconbox_left avia-builder-el-22 el_after_av_image el_before_av_hr \">\n<div class=\"iconbox_content\">\n<header class=\"entry-content-header\">\n<h3 class=\"iconbox_content_title \"><strong>Cena<\/strong><\/h3>\n<div class=\"av-special-heading av-special-heading-h1 blockquote modern-quote avia-builder-el-10 el_before_av_textblock avia-builder-el-first \">\n<p>Inwestycja w Siebie: 2000 z\u0142<br \/>\nDost\u0119p do szko\u0142y jest na okres 2 lat.<br \/>\nTo ponad 40 godzin wyk\u0142ad\u00f3w, kt\u00f3re zmieniaj\u0105 \u015bwiadomo\u015b\u0107.<\/p>\n<p>Jestem otwarta na to, \u017ce Szko\u0142a b\u0119dzie si\u0119 poszerza\u0142a i b\u0119dzie dopasowywa\u0142a si\u0119 do potrzeb os\u00f3b, kt\u00f3re z niej zechc\u0105 skorzysta\u0107. Dlatego nie wykluczam, \u017ce w ramach szko\u0142y pojawi\u0105 si\u0119 kolejne tematy, indywidualne sesje i spotkania grupowe, wspieraj\u0105ce Wasz\u0105 podr\u00f3\u017c.<\/p>\n<p>Chcia\u0142abym pozosta\u0107 w kontakcie z ka\u017cda osob\u0105, kt\u00f3ra wybierze ten proces.<\/p>\n<\/div>\n<\/header>\n<\/div>\n<\/article>\n<p>\u00a0<\/p>\n\n\t\t<\/div>\n\t<\/div>\n<\/div><\/div><\/div><\/div><div class=\"vc_row wpb_row vc_row-fluid\"><div class=\"wpb_column vc_column_container vc_col-sm-12\"><div class=\"vc_column-inner\"><div class=\"wpb_wrapper\"><\/div><\/div><\/div><\/div>\n<\/div>","protected":false},"excerpt":{"rendered":"Szko\u0142a Mistrz\u00f3w Stworzy\u0142am t\u0119 Szko\u0142\u0119, dla wszystkich tych, kt\u00f3ry w tym \u017cyciu wybrali o\u015bwiecenie i s\u0105 gotowi przyj\u0105\u0107 swoje Mistrzostwo.","protected":false},"author":1,"featured_media":0,"parent":0,"menu_order":0,"comment_status":"closed","ping_status":"closed","template":"","meta":{"footnotes":""},"class_list":["post-11965","page","type-page","status-publish","hentry"],"jetpack_sharing_enabled":true,"_links":{"self":[{"href":"https:\/\/alija.com.pl\/pl_pl\/wp-json\/wp\/v2\/pages\/11965","targetHints":{"allow":["GET"]}}],"collection":[{"href":"https:\/\/alija.com.pl\/pl_pl\/wp-json\/wp\/v2\/pages"}],"about":[{"href":"https:\/\/alija.com.pl\/pl_pl\/wp-json\/wp\/v2\/types\/page"}],"author":[{"embeddable":true,"href":"https:\/\/alija.com.pl\/pl_pl\/wp-json\/wp\/v2\/users\/1"}],"replies":[{"embeddable":true,"href":"https:\/\/alija.com.pl\/pl_pl\/wp-json\/wp\/v2\/comments?post=11965"}],"version-history":[{"count":10,"href":"https:\/\/alija.com.pl\/pl_pl\/wp-json\/wp\/v2\/pages\/11965\/revisions"}],"predecessor-version":[{"id":15904,"href":"https:\/\/alija.com.pl\/pl_pl\/wp-json\/wp\/v2\/pages\/11965\/revisions\/15904"}],"wp:attachment":[{"href":"https:\/\/alija.com.pl\/pl_pl\/wp-json\/wp\/v2\/media?parent=11965"}],"curies":[{"name":"wp","href":"https:\/\/api.w.org\/{rel}","templated":true}]}}