{"id":5212,"date":"2021-08-25T07:26:28","date_gmt":"2021-08-25T07:26:28","guid":{"rendered":"http:\/\/dummy.xtemos.com\/woodmart2\/?page_id=5212"},"modified":"2025-05-07T06:24:43","modified_gmt":"2025-05-07T06:24:43","slug":"o-mnie","status":"publish","type":"page","link":"https:\/\/alija.com.pl\/pl_pl\/o-mnie\/","title":{"rendered":"O mnie"},"content":{"rendered":"<div class=\"wpb-content-wrapper\">\t\t<div data-elementor-type=\"wp-page\" data-elementor-id=\"5212\" class=\"elementor elementor-5212\">\n\t\t\t\t<div class=\"elementor-element elementor-element-56b388d8 e-flex e-con-boxed e-con e-parent\" data-id=\"56b388d8\" data-element_type=\"container\">\n\t\t\t\t\t<div class=\"e-con-inner\">\n\t\t\t\t<div class=\"elementor-element elementor-element-7e49cbe1 elementor-widget elementor-widget-text-editor\" data-id=\"7e49cbe1\" data-element_type=\"widget\" data-widget_type=\"text-editor.default\">\n\t\t\t\t<div class=\"elementor-widget-container\">\n\t\t\t\t\t\t\t\t\t<div class=\"vc_row wpb_row vc_row-fluid vc_custom_1697440414663 row-reverse-mobile row-reverse-tablet wd-rs-652ce28717cbb\"><div class=\"wpb_column vc_column_container vc_col-sm-12 vc_col-lg-offset-1 vc_col-lg-5 vc_col-md-6 vc_col-xs-12 vc_col-has-fill wd-rs-65266159d4cbc\"><div class=\"vc_column-inner vc_custom_1697014111851\"><div class=\"wpb_wrapper\">\n\t\t<div id=\"wd-652ce22d9b44f\" class=\"title-wrapper wd-wpb set-mb-s reset-last-child  wd-rs-652ce22d9b44f wd-title-color-primary wd-title-style-default text-left vc_custom_1697440314078 wd-underline-colored\">\n\t\t\t\n\t\t\t<div class=\"liner-continer\">\n\t\t\t\t<h4 class=\"woodmart-title-container title  wd-font-weight- wd-fontsize-xxl\" ><u>Alija<\/u> Ariana Karima<\/h4>\n\t\t\t\t\t\t\t<\/div>\n\t\t\t\n\t\t\t\t\t\t\t<div class=\"title-after_title  set-cont-mb-s reset-last-child  wd-fontsize-s\">przewodniczka, malarka i nauczycielka Vedic Art, uzdrowicielka rekonektywna, praktyk i nauczycielka Soul Body Fusion, tw\u00f3rczyni cyfrowa, autorka ksi\u0105\u017cki o przebudzeniu.<\/div>\n\t\t\t\n\t\t\t\n\t\t<\/div>\n\t\t\n\t\t\t\t<div id=\"wd-652660fa9d9c0\" class=\"wd-text-block wd-wpb reset-last-child wd-rs-652660fa9d9c0 text-left wd-fontsize-custom vc_custom_1697014018164\">\n\t\t\t<section style=\"border-color: #e1e1e1; font-style: normal; font-variant-ligatures: normal; font-variant-caps: normal; font-weight: 400; font-size: 16px; font-family: lora, Helvetica, Arial, sans-serif; color: #222222;\">\n<div style=\"border-color: #e1e1e1; font-size: inherit; line-height: 1.65em; clear: both;\">\n<p style=\"margin-top: 0.85em; margin-bottom: 0.85em; border-color: #e1e1e1; font-size: inherit;\" data-start=\"205\" data-end=\"413\">Moja droga to podr\u00f3\u017c powrotu do Siebie, do \u015bwiadomo\u015bci Jam Jest.<\/p>\n<p style=\"margin-top: 0.85em; margin-bottom: 0.85em; border-color: #e1e1e1; font-size: inherit;\" data-start=\"415\" data-end=\"653\">Od najm\u0142odszych lat towarzyszy\u0142o mi pytanie:&nbsp;<em style=\"border-color: #e1e1e1; font-size: inherit;\" data-start=\"460\" data-end=\"473\">Kim jestem?<\/em><br data-start=\"473\" data-end=\"476\">To pragnienie zaprowadzi\u0142o mnie do g\u0142\u0119bokiego przebudzenia i przypomnienia sobie mojej prawdziwej, boskiej natury.<br data-start=\"590\" data-end=\"593\">Dzi\u015b wiem, \u017ce wszystko, czego szuka\u0142am, by\u0142o zawsze we mnie.<\/p>\n<p style=\"margin-top: 0.85em; margin-bottom: 0.85em; border-color: #e1e1e1; font-size: inherit;\" data-start=\"655\" data-end=\"971\">W wieku 30 lat pod\u0105\u017cy\u0142am za g\u0142osem Duszy i rozpocz\u0119\u0142am nowe \u017cycie \u2013 maluj\u0105c intuicyjnie, uzdrawiaj\u0105c, podr\u00f3\u017cuj\u0105c i ucz\u0105c innych, jak odnale\u017a\u0107 swoj\u0105 wewn\u0119trzn\u0105 wolno\u015b\u0107.<br data-start=\"822\" data-end=\"825\">W Polsce by\u0142am prekursork\u0105 metody Vedic Art, pomagaj\u0105c setkom os\u00f3b odkry\u0107 sw\u00f3j tw\u00f3rczy potencja\u0142 i przebudzenie poprzez malowanie z poziomu serca.<\/p>\n<p style=\"margin-top: 0.85em; margin-bottom: 0.85em; border-color: #e1e1e1; font-size: inherit;\" data-start=\"973\" data-end=\"1251\">W mojej podr\u00f3\u017cy spotka\u0142am Wzniesionych Mistrz\u00f3w, pozna\u0142am moj\u0105 duchow\u0105 rodzin\u0119 Shaumbra i do\u015bwiadczy\u0142am o\u015bwiecenia \u2013 pe\u0142nego zjednoczenia z Ja\u017ani\u0105.<br data-start=\"1120\" data-end=\"1123\">Od tego czasu po prostu&nbsp;<strong style=\"border-color: #e1e1e1; font-size: inherit; color: #820776;\" data-start=\"1147\" data-end=\"1157\">Jestem<\/strong>&nbsp;\u2013 \u015bwiec\u0105c \u015bwiat\u0142em mojej \u015bwiadomo\u015bci i wspieraj\u0105c tych, kt\u00f3rzy s\u0105 gotowi, by odnale\u017a\u0107 siebie.<\/p>\n<\/div>\n<\/section>\n<p><span style=\"font-size: inherit; color: #222222;\">Ksi\u0105\u017cka<\/span><span style=\"font-size: inherit; color: #222222;\">&nbsp;<\/span><strong style=\"font-size: inherit; border-color: #e1e1e1; color: #820776;\" data-start=\"1261\" data-end=\"1300\">\u201eSen Aliji \u2013 Historia przebudzenia\u201d<\/strong><span style=\"font-size: inherit; color: #222222;\">&nbsp;<\/span><span style=\"font-size: inherit; color: #222222;\">to zapis tej podr\u00f3\u017cy. Opowie\u015b\u0107 o powrocie do Domu, kt\u00f3r\u0105 dzi\u015b mog\u0119 si\u0119 z Tob\u0105 podzieli\u0107.<\/span><\/p>\n\t\t<\/div>\n\t\t<\/div><\/div><\/div><div class=\"wpb_column vc_column_container vc_col-sm-12 vc_col-lg-6 vc_col-md-6 vc_col-has-fill wd-bg-center-bottom wd-rs-652ce09061e7c\"><div class=\"vc_column-inner vc_custom_1697439912317\"><div class=\"wpb_wrapper\"><\/div><\/div><\/div><\/div><div class=\"vc_row wpb_row vc_row-fluid vc_custom_1629877038080 row-reverse-mobile row-reverse-tablet wd-rs-6125f32826e3d\"><\/div>\t\t\t\t\t\t\t\t<\/div>\n\t\t\t\t<\/div>\n\t\t\t\t\t<\/div>\n\t\t\t\t<\/div>\n\t\t\t\t<\/div>\n\t\t<\/div>","protected":false},"excerpt":{"rendered":"Alija Ariana Karima przewodniczka, malarka i nauczycielka Vedic Art, uzdrowicielka rekonektywna, praktyk i nauczycielka Soul Body Fusion, tw\u00f3rczyni cyfrowa, autorka","protected":false},"author":1,"featured_media":0,"parent":0,"menu_order":0,"comment_status":"closed","ping_status":"closed","template":"","meta":{"footnotes":""},"class_list":["post-5212","page","type-page","status-publish","hentry"],"jetpack_sharing_enabled":true,"_links":{"self":[{"href":"https:\/\/alija.com.pl\/pl_pl\/wp-json\/wp\/v2\/pages\/5212","targetHints":{"allow":["GET"]}}],"collection":[{"href":"https:\/\/alija.com.pl\/pl_pl\/wp-json\/wp\/v2\/pages"}],"about":[{"href":"https:\/\/alija.com.pl\/pl_pl\/wp-json\/wp\/v2\/types\/page"}],"author":[{"embeddable":true,"href":"https:\/\/alija.com.pl\/pl_pl\/wp-json\/wp\/v2\/users\/1"}],"replies":[{"embeddable":true,"href":"https:\/\/alija.com.pl\/pl_pl\/wp-json\/wp\/v2\/comments?post=5212"}],"version-history":[{"count":34,"href":"https:\/\/alija.com.pl\/pl_pl\/wp-json\/wp\/v2\/pages\/5212\/revisions"}],"predecessor-version":[{"id":19194,"href":"https:\/\/alija.com.pl\/pl_pl\/wp-json\/wp\/v2\/pages\/5212\/revisions\/19194"}],"wp:attachment":[{"href":"https:\/\/alija.com.pl\/pl_pl\/wp-json\/wp\/v2\/media?parent=5212"}],"curies":[{"name":"wp","href":"https:\/\/api.w.org\/{rel}","templated":true}]}}