{"id":10091,"date":"2023-10-04T16:20:13","date_gmt":"2023-10-04T16:20:13","guid":{"rendered":"https:\/\/alija.com.pl\/?post_type=product&#038;p=10091"},"modified":"2024-04-15T10:14:56","modified_gmt":"2024-04-15T10:14:56","slug":"wzniesienie","status":"publish","type":"product","link":"https:\/\/alija.com.pl\/pl_pl\/product\/wzniesienie\/","title":{"rendered":"Wzniesienie"},"content":{"rendered":"<div class=\"wpb-content-wrapper\"><div data-vc-full-width=\"true\" data-vc-full-width-init=\"false\" data-vc-stretch-content=\"true\" class=\"vc_row wpb_row vc_row-fluid vc_row-o-equal-height vc_row-o-content-top vc_row-flex wd-rs-651017d3e10e9\"><div class=\"wpb_column vc_column_container vc_col-sm-2\"><div class=\"vc_column-inner\"><div class=\"wpb_wrapper\"><\/div><\/div><\/div><div class=\"wpb_column vc_column_container vc_col-sm-2 vc_col-lg-4 vc_col-md-4 vc_col-xs-12 wd-rs-651016f77eae0\"><div class=\"vc_column-inner vc_custom_1695553281474\"><div class=\"wpb_wrapper\">\n\t\t<div id=\"wd-651d91fad1ada\" class=\"title-wrapper wd-wpb set-mb-s reset-last-child  wd-rs-651d91fad1ada wd-title-color-alt wd-title-style-simple text-left  wd-underline-colored\">\n\t\t\t\n\t\t\t<div class=\"liner-continer\">\n\t\t\t\t<h4 class=\"woodmart-title-container title  wd-font-weight- wd-fontsize-l\" >Wzniesienie<br \/>\nAlija Ariana Karima<\/h4>\n\t\t\t\t\t\t\t<\/div>\n\t\t\t\n\t\t\t\t\t\t\t<div class=\"title-after_title  set-cont-mb-s reset-last-child  wd-fontsize-xs\">Akryl na p\u0142\u00f3tnie<br \/>\n60 cm x 80 cm<br \/>\n2020<\/p>\n<p>Obraz dost\u0119pny jest w formie plakatu \u2013 Fine Art, wydrukowany na wysoko jako\u015bciowym papierze, o gramaturze 200 gsm.<br \/>\nSprzedawany jest bez ramek. Wysy\u0142any z rulonie.<\/p>\n<p>Obraz przygotowuj\u0119 r\u00f3wnie\u017c jako wydruk na p\u0142\u00f3tnie, gotowy do zawieszenia w Twoim Domu.<br \/>\nWydruki na p\u0142\u00f3tnie s\u0105 naci\u0105gni\u0119te na drewnian\u0105 ram\u0119. Obraz jest miejscami wype\u0142niany farbami, by by\u0142 jak najbli\u017cszy orygina\u0142owi.<\/div>\n\t\t\t\n\t\t\t\n\t\t<\/div>\n\t\t\n\t\t<\/div><\/div><\/div><div class=\"wpb_column vc_column_container vc_col-sm-6\"><div class=\"vc_column-inner\"><div class=\"wpb_wrapper\">\n\t<div  class=\"wpb_single_image wpb_content_element vc_align_center vc_custom_1696436712496\">\n\t\t\n\t\t<figure class=\"wpb_wrapper vc_figure\">\n\t\t\t<div class=\"vc_single_image-wrapper   vc_box_border_grey\"><img fetchpriority=\"high\" decoding=\"async\" width=\"800\" height=\"800\" src=\"https:\/\/alija.com.pl\/wp-content\/uploads\/2023\/10\/Wzniesienie-Alija-Ariana-Karima7-800x800.jpg\" class=\"vc_single_image-img attachment-large\" alt=\"\" title=\"Wzniesienie Alija Ariana Karima7\" srcset=\"https:\/\/alija.com.pl\/wp-content\/uploads\/2023\/10\/Wzniesienie-Alija-Ariana-Karima7-800x800.jpg 800w, https:\/\/alija.com.pl\/wp-content\/uploads\/2023\/10\/Wzniesienie-Alija-Ariana-Karima7-150x150.jpg 150w, https:\/\/alija.com.pl\/wp-content\/uploads\/2023\/10\/Wzniesienie-Alija-Ariana-Karima7-700x700.jpg 700w, https:\/\/alija.com.pl\/wp-content\/uploads\/2023\/10\/Wzniesienie-Alija-Ariana-Karima7-300x300.jpg 300w, https:\/\/alija.com.pl\/wp-content\/uploads\/2023\/10\/Wzniesienie-Alija-Ariana-Karima7-768x768.jpg 768w, https:\/\/alija.com.pl\/wp-content\/uploads\/2023\/10\/Wzniesienie-Alija-Ariana-Karima7-12x12.jpg 12w, https:\/\/alija.com.pl\/wp-content\/uploads\/2023\/10\/Wzniesienie-Alija-Ariana-Karima7.jpg 810w\" sizes=\"(max-width: 800px) 100vw, 800px\" \/><\/div>\n\t\t<\/figure>\n\t<\/div>\n<\/div><\/div><\/div><\/div><div class=\"vc_row-full-width vc_clearfix\"><\/div>\n<\/div>","protected":false},"excerpt":{"rendered":"<div dir=\"auto\">\n<p>W podr\u00f3\u017cy przebudzenia spotkasz si\u0119 ze swoim osobistym smokiem. Nie jest to jednak \u017cadna posta\u0107 z fantazji, to cz\u0119\u015b\u0107 Ciebie samego. Smok jest uosobieniem twojej wolno\u015bci, bezgraniczno\u015bci, mocy. Przybiera posta\u0107 smoka, bo tak\u00a0 lubimy sobie go wyobra\u017ca\u0107. Jest czym\u015b znacznie, znacznie wi\u0119cej ni\u017c my\u015blisz. Je\u015bli smok pojawia si\u0119 w twoim \u017cyciu, by\u0107 mo\u017ce zechcia\u0142by\u015b\/\u0142aby\u015b poczyta\u0107 o nim? Przet\u0142umaczy\u0142am 5 ksi\u0105\u017cek o tematyce smoka, kt\u00f3re ostatecznie s\u0105 ksi\u0105\u017ckami o o\u015bwieceniu.\u00a0<a class=\"mfp-iframe lightbox-added\" href=\"https:\/\/www.youtube.com\/watch?v=Jj50lJZPimc&amp;ab_channel=ArianaKarima\">Tu znajdziesz wi\u0119cej informacji.<\/a><\/p>\n<\/div>\n","protected":false},"featured_media":10100,"template":"","meta":[],"product_brand":[],"product_cat":[72],"product_tag":[74,75,1163,1228,152,103,1229,155],"class_list":{"0":"post-10091","1":"product","2":"type-product","3":"status-publish","4":"has-post-thumbnail","6":"product_cat-obrazy","7":"product_tag-alija","8":"product_tag-ariana-karima","9":"product_tag-obraz-duchowy","10":"product_tag-obraz-wzniesienie","11":"product_tag-oswiecenie","12":"product_tag-przebudzenie","13":"product_tag-sztuka-duchowa","14":"product_tag-wzniesienie","15":"product_shipping_class-polska","17":"first","18":"instock","19":"shipping-taxable","20":"purchasable","21":"product-type-variable","22":"has-default-attributes"},"jetpack_sharing_enabled":true,"_links":{"self":[{"href":"https:\/\/alija.com.pl\/pl_pl\/wp-json\/wp\/v2\/product\/10091","targetHints":{"allow":["GET"]}}],"collection":[{"href":"https:\/\/alija.com.pl\/pl_pl\/wp-json\/wp\/v2\/product"}],"about":[{"href":"https:\/\/alija.com.pl\/pl_pl\/wp-json\/wp\/v2\/types\/product"}],"version-history":[{"count":1,"href":"https:\/\/alija.com.pl\/pl_pl\/wp-json\/wp\/v2\/product\/10091\/revisions"}],"predecessor-version":[{"id":18742,"href":"https:\/\/alija.com.pl\/pl_pl\/wp-json\/wp\/v2\/product\/10091\/revisions\/18742"}],"wp:featuredmedia":[{"embeddable":true,"href":"https:\/\/alija.com.pl\/pl_pl\/wp-json\/wp\/v2\/media\/10100"}],"wp:attachment":[{"href":"https:\/\/alija.com.pl\/pl_pl\/wp-json\/wp\/v2\/media?parent=10091"}],"wp:term":[{"taxonomy":"product_brand","embeddable":true,"href":"https:\/\/alija.com.pl\/pl_pl\/wp-json\/wp\/v2\/product_brand?post=10091"},{"taxonomy":"product_cat","embeddable":true,"href":"https:\/\/alija.com.pl\/pl_pl\/wp-json\/wp\/v2\/product_cat?post=10091"},{"taxonomy":"product_tag","embeddable":true,"href":"https:\/\/alija.com.pl\/pl_pl\/wp-json\/wp\/v2\/product_tag?post=10091"}],"curies":[{"name":"wp","href":"https:\/\/api.w.org\/{rel}","templated":true}]}}