{"id":10212,"date":"2023-10-04T17:19:56","date_gmt":"2023-10-04T17:19:56","guid":{"rendered":"https:\/\/alija.com.pl\/?post_type=product&#038;p=10212"},"modified":"2024-04-15T10:09:56","modified_gmt":"2024-04-15T10:09:56","slug":"aniol-wingmakers","status":"publish","type":"product","link":"https:\/\/alija.com.pl\/pl_pl\/product\/aniol-wingmakers\/","title":{"rendered":"Aniol Wingmakers"},"content":{"rendered":"<div class=\"wpb-content-wrapper\"><div data-vc-full-width=\"true\" data-vc-full-width-init=\"false\" data-vc-stretch-content=\"true\" class=\"vc_row wpb_row vc_row-fluid vc_row-o-equal-height vc_row-o-content-top vc_row-flex wd-rs-651017d3e10e9\"><div class=\"wpb_column vc_column_container vc_col-sm-2\"><div class=\"vc_column-inner\"><div class=\"wpb_wrapper\"><\/div><\/div><\/div><div class=\"wpb_column vc_column_container vc_col-sm-2 vc_col-lg-4 vc_col-md-4 vc_col-xs-12 wd-rs-651016f77eae0\"><div class=\"vc_column-inner vc_custom_1695553281474\"><div class=\"wpb_wrapper\">\n\t\t<div id=\"wd-651da34ec6f37\" class=\"title-wrapper wd-wpb set-mb-s reset-last-child  wd-rs-651da34ec6f37 wd-title-color-alt wd-title-style-simple text-left  wd-underline-colored\">\n\t\t\t\n\t\t\t<div class=\"liner-continer\">\n\t\t\t\t<h4 class=\"woodmart-title-container title  wd-font-weight- wd-fontsize-l\" >Aniol Wingmakers<br \/>\nAlija Ariana Karima<\/h4>\n\t\t\t\t\t\t\t<\/div>\n\t\t\t\n\t\t\t\t\t\t\t<div class=\"title-after_title  set-cont-mb-s reset-last-child  wd-fontsize-xs\">Akryl na p\u0142\u00f3tnie<br \/>\n100 cm x 150 cm<br \/>\n2010<\/p>\n<p>Obraz dost\u0119pny jest w formie plakatu \u2013 Fine Art, wydrukowany na wysoko jako\u015bciowym papierze, o gramaturze 200 gsm.<br \/>\nSprzedawany jest bez ramek. Wysy\u0142any z rulonie.<\/p>\n<p>Obraz przygotowuj\u0119 r\u00f3wnie\u017c jako wydruk na p\u0142\u00f3tnie, gotowy do zawieszenia w Twoim Domu.<br \/>\nWydruki na p\u0142\u00f3tnie s\u0105 naci\u0105gni\u0119te na drewnian\u0105 ram\u0119. Obraz jest miejscami wype\u0142niany farbami, by by\u0142 jak najbli\u017cszy orygina\u0142owi.<\/div>\n\t\t\t\n\t\t\t\n\t\t<\/div>\n\t\t\n\t\t<\/div><\/div><\/div><div class=\"wpb_column vc_column_container vc_col-sm-6\"><div class=\"vc_column-inner\"><div class=\"wpb_wrapper\">\n\t<div  class=\"wpb_single_image wpb_content_element vc_align_center vc_custom_1696441219759\">\n\t\t\n\t\t<figure class=\"wpb_wrapper vc_figure\">\n\t\t\t<div class=\"vc_single_image-wrapper   vc_box_border_grey\"><img fetchpriority=\"high\" decoding=\"async\" width=\"675\" height=\"675\" src=\"https:\/\/alija.com.pl\/wp-content\/uploads\/2023\/10\/Aniol-Wingmakers-Alija-Ariana-Karim4.jpg\" class=\"vc_single_image-img attachment-large\" alt=\"\" title=\"Aniol Wingmakers Alija Ariana Karim4\" srcset=\"https:\/\/alija.com.pl\/wp-content\/uploads\/2023\/10\/Aniol-Wingmakers-Alija-Ariana-Karim4.jpg 675w, https:\/\/alija.com.pl\/wp-content\/uploads\/2023\/10\/Aniol-Wingmakers-Alija-Ariana-Karim4-150x150.jpg 150w, https:\/\/alija.com.pl\/wp-content\/uploads\/2023\/10\/Aniol-Wingmakers-Alija-Ariana-Karim4-300x300.jpg 300w, https:\/\/alija.com.pl\/wp-content\/uploads\/2023\/10\/Aniol-Wingmakers-Alija-Ariana-Karim4-12x12.jpg 12w\" sizes=\"(max-width: 675px) 100vw, 675px\" \/><\/div>\n\t\t<\/figure>\n\t<\/div>\n<\/div><\/div><\/div><\/div><div class=\"vc_row-full-width vc_clearfix\"><\/div>\n<\/div>","protected":false},"excerpt":{"rendered":"Aniol Wingmakers Alija Ariana Karima Akryl na p\u0142\u00f3tnie 100 cm x 150 cm 2010 Obraz dost\u0119pny jest w formie plakatu","protected":false},"featured_media":10254,"template":"","meta":[],"product_brand":[],"product_cat":[72],"product_tag":[74,75,1214,1163,1164,369,1206,1215],"class_list":{"0":"post-10212","1":"product","2":"type-product","3":"status-publish","4":"has-post-thumbnail","6":"product_cat-obrazy","7":"product_tag-alija","8":"product_tag-ariana-karima","9":"product_tag-obraz-anioly-wingmakers","10":"product_tag-obraz-duchowy","11":"product_tag-obraz-duszy","12":"product_tag-obraz-na-plotnie","13":"product_tag-obraz-wingmakers","14":"product_tag-sztuka-wingmakers","15":"product_shipping_class-polska","17":"first","18":"instock","19":"shipping-taxable","20":"purchasable","21":"product-type-variable","22":"has-default-attributes"},"jetpack_sharing_enabled":true,"_links":{"self":[{"href":"https:\/\/alija.com.pl\/pl_pl\/wp-json\/wp\/v2\/product\/10212","targetHints":{"allow":["GET"]}}],"collection":[{"href":"https:\/\/alija.com.pl\/pl_pl\/wp-json\/wp\/v2\/product"}],"about":[{"href":"https:\/\/alija.com.pl\/pl_pl\/wp-json\/wp\/v2\/types\/product"}],"version-history":[{"count":1,"href":"https:\/\/alija.com.pl\/pl_pl\/wp-json\/wp\/v2\/product\/10212\/revisions"}],"predecessor-version":[{"id":18735,"href":"https:\/\/alija.com.pl\/pl_pl\/wp-json\/wp\/v2\/product\/10212\/revisions\/18735"}],"wp:featuredmedia":[{"embeddable":true,"href":"https:\/\/alija.com.pl\/pl_pl\/wp-json\/wp\/v2\/media\/10254"}],"wp:attachment":[{"href":"https:\/\/alija.com.pl\/pl_pl\/wp-json\/wp\/v2\/media?parent=10212"}],"wp:term":[{"taxonomy":"product_brand","embeddable":true,"href":"https:\/\/alija.com.pl\/pl_pl\/wp-json\/wp\/v2\/product_brand?post=10212"},{"taxonomy":"product_cat","embeddable":true,"href":"https:\/\/alija.com.pl\/pl_pl\/wp-json\/wp\/v2\/product_cat?post=10212"},{"taxonomy":"product_tag","embeddable":true,"href":"https:\/\/alija.com.pl\/pl_pl\/wp-json\/wp\/v2\/product_tag?post=10212"}],"curies":[{"name":"wp","href":"https:\/\/api.w.org\/{rel}","templated":true}]}}