{"id":11043,"date":"2023-10-05T11:04:24","date_gmt":"2023-10-05T11:04:24","guid":{"rendered":"https:\/\/alija.com.pl\/?post_type=product&#038;p=11043"},"modified":"2024-04-15T08:44:22","modified_gmt":"2024-04-15T08:44:22","slug":"oswiecone-serce","status":"publish","type":"product","link":"https:\/\/alija.com.pl\/pl_pl\/product\/oswiecone-serce\/","title":{"rendered":"O\u015bwiecone Serce"},"content":{"rendered":"<div class=\"wpb-content-wrapper\"><div data-vc-full-width=\"true\" data-vc-full-width-init=\"false\" data-vc-stretch-content=\"true\" class=\"vc_row wpb_row vc_row-fluid vc_row-o-equal-height vc_row-o-content-top vc_row-flex wd-rs-651017d3e10e9\"><div class=\"wpb_column vc_column_container vc_col-sm-2\"><div class=\"vc_column-inner\"><div class=\"wpb_wrapper\"><\/div><\/div><\/div><div class=\"wpb_column vc_column_container vc_col-sm-2 vc_col-lg-4 vc_col-md-4 vc_col-xs-12 wd-rs-651016f77eae0\"><div class=\"vc_column-inner vc_custom_1695553281474\"><div class=\"wpb_wrapper\">\n\t\t<div id=\"wd-651e986369e6a\" class=\"title-wrapper wd-wpb set-mb-s reset-last-child  wd-rs-651e986369e6a wd-title-color-alt wd-title-style-simple text-left  wd-underline-colored\">\n\t\t\t\n\t\t\t<div class=\"liner-continer\">\n\t\t\t\t<h4 class=\"woodmart-title-container title  wd-font-weight- wd-fontsize-l\" >O\u015bwiecone Serce<br \/>\nAlija Ariana Karima<\/h4>\n\t\t\t\t\t\t\t<\/div>\n\t\t\t\n\t\t\t\t\t\t\t<div class=\"title-after_title  set-cont-mb-s reset-last-child  wd-fontsize-xs\">Akryl na p\u0142\u00f3tnie<br \/>\n60 cm x 120 cm<br \/>\n2015<\/p>\n<p>Orygina\u0142 - 3000 z\u0142 (napisz do mnie)<\/p>\n<p>Obraz dost\u0119pny jest w formie plakatu \u2013 Fine Art, wydrukowany na wysoko jako\u015bciowym papierze, o gramaturze 200 gsm.<br \/>\nSprzedawany jest bez ramek. Wysy\u0142any z rulonie.<\/p>\n<p>Obraz przygotowuj\u0119 r\u00f3wnie\u017c jako wydruk na p\u0142\u00f3tnie, gotowy do zawieszenia w Twoim Domu.<br \/>\nWydruki na p\u0142\u00f3tnie s\u0105 naci\u0105gni\u0119te na drewnian\u0105 ram\u0119. Obraz jest miejscami wype\u0142niany farbami, by by\u0142 jak najbli\u017cszy orygina\u0142owi.<\/div>\n\t\t\t\n\t\t\t\n\t\t<\/div>\n\t\t\n\t\t<\/div><\/div><\/div><div class=\"wpb_column vc_column_container vc_col-sm-6\"><div class=\"vc_column-inner\"><div class=\"wpb_wrapper\">\n\t<div  class=\"wpb_single_image wpb_content_element vc_align_center vc_custom_1696504096794\">\n\t\t\n\t\t<figure class=\"wpb_wrapper vc_figure\">\n\t\t\t<div class=\"vc_single_image-wrapper   vc_box_border_grey\"><img fetchpriority=\"high\" decoding=\"async\" width=\"615\" height=\"800\" src=\"https:\/\/alija.com.pl\/wp-content\/uploads\/2023\/10\/Serce-2-Alija-Ariana-Karima.jpg\" class=\"vc_single_image-img attachment-large\" alt=\"\" title=\"Light beige Interior design photo collage - 13\" srcset=\"https:\/\/alija.com.pl\/wp-content\/uploads\/2023\/10\/Serce-2-Alija-Ariana-Karima.jpg 615w, https:\/\/alija.com.pl\/wp-content\/uploads\/2023\/10\/Serce-2-Alija-Ariana-Karima-150x195.jpg 150w, https:\/\/alija.com.pl\/wp-content\/uploads\/2023\/10\/Serce-2-Alija-Ariana-Karima-231x300.jpg 231w, https:\/\/alija.com.pl\/wp-content\/uploads\/2023\/10\/Serce-2-Alija-Ariana-Karima-9x12.jpg 9w\" sizes=\"(max-width: 615px) 100vw, 615px\" \/><\/div>\n\t\t<\/figure>\n\t<\/div>\n<\/div><\/div><\/div><\/div><div class=\"vc_row-full-width vc_clearfix\"><\/div>\n<\/div>","protected":false},"excerpt":{"rendered":"O\u015bwiecone Serce Alija Ariana Karima Akryl na p\u0142\u00f3tnie 60 cm x 120 cm 2015 Orygina\u0142 - 3000 z\u0142 (napisz do","protected":false},"featured_media":11058,"template":"","meta":[],"product_brand":[],"product_cat":[72],"product_tag":[74,75,152,103],"class_list":{"0":"post-11043","1":"product","2":"type-product","3":"status-publish","4":"has-post-thumbnail","6":"product_cat-obrazy","7":"product_tag-alija","8":"product_tag-ariana-karima","9":"product_tag-oswiecenie","10":"product_tag-przebudzenie","11":"product_shipping_class-polska","13":"first","14":"instock","15":"shipping-taxable","16":"purchasable","17":"product-type-variable"},"jetpack_sharing_enabled":true,"_links":{"self":[{"href":"https:\/\/alija.com.pl\/pl_pl\/wp-json\/wp\/v2\/product\/11043","targetHints":{"allow":["GET"]}}],"collection":[{"href":"https:\/\/alija.com.pl\/pl_pl\/wp-json\/wp\/v2\/product"}],"about":[{"href":"https:\/\/alija.com.pl\/pl_pl\/wp-json\/wp\/v2\/types\/product"}],"version-history":[{"count":1,"href":"https:\/\/alija.com.pl\/pl_pl\/wp-json\/wp\/v2\/product\/11043\/revisions"}],"predecessor-version":[{"id":18695,"href":"https:\/\/alija.com.pl\/pl_pl\/wp-json\/wp\/v2\/product\/11043\/revisions\/18695"}],"wp:featuredmedia":[{"embeddable":true,"href":"https:\/\/alija.com.pl\/pl_pl\/wp-json\/wp\/v2\/media\/11058"}],"wp:attachment":[{"href":"https:\/\/alija.com.pl\/pl_pl\/wp-json\/wp\/v2\/media?parent=11043"}],"wp:term":[{"taxonomy":"product_brand","embeddable":true,"href":"https:\/\/alija.com.pl\/pl_pl\/wp-json\/wp\/v2\/product_brand?post=11043"},{"taxonomy":"product_cat","embeddable":true,"href":"https:\/\/alija.com.pl\/pl_pl\/wp-json\/wp\/v2\/product_cat?post=11043"},{"taxonomy":"product_tag","embeddable":true,"href":"https:\/\/alija.com.pl\/pl_pl\/wp-json\/wp\/v2\/product_tag?post=11043"}],"curies":[{"name":"wp","href":"https:\/\/api.w.org\/{rel}","templated":true}]}}