{"id":11276,"date":"2023-10-06T06:03:02","date_gmt":"2023-10-06T06:03:02","guid":{"rendered":"https:\/\/alija.com.pl\/?post_type=product&#038;p=11276"},"modified":"2025-11-13T12:15:49","modified_gmt":"2025-11-13T12:15:49","slug":"ksiazka-sen-aliji-historia-przebudzenia","status":"publish","type":"product","link":"https:\/\/alija.com.pl\/pl_pl\/product\/ksiazka-sen-aliji-historia-przebudzenia\/","title":{"rendered":"Ksi\u0105\u017cka Sen Aliji &#8211; Historia przebudzenia"},"content":{"rendered":"<div class=\"wpb-content-wrapper\"><div data-vc-full-width=\"true\" data-vc-full-width-init=\"false\" data-vc-stretch-content=\"true\" class=\"vc_row wpb_row vc_row-fluid vc_row-o-equal-height vc_row-o-content-top vc_row-flex wd-rs-651017d3e10e9\"><div class=\"wpb_column vc_column_container vc_col-sm-2\"><div class=\"vc_column-inner\"><div class=\"wpb_wrapper\"><\/div><\/div><\/div><div class=\"wpb_column vc_column_container vc_col-sm-4\"><div class=\"vc_column-inner\"><div class=\"wpb_wrapper\">\n\t\t<div id=\"wd-651fac57354b9\" class=\"title-wrapper wd-wpb set-mb-s reset-last-child  wd-rs-651fac57354b9 wd-title-color-default wd-title-style-default text-left  wd-underline-colored\">\n\t\t\t\n\t\t\t<div class=\"liner-continer\">\n\t\t\t\t<h4 class=\"woodmart-title-container title  wd-font-weight- wd-fontsize-l\" >Sen Aliji - Historia przebudzenia<br \/>\nAlija Ariana Karima<\/h4>\n\t\t\t\t\t\t\t<\/div>\n\t\t\t\n\t\t\t\t\t\t\t<div class=\"title-after_title  set-cont-mb-s reset-last-child  wd-fontsize-xs\">Sen Aliji to zapis podro\u017cy przebudzenia do urzeczywistnienia, procesu samopoznania, uzdrawiania i transformacji. Dziel\u0119 si\u0119 w niej m\u0105dro\u015bci\u0105, kt\u00f3ra sta\u0142a si\u0119 moim udzia\u0142em, dzi\u0119ki wieloletnim poszukiwaniom duchowym, pracy jako nauczyciel Vedic Art i Soul Body Fusion, uzdrowicielka, malarka oraz podr\u00f3\u017cniczka.<br \/>\nNapisa\u0142am j\u0105, by ka\u017cdy m\u00f3g\u0142 pozna\u0107 swoj\u0105 prawdziw\u0105 natur\u0119, przebudzi\u0107 Mistrza, kt\u00f3rym jest ju\u017c teraz, zostawi\u0107 ograniczenia i zacz\u0105\u0107 \u017cy\u0107 dla samej rado\u015bci \u017cycia.<br \/>\nMoj\u0105 podr\u00f3\u017c zobaczysz r\u00f3wnie\u017c w ilustruj\u0105cych opowie\u015b\u0107 obrazach.<br \/>\nW drodze do o\u015bwiecenia towarzyszyli mi. Wzniesieni Mistrzowie: Adamus Saint Germain, Tobiasz oraz Kuthumi. Podczas Twojej lektury b\u0119d\u0105 i z Tob\u0105.<br \/>\n\u201cSen Aliji mo\u017cesz kupi\u0107 w wersji ksi\u0105\u017cki, audiobooka i e-booka.<\/div>\n\t\t\t\n\t\t\t\n\t\t<\/div>\n\t\t\n\t\t\n\t\t<div id=\"wd-651fb41b35776\" class=\"title-wrapper wd-wpb set-mb-s reset-last-child  wd-rs-651fb41b35776 wd-title-color-default wd-title-style-default text-left  wd-underline-colored\">\n\t\t\t\n\t\t\t<div class=\"liner-continer\">\n\t\t\t\t<h4 class=\"woodmart-title-container title  wd-font-weight- wd-fontsize-l\" >Ich oczami<\/h4>\n\t\t\t\t\t\t\t<\/div>\n\t\t\t\n\t\t\t\n\t\t\t\n\t\t<\/div>\n\t\t\n\t\t\t\t<div id=\"wd-67e527013a34f\" class=\"wd-text-block wd-wpb reset-last-child wd-rs-67e527013a34f text-left vc_custom_1743071002852\">\n\t\t\t<div dir=\"auto\">\n<p><em>&#8222;Ta ksi\u0105\u017cka jest rewelacyjna pod ka\u017cdym wzgl\u0119dem. Polecam ka\u017cdemu, kto jest w podr\u00f3\u017cy przebudzenia.&#8221;<br \/>\n<\/em><em><strong>Joanna<\/strong><\/em><\/p>\n<p><em>&#8222;Jedna z pi\u0119ciu najpi\u0119kniejszych ksi\u0105\u017cek, jakie czyta\u0142am&#8221;<\/em><br \/>\n<strong><em>Annette<\/em><\/strong><\/p>\n<p><em>&#8222;Przeczyta\u0142am ju\u017c z milion ksi\u0105\u017cek o rozwoju, duchowo\u015bci i przebudzeniu, a ta mnie i tak zaskoczy\u0142a. Nie mog\u0119 si\u0119 od niej oderwa\u0107.<\/em><br \/>\n<em>Nie wiem czy to dlatego, ze napisa\u0142a j\u0105 moja nauczycielka Vedic Art i tak si\u0119 sk\u0142ada, ze zna\u0142am cze\u015b\u0107 opisanych tu os\u00f3b i zdarze\u0144 &#8211; dlatego tak \u015bwietnie mi si\u0119 to czyta?<\/em><br \/>\n<em>Czy to dlatego, \u017ce czuj\u0119 ka\u017cd\u0105 kom\u00f3rk\u0105 swojego cia\u0142a to, o czym pisz\u0119 Alija?<\/em><br \/>\n<em>Czy to \u017ce dodatkowo mog\u0119 ogl\u0105da\u0107 i podziwia\u0107 jej obrazy, kt\u00f3rych w ksi\u0105\u017cce jest mn\u00f3stwo? Czy to jednak unikalny spos\u00f3b, w jaki uj\u0119\u0142a temat Przebudzenia? Czy to ja jestem znowu na innym etapie? A mo\u017cesz to wszystko razem? Fakt faktem, ze ksi\u0105\u017ck\u0119 uwa\u017cam za genialna i jestem ogromnie wdzi\u0119czna ze powsta\u0142a.&#8221;<\/em><br \/>\n<strong><em>Magdalena<\/em><\/strong><\/p>\n<p><em>&#8222;Przeczyta\u0142am jednym tchem. Twoje wgl\u0105dy s\u0105 niesamowite. Bardzo du\u017co mi Twoja ksi\u0105\u017cka wskaza\u0142a. Bardzo, bardzo mi si\u0119 ksi\u0105\u017cka podoba i b\u0119d\u0119 do niej wraca\u0107 .&#8221;<\/em><br \/>\n<strong><em>Marzena<\/em><\/strong><\/p>\n<\/div>\n\t\t<\/div>\n\t\t\t\t<div id=\"wd-651fb56d32020\" class=\"wd-text-block wd-wpb reset-last-child wd-rs-651fb56d32020 text-left vc_custom_1696576896488\">\n\t\t\t<div dir=\"auto\">\n<p><em>&#8222;Ta ksi\u0105\u017cka jest rewelacyjna pod ka\u017cdym wzgl\u0119dem. Polecam ka\u017cdemu, kto jest w podr\u00f3\u017cy przebudzenia.&#8221;<\/em><br \/>\n<span style=\"color: #ff9900;\"><strong><em>Joanna<\/em><\/strong><\/span><\/p>\n<p><em>&#8222;Jedna z pi\u0119ciu najpi\u0119kniejszych ksi\u0105\u017cek, jakie czyta\u0142am&#8221;<\/em><br \/>\n<strong><em>Annette<\/em><\/strong><\/p>\n<p><em>&#8222;Przeczyta\u0142am ju\u017c z milion ksi\u0105\u017cek o rozwoju, duchowo\u015bci i przebudzeniu, a ta mnie i tak zaskoczy\u0142a. Nie mog\u0119 si\u0119 od niej oderwa\u0107.<\/em><br \/>\n<em>Nie wiem czy to dlatego, ze napisa\u0142a j\u0105 moja nauczycielka Vedic Art i tak si\u0119 sk\u0142ada, ze zna\u0142am cze\u015b\u0107 opisanych tu os\u00f3b i zdarze\u0144 &#8211; dlatego tak \u015bwietnie mi si\u0119 to czyta?<\/em><br \/>\n<em>Czy to dlatego, \u017ce czuj\u0119 ka\u017cd\u0105 kom\u00f3rk\u0105 swojego cia\u0142a to, o czym pisz\u0119 Alija?<\/em><br \/>\n<em>Czy to \u017ce dodatkowo mog\u0119 ogl\u0105da\u0107 i podziwia\u0107 jej obrazy, kt\u00f3rych w ksi\u0105\u017cce jest mn\u00f3stwo? Czy to jednak unikalny spos\u00f3b, w jaki uj\u0119\u0142a temat Przebudzenia? Czy to ja jestem znowu na innym etapie? A mo\u017cesz to wszystko razem? Fakt faktem, ze ksi\u0105\u017ck\u0119 uwa\u017cam za genialna i jestem ogromnie wdzi\u0119czna ze powsta\u0142a.&#8221;<\/em><br \/>\n<strong><em>Magdalena<\/em><\/strong><\/p>\n<p><em>&#8222;Przeczyta\u0142am jednym tchem. Twoje wgl\u0105dy s\u0105 niesamowite. Bardzo du\u017co mi Twoja ksi\u0105\u017cka wskaza\u0142a. Bardzo, bardzo mi si\u0119 ksi\u0105\u017cka podoba i b\u0119d\u0119 do niej wraca\u0107 .&#8221;<\/em><br \/>\n<strong><em>Marzena<\/em><\/strong><\/p>\n<\/div>\n\t\t<\/div>\n\t\t<\/div><\/div><\/div><div class=\"wpb_column vc_column_container vc_col-sm-4\"><div class=\"vc_column-inner\"><div class=\"wpb_wrapper\">\n\t\t<div id=\"wd-651fb9ec588b3\" class=\"title-wrapper wd-wpb set-mb-s reset-last-child  wd-rs-651fb9ec588b3 wd-title-color-default wd-title-style-default text-left  wd-underline-colored\">\n\t\t\t\n\t\t\t<div class=\"liner-continer\">\n\t\t\t\t<h4 class=\"woodmart-title-container title  wd-font-weight- wd-fontsize-l\" >Opis<\/h4>\n\t\t\t\t\t\t\t<\/div>\n\t\t\t\n\t\t\t\n\t\t\t\n\t\t<\/div>\n\t\t\n\t\t\t\t<div id=\"wd-669a306b7d88a\" class=\"wd-text-block wd-wpb reset-last-child wd-rs-669a306b7d88a text-left vc_custom_1721381272722\">\n\t\t\t<div dir=\"auto\">\n<ul>\n<li>448 stron z ponad 100 ilustracjami, obrazami Duszy<\/li>\n<li>Pi\u0119knie wydana: z\u0142ota wypuk\u0142a ok\u0142adka, papier kredowy, g\u0142adki<\/li>\n<li>Wersja polska w wersji audiobook i e-book: pdf, epub<\/li>\n<li>Sen Aliji jest dost\u0119pny w 14 j\u0119zykach na Amazon (angielski, niemiecki, francuski, w\u0142oski, hiszpa\u0144ski, portugalski, norweski, niderlandzki, du\u0144ski, szwedzki, japo\u0144ski, chi\u0144ski, rosyjski)<\/li>\n<\/ul>\n<\/div>\n\t\t<\/div>\n\t\t\n\t\t<div id=\"wd-651fb86a51562\" class=\"title-wrapper wd-wpb set-mb-s reset-last-child  wd-rs-651fb86a51562 wd-title-color-default wd-title-style-default text-left  wd-underline-colored\">\n\t\t\t\n\t\t\t<div class=\"liner-continer\">\n\t\t\t\t<h4 class=\"woodmart-title-container title  wd-font-weight- wd-fontsize-l\" >Zobacz film<\/h4>\n\t\t\t\t\t\t\t<\/div>\n\t\t\t\n\t\t\t\n\t\t\t\n\t\t<\/div>\n\t\t\n\t\t\t\t<div id=\"wd-651fb8948dbe8\" class=\"wd-text-block wd-wpb reset-last-child wd-rs-651fb8948dbe8 text-left vc_custom_1696577692912\">\n\t\t\t<div dir=\"auto\">\n<p><iframe title=\"Ksi\u0105\u017cka o przebudzeniu - &quot;Sen Aliji&quot; Ariany Karimy\" width=\"500\" height=\"281\" src=\"https:\/\/www.youtube.com\/embed\/F4ZSyn94TCo?feature=oembed\" frameborder=\"0\" allow=\"accelerometer; autoplay; clipboard-write; encrypted-media; gyroscope; picture-in-picture; web-share\" referrerpolicy=\"strict-origin-when-cross-origin\" allowfullscreen><\/iframe><\/p>\n<\/div>\n\t\t<\/div>\n\t\t\n\t\t<div id=\"wd-651fb9a919197\" class=\"title-wrapper wd-wpb set-mb-s reset-last-child  wd-rs-651fb9a919197 wd-title-color-default wd-title-style-default text-left  wd-underline-colored\">\n\t\t\t\n\t\t\t<div class=\"liner-continer\">\n\t\t\t\t<h4 class=\"woodmart-title-container title  wd-font-weight- wd-fontsize-l\" >Pos\u0142uchaj pierwszego rozdzia\u0142u<\/h4>\n\t\t\t\t\t\t\t<\/div>\n\t\t\t\n\t\t\t\n\t\t\t\n\t\t<\/div>\n\t\t\n\t\t\t\t<div id=\"wd-651fb8f652d63\" class=\"wd-text-block wd-wpb reset-last-child wd-rs-651fb8f652d63 text-left vc_custom_1696577800346\">\n\t\t\t<p><iframe title=\"Obieca\u0142am sobie wolno\u015b\u0107 : rozdzia\u0142 1 ksi\u0105\u017cki &quot;Sen Aliji - Historia przebudzenia&quot; Ariany Karimy\" width=\"500\" height=\"281\" src=\"https:\/\/www.youtube.com\/embed\/ZTkBTiC31u4?list=UULF-pJuFHbXU-RXxbAiJAgXkQ\" frameborder=\"0\" allow=\"accelerometer; autoplay; clipboard-write; encrypted-media; gyroscope; picture-in-picture; web-share\" referrerpolicy=\"strict-origin-when-cross-origin\" allowfullscreen><\/iframe><\/p>\n\t\t<\/div>\n\t\t<\/div><\/div><\/div><div class=\"wpb_column vc_column_container vc_col-sm-2\"><div class=\"vc_column-inner\"><div class=\"wpb_wrapper\"><\/div><\/div><\/div><\/div><div class=\"vc_row-full-width vc_clearfix\"><\/div><div class=\"vc_row wpb_row vc_row-fluid\"><div class=\"wpb_column vc_column_container vc_col-sm-12\"><div class=\"vc_column-inner\"><div class=\"wpb_wrapper\"><div class=\"vc_separator wpb_content_element vc_separator_align_center vc_sep_width_100 vc_sep_pos_align_center vc_separator_no_text vc_sep_color_grey\" ><span class=\"vc_sep_holder vc_sep_holder_l\"><span class=\"vc_sep_line\"><\/span><\/span><span class=\"vc_sep_holder vc_sep_holder_r\"><span class=\"vc_sep_line\"><\/span><\/span>\n<\/div><\/div><\/div><\/div><\/div><div data-vc-full-width=\"true\" data-vc-full-width-init=\"false\" data-vc-stretch-content=\"true\" class=\"vc_row wpb_row vc_row-fluid vc_row-o-equal-height vc_row-o-content-top vc_row-flex wd-rs-651017d3e10e9\"><div class=\"wpb_column vc_column_container vc_col-sm-2\"><div class=\"vc_column-inner\"><div class=\"wpb_wrapper\"><\/div><\/div><\/div><div class=\"wpb_column vc_column_container vc_col-sm-8\"><div class=\"vc_column-inner\"><div class=\"wpb_wrapper\">\n\t\t<div id=\"wd-651fbcda0949a\" class=\"title-wrapper wd-wpb set-mb-s reset-last-child  wd-rs-651fbcda0949a wd-title-color-default wd-title-style-default text-left  wd-underline-colored\">\n\t\t\t\n\t\t\t<div class=\"liner-continer\">\n\t\t\t\t<h4 class=\"woodmart-title-container title  wd-font-weight- wd-fontsize-l\" >O czym jest ta ksi\u0105\u017cka?<\/h4>\n\t\t\t\t\t\t\t<\/div>\n\t\t\t\n\t\t\t\n\t\t\t\n\t\t<\/div>\n\t\t\n\t\t<\/div><\/div><\/div><\/div><div class=\"vc_row-full-width vc_clearfix\"><\/div><div data-vc-full-width=\"true\" data-vc-full-width-init=\"false\" data-vc-stretch-content=\"true\" class=\"vc_row wpb_row vc_row-fluid vc_row-o-equal-height vc_row-o-content-top vc_row-flex wd-rs-651017d3e10e9\"><div class=\"wpb_column vc_column_container vc_col-sm-2\"><div class=\"vc_column-inner\"><div class=\"wpb_wrapper\"><\/div><\/div><\/div><div class=\"wpb_column vc_column_container vc_col-sm-4\"><div class=\"vc_column-inner\"><div class=\"wpb_wrapper\">\n\t\t<div id=\"wd-651fbd600ec37\" class=\"title-wrapper wd-wpb set-mb-s reset-last-child  wd-rs-651fbd600ec37 wd-title-color-default wd-title-style-default text-left  wd-title-empty wd-underline-colored\">\n\t\t\t\n\t\t\t<div class=\"liner-continer\">\n\t\t\t\t<h4 class=\"woodmart-title-container title  wd-font-weight- wd-fontsize-l\" ><\/h4>\n\t\t\t\t\t\t\t<\/div>\n\t\t\t\n\t\t\t\t\t\t\t<div class=\"title-after_title  set-cont-mb-s reset-last-child  wd-fontsize-xs\">Ka\u017cdy ma w \u017cyciu taki moment, kiedy zaczyna czu\u0107 ca\u0142ym sob\u0105, \u017ce w tym \u015bwiecie nie znajdzie spe\u0142nienia, gdy\u017c nic nie jest tu trwa\u0142e. Dobre chwile przemijaj\u0105, a my znowu czujemy pustk\u0119 i nieopisan\u0105 t\u0119sknot\u0119.<\/p>\n<p>Wtedy zaczyna si\u0119 przebudzenie. Mo\u017ce trwa\u0107 wiele lat, a nawet wiele \u017cy\u0107. Tak si\u0119 przynajmniej wydaje cz\u0142owiekowi, kt\u00f3ry \u017cyje w iluzji czasu i przestrzeni. Musisz jednak wiedzie\u0107, \u017ce twoja i moja podr\u00f3\u017c od tego jak si\u0119 tu znale\u017ali\u015bmy do powrotu do Domu, ju\u017c si\u0119 zako\u0144czy\u0142a i trwa\u0142a jedn\u0105 chwil\u0119 poza czasem. Opowiem ci wszystko. Nie musisz tego teraz rozumie\u0107.<\/p>\n<p>Zrelaksuj si\u0119. Je\u015bli pragniesz wolno\u015bci najbardziej na \u015bwiecie i ty mo\u017cesz doko\u0144czy\u0107 sw\u00f3j cykl w tym \u017cyciu. Od momentu, kiedy wybierasz wolno\u015b\u0107, a ta staje si\u0119 si\u0142\u0105 nap\u0119dow\u0105 twojego \u017cycia, miej pewno\u015b\u0107, \u017ce jeste\u015b w r\u0119kach swojej Duszy, Mistrza, kt\u00f3ry poprowadzi ci\u0119 do niej. B\u0119dzie wybudza\u0142 ci\u0119 z tego snu zwanego \u017cyciem \u0142agodnie, zawsze w twoim rytmie, w spos\u00f3b indywidualnie dopasowany dla ciebie. B\u0119dzie m\u00f3wi\u0142 s\u0142owami, kt\u00f3re zrozumiesz, b\u0119dzie u\u017cywa\u0142 symboli i narz\u0119dzi z tego nierzeczywistego \u015bwiata tak, by krok po kroku wyprowadzi\u0107 ci\u0119 ze wszystkich iluzji.<\/p>\n<p>O czym jest ta ksi\u0105\u017cka?<\/p>\n<p>Ksi\u0105\u017cka ta jest zapisem w\u0142asnej podr\u00f3\u017cy tego ostatniego z ludzkich \u017cy\u0107. Dziel\u0119 si\u0119 zdarzeniami, kt\u00f3re w moim odczuciu by\u0142y kluczowe na mojej drodze przypomnienia. To swoiste duchowe CV. B\u0119d\u0105 w niej historie, kt\u00f3re s\u0105 esencj\u0105 magii samego \u017cycia z perspektywy \u015bwiadomo\u015bci, bawi\u0105cej si\u0119 swoj\u0105 kreacj\u0105. Dzi\u015b mog\u0119 zobaczy\u0107 pi\u0119kno wszystkich do\u015bwiadcze\u0144, gdy\u017c wiem, \u017ce ka\u017cde z nich ostatecznie doprowadzi\u0142o mnie do wolno\u015bci.<\/div>\n\t\t\t\n\t\t\t\n\t\t<\/div>\n\t\t\n\t\t<\/div><\/div><\/div><div class=\"wpb_column vc_column_container vc_col-sm-4\"><div class=\"vc_column-inner\"><div class=\"wpb_wrapper\">\n\t\t<div id=\"wd-651fbd1576f19\" class=\"title-wrapper wd-wpb set-mb-s reset-last-child  wd-rs-651fbd1576f19 wd-title-color-default wd-title-style-default text-left  wd-title-empty wd-underline-colored\">\n\t\t\t\n\t\t\t<div class=\"liner-continer\">\n\t\t\t\t<h4 class=\"woodmart-title-container title  wd-font-weight- wd-fontsize-l\" ><\/h4>\n\t\t\t\t\t\t\t<\/div>\n\t\t\t\n\t\t\t\t\t\t\t<div class=\"title-after_title  set-cont-mb-s reset-last-child  wd-fontsize-xs\">By spisa\u0107 t\u0119 histori\u0119 si\u0119gn\u0119\u0142am do pami\u0119tnik\u00f3w, kt\u00f3re pisa\u0142am ca\u0142e \u017cycie. Niewypowiedziane jest to, co poczu\u0142am, gdy ponownie je otworzy\u0142am. Ogromne wzruszenie, wdzi\u0119czno\u015b\u0107, a cz\u0119sto nawet zaskoczenie. Zobaczy\u0142am bowiem, jak przez ca\u0142e \u017cycie prowadzi\u0142am sam\u0105 siebie, by spe\u0142ni\u0107 dan\u0105 sobie obietnic\u0119 wolno\u015bci. Prowadzenie to przybiera\u0142o posta\u0107 nauczycieli, partner\u00f3w, ksi\u0105\u017cek, ale nie tylko. Ka\u017cdy cz\u0142owiek, kt\u00f3rego spotka\u0142am na swojej drodze by\u0142 lustrem, bym mog\u0142a lepiej pozna\u0107 siebie. W momencie mojego urzeczywistnienia zobaczy\u0142am \u015bwiat, takim jaki jest, ujrza\u0142am siebie we wszystkim, co jest. Puzzle po\u0142\u0105czy\u0142y si\u0119 w pe\u0142en obraz i przyszed\u0142 niewiarygodny spok\u00f3j. Co to by\u0142 za sen! pomy\u015bla\u0142am.<\/p>\n<p>Opowiem ci wi\u0119c m\u00f3j sen, tak jak widzia\u0142 i prze\u017cy\u0142 go cz\u0142owiek. Podziel\u0119 si\u0119 nie tylko historiami, ale r\u00f3wnie\u017c m\u0105dro\u015bci\u0105, kt\u00f3ra sta\u0142a si\u0119 moim udzia\u0142em. Wplot\u0142am j\u0105 mi\u0119dzy wierszami i spisa\u0142am jej esencj\u0119 w drugiej cz\u0119\u015bci ksi\u0105\u017cki, dotycz\u0105cej finiszu mojego przebudzenia. W tym ostatnim okresie pojawili si\u0119 o\u015bwieceni Mistrzowie: Tobiasz, Adamus Saint Germain oraz m\u00f3j osobisty smok. Oni to pomogli mi po\u017cegna\u0107 si\u0119 z ostatnimi iluzjami i naprostowa\u0107 spos\u00f3b, w jaki postrzegam siebie i \u015bwiat. Przychodzi\u0142 te\u017c wielokrotnie Jeszua (in. Jezus), g\u0142\u00f3wnie z naukami pod postaci\u0105 \u201eKursu cud\u00f3w\u201d.<\/p>\n<p>Pokusz\u0119 si\u0119, by uj\u0105\u0107 w tej ksi\u0105\u017cce esencj\u0119 bogactwa m\u0105dro\u015bci o procesie przebudzenia do o\u015bwiecenia. B\u0119dzie to moja osobista perspektywa, ka\u017cdy ma bowiem swoj\u0105 unikaln\u0105 drog\u0119 przebudzenia.<\/p>\n<p>Zapraszam do wsp\u00f3lnej podr\u00f3\u017cy!<\/div>\n\t\t\t\n\t\t\t\n\t\t<\/div>\n\t\t\n\t\t<\/div><\/div><\/div><div class=\"wpb_column vc_column_container vc_col-sm-2\"><div class=\"vc_column-inner\"><div class=\"wpb_wrapper\"><\/div><\/div><\/div><\/div><div class=\"vc_row-full-width vc_clearfix\"><\/div>\n<\/div>","protected":false},"excerpt":{"rendered":"<p>Opowiem Ci swoj\u0105 histori\u0119, histori\u0119 Ariany, kt\u00f3ra tak jak ty odradza\u0142a si\u0119 ponad tysi\u0105c razy. Pragn\u0119\u0142a pobawi\u0107 si\u0119 w \u017cycie, nasyci\u0107 si\u0119 nim, prze\u017cy\u0107 wszystko, co jest do prze\u017cycia. A\u017c w tym jednym wyj\u0105tkowym \u017cyciu, pewnego dnia us\u0142ysza\u0142a wo\u0142anie swojej Duszy Aliji \u201eJu\u017c czas, ju\u017c czas si\u0119 przebudzi\u0107\u201d i z ca\u0142ego serca zapragn\u0119\u0142a by\u0107 wolna.<\/p>\n<p>Je\u015bli ta ksi\u0105\u017cka Ci\u0119 wo\u0142a \u2013 to znaczy, \u017ce jeste\u015b gotowa, by j\u0105 us\u0142ysze\u0107.<br \/>\n<em>Nie czytasz tej ksi\u0105\u017cki. Ona czyta Ciebie.<\/em><\/p>\n<p>Z rado\u015bci\u0105 otwieram teraz przestrze\u0144 dla wi\u0119kszej liczby serc.<br \/>\nKsi\u0105\u017cka dost\u0119pna jest przez ten czas w nowej, l\u017cejszej energetycznie cenie:<br \/>\n<strong>89 z\u0142<\/strong>\u00a0(zamiast 129 z\u0142), a w zestawach jeszcze taniej.<\/p>\n<p>Niech to b\u0119dzie prezent od Duszy dla Duszy<br \/>\nZ mi\u0142o\u015bci\u0105,<br \/>\n<strong>Alija Ariana Karima<\/strong><\/p>\n","protected":false},"featured_media":11274,"template":"","meta":[],"product_brand":[],"product_cat":[195],"product_tag":[74,75,200,199,1463,1466,198,1464,1471,1468,1470,1473,152,1465,1472,1467,1469,1441,1459,197,211,201,202],"class_list":{"0":"post-11276","1":"product","2":"type-product","3":"status-publish","4":"has-post-thumbnail","6":"product_cat-sen-aliji","7":"product_tag-alija","8":"product_tag-ariana-karima","9":"product_tag-audiobook","10":"product_tag-e-book","11":"product_tag-historia-przebudzenia","12":"product_tag-inspirujaca-literatura","13":"product_tag-ksiazka","14":"product_tag-ksiazka-duchowa","15":"product_tag-ksiazka-motywacyjna","16":"product_tag-magia-i-duchowosc","17":"product_tag-mistycyzm","18":"product_tag-opowiesc-o-przebudzeniu","19":"product_tag-oswiecenie","20":"product_tag-podroz-wewnetrzna","21":"product_tag-poszukiwanie-sensu","22":"product_tag-przebudzenie-swiadomosci","23":"product_tag-refleksja-nad-zyciem","24":"product_tag-rozwoj-osobisty","25":"product_tag-samopoznanie","26":"product_tag-sen-aliji","27":"product_tag-transformacja","28":"product_tag-urzeczywistnienie","29":"product_tag-wzniesieni-mistrzowie","31":"first","32":"instock","33":"sale","34":"shipping-taxable","35":"purchasable","36":"product-type-variable"},"jetpack_sharing_enabled":true,"_links":{"self":[{"href":"https:\/\/alija.com.pl\/pl_pl\/wp-json\/wp\/v2\/product\/11276","targetHints":{"allow":["GET"]}}],"collection":[{"href":"https:\/\/alija.com.pl\/pl_pl\/wp-json\/wp\/v2\/product"}],"about":[{"href":"https:\/\/alija.com.pl\/pl_pl\/wp-json\/wp\/v2\/types\/product"}],"version-history":[{"count":4,"href":"https:\/\/alija.com.pl\/pl_pl\/wp-json\/wp\/v2\/product\/11276\/revisions"}],"predecessor-version":[{"id":11301,"href":"https:\/\/alija.com.pl\/pl_pl\/wp-json\/wp\/v2\/product\/11276\/revisions\/11301"}],"wp:featuredmedia":[{"embeddable":true,"href":"https:\/\/alija.com.pl\/pl_pl\/wp-json\/wp\/v2\/media\/11274"}],"wp:attachment":[{"href":"https:\/\/alija.com.pl\/pl_pl\/wp-json\/wp\/v2\/media?parent=11276"}],"wp:term":[{"taxonomy":"product_brand","embeddable":true,"href":"https:\/\/alija.com.pl\/pl_pl\/wp-json\/wp\/v2\/product_brand?post=11276"},{"taxonomy":"product_cat","embeddable":true,"href":"https:\/\/alija.com.pl\/pl_pl\/wp-json\/wp\/v2\/product_cat?post=11276"},{"taxonomy":"product_tag","embeddable":true,"href":"https:\/\/alija.com.pl\/pl_pl\/wp-json\/wp\/v2\/product_tag?post=11276"}],"curies":[{"name":"wp","href":"https:\/\/api.w.org\/{rel}","templated":true}]}}