{"id":12052,"date":"2023-10-16T15:08:30","date_gmt":"2023-10-16T15:08:30","guid":{"rendered":"https:\/\/alija.com.pl\/?post_type=product&#038;p=12052"},"modified":"2026-03-18T09:54:15","modified_gmt":"2026-03-18T09:54:15","slug":"certyfikowany-kurs-soul-body-fusion-online","status":"publish","type":"product","link":"https:\/\/alija.com.pl\/pl_pl\/product\/certyfikowany-kurs-soul-body-fusion-online\/","title":{"rendered":"Certyfikowany Kurs Soul Body Fusion Online"},"content":{"rendered":"<div class=\"wpb-content-wrapper\"><div data-vc-full-width=\"true\" data-vc-full-width-init=\"false\" data-vc-stretch-content=\"true\" class=\"vc_row wpb_row vc_row-fluid vc_row-o-equal-height vc_row-o-content-top vc_row-flex wd-rs-651017d3e10e9\"><div class=\"wpb_column vc_column_container vc_col-sm-2\"><div class=\"vc_column-inner\"><div class=\"wpb_wrapper\"><\/div><\/div><\/div><div class=\"wpb_column vc_column_container vc_col-sm-4\"><div class=\"vc_column-inner\"><div class=\"wpb_wrapper\">\n\t\t<div id=\"wd-697b52f8a30c4\" class=\"title-wrapper wd-wpb set-mb-s reset-last-child  wd-rs-697b52f8a30c4 wd-title-color-default wd-title-style-default text-left  wd-underline-colored\">\n\t\t\t\n\t\t\t<div class=\"liner-continer\">\n\t\t\t\t<h4 class=\"woodmart-title-container title  wd-font-weight- wd-fontsize-l\" >Certyfikowany Kurs Soul Body Fusion Online<\/h4>\n\t\t\t\t\t\t\t<\/div>\n\t\t\t\n\t\t\t\n\t\t\t\n\t\t<\/div>\n\t\t\n\t\t\n\t<div class=\"wpb_text_column wpb_content_element\" >\n\t\t<div class=\"wpb_wrapper\">\n\t\t\t<p>Soul Body Fusion\u00ae to pi\u0119kny proces, w kt\u00f3rym\u00a0<strong>do\u015bwiadczasz integracji twojej Duszy z twoim Cia\u0142em<\/strong>.<\/p>\n<ul>\n<li>Poka\u017c\u0119 ci jak mo\u017cesz towarzyszy\u0107 innym w tym procesie, jako\u00a0<strong>Praktyk Soul Body Fusion\u00ae<\/strong>.<\/li>\n<li>Opowiem ci,\u00a0<strong>na czym polega ten proces<\/strong>, jakie jest jego\u00a0<strong>dzia\u0142anie<\/strong>, czego mo\u017cesz si\u0119 spodziewa\u0107 podczas sesji.<\/li>\n<li>Poznasz\u00a0<strong>genez\u0119 naszego pojawienia si\u0119 na Ziemi<\/strong>. Dzi\u0119ki temu mo\u017cesz uzyska\u0107 wiele zrozumienia dlaczego cz\u0142owiek cz\u0119sto czuje si\u0119 taki zagubiony w tym \u015bwiecie i zobaczysz\u00a0<strong>dlaczego w\u0142a\u015bciwie t\u0119sknimy do po\u0142\u0105czenia Duszy z Cia\u0142em.\u00a0<\/strong>Opowiem\u00a0 jak to si\u0119 sta\u0142o, \u017ce do\u015bwiadczamy jakby by\u0142y one oddzielone i co spowodowa\u0142o owo oddzielenie.<\/li>\n<li><strong>Zademonstruj\u0119 tobie sesj\u0119 Soul Body Fusion\u00ae<\/strong>.<br \/>\nJako Certyfikowany Praktyk tej metody b\u0119dziesz m\u00f3g\u0142 wykonywa\u0107 sesje indywidualne dla innych os\u00f3b. Mo\u017ce by\u0107 to twoje profesjonalne zaj\u0119cie.<\/li>\n<li>Podczas tego kursu przeprowadzisz sesj\u0119 SBF dla\u00a0<strong>minimum jednej osoby\u00a0<\/strong>zar\u00f3wno na miejscu, jak i na odleg\u0142o\u015b\u0107.<\/li>\n<li>Do\u015bwiadczysz sesji Po\u0142\u0105czenia Duszy z Cia\u0142em.\u00a0<strong>Zrobi\u0119 j\u0105 z tob\u0105<\/strong>\u00a0<strong>na odleg\u0142o\u015b\u0107.\u00a0<\/strong>Zobaczysz jak wygl\u0105da taka\u00a0sesja by\u015b mog\u0142a\/m\u00f3g\u0142 takie sesje robi\u0107 innym.<\/li>\n<li>\u00a0Poka\u017c\u0119 tobie jak mo\u017cesz robi\u0107\u00a0<strong>sesje sam\/a dla siebie.\u00a0<\/strong><\/li>\n<li>Je\u015bli chcesz do\u015bwiadczy\u0107 sesji Soul Body Fusion na miejscu,\u00a0<strong>mo\u017cesz zrobi\u0107 ten kurs z drug\u0105 osob\u0105<\/strong>. W takim wypadku, b\u0119dziesz robi\u0107 sesj\u0119 drugiej osobie, a ona tobie.\u00a0K<strong>a\u017cdy z was<\/strong>\u00a0powinien jednak\u00a0<strong>wykupi\u0107 osobno kurs.\u00a0<\/strong>Mo\u017cecie go ods\u0142uchiwa\u0107 razem, w jednej przestrzeni.<\/li>\n<\/ul>\n<p>Uko\u0144czenie Certyfikowanego Kursu Praktyka Soul Body Fusion\u00ae uprawnia do prowadzenia indywidualnych sesji SBF. Otrzymasz mi\u0119dzynarodowy Certyfikat Praktyka Soul Body Fusion\u00ae.<\/p>\n<p>Po uko\u0144czeniu kursu, prosz\u0119 o skontaktowanie si\u0119 ze mn\u0105. Warunkiem uzyskania certyfikatu Soul Body Fusion jest\u00a0<strong>ods\u0142uchanie ca\u0142ego kursu i wykonanie minimum jednej sesji na drugiej osoby na \u017cywo oraz jednej sesji na odleg\u0142o\u015b\u0107.<\/strong><\/p>\n<p>\u017bycz\u0119 wspania\u0142ych wra\u017ce\u0144.<\/p>\n<p>Ariana Karima<br \/>\nCertyfikowany Nauczyciel Soul Body Fusion\u00ae<\/p>\n\n\t\t<\/div>\n\t<\/div>\n<\/div><\/div><\/div><div class=\"wpb_column vc_column_container vc_col-sm-4\"><div class=\"vc_column-inner\"><div class=\"wpb_wrapper\">\n\t\t<div id=\"wd-651fb86a51562\" class=\"title-wrapper wd-wpb set-mb-s reset-last-child  wd-rs-651fb86a51562 wd-title-color-default wd-title-style-default text-left  wd-underline-colored\">\n\t\t\t\n\t\t\t<div class=\"liner-continer\">\n\t\t\t\t<h4 class=\"woodmart-title-container title  wd-font-weight- wd-fontsize-l\" >Zobacz film<\/h4>\n\t\t\t\t\t\t\t<\/div>\n\t\t\t\n\t\t\t\n\t\t\t\n\t\t<\/div>\n\t\t\n\t\t\t\t<div id=\"wd-652d537cd282e\" class=\"wd-text-block wd-wpb reset-last-child wd-rs-652d537cd282e text-left vc_custom_1697469401158\">\n\t\t\t<p><iframe title=\"Soul Body Fusion - kurs dla praktyk\u00f3w Soul Body Fusion\" width=\"500\" height=\"281\" src=\"https:\/\/www.youtube.com\/embed\/Y4lrzrGtkxg?feature=oembed\" frameborder=\"0\" allow=\"accelerometer; autoplay; clipboard-write; encrypted-media; gyroscope; picture-in-picture; web-share\" referrerpolicy=\"strict-origin-when-cross-origin\" allowfullscreen><\/iframe><\/p>\n\t\t<\/div>\n\t\t<div class=\"vc_empty_space\"   style=\"height: 32px\"><span class=\"vc_empty_space_inner\"><\/span><\/div><div id=\"wd-652d6d151452f\" class=\" wd-rs-652d6d151452f  wd-button-wrapper text-center\"><a href=\"https:\/\/alija.com.pl\/pl_pl\/soul-body-fusion\/\" title=\"\" class=\"btn btn-color-primary btn-style-default btn-style-round btn-size-default\">WI\u0118CEJ O SOUL BODY FUSION<\/a><\/div><\/div><\/div><\/div><div class=\"wpb_column vc_column_container vc_col-sm-2\"><div class=\"vc_column-inner\"><div class=\"wpb_wrapper\"><\/div><\/div><\/div><\/div><div class=\"vc_row-full-width vc_clearfix\"><\/div><div class=\"vc_row wpb_row vc_row-fluid\"><div class=\"wpb_column vc_column_container vc_col-sm-12\"><div class=\"vc_column-inner\"><div class=\"wpb_wrapper\">\t\t\t\n\t\t\t<div id=\"wd-652d6ba0a3932\" class=\"testimonials testimonials-wrapper testimonials-slider testimon-style-standard color-scheme-  testimon-align-center testimon-with-rating  wd-carousel-container wd-carousel-spacing-30\" data-owl-carousel data-wrap=\"no\" data-hide_pagination_control=\"no\" data-hide_prev_next_buttons=\"no\" data-desktop=\"2\" data-tablet_landscape=\"2\" data-tablet=\"1\" data-mobile=\"1\">\n\t\t\t\t<div class=\" owl-carousel wd-owl owl-items-lg-2 owl-items-md-2 owl-items-sm-1 owl-items-xs-1\" >\n\t\t\t\t\t\n<div class=\"testimonial column \">\n\t<div class=\"testimonial-inner\">\n\t\t\t\t\t<div class=\"testimonial-avatar\">\n\t\t\t\t<img decoding=\"async\" width=\"100\" height=\"100\" src=\"https:\/\/alija.com.pl\/wp-content\/uploads\/2023\/10\/reconnection-2-100x100.jpg\" class=\"testimonial-avatar-image\" alt=\"\" srcset=\"https:\/\/alija.com.pl\/wp-content\/uploads\/2023\/10\/reconnection-2-100x100.jpg 100w, https:\/\/alija.com.pl\/wp-content\/uploads\/2023\/10\/reconnection-2-150x150.jpg 150w\" sizes=\"(max-width: 100px) 100vw, 100px\" \/>\t\t\t<\/div>\n\t\t\n\t\t<div class=\"testimonial-content\">\n\t\t\t<div class=\"testimonial-rating\">\n\t\t\t\t<span class=\"star-rating\">\n\t\t\t\t\t<span style=\"width:100%\"><\/span>\n\t\t\t\t<\/span>\n\t\t\t<\/div>\n\n\t\t\tKurs online Soul Body Fusion prowadzony przez Arian\u0119 spe\u0142ni\u0142 moje oczekiwania. Wiedza zosta\u0142a przekazana w przyst\u0119pny spos\u00f3b i ciesz\u0119 si\u0119, \u017ce mog\u0142em uczestniczy\u0107 w tym procesie. Podoba\u0142a mi si\u0119 formu\u0142a kursu, oraz przyk\u0142ady prowadzenia sesji. Jestem w pe\u0142ni zadowolony z rezultat\u00f3w Soul Body Fusion i polecam ten kurs wszystkim zainteresowanym.\n\t\t\t<footer>\n\t\t\t\tMicha\u0142\n\t\t\t\t\t\t\t<\/footer>\n\t\t<\/div>\n\t<\/div>\n<\/div>\n<div class=\"testimonial column \">\n\t<div class=\"testimonial-inner\">\n\t\t\t\t\t<div class=\"testimonial-avatar\">\n\t\t\t\t<img decoding=\"async\" width=\"100\" height=\"100\" src=\"https:\/\/alija.com.pl\/wp-content\/uploads\/2023\/10\/reconnection-alija-ariana-karima-100x100.jpg\" class=\"testimonial-avatar-image\" alt=\"\" srcset=\"https:\/\/alija.com.pl\/wp-content\/uploads\/2023\/10\/reconnection-alija-ariana-karima-100x100.jpg 100w, https:\/\/alija.com.pl\/wp-content\/uploads\/2023\/10\/reconnection-alija-ariana-karima-300x300.jpg 300w, https:\/\/alija.com.pl\/wp-content\/uploads\/2023\/10\/reconnection-alija-ariana-karima-150x150.jpg 150w, https:\/\/alija.com.pl\/wp-content\/uploads\/2023\/10\/reconnection-alija-ariana-karima-12x12.jpg 12w, https:\/\/alija.com.pl\/wp-content\/uploads\/2023\/10\/reconnection-alija-ariana-karima.jpg 600w\" sizes=\"(max-width: 100px) 100vw, 100px\" \/>\t\t\t<\/div>\n\t\t\n\t\t<div class=\"testimonial-content\">\n\t\t\t<div class=\"testimonial-rating\">\n\t\t\t\t<span class=\"star-rating\">\n\t\t\t\t\t<span style=\"width:100%\"><\/span>\n\t\t\t\t<\/span>\n\t\t\t<\/div>\n\n\t\t\tSpotkanie z Arian\u0105 Karim\u0105 zatytu\u0142owa\u0142abym JESTEM W DOMU<\/p>\n<p>\u015awiat\u0142o\u00a0\u2665\u00a0B\u0142ogo\u015b\u0107 \u2665 Czu\u0142o\u015b\u0107 \u00a0\u2665 Mi\u0142o\u015b\u0107<br \/>\nOtulenie \u2665 Zanurzenie \u2665\u00a0Zakotwiczenie<\/p>\n<p>To wszystko zadzia\u0142o si\u0119, zosta\u0142o odczute, poczute podczas kursu Soul Body Fusion.<br \/>\nAriana dzieli si\u0119 wiedz\u0105 w spos\u00f3b prosty, dost\u0119pny dla ka\u017cdego. Cudowne jest to, \u017ce mo\u017cna t\u0105 wiedz\u0119 od razu wprowadza\u0107 w \u017cycie, w swoje \u017cycie i innych je\u015bli s\u0105 na to tylko gotowi. Ka\u017cdy jest Mistrzem, ka\u017cdy jest swoim uzdrowicielem. Wszystko mamy w sobie.<\/p>\n<p>Ariana dzi\u0119kuj\u0119 za spotkanie w \u017cyciu.\n\t\t\t<footer>\n\t\t\t\tKasia\n\t\t\t\t\t\t\t<\/footer>\n\t\t<\/div>\n\t<\/div>\n<\/div>\t\t\t\t<\/div>\n\t\t\t<\/div>\n\t\t<\/div><\/div><\/div><\/div>\n<\/div>","protected":false},"excerpt":{"rendered":"<p>Czy pragniesz przyj\u0105\u0107 swoj\u0105 Dusz\u0119?<br \/>\nChcesz pomaga\u0107 sobie i innym, by wr\u00f3ci\u0107 do pe\u0142ni \u017cycia w zdrowiu, obfito\u015bci, spe\u0142nieniu i do\u015bwiadczy\u0107 przebudzenia?<br \/>\nCzy chcesz mie\u0107 udzia\u0142 w globalnym przebudzeniu ludzi na Ziemi?<br \/>\nJe\u017celi odpowiedzia\u0142e\u015b \u201ctak\u201d na przynajmniej jedno pytanie, to zapoznaj si\u0119 z ofert\u0105 magicznej\u00a0<strong>metody Soul Body Fusion<\/strong>.<\/p>\n<p>Serdecznie zapraszam na warsztaty!\u00a0Odbywaj\u0105 si\u0119 one\u00a0na \u017cywo oraz online.<br \/>\nNa tej stronie mo\u017cesz zakupi\u0107 dost\u0119p do <strong>kursu online.<br \/>\n<\/strong>Zakup go dopiero, kiedy b\u0119dziesz gotowy\/a zacz\u0105\u0107 kurs, albowiem <strong>dost\u0119p do tre\u015bci jest na okres 1 tygodnia.\u00a0<\/strong><\/p>\n","protected":false},"featured_media":12066,"template":"","meta":[],"product_brand":[],"product_cat":[196],"product_tag":[74,75,890,1474,240,152,891],"class_list":{"0":"post-12052","1":"product","2":"type-product","3":"status-publish","4":"has-post-thumbnail","6":"product_cat-warsztaty","7":"product_tag-alija","8":"product_tag-ariana-karima","9":"product_tag-certyfikowany-kurs-soul-body-fusion","10":"product_tag-certyfikowany-kurs-soul-body-fusion-online","11":"product_tag-kurs-soul-body-fusion","12":"product_tag-oswiecenie","13":"product_tag-polaczenie-duszy-z-cialem","15":"first","16":"instock","17":"shipping-taxable","18":"purchasable","19":"product-type-variable"},"jetpack_sharing_enabled":true,"_links":{"self":[{"href":"https:\/\/alija.com.pl\/pl_pl\/wp-json\/wp\/v2\/product\/12052","targetHints":{"allow":["GET"]}}],"collection":[{"href":"https:\/\/alija.com.pl\/pl_pl\/wp-json\/wp\/v2\/product"}],"about":[{"href":"https:\/\/alija.com.pl\/pl_pl\/wp-json\/wp\/v2\/types\/product"}],"version-history":[{"count":3,"href":"https:\/\/alija.com.pl\/pl_pl\/wp-json\/wp\/v2\/product\/12052\/revisions"}],"predecessor-version":[{"id":19252,"href":"https:\/\/alija.com.pl\/pl_pl\/wp-json\/wp\/v2\/product\/12052\/revisions\/19252"}],"wp:featuredmedia":[{"embeddable":true,"href":"https:\/\/alija.com.pl\/pl_pl\/wp-json\/wp\/v2\/media\/12066"}],"wp:attachment":[{"href":"https:\/\/alija.com.pl\/pl_pl\/wp-json\/wp\/v2\/media?parent=12052"}],"wp:term":[{"taxonomy":"product_brand","embeddable":true,"href":"https:\/\/alija.com.pl\/pl_pl\/wp-json\/wp\/v2\/product_brand?post=12052"},{"taxonomy":"product_cat","embeddable":true,"href":"https:\/\/alija.com.pl\/pl_pl\/wp-json\/wp\/v2\/product_cat?post=12052"},{"taxonomy":"product_tag","embeddable":true,"href":"https:\/\/alija.com.pl\/pl_pl\/wp-json\/wp\/v2\/product_tag?post=12052"}],"curies":[{"name":"wp","href":"https:\/\/api.w.org\/{rel}","templated":true}]}}