{"id":12067,"date":"2023-10-16T17:10:42","date_gmt":"2023-10-16T17:10:42","guid":{"rendered":"https:\/\/alija.com.pl\/?post_type=product&#038;p=12067"},"modified":"2024-02-02T14:19:00","modified_gmt":"2024-02-02T14:19:00","slug":"szkola-mistrzow","status":"publish","type":"product","link":"https:\/\/alija.com.pl\/pl_pl\/product\/szkola-mistrzow\/","title":{"rendered":"Szko\u0142a Mistrz\u00f3w"},"content":{"rendered":"<div class=\"wpb-content-wrapper\"><div data-vc-full-width=\"true\" data-vc-full-width-init=\"false\" data-vc-stretch-content=\"true\" class=\"vc_row wpb_row vc_row-fluid vc_row-o-equal-height vc_row-o-content-top vc_row-flex wd-rs-651017d3e10e9\"><div class=\"wpb_column vc_column_container vc_col-sm-2\"><div class=\"vc_column-inner\"><div class=\"wpb_wrapper\"><\/div><\/div><\/div><div class=\"wpb_column vc_column_container vc_col-sm-4\"><div class=\"vc_column-inner\"><div class=\"wpb_wrapper\">\n\t\t<div id=\"wd-652d731564d32\" class=\"title-wrapper wd-wpb set-mb-s reset-last-child  wd-rs-652d731564d32 wd-title-color-default wd-title-style-default text-left  wd-underline-colored\">\n\t\t\t\n\t\t\t<div class=\"liner-continer\">\n\t\t\t\t<h4 class=\"woodmart-title-container title  wd-font-weight- wd-fontsize-l\" >Zagadnienia w Szkole Mistrz\u00f3w<\/h4>\n\t\t\t\t\t\t\t<\/div>\n\t\t\t\n\t\t\t\n\t\t\t\n\t\t<\/div>\n\t\t\n\t\t\n\t<div class=\"wpb_text_column wpb_content_element\" >\n\t\t<div class=\"wpb_wrapper\">\n\t\t\t<div class=\"av-special-heading av-special-heading-h1 blockquote modern-quote avia-builder-el-10 el_before_av_textblock avia-builder-el-first \">\n<div class=\"flex_column av_one_half flex_column_div \">\n<div id=\"0\" class=\"wonderplugin-video\" data-aspectratio=\"1,5\">\n<div class=\"wpve-videoplayer\" data-mp4=\"https:\/\/koloryduszy.pl\/wp-content\/uploads\/zaproszenie.mp4\" data-skinfolder=\"https:\/\/koloryduszy.pl\/wp-content\/plugins\/wonderplugin-video-embed\/engine\/\" data-poster=\"https:\/\/koloryduszy.pl\/wp-content\/uploads\/szkola.jpg\" data-playbutton=\"https:\/\/koloryduszy.pl\/wp-content\/plugins\/wonderplugin-video-embed\/engine\/playvideo-64-64-0.png\">\n<ul>\n<li>Wyj\u015bcie z wszelkich ogranicze\u0144 i sta\u0107 si\u0119\u00a0<strong>Istot\u0105 Suwerenn\u0105<\/strong>?<\/li>\n<li>Uwolnienie si\u0119 od\u00a0wp\u0142ywu\u00a0<strong>karmy, przodk\u00f3w, masowej \u015bwiadomo\u015bci<\/strong>\u00a0i odkrywanie Siebie prawdziwego<\/li>\n<li>Proces\u00a0<strong>puszczenia kontroli na poziomie cia\u0142a, umys\u0142u i ducha, by do\u015bwiadczy\u0107 wolno\u015bci<\/strong>.<\/li>\n<li>Poznanie mechanizm\u00f3w\u00a0<strong>gry o energi\u0119<\/strong>\u00a0i wyj\u015bcie z tej gry.<\/li>\n<li><strong>Pokochanie Siebie<\/strong>\u00a0totalnie i bezwarunkowo. Proces alchemii\u00a0<strong>\u015bwiat\u0142a i ciemno\u015bci<\/strong>.<\/li>\n<li>Wyj\u015bcie z iluzji\u00a0<strong>w\u0142adzy, dobra i z\u0142a<\/strong><\/li>\n<li>Moc\u00a0<strong>wyboru,\u00a0zaufania, pozwalania i oddechu<\/strong>.<\/li>\n<li>Na czym polega twoje\u00a0<strong>Mistrzostwo<\/strong>\u00a0i jak je mo\u017cesz zamanifestowa\u0107 i \u017cy\u0107 jak Mistrz.<\/li>\n<li>Czym jest\u00a0<strong>O\u015bwiecenie<\/strong>, kto jest za nie odpowiedzialny. A co ty mo\u017cesz zrobi\u0107 by jego do\u015bwiadczy\u0107?<\/li>\n<li>Jak tworzymy rzeczywisto\u015b\u0107 i czym jest\u00a0<strong>gra \u015bwiadomo\u015bci<\/strong>?<\/li>\n<li>Jak powsta\u0142a\u00a0<strong>energia<\/strong>, jak dzia\u0142a i co to znaczy, \u017ce\u00a0<strong>nam s\u0142u\u017cy<\/strong>?<\/li>\n<li>Jaka jest\u00a0<strong>perspektywa Duszy<\/strong>\u00a0na ludzkie \u017cycie.<\/li>\n<li>Poka\u017c\u0119 ci jak mo\u017cesz\u00a0<strong>sam\/a siebie uzdrowi\u0107<\/strong>, odm\u0142odzi\u0107?<\/li>\n<li>Poznasz zupe\u0142nie nowe podej\u015bcie i zbudujesz\u00a0<strong>now\u0105 relacj\u0119 z Energi\u0105<\/strong>\u00a0i jak jest ona powi\u0105zana ze \u015bwiadomo\u015bci\u0105<\/li>\n<li>Wyt\u0142umacz\u0119 na czym polega proces integracji ze sob\u0105 na ka\u017cdym poziomie, tj.\u00a0<strong>Twojego cz\u0142owiecze\u0144stwa, Mistrzostwa i \u015awiadomo\u015bci Jam Jest<\/strong>?<\/li>\n<li>Do\u015bwiadczysz z wdzi\u0119kiem tej integracji i mo\u017cesz zacz\u0105\u0107 o\u015bwiecone \u017cycie.<\/li>\n<li>Prowadz\u0119 liczne medytacje, podczas kt\u00f3rych do\u015bwiadczysz integracji,\u00a0<strong>po\u0142\u0105czysz cia\u0142o ze swoim cia\u0142em \u015bwietlistym,\u00a0 umys\u0142 z boskim umys\u0142em, zintegrujesz m\u0105dro\u015b\u0107 wszystkich \u017cy\u0107, sprowadzisz ca\u0142\u0105 energi\u0119 kt\u00f3ra nale\u017cy do Ciebie.<\/strong><\/li>\n<li>Do\u015bwiadczysz medytacji i poznasz proste \u0107wiczenia, dzi\u0119ki kt\u00f3rym mo\u017cesz\u00a0<strong>przyci\u0105gn\u0105\u0107 to\u00a0czego pragniesz w swoim \u017cyciu, i uwolnisz to co jeste\u015b ju\u017c gotowy<\/strong>\/a pu\u015bci\u0107.<\/li>\n<li>Do\u015bwiadczysz co to znaczy, \u017ce\u00a0<strong>Ty jeste\u015b Kreacj\u0105<\/strong>. Do\u015bwiadczysz prawdy prawd\u00a0<strong>Ja istniej\u0119<\/strong><\/li>\n<li>Do\u015bwiadczysz przypomnienia<strong>\u00a0kim jeste\u015b. To jest Urzeczywistnienie O\u015bwiecenie<\/strong>, kt\u00f3rego tak pragniesz<\/li>\n<li><strong>Zaczniesz nowe \u017cycie z Ja\u017ani.<\/strong><br \/>\ni wiele, wiele innych temat\u00f3w<\/li>\n<\/ul>\n<\/div>\n<\/div>\n<\/div>\n<\/div>\n\n\t\t<\/div>\n\t<\/div>\n<\/div><\/div><\/div><div class=\"wpb_column vc_column_container vc_col-sm-4\"><div class=\"vc_column-inner\"><div class=\"wpb_wrapper\">\n\t\t<div id=\"wd-652d732f035c1\" class=\"title-wrapper wd-wpb set-mb-s reset-last-child  wd-rs-652d732f035c1 wd-title-color-default wd-title-style-default text-left  wd-underline-colored\">\n\t\t\t\n\t\t\t<div class=\"liner-continer\">\n\t\t\t\t<h4 class=\"woodmart-title-container title  wd-font-weight- wd-fontsize-l\" >Zobacz filmy<\/h4>\n\t\t\t\t\t\t\t<\/div>\n\t\t\t\n\t\t\t\n\t\t\t\n\t\t<\/div>\n\t\t\n\t\t\t\t<div id=\"wd-652d71b49fba8\" class=\"wd-text-block wd-wpb reset-last-child wd-rs-652d71b49fba8 text-left vc_custom_1697477093231\">\n\t\t\t<p><iframe title=\"Zaproszenie do Szko\u0142y Mistrz\u00f3w - dla tych co wybrali Przebudzenie\" width=\"500\" height=\"281\" src=\"https:\/\/www.youtube.com\/embed\/qBzeILIY1ns?list=UULF-pJuFHbXU-RXxbAiJAgXkQ\" frameborder=\"0\" allow=\"accelerometer; autoplay; clipboard-write; encrypted-media; gyroscope; picture-in-picture; web-share\" referrerpolicy=\"strict-origin-when-cross-origin\" allowfullscreen><\/iframe><\/p>\n<p>&nbsp;<\/p>\n<p><iframe title=\"Proces przebudzenia  czyli co b\u0119dzie w Szkole Mistrz\u00f3w?\" width=\"500\" height=\"281\" src=\"https:\/\/www.youtube.com\/embed\/ib-MPjClUvg?feature=oembed\" frameborder=\"0\" allow=\"accelerometer; autoplay; clipboard-write; encrypted-media; gyroscope; picture-in-picture; web-share\" referrerpolicy=\"strict-origin-when-cross-origin\" allowfullscreen><\/iframe><\/p>\n\t\t<\/div>\n\t\t<div class=\"vc_empty_space\"   style=\"height: 32px\"><span class=\"vc_empty_space_inner\"><\/span><\/div><div id=\"wd-65bcf3bb99d6d\" class=\" wd-rs-65bcf3bb99d6d  wd-button-wrapper text-center\"><a href=\"https:\/\/koloryduszy.pl\/szkola-mistrzow\/szkola-mistrzow-podglad\/\" title=\"\" target=\"_blank\" class=\"btn btn-color-primary btn-style-default btn-style-round btn-size-default\">PODGL\u0104D SZKO\u0141Y MISTRZ\u00d3W<\/a><\/div><\/div><\/div><\/div><div class=\"wpb_column vc_column_container vc_col-sm-2\"><div class=\"vc_column-inner\"><div class=\"wpb_wrapper\"><\/div><\/div><\/div><\/div><div class=\"vc_row-full-width vc_clearfix\"><\/div><div class=\"vc_row wpb_row vc_row-fluid\"><div class=\"wpb_column vc_column_container vc_col-sm-12\"><div class=\"vc_column-inner\"><div class=\"wpb_wrapper\">\t\t\t\n\t\t\t<div id=\"wd-652d6ba0a3932\" class=\"testimonials testimonials-wrapper testimonials-slider testimon-style-standard color-scheme-  testimon-align-center testimon-with-rating  wd-carousel-container wd-carousel-spacing-30\" data-owl-carousel data-wrap=\"no\" data-hide_pagination_control=\"no\" data-hide_prev_next_buttons=\"no\" data-desktop=\"2\" data-tablet_landscape=\"2\" data-tablet=\"1\" data-mobile=\"1\">\n\t\t\t\t<div class=\" owl-carousel wd-owl owl-items-lg-2 owl-items-md-2 owl-items-sm-1 owl-items-xs-1\" >\n\t\t\t\t\t\n<div class=\"testimonial column \">\n\t<div class=\"testimonial-inner\">\n\t\t\t\t\t<div class=\"testimonial-avatar\">\n\t\t\t\t<img decoding=\"async\" width=\"100\" height=\"100\" src=\"https:\/\/alija.com.pl\/wp-content\/uploads\/2023\/10\/reconnection-2-100x100.jpg\" class=\"testimonial-avatar-image\" alt=\"\" srcset=\"https:\/\/alija.com.pl\/wp-content\/uploads\/2023\/10\/reconnection-2-100x100.jpg 100w, https:\/\/alija.com.pl\/wp-content\/uploads\/2023\/10\/reconnection-2-150x150.jpg 150w\" sizes=\"(max-width: 100px) 100vw, 100px\" \/>\t\t\t<\/div>\n\t\t\n\t\t<div class=\"testimonial-content\">\n\t\t\t<div class=\"testimonial-rating\">\n\t\t\t\t<span class=\"star-rating\">\n\t\t\t\t\t<span style=\"width:100%\"><\/span>\n\t\t\t\t<\/span>\n\t\t\t<\/div>\n\n\t\t\tSzko\u0142a Mistrz\u00f3w to niezwyk\u0142y, g\u0142\u0119boki proces, kopalnia wiedzy i m\u0105dro\u015bci. Znalaz\u0142am w niej potwierdzenie tego, co czu\u0142am, jednak nie umia\u0142am ubra\u0107 w s\u0142owa. Ariana zrobi\u0142a to doskonale. Wszystko okaza\u0142o si\u0119 prostsze. Teraz mog\u0119 si\u0119 zrelaksowa\u0107 w mojej podr\u00f3\u017cy o\u015bwiecenia, wiedz\u0105c \u017ce jestem prowadzona przez moj\u0105 Dusz\u0119. Dzi\u0119kuj\u0119\n\t\t\t<footer>\n\t\t\t\tMagdalena\n\t\t\t\t\t\t\t<\/footer>\n\t\t<\/div>\n\t<\/div>\n<\/div>\n<div class=\"testimonial column \">\n\t<div class=\"testimonial-inner\">\n\t\t\t\t\t<div class=\"testimonial-avatar\">\n\t\t\t\t<img decoding=\"async\" width=\"100\" height=\"100\" src=\"https:\/\/alija.com.pl\/wp-content\/uploads\/2023\/10\/reconnection-alija-ariana-karima-100x100.jpg\" class=\"testimonial-avatar-image\" alt=\"\" srcset=\"https:\/\/alija.com.pl\/wp-content\/uploads\/2023\/10\/reconnection-alija-ariana-karima-100x100.jpg 100w, https:\/\/alija.com.pl\/wp-content\/uploads\/2023\/10\/reconnection-alija-ariana-karima-300x300.jpg 300w, https:\/\/alija.com.pl\/wp-content\/uploads\/2023\/10\/reconnection-alija-ariana-karima-150x150.jpg 150w, https:\/\/alija.com.pl\/wp-content\/uploads\/2023\/10\/reconnection-alija-ariana-karima-12x12.jpg 12w, https:\/\/alija.com.pl\/wp-content\/uploads\/2023\/10\/reconnection-alija-ariana-karima.jpg 600w\" sizes=\"(max-width: 100px) 100vw, 100px\" \/>\t\t\t<\/div>\n\t\t\n\t\t<div class=\"testimonial-content\">\n\t\t\t<div class=\"testimonial-rating\">\n\t\t\t\t<span class=\"star-rating\">\n\t\t\t\t\t<span style=\"width:100%\"><\/span>\n\t\t\t\t<\/span>\n\t\t\t<\/div>\n\n\t\t\tTo kolejny kurs, w kt\u00f3rym za przewodniczk\u0119 wybra\u0142am Ciebie Ariano. Dzi\u0119kuj\u0119, albowiem pomagasz mi zobacz Siebie pe\u0142niej, przyj\u0105\u0107 swoje Mistrzostwo ju\u017c teraz. Wspaniale, \u017ce na Ciebie trafi\u0142am i sobie towarzyszymy w tym ostatnim z \u017cy\u0107 na Ziemi.\n\t\t\t<footer>\n\t\t\t\tMonika\n\t\t\t\t\t\t\t<\/footer>\n\t\t<\/div>\n\t<\/div>\n<\/div>\t\t\t\t<\/div>\n\t\t\t<\/div>\n\t\t<\/div><\/div><\/div><\/div>\n<\/div>","protected":false},"excerpt":{"rendered":"<p>Stworzy\u0142am t\u0119 Szko\u0142\u0119, dla wszystkich tych, kt\u00f3ry w tym \u017cyciu wybrali o\u015bwiecenie i s\u0105 gotowi przyj\u0105\u0107 swoje Mistrzostwo. To ponad 40 godzin wyk\u0142ad\u00f3w i medytacji, kt\u00f3re zawieraj\u0105 esencj\u0119 m\u0105dro\u015bci procesu przebudzenia do o\u015bwiecenia. Pozna\u0142am go i do\u015bwiadczy\u0142am, ucz\u0105c si\u0119 od Wzniesionych Mistrz\u00f3w: Adamusa Saint Germaina, Tobiasza, Kuthumiego i Jeszuy.<\/p>\n","protected":false},"featured_media":12070,"template":"","meta":[],"product_brand":[],"product_cat":[196],"product_tag":[74,75,152,241,201,202],"class_list":{"0":"post-12067","1":"product","2":"type-product","3":"status-publish","4":"has-post-thumbnail","6":"product_cat-warsztaty","7":"product_tag-alija","8":"product_tag-ariana-karima","9":"product_tag-oswiecenie","10":"product_tag-szkola-mistrzow","11":"product_tag-urzeczywistnienie","12":"product_tag-wzniesieni-mistrzowie","14":"first","15":"instock","16":"sale","17":"shipping-taxable","18":"purchasable","19":"product-type-variable"},"jetpack_sharing_enabled":true,"_links":{"self":[{"href":"https:\/\/alija.com.pl\/pl_pl\/wp-json\/wp\/v2\/product\/12067","targetHints":{"allow":["GET"]}}],"collection":[{"href":"https:\/\/alija.com.pl\/pl_pl\/wp-json\/wp\/v2\/product"}],"about":[{"href":"https:\/\/alija.com.pl\/pl_pl\/wp-json\/wp\/v2\/types\/product"}],"version-history":[{"count":0,"href":"https:\/\/alija.com.pl\/pl_pl\/wp-json\/wp\/v2\/product\/12067\/revisions"}],"wp:featuredmedia":[{"embeddable":true,"href":"https:\/\/alija.com.pl\/pl_pl\/wp-json\/wp\/v2\/media\/12070"}],"wp:attachment":[{"href":"https:\/\/alija.com.pl\/pl_pl\/wp-json\/wp\/v2\/media?parent=12067"}],"wp:term":[{"taxonomy":"product_brand","embeddable":true,"href":"https:\/\/alija.com.pl\/pl_pl\/wp-json\/wp\/v2\/product_brand?post=12067"},{"taxonomy":"product_cat","embeddable":true,"href":"https:\/\/alija.com.pl\/pl_pl\/wp-json\/wp\/v2\/product_cat?post=12067"},{"taxonomy":"product_tag","embeddable":true,"href":"https:\/\/alija.com.pl\/pl_pl\/wp-json\/wp\/v2\/product_tag?post=12067"}],"curies":[{"name":"wp","href":"https:\/\/api.w.org\/{rel}","templated":true}]}}