{"id":14139,"date":"2023-10-31T09:15:15","date_gmt":"2023-10-31T09:15:15","guid":{"rendered":"https:\/\/alija.com.pl\/?post_type=product&#038;p=14139"},"modified":"2024-06-18T18:18:33","modified_gmt":"2024-06-18T18:18:33","slug":"meika-piekna-dusza-2","status":"publish","type":"product","link":"https:\/\/alija.com.pl\/pl_pl\/product\/meika-piekna-dusza-2\/","title":{"rendered":"Meika \u2013 Pi\u0119kna Dusza"},"content":{"rendered":"<div class=\"wpb-content-wrapper\"><div data-vc-full-width=\"true\" data-vc-full-width-init=\"false\" data-vc-stretch-content=\"true\" class=\"vc_row wpb_row vc_row-fluid vc_row-o-equal-height vc_row-o-content-top vc_row-flex wd-rs-651017d3e10e9\"><div class=\"wpb_column vc_column_container vc_col-sm-2\"><div class=\"vc_column-inner\"><div class=\"wpb_wrapper\"><\/div><\/div><\/div><div class=\"wpb_column vc_column_container vc_col-sm-2 vc_col-lg-4 vc_col-md-4 vc_col-xs-12 wd-rs-651016f77eae0\"><div class=\"vc_column-inner vc_custom_1695553281474\"><div class=\"wpb_wrapper\">\n\t\t<div id=\"wd-6540c5c2071f1\" class=\"title-wrapper wd-wpb set-mb-s reset-last-child  wd-rs-6540c5c2071f1 wd-title-color-default wd-title-style-default text-left  wd-underline-colored\">\n\t\t\t\n\t\t\t<div class=\"liner-continer\">\n\t\t\t\t<h4 class=\"woodmart-title-container title  wd-font-weight- wd-fontsize-l\" >Meika \u2013 Pi\u0119kna Dusza<br \/>\nAlija Ariana Karima<\/h4>\n\t\t\t\t\t\t\t<\/div>\n\t\t\t\n\t\t\t\n\t\t\t\n\t\t<\/div>\n\t\t\n\t\t\t\t<div id=\"wd-651eacd651a4b\" class=\"wd-text-block wd-wpb reset-last-child wd-rs-651eacd651a4b text-left vc_custom_1696509162354\">\n\t\t\t<div dir=\"auto\">Obrazy s\u0105 w formie\u00a0<strong>plakat\u00f3w<\/strong> \u2013 Fine Art, wydrukowane na wysoko jako\u015bciowym papierze, o gramaturze 200 gsm.<\/div>\n<div dir=\"auto\">Sprzedawane s\u0105 bez ramek. Wysy\u0142ane z rulonie.<\/div>\n<div dir=\"auto\"><\/div>\n<div dir=\"auto\">Dost\u0119pne s\u0105 r\u00f3wnie\u017c jako\u00a0<strong>wydruk na p\u0142\u00f3tnie<\/strong>, gotowe do zawieszenia w Twoim Domu.<\/div>\n\t\t<\/div>\n\t\t<\/div><\/div><\/div><div class=\"wpb_column vc_column_container vc_col-sm-6\"><div class=\"vc_column-inner\"><div class=\"wpb_wrapper\">\n\t<div  class=\"wpb_single_image wpb_content_element vc_align_center vc_custom_1698931500504\">\n\t\t\n\t\t<figure class=\"wpb_wrapper vc_figure\">\n\t\t\t<div class=\"vc_single_image-wrapper   vc_box_border_grey\"><img fetchpriority=\"high\" decoding=\"async\" width=\"799\" height=\"799\" src=\"https:\/\/alija.com.pl\/wp-content\/uploads\/2023\/10\/MEIKA-alija-ariana-karima22.jpg\" class=\"vc_single_image-img attachment-large\" alt=\"\" title=\"MEIKA alija ariana karima22\" srcset=\"https:\/\/alija.com.pl\/wp-content\/uploads\/2023\/10\/MEIKA-alija-ariana-karima22.jpg 799w, https:\/\/alija.com.pl\/wp-content\/uploads\/2023\/10\/MEIKA-alija-ariana-karima22-300x300.jpg 300w, https:\/\/alija.com.pl\/wp-content\/uploads\/2023\/10\/MEIKA-alija-ariana-karima22-150x150.jpg 150w, https:\/\/alija.com.pl\/wp-content\/uploads\/2023\/10\/MEIKA-alija-ariana-karima22-768x768.jpg 768w, https:\/\/alija.com.pl\/wp-content\/uploads\/2023\/10\/MEIKA-alija-ariana-karima22-12x12.jpg 12w, https:\/\/alija.com.pl\/wp-content\/uploads\/2023\/10\/MEIKA-alija-ariana-karima22-700x700.jpg 700w\" sizes=\"(max-width: 799px) 100vw, 799px\" \/><\/div>\n\t\t<\/figure>\n\t<\/div>\n<\/div><\/div><\/div><\/div><div class=\"vc_row-full-width vc_clearfix\"><\/div>\n<\/div>","protected":false},"excerpt":{"rendered":"Meika \u2013 Pi\u0119kna Dusza Alija Ariana Karima Obrazy s\u0105 w formie\u00a0plakat\u00f3w \u2013 Fine Art, wydrukowane na wysoko jako\u015bciowym papierze, o","protected":false},"featured_media":14066,"template":"","meta":[],"product_brand":[],"product_cat":[44],"product_tag":[74,75,326],"class_list":{"0":"post-14139","1":"product","2":"type-product","3":"status-publish","4":"has-post-thumbnail","6":"product_cat-kreacje","7":"product_tag-alija","8":"product_tag-ariana-karima","9":"product_tag-meika-piekna-dusza","11":"first","12":"instock","13":"shipping-taxable","14":"purchasable","15":"product-type-variable"},"jetpack_sharing_enabled":true,"_links":{"self":[{"href":"https:\/\/alija.com.pl\/pl_pl\/wp-json\/wp\/v2\/product\/14139","targetHints":{"allow":["GET"]}}],"collection":[{"href":"https:\/\/alija.com.pl\/pl_pl\/wp-json\/wp\/v2\/product"}],"about":[{"href":"https:\/\/alija.com.pl\/pl_pl\/wp-json\/wp\/v2\/types\/product"}],"version-history":[{"count":1,"href":"https:\/\/alija.com.pl\/pl_pl\/wp-json\/wp\/v2\/product\/14139\/revisions"}],"predecessor-version":[{"id":15008,"href":"https:\/\/alija.com.pl\/pl_pl\/wp-json\/wp\/v2\/product\/14139\/revisions\/15008"}],"wp:featuredmedia":[{"embeddable":true,"href":"https:\/\/alija.com.pl\/pl_pl\/wp-json\/wp\/v2\/media\/14066"}],"wp:attachment":[{"href":"https:\/\/alija.com.pl\/pl_pl\/wp-json\/wp\/v2\/media?parent=14139"}],"wp:term":[{"taxonomy":"product_brand","embeddable":true,"href":"https:\/\/alija.com.pl\/pl_pl\/wp-json\/wp\/v2\/product_brand?post=14139"},{"taxonomy":"product_cat","embeddable":true,"href":"https:\/\/alija.com.pl\/pl_pl\/wp-json\/wp\/v2\/product_cat?post=14139"},{"taxonomy":"product_tag","embeddable":true,"href":"https:\/\/alija.com.pl\/pl_pl\/wp-json\/wp\/v2\/product_tag?post=14139"}],"curies":[{"name":"wp","href":"https:\/\/api.w.org\/{rel}","templated":true}]}}