{"id":18777,"date":"2024-06-19T08:32:34","date_gmt":"2024-06-19T08:32:34","guid":{"rendered":"https:\/\/alija.com.pl\/?post_type=product&#038;p=18777"},"modified":"2024-06-19T11:52:11","modified_gmt":"2024-06-19T11:52:11","slug":"der-traum-von-aliya","status":"publish","type":"product","link":"https:\/\/alija.com.pl\/pl_pl\/product\/der-traum-von-aliya\/","title":{"rendered":"Der Traum von Aliya &#8211; Eine Geschichte des Erwachens"},"content":{"rendered":"<div class=\"wpb-content-wrapper\"><div data-vc-full-width=\"true\" data-vc-full-width-init=\"false\" data-vc-stretch-content=\"true\" class=\"vc_row wpb_row vc_row-fluid vc_row-o-equal-height vc_row-o-content-top vc_row-flex wd-rs-651017d3e10e9\"><div class=\"wpb_column vc_column_container vc_col-sm-2\"><div class=\"vc_column-inner\"><div class=\"wpb_wrapper\"><\/div><\/div><\/div><div class=\"wpb_column vc_column_container vc_col-sm-4\"><div class=\"vc_column-inner\"><div class=\"wpb_wrapper\">\n\t\t<div id=\"wd-66729d45daaaf\" class=\"title-wrapper wd-wpb set-mb-s reset-last-child  wd-rs-66729d45daaaf wd-title-color-default wd-title-style-default text-left  wd-underline-colored\">\n\t\t\t\n\t\t\t<div class=\"liner-continer\">\n\t\t\t\t<h4 class=\"woodmart-title-container title  wd-font-weight- wd-fontsize-l\" >Der Traum von Aliya - Eine Geschichte des Erwachens<br \/>\nAlija Ariana Karima<\/h4>\n\t\t\t\t\t\t\t<\/div>\n\t\t\t\n\t\t\t\t\t\t\t<div class=\"title-after_title  set-cont-mb-s reset-last-child  wd-fontsize-xs\">``Der Traum von Aliya`` ist ein Buch f\u00fcr alle, die sich auf einer Reise des Erwachens befinden und Antworten auf die wichtigste aller Fragen suchen: Wer bin ich? F\u00fcr diejenigen, die den Sinn ihrer Existenz entdecken wollen, die sich selbst besser verstehen wollen, die Art und Weise, wie sie die Realit\u00e4t erschaffen. Vielleicht f\u00fchlen sie sich durch irdische Erfahrungen ges\u00e4ttigt und h\u00f6ren bereits den Ruf ihrer Seele, die sie einl\u00e4dt, ihre Tiefen zu entdecken.<\/p>\n<p>Indem ich meinen eigenen Prozess des Erwachens zur Erleuchtung beschreibe, zeige ich die verschiedenen Stufen, Herausforderungen und Entdeckungen auf. Ich teile die Geschichten und Weisheiten, die mich dazu gebracht haben, mich an meine wahre g\u00f6ttliche Natur zu erinnern. Dies ist eine ehrliche, inspirierende Geschichte \u00fcber die Suche nach dem Heiligen Gral, der sich als meine eigene Seele herausstellte.<\/p>\n<p>Ich habe es geschrieben, damit jeder seine wahre Natur erkennen, den Meister, der er bereits ist, erwecken, seine Begrenzungen verlassen und beginnen kann, aus purer Freude am Leben zu leben.<br \/>\nAuf meiner Reise zur Erleuchtung wurde ich von den Aufgestiegenen Meistern: Adamus Saint Germain, Tobias, Kuthumi und dem Kristalldrachen begleitet. Sie werden auch w\u00e4hrend des Lesens bei Ihnen sein.<\/p>\n<p>Ich empfehle dieses Buch auch in einer ebook-Version. Die elektronische Version enth\u00e4lt mehr als 100 Illustrationen mit Bildern, die aus der Tiefe der Seele gemalt wurden, und Fotos von m\u00e4rchenhaften Reisen um die Welt.<\/div>\n\t\t\t\n\t\t\t\n\t\t<\/div>\n\t\t\n\t\t\n\t\t<div id=\"wd-6671d298e64ec\" class=\"title-wrapper wd-wpb set-mb-s reset-last-child  wd-rs-6671d298e64ec wd-title-color-default wd-title-style-default text-left  wd-underline-colored\">\n\t\t\t\n\t\t\t<div class=\"liner-continer\">\n\t\t\t\t<h4 class=\"woodmart-title-container title  wd-font-weight- wd-fontsize-l\" >Testimonials<\/h4>\n\t\t\t\t\t\t\t<\/div>\n\t\t\t\n\t\t\t\n\t\t\t\n\t\t<\/div>\n\t\t\n\t\t\t\t<div id=\"wd-667299c378c2a\" class=\"wd-text-block wd-wpb reset-last-child wd-rs-667299c378c2a text-left vc_custom_1718786533899\">\n\t\t\t<div dir=\"auto\">\n<p><em>&#8221;Eines der f\u00fcnf sch\u00f6nsten B\u00fccher, die ich je gelesen habe&#8221;<\/em>. &#8211; Annette<\/p>\n<p><em>&#8222;Ich habe schon eine Zillion B\u00fccher \u00fcber Entwicklung, Spiritualit\u00e4t und Erwachen gelesen, und dieses hier hat mich immer noch \u00fcberrascht. Ich kann mich nicht von ihm losrei\u00dfen. Ich wei\u00df nicht, ob es daran liegt, dass es von meinem Lehrer f\u00fcr vedische Kunst geschrieben wurde und ich zuf\u00e4llig einige der Menschen und Ereignisse kenne, die hier beschrieben werden &#8211; ist es deshalb so toll zu lesen? Liegt es daran, dass ich mit jeder Zelle meines K\u00f6rpers sp\u00fcren kann, wor\u00fcber Alija schreibt? Liegt es daran, dass ich ihre Bilder, von denen es viele in diesem Buch gibt, betrachten und bewundern kann? Oder ist es die einzigartige Art und Weise, wie sie das Thema des Erwachens formuliert hat? Liegt es daran, dass ich mich wieder in einem anderen Stadium befinde? Oder kann man das alles zusammenfassen? Tatsache ist, dass ich das Buch brillant finde und unendlich dankbar bin, dass es geschrieben wurde.&#8221;<\/em> &#8211; Magdalena B.<\/p>\n<p><em>&#8222;Dieses Buch ist in jeder Hinsicht eine Offenbarung. Ich empfehle es jedem, der sich auf dem Weg des Erwachens befindet.&#8221;<\/em>&#8211; Joanna K.<\/p>\n<p><em>&#8221;Ich habe es in einem Atemzug gelesen. Ihre Einsichten sind erstaunlich. Ihr Buch hat mir sehr viel gezeigt. Wunderbar, dass Sie es geschrieben haben. Ich werde immer wieder darauf zur\u00fcckkommen.&#8221;<\/em> &#8211; Marzena<\/p>\n<\/div>\n\t\t<\/div>\n\t\t<\/div><\/div><\/div><div class=\"wpb_column vc_column_container vc_col-sm-4\"><div class=\"vc_column-inner\"><div class=\"wpb_wrapper\">\n\t\t<div id=\"wd-66729f5da3520\" class=\"title-wrapper wd-wpb set-mb-s reset-last-child  wd-rs-66729f5da3520 wd-title-color-default wd-title-style-default text-left  wd-underline-colored\">\n\t\t\t\n\t\t\t<div class=\"liner-continer\">\n\t\t\t\t<h4 class=\"woodmart-title-container title  wd-font-weight- wd-fontsize-l\" >\u00dcber<\/h4>\n\t\t\t\t\t\t\t<\/div>\n\t\t\t\n\t\t\t\n\t\t\t\n\t\t<\/div>\n\t\t\n\t\t\t\t<div id=\"wd-6672996462630\" class=\"wd-text-block wd-wpb reset-last-child wd-rs-6672996462630 text-left vc_custom_1718786443631\">\n\t\t\t<div dir=\"auto\">\n<ul>\n<li>Das Buch ist in 7 Sprachen auf amazon erh\u00e4ltlich (Deutsch, Franz\u00f6sisch, Italienisch, Spanisch, Norwegisch, Niederl\u00e4ndisch, Japanisch)<\/li>\n<li>Taschenbuch oder E-Book<\/li>\n<li>Die E-Book-Version enth\u00e4lt mehr als 100 Seelenbilder<\/li>\n<li>Weitere Versionen in Vorbereitung (Englisch, Russisch, Portugiesisch, Tschechisch, Rum\u00e4nisch, Chinesisch)<\/li>\n<\/ul>\n<\/div>\n\t\t<\/div>\n\t\t\n\t\t<div id=\"wd-667299f623bb6\" class=\"title-wrapper wd-wpb set-mb-s reset-last-child  wd-rs-667299f623bb6 wd-title-color-default wd-title-style-default text-left  wd-underline-colored\">\n\t\t\t\n\t\t\t<div class=\"liner-continer\">\n\t\t\t\t<h4 class=\"woodmart-title-container title  wd-font-weight- wd-fontsize-l\" >Siehe<\/h4>\n\t\t\t\t\t\t\t<\/div>\n\t\t\t\n\t\t\t\n\t\t\t\n\t\t<\/div>\n\t\t\n\t\t\t\t<div id=\"wd-667296ae3e524\" class=\"wd-text-block wd-wpb reset-last-child wd-rs-667296ae3e524 text-left vc_custom_1718785717395\">\n\t\t\t<div dir=\"auto\">\n<p><iframe title=\"Ksi\u0105\u017cka o przebudzeniu - &quot;Sen Aliji&quot; Ariany Karimy\" width=\"500\" height=\"281\" src=\"https:\/\/www.youtube.com\/embed\/F4ZSyn94TCo?feature=oembed\" frameborder=\"0\" allow=\"accelerometer; autoplay; clipboard-write; encrypted-media; gyroscope; picture-in-picture; web-share\" referrerpolicy=\"strict-origin-when-cross-origin\" allowfullscreen><\/iframe><\/p>\n<\/div>\n\t\t<\/div>\n\t\t<\/div><\/div><\/div><div class=\"wpb_column vc_column_container vc_col-sm-2\"><div class=\"vc_column-inner\"><div class=\"wpb_wrapper\"><\/div><\/div><\/div><\/div><div class=\"vc_row-full-width vc_clearfix\"><\/div><div class=\"vc_row wpb_row vc_row-fluid\"><div class=\"wpb_column vc_column_container vc_col-sm-12\"><div class=\"vc_column-inner\"><div class=\"wpb_wrapper\"><div class=\"vc_separator wpb_content_element vc_separator_align_center vc_sep_width_100 vc_sep_pos_align_center vc_separator_no_text vc_sep_color_grey\" ><span class=\"vc_sep_holder vc_sep_holder_l\"><span class=\"vc_sep_line\"><\/span><\/span><span class=\"vc_sep_holder vc_sep_holder_r\"><span class=\"vc_sep_line\"><\/span><\/span>\n<\/div><\/div><\/div><\/div><\/div><div data-vc-full-width=\"true\" data-vc-full-width-init=\"false\" data-vc-stretch-content=\"true\" class=\"vc_row wpb_row vc_row-fluid vc_row-o-equal-height vc_row-o-content-top vc_row-flex wd-rs-651017d3e10e9\"><div class=\"wpb_column vc_column_container vc_col-sm-2\"><div class=\"vc_column-inner\"><div class=\"wpb_wrapper\"><\/div><\/div><\/div><div class=\"wpb_column vc_column_container vc_col-sm-8\"><div class=\"vc_column-inner\"><div class=\"wpb_wrapper\">\n\t\t<div id=\"wd-66729f4a2e875\" class=\"title-wrapper wd-wpb set-mb-s reset-last-child  wd-rs-66729f4a2e875 wd-title-color-default wd-title-style-default text-left  wd-underline-colored\">\n\t\t\t\n\t\t\t<div class=\"liner-continer\">\n\t\t\t\t<h4 class=\"woodmart-title-container title  wd-font-weight- wd-fontsize-l\" >Worum geht es in dem Buch?<\/h4>\n\t\t\t\t\t\t\t<\/div>\n\t\t\t\n\t\t\t\n\t\t\t\n\t\t<\/div>\n\t\t\n\t\t<\/div><\/div><\/div><\/div><div class=\"vc_row-full-width vc_clearfix\"><\/div><div data-vc-full-width=\"true\" data-vc-full-width-init=\"false\" data-vc-stretch-content=\"true\" class=\"vc_row wpb_row vc_row-fluid vc_row-o-equal-height vc_row-o-content-top vc_row-flex wd-rs-651017d3e10e9\"><div class=\"wpb_column vc_column_container vc_col-sm-2\"><div class=\"vc_column-inner\"><div class=\"wpb_wrapper\"><\/div><\/div><\/div><div class=\"wpb_column vc_column_container vc_col-sm-4\"><div class=\"vc_column-inner\"><div class=\"wpb_wrapper\">\n\t\t<div id=\"wd-66729a036c5d2\" class=\"title-wrapper wd-wpb set-mb-s reset-last-child  wd-rs-66729a036c5d2 wd-title-color-default wd-title-style-default text-left  wd-title-empty wd-underline-colored\">\n\t\t\t\n\t\t\t<div class=\"liner-continer\">\n\t\t\t\t<h4 class=\"woodmart-title-container title  wd-font-weight- wd-fontsize-l\" ><\/h4>\n\t\t\t\t\t\t\t<\/div>\n\t\t\t\n\t\t\t\t\t\t\t<div class=\"title-after_title  set-cont-mb-s reset-last-child  wd-fontsize-xs\">Jeder Mensch hat einen Moment im Leben, in dem er mit seinem ganzen Wesen zu sp\u00fcren beginnt, dass er in dieser Welt keine Erf\u00fcllung finden wird, weil hier nichts von Dauer ist. Die sch\u00f6nen Momente gehen vorbei und wir sp\u00fcren wieder Leere und unbeschreibliche Sehnsucht.<br \/>\nDann beginnt das Erwachen. Es kann viele Jahre oder sogar viele Leben lang dauern. Zumindest erscheint es einem Menschen, der in der Illusion von Zeit und Raum lebt, so. Du musst jedoch wissen, dass deine und meine Reise, von der Entstehung bis zur Heimkehr, bereits beendet ist und nur einen Augenblick au\u00dferhalb der Zeit gedauert hat. Ich werde dir alles erz\u00e4hlen. Du brauchst es jetzt nicht zu verstehen.<br \/>\nEntspanne dich. Wenn du dich am meisten nach Freiheit sehnst, kannst du deinen Zyklus in diesem Leben abschlie\u00dfen. Von dem Moment an, in dem du dich f\u00fcr die Freiheit entscheidest und sie zur treibenden Kraft deines Lebens wird, sei dir sicher, dass du in den H\u00e4nden deiner Seele bist, dem Meister, der dich dorthin f\u00fchren wird. Er wird dich sanft aus diesem Traum, den man Leben nennt, erwecken, immer in deinem Rhythmus, auf eine Weise, die individuell auf dich zugeschnitten ist. Er wird in Worten sprechen, die du verstehen wirst, er wird Symbole und Werkzeuge aus dieser unwirklichen Welt verwenden, um dich Schritt f\u00fcr Schritt aus allen Illusionen herauszuf\u00fchren.<br \/>\nWorum geht es in diesem Buch?<br \/>\nDieses Buch ist eine Aufzeichnung meiner eigenen Reise durch dieses letzte menschliche Leben. Ich teile Ereignisse mit, die ich als entscheidend auf meinem Weg der Erinnerung empfunden habe. Es ist eine Art spiritueller Lebenslauf. Es wird Geschichten enthalten, die die Essenz der Magie des Lebens selbst aus der Perspektive des Bewusstseins darstellen, das mit seiner Sch\u00f6pfung spielt. Heute kann ich die Sch\u00f6nheit all dieser Erfahrungen sehen, weil ich wei\u00df, dass jede von ihnen mich letztlich in die Freiheit gef\u00fchrt hat.<\/div>\n\t\t\t\n\t\t\t\n\t\t<\/div>\n\t\t\n\t\t\n\t<div class=\"wpb_text_column wpb_content_element\" >\n\t\t<div class=\"wpb_wrapper\">\n\t\t\t<p>Hier sind einige der behandelten Themen:<\/p>\n<p>&#8211; Etappen und Herausforderungen im Prozess des Erwachens zur Erleuchtung.<br \/>\n&#8211; Die Entstehung unseres Ursprungs und der Ursprung der Welt<br \/>\n&#8211; Warum sind wir hier?<br \/>\n&#8211; Was ist Energie und Bewusstsein?<br \/>\n&#8211; Wie wir die Realit\u00e4t erschaffen<br \/>\n&#8211; Die Illusion von Zeit und Raum<br \/>\n&#8211; Reinkarnation<br \/>\n&#8211; Ayahuasca<br \/>\n&#8211; Energie-Spiele<br \/>\n&#8211; Befreiung von den Vorfahren, Konditionierung, Karma<br \/>\n&#8211; Der Heilungsprozess<br \/>\n&#8211; Integration der Aspekte<br \/>\n&#8211; Integration des Lichtk\u00f6rpers<br \/>\n&#8211; Drachen und Aufgestiegene Meister<br \/>\n&#8211; Akzeptanz, Vertrauen, Weisheit und Liebe<br \/>\n&#8211; Sich selbst als reines Bewusstsein erfahren<br \/>\n&#8211; Erleuchtung<\/p>\n<p>Alija Ariana Karima ist spirituelle F\u00fchrerin, Seelenmalerin, Heilerin, Pionierin der Vedischen Kunstkurse in Polen, Soul Body Fusion Praktikerin und Lehrerin, Dozentin, Autorin und Reisende.<br \/>\nPrivat ist sie eine gl\u00fcckliche Mutter, die die Magie des Lebens liebt.<\/p>\n<p>\u201eAlija&#8217;s Dream &#8211; Eine Geschichte des Erwachens\u201c wurde in 14 Sprachen ver\u00f6ffentlicht.<\/p>\n\n\t\t<\/div>\n\t<\/div>\n<\/div><\/div><\/div><div class=\"wpb_column vc_column_container vc_col-sm-4\"><div class=\"vc_column-inner\"><div class=\"wpb_wrapper\">\n\t\t<div id=\"wd-66729908531cf\" class=\"title-wrapper wd-wpb set-mb-s reset-last-child  wd-rs-66729908531cf wd-title-color-default wd-title-style-default text-left  wd-title-empty wd-underline-colored\">\n\t\t\t\n\t\t\t<div class=\"liner-continer\">\n\t\t\t\t<h4 class=\"woodmart-title-container title  wd-font-weight- wd-fontsize-l\" ><\/h4>\n\t\t\t\t\t\t\t<\/div>\n\t\t\t\n\t\t\t\t\t\t\t<div class=\"title-after_title  set-cont-mb-s reset-last-child  wd-fontsize-xs\">Um diese Geschichte aufzuschreiben, griff ich in die Tageb\u00fccher, die ich mein ganzes Leben lang geschrieben hatte. Was ich empfand, als ich sie wieder \u00f6ffnete, ist unbeschreiblich. Gro\u00dfe R\u00fchrung, Dankbarkeit und oft auch \u00dcberraschung. Denn ich sah, wie ich mich mein ganzes Leben lang gef\u00fchrt hatte, um das Freiheitsversprechen zu erf\u00fcllen, das ich mir selbst gegeben hatte. Diese F\u00fchrung kam in Form von Lehrern, Partnern, B\u00fcchern, aber nicht nur. Jeder Mensch, dem ich auf meinem Weg begegnete, war ein Spiegel, in dem ich mich selbst besser kennen lernen konnte. Im Moment meiner Erkenntnis sah ich die Welt, wie sie ist, ich sah mich selbst in allem, was ist. Die Puzzleteile f\u00fcgten sich zu einem Ganzen zusammen, und ein unglaublicher Friede kam \u00fcber mich. Was f\u00fcr ein Traum war das! dachte ich.<br \/>\nIch werde Ihnen also meinen Traum erz\u00e4hlen, wie ihn der Mensch gesehen und erlebt hat. Ich werde nicht nur die Geschichte teilen, sondern auch die Weisheit, die mir begegnet ist. Ich habe sie zwischen die Zeilen gewoben und ihre Essenz im zweiten Teil des Buches niedergeschrieben, der den Abschluss meines Erwachens betrifft. W\u00e4hrend dieser letzten Periode erschienen die erleuchteten Meister: Tobias, Adamus Saint Germain und mein pers\u00f6nlicher Drache. Sie waren es, die mir halfen, mich von den letzten Illusionen zu verabschieden und mein Selbst- und Weltbild zurechtzur\u00fccken. Auch Jeschua (also Jesus) kam viele Male, haupts\u00e4chlich mit Lehren in Form eines ``Kurses in Wundern``.<\/div>\n\t\t\t\n\t\t\t\n\t\t<\/div>\n\t\t\n\t\t<\/div><\/div><\/div><div class=\"wpb_column vc_column_container vc_col-sm-2\"><div class=\"vc_column-inner\"><div class=\"wpb_wrapper\"><\/div><\/div><\/div><div class=\"wpb_column vc_column_container vc_col-sm-12\"><div class=\"vc_column-inner\"><div class=\"wpb_wrapper\"><\/div><\/div><\/div><\/div><div class=\"vc_row-full-width vc_clearfix\"><\/div>\n<\/div>","protected":false},"excerpt":{"rendered":"<p>Ich lade dich in meine Welt ein. Ich erz\u00e4hle Ihnen meine Geschichte, die Geschichte von Ariana, die wie Sie mehr als tausend Mal wiedergeboren wurde. Sie sehnte sich danach, mit dem Leben zu spielen, sich mit ihm zu s\u00e4ttigen, alles zu erleben, was es zu erleben gibt. Bis sie in diesem einen besonderen Leben eines Tages ihre Seele rufen h\u00f6rte: &#8222;Es ist Zeit, es ist Zeit aufzuwachen&#8221;, und sie sehnte sich von ganzem Herzen danach, frei zu sein.<\/p>\n<h2>LESEN<\/h2>\n<p style=\"text-align: center;\">\n<div class=\"_df_thumb \" id=\"df_18781\"  _slug=\"der-traum-von-aliya-eine-geschichte-des-erwachens\" data-title=\"der-traum-von-aliya-eine-geschichte-des-erwachens\" wpoptions=\"true\" thumb=\"https:\/\/alija.com.pl\/wp-content\/uploads\/2024\/06\/niemiecka-oklada33.289-x-23.495-cm-do-kindle.jpg\" thumbtype=\"\" >Der Traum von Aliya &#8211; Eine Geschichte des Erwachens<\/div>\n<p><script class=\"df-shortcode-script\" nowprocket type=\"application\/javascript\">window.option_df_18781 = {\"outline\":[],\"autoEnableOutline\":\"false\",\"autoEnableThumbnail\":\"false\",\"overwritePDFOutline\":\"false\",\"direction\":\"1\",\"pageSize\":\"0\",\"source\":\"https:\\\/\\\/alija.com.pl\\\/wp-content\\\/uploads\\\/2024\\\/06\\\/NIEMIECKI-SEN-ALIJI-na-senaliji.pl_.pdf\",\"wpOptions\":\"true\"}; if(window.DFLIP &#038;& window.DFLIP.parseBooks){window.DFLIP.parseBooks();}<\/script><\/p>\n","protected":false},"featured_media":18766,"template":"","meta":[],"product_brand":[],"product_cat":[195],"product_tag":[1264,1268,1270,1271,1260,1267,1269,1261,1265,1262,1263,1259,1266],"class_list":{"0":"post-18777","1":"product","2":"type-product","3":"status-publish","4":"has-post-thumbnail","6":"product_cat-sen-aliji","7":"product_tag-bewusstsein","8":"product_tag-buch-uber-das-erwachen","9":"product_tag-buch-uber-innere-transformation","10":"product_tag-der-traum-von-alija","11":"product_tag-erleuchtung","12":"product_tag-erleuchtung-buch","13":"product_tag-erzahlung-uber-spirituelle-transformation","14":"product_tag-innere-transformation","15":"product_tag-personliche-transformation","16":"product_tag-spirituelle-entwicklung","17":"product_tag-spirituelle-reisen","18":"product_tag-spirituelles-erwachen","19":"product_tag-spirituelles-erwachen-buch","21":"first","22":"instock","23":"shipping-taxable","24":"product-type-external"},"jetpack_sharing_enabled":true,"_links":{"self":[{"href":"https:\/\/alija.com.pl\/pl_pl\/wp-json\/wp\/v2\/product\/18777","targetHints":{"allow":["GET"]}}],"collection":[{"href":"https:\/\/alija.com.pl\/pl_pl\/wp-json\/wp\/v2\/product"}],"about":[{"href":"https:\/\/alija.com.pl\/pl_pl\/wp-json\/wp\/v2\/types\/product"}],"version-history":[{"count":9,"href":"https:\/\/alija.com.pl\/pl_pl\/wp-json\/wp\/v2\/product\/18777\/revisions"}],"predecessor-version":[{"id":18848,"href":"https:\/\/alija.com.pl\/pl_pl\/wp-json\/wp\/v2\/product\/18777\/revisions\/18848"}],"wp:featuredmedia":[{"embeddable":true,"href":"https:\/\/alija.com.pl\/pl_pl\/wp-json\/wp\/v2\/media\/18766"}],"wp:attachment":[{"href":"https:\/\/alija.com.pl\/pl_pl\/wp-json\/wp\/v2\/media?parent=18777"}],"wp:term":[{"taxonomy":"product_brand","embeddable":true,"href":"https:\/\/alija.com.pl\/pl_pl\/wp-json\/wp\/v2\/product_brand?post=18777"},{"taxonomy":"product_cat","embeddable":true,"href":"https:\/\/alija.com.pl\/pl_pl\/wp-json\/wp\/v2\/product_cat?post=18777"},{"taxonomy":"product_tag","embeddable":true,"href":"https:\/\/alija.com.pl\/pl_pl\/wp-json\/wp\/v2\/product_tag?post=18777"}],"curies":[{"name":"wp","href":"https:\/\/api.w.org\/{rel}","templated":true}]}}