{"id":18809,"date":"2024-06-19T09:28:00","date_gmt":"2024-06-19T09:28:00","guid":{"rendered":"https:\/\/alija.com.pl\/?post_type=product&#038;p=18809"},"modified":"2024-06-19T10:02:53","modified_gmt":"2024-06-19T10:02:53","slug":"el-sueno-de-aliya-una-historia-del-despertar","status":"publish","type":"product","link":"https:\/\/alija.com.pl\/pl_pl\/product\/el-sueno-de-aliya-una-historia-del-despertar\/","title":{"rendered":"El sue\u00f1o de Aliya &#8211; Una historia del despertar"},"content":{"rendered":"<div class=\"wpb-content-wrapper\"><div data-vc-full-width=\"true\" data-vc-full-width-init=\"false\" data-vc-stretch-content=\"true\" class=\"vc_row wpb_row vc_row-fluid vc_row-o-equal-height vc_row-o-content-top vc_row-flex wd-rs-651017d3e10e9\"><div class=\"wpb_column vc_column_container vc_col-sm-2\"><div class=\"vc_column-inner\"><div class=\"wpb_wrapper\"><\/div><\/div><\/div><div class=\"wpb_column vc_column_container vc_col-sm-4\"><div class=\"vc_column-inner\"><div class=\"wpb_wrapper\">\n\t\t<div id=\"wd-6672a5057e28a\" class=\"title-wrapper wd-wpb set-mb-s reset-last-child  wd-rs-6672a5057e28a wd-title-color-default wd-title-style-default text-left  wd-underline-colored\">\n\t\t\t\n\t\t\t<div class=\"liner-continer\">\n\t\t\t\t<h4 class=\"woodmart-title-container title  wd-font-weight- wd-fontsize-l\" >El sue\u00f1o de Aliya - Una historia del despertar<br \/>\nAlija Ariana Karima<\/h4>\n\t\t\t\t\t\t\t<\/div>\n\t\t\t\n\t\t\t\t\t\t\t<div class=\"title-after_title  set-cont-mb-s reset-last-child  wd-fontsize-xs\">\u00abEl sue\u00f1o de Aliya - Una historia del despertar \u00bb es un libro para todos aquellos que se encuentran en un viaje hacia el despertar y buscan respuestas a la pregunta m\u00e1s importante de todas: \u00bfQui\u00e9n soy? Para aquellos que quieren descubrir el sentido de su existencia, que quieren comprenderse mejor a s\u00ed mismos, la forma en que crean la realidad. Quiz\u00e1s se sienten saturados por las experiencias terrenales y ya oyen la llamada de su Alma invit\u00e1ndoles a descubrir sus profundidades.<\/p>\n<p>Al describir mi propio proceso de despertar a la iluminaci\u00f3n, revelo las diferentes etapas, retos y descubrimientos. Comparto las historias y la sabidur\u00eda que me llevaron a recordar mi verdadera naturaleza divina. Esta es una historia honesta e inspiradora sobre la b\u00fasqueda del Santo Grial, que result\u00f3 ser mi propia Alma, la presencia del Yo Soy.<\/p>\n<p>Lo escrib\u00ed para que todo el mundo pueda darse cuenta de su verdadera naturaleza, despertar al Maestro que ya es, soltar sus limitaciones y empezar a vivir por la pura alegr\u00eda de vivir.<br \/>\nEn mi viaje a la iluminaci\u00f3n, me acompa\u00f1aron los Maestros Ascendidos: Adamus Saint Germain, Tob\u00edas, Kuthumi y Drag\u00f3n de Cristal. Ellos tambi\u00e9n estar\u00e1n contigo mientras lees.<\/p>\n<p>Tambi\u00e9n recomiendo la versi\u00f3n electr\u00f3nica del libro, con m\u00e1s de 100 ilustraciones, incluyendo mis pinturas del Alma y fotos de fabulosos viajes alrededor del mundo.<\/div>\n\t\t\t\n\t\t\t\n\t\t<\/div>\n\t\t\n\t\t\n\t\t<div id=\"wd-6672a889ba339\" class=\"title-wrapper wd-wpb set-mb-s reset-last-child  wd-rs-6672a889ba339 wd-title-color-default wd-title-style-default text-left  wd-underline-colored\">\n\t\t\t\n\t\t\t<div class=\"liner-continer\">\n\t\t\t\t<h4 class=\"woodmart-title-container title  wd-font-weight- wd-fontsize-l\" >Testimonios<\/h4>\n\t\t\t\t\t\t\t<\/div>\n\t\t\t\n\t\t\t\n\t\t\t\n\t\t<\/div>\n\t\t\n\t\t\t\t<div id=\"wd-6672a84e19ff6\" class=\"wd-text-block wd-wpb reset-last-child wd-rs-6672a84e19ff6 text-left vc_custom_1718790242098\">\n\t\t\t<div dir=\"auto\">\n<p class=\"Styl1\"><span lang=\"DE\"><em>&#8222;Uno de los cinco libros m\u00e1s hermosos que he le\u00eddo&#8221;.<\/em> &#8211; Annette<\/span><\/p>\n<p class=\"Styl1\"><span lang=\"DE\">\u00a0<\/span><span lang=\"DE\"><em>&#8222;He le\u00eddo un trill\u00f3n de libros sobre desarrollo, espiritualidad y despertar y \u00e9ste a\u00fan me ha sorprendido. No puedo apartarme de \u00e9l. No s\u00e9 si es porque fue escrito por mi maestro de Arte V\u00e9dico y resulta que conozco a algunas de las personas y eventos descritos aqu\u00ed &#8211; \u00bfes por eso que es una gran lectura? \u00bfEs porque puedo sentir con cada c\u00e9lula de mi cuerpo lo que Alija est\u00e1 escribiendo? \u00bfEs porque, adem\u00e1s, puedo contemplar y admirar sus cuadros, de los que hay muchos en el libro? Pero, \u00bfes la forma \u00fanica en que ha enmarcado el tema del Despertar? \u00bfEs que vuelvo a estar en una etapa diferente? \u00bfO es que puede juntarlo todo? El caso es que creo que el libro es brillante y estoy inmensamente agradecida por haberlo escrito&#8221;.<\/em> &#8211; Magdalena B.<\/span><\/p>\n<p class=\"Styl1\"><span lang=\"DE\">\u00a0<\/span><span lang=\"DE\"><em>&#8222;Este libro es sensacional en todos los sentidos. Se lo recomiendo a cualquiera que est\u00e9 en el camino del despertar&#8221;.<\/em> \u2013 Joanna K. <\/span><\/p>\n<p class=\"Styl1\"><span lang=\"DE\">\u00a0<\/span><\/p>\n<\/div>\n\t\t<\/div>\n\t\t<\/div><\/div><\/div><div class=\"wpb_column vc_column_container vc_col-sm-4\"><div class=\"vc_column-inner\"><div class=\"wpb_wrapper\">\n\t\t<div id=\"wd-6672a9b58f6f8\" class=\"title-wrapper wd-wpb set-mb-s reset-last-child  wd-rs-6672a9b58f6f8 wd-title-color-default wd-title-style-default text-left  wd-underline-colored\">\n\t\t\t\n\t\t\t<div class=\"liner-continer\">\n\t\t\t\t<h4 class=\"woodmart-title-container title  wd-font-weight- wd-fontsize-l\" >Descripci\u00f3n<\/h4>\n\t\t\t\t\t\t\t<\/div>\n\t\t\t\n\t\t\t\n\t\t\t\n\t\t<\/div>\n\t\t\n\t\t\t\t<div id=\"wd-6672a69c3f1c1\" class=\"wd-text-block wd-wpb reset-last-child wd-rs-6672a69c3f1c1 text-left vc_custom_1718789807818\">\n\t\t\t<div dir=\"auto\">\n<ul>\n<li>El libro est\u00e1 disponible en 7 lenguas en amazon (alem\u00e1n, franc\u00e9s, italiano, espa\u00f1ol, noruego, neerland\u00e9s y japon\u00e9s)<\/li>\n<li>Versi\u00f3n en r\u00fastica o libro electr\u00f3nico<\/li>\n<li>La versi\u00f3n electr\u00f3nica contiene m\u00e1s de 100 im\u00e1genes de almas.<\/li>\n<li>Otras versiones en preparaci\u00f3n (ingl\u00e9s, ruso, portugu\u00e9s, checo, rumano, chino)<\/li>\n<\/ul>\n<\/div>\n\t\t<\/div>\n\t\t\n\t\t<div id=\"wd-6672a86b2f64c\" class=\"title-wrapper wd-wpb set-mb-s reset-last-child  wd-rs-6672a86b2f64c wd-title-color-default wd-title-style-default text-left  wd-underline-colored\">\n\t\t\t\n\t\t\t<div class=\"liner-continer\">\n\t\t\t\t<h4 class=\"woodmart-title-container title  wd-font-weight- wd-fontsize-l\" >Ver<\/h4>\n\t\t\t\t\t\t\t<\/div>\n\t\t\t\n\t\t\t\n\t\t\t\n\t\t<\/div>\n\t\t\n\t\t\t\t<div id=\"wd-667296ae3e524\" class=\"wd-text-block wd-wpb reset-last-child wd-rs-667296ae3e524 text-left vc_custom_1718785717395\">\n\t\t\t<div dir=\"auto\">\n<p><iframe title=\"Ksi\u0105\u017cka o przebudzeniu - &quot;Sen Aliji&quot; Ariany Karimy\" width=\"500\" height=\"281\" src=\"https:\/\/www.youtube.com\/embed\/F4ZSyn94TCo?feature=oembed\" frameborder=\"0\" allow=\"accelerometer; autoplay; clipboard-write; encrypted-media; gyroscope; picture-in-picture; web-share\" referrerpolicy=\"strict-origin-when-cross-origin\" allowfullscreen><\/iframe><\/p>\n<\/div>\n\t\t<\/div>\n\t\t<\/div><\/div><\/div><div class=\"wpb_column vc_column_container vc_col-sm-2\"><div class=\"vc_column-inner\"><div class=\"wpb_wrapper\"><\/div><\/div><\/div><\/div><div class=\"vc_row-full-width vc_clearfix\"><\/div><div class=\"vc_row wpb_row vc_row-fluid\"><div class=\"wpb_column vc_column_container vc_col-sm-12\"><div class=\"vc_column-inner\"><div class=\"wpb_wrapper\"><div class=\"vc_separator wpb_content_element vc_separator_align_center vc_sep_width_100 vc_sep_pos_align_center vc_separator_no_text vc_sep_color_grey\" ><span class=\"vc_sep_holder vc_sep_holder_l\"><span class=\"vc_sep_line\"><\/span><\/span><span class=\"vc_sep_holder vc_sep_holder_r\"><span class=\"vc_sep_line\"><\/span><\/span>\n<\/div><\/div><\/div><\/div><\/div><div data-vc-full-width=\"true\" data-vc-full-width-init=\"false\" data-vc-stretch-content=\"true\" class=\"vc_row wpb_row vc_row-fluid vc_row-o-equal-height vc_row-o-content-top vc_row-flex wd-rs-651017d3e10e9\"><div class=\"wpb_column vc_column_container vc_col-sm-2\"><div class=\"vc_column-inner\"><div class=\"wpb_wrapper\"><\/div><\/div><\/div><div class=\"wpb_column vc_column_container vc_col-sm-8\"><div class=\"vc_column-inner\"><div class=\"wpb_wrapper\">\n\t\t<div id=\"wd-6672a89938643\" class=\"title-wrapper wd-wpb set-mb-s reset-last-child  wd-rs-6672a89938643 wd-title-color-default wd-title-style-default text-left  wd-underline-colored\">\n\t\t\t\n\t\t\t<div class=\"liner-continer\">\n\t\t\t\t<h4 class=\"woodmart-title-container title  wd-font-weight- wd-fontsize-l\" >\u00bfDe qu\u00e9 trata este libro?<\/h4>\n\t\t\t\t\t\t\t<\/div>\n\t\t\t\n\t\t\t\n\t\t\t\n\t\t<\/div>\n\t\t\n\t\t<\/div><\/div><\/div><\/div><div class=\"vc_row-full-width vc_clearfix\"><\/div><div data-vc-full-width=\"true\" data-vc-full-width-init=\"false\" data-vc-stretch-content=\"true\" class=\"vc_row wpb_row vc_row-fluid vc_row-o-equal-height vc_row-o-content-top vc_row-flex wd-rs-651017d3e10e9\"><div class=\"wpb_column vc_column_container vc_col-sm-2\"><div class=\"vc_column-inner\"><div class=\"wpb_wrapper\"><\/div><\/div><\/div><div class=\"wpb_column vc_column_container vc_col-sm-4\"><div class=\"vc_column-inner\"><div class=\"wpb_wrapper\">\n\t\t<div id=\"wd-6672a79013aa8\" class=\"title-wrapper wd-wpb set-mb-s reset-last-child  wd-rs-6672a79013aa8 wd-title-color-default wd-title-style-default text-left  wd-title-empty wd-underline-colored\">\n\t\t\t\n\t\t\t<div class=\"liner-continer\">\n\t\t\t\t<h4 class=\"woodmart-title-container title  wd-font-weight- wd-fontsize-l\" ><\/h4>\n\t\t\t\t\t\t\t<\/div>\n\t\t\t\n\t\t\t\t\t\t\t<div class=\"title-after_title  set-cont-mb-s reset-last-child  wd-fontsize-xs\">Todo el mundo tiene un momento en la vida en el que empieza a sentir con todo su ser que no encontrar\u00e1 la plenitud en este mundo, porque aqu\u00ed nada es permanente. Los buenos momentos pasan y volvemos a sentir el vac\u00edo y un anhelo indescriptible.<br \/>\nEntonces comienza el despertar. Puede durar muchos a\u00f1os o incluso muchas vidas. Al menos eso es lo que le parece a una persona que vive en la ilusi\u00f3n del tiempo y el espacio. Debes saber, sin embargo, que tu viaje y el m\u00edo, desde c\u00f3mo llegamos aqu\u00ed hasta nuestro regreso a casa, ya ha terminado y ha durado un momento fuera del tiempo. Te lo contar\u00e9 todo. No necesitas entenderlo ahora.<br \/>\nRel\u00e1jate. Si deseas la libertad m\u00e1s en el mundo y puedes completar tu ciclo en esta vida. Desde el momento en que elijas la libertad y se convierta en el motor de tu vida, ten la seguridad de que est\u00e1s en manos de tu Alma, el Maestro que te guiar\u00e1 hacia ella. \u00c9l te despertar\u00e1 de este sue\u00f1o llamado vida suavemente, siempre a tu ritmo, de una forma individualizada para ti. Hablar\u00e1 con palabras que entender\u00e1s, utilizar\u00e1 s\u00edmbolos y herramientas de este mundo irreal para guiarte paso a paso fuera de todas las ilusiones.<br \/>\n\u00bfDe qu\u00e9 trata este libro?<br \/>\nEste libro es un registro de mi propio viaje de este \u00faltimo de la vida humana. Comparto acontecimientos que me parecieron cruciales en mi camino de recogimiento. Es una especie de curr\u00edculum espiritual. Habr\u00e1 historias en \u00e9l que son la esencia de la magia de la vida misma desde la perspectiva de la conciencia jugando con su creaci\u00f3n. Hoy puedo ver la belleza de todas las experiencias porque s\u00e9 que cada una de ellas me condujo en \u00faltima instancia a la libertad.<\/div>\n\t\t\t\n\t\t\t\n\t\t<\/div>\n\t\t\n\t\t\n\t<div class=\"wpb_text_column wpb_content_element\" >\n\t\t<div class=\"wpb_wrapper\">\n\t\t\t<p>Estos son algunos de los temas tratados:<\/p>\n<p>&#8211; Etapas y desaf\u00edos del proceso de despertar a la iluminaci\u00f3n<br \/>\n&#8211; La g\u00e9nesis de nuestro origen y el origen del mundo<br \/>\n&#8211; \u00bfPor qu\u00e9 estamos aqu\u00ed?<br \/>\n&#8211; Qu\u00e9 es la energ\u00eda y la conciencia<br \/>\n&#8211; C\u00f3mo creamos la realidad<br \/>\n&#8211; La ilusi\u00f3n del tiempo y el espacio<br \/>\n&#8211; La reencarnaci\u00f3n<br \/>\n&#8211; Ayahuasca<br \/>\n&#8211; Juegos energ\u00e9ticos<br \/>\n&#8211; Liberaci\u00f3n de ancestros, condicionamientos, karma<br \/>\n&#8211; Proceso de curaci\u00f3n<br \/>\n&#8211; Integraci\u00f3n de aspectos<br \/>\n&#8211; Integraci\u00f3n del cuerpo de luz<br \/>\n&#8211; Dragones y Maestros Ascendidos<br \/>\n&#8211; Aceptaci\u00f3n, confianza, sabidur\u00eda y amor<br \/>\n&#8211; Experimentaci\u00f3n de uno mismo como conciencia pura<br \/>\n&#8211; Iluminaci\u00f3n<\/p>\n<p>Alija Ariana Karima es gu\u00eda espiritual, pintora del Alma, sanadora, pionera de los cursos de Vedic Art en Polonia, practicante y profesora de Soul Body Fusion, conferenciante, autora y viajera. En privado, es una madre feliz que ama la magia de la vida.<\/p>\n<p>\u00ab El sue\u00f1o de Aliya &#8211; Una historia del despertar\u00bb se ha publicado en 14 lenguas.<\/p>\n\n\t\t<\/div>\n\t<\/div>\n<\/div><\/div><\/div><div class=\"wpb_column vc_column_container vc_col-sm-4\"><div class=\"vc_column-inner\"><div class=\"wpb_wrapper\">\n\t\t<div id=\"wd-6672a7989a656\" class=\"title-wrapper wd-wpb set-mb-s reset-last-child  wd-rs-6672a7989a656 wd-title-color-default wd-title-style-default text-left  wd-title-empty wd-underline-colored\">\n\t\t\t\n\t\t\t<div class=\"liner-continer\">\n\t\t\t\t<h4 class=\"woodmart-title-container title  wd-font-weight- wd-fontsize-l\" ><\/h4>\n\t\t\t\t\t\t\t<\/div>\n\t\t\t\n\t\t\t\t\t\t\t<div class=\"title-after_title  set-cont-mb-s reset-last-child  wd-fontsize-xs\">Para escribir esta historia ech\u00e9 mano de los diarios que he ido escribiendo durante toda mi vida. Lo que sent\u00ed al abrirlos de nuevo es indescriptible. Una enorme emoci\u00f3n, gratitud y a menudo incluso sorpresa. Porque vi c\u00f3mo me hab\u00eda estado guiando toda mi vida para cumplir la promesa de libertad que me hab\u00eda hecho a m\u00ed misma. Esta gu\u00eda lleg\u00f3 en forma de maestros, compa\u00f1eros, libros, pero no s\u00f3lo. Cada persona que encontraba en mi camino era un espejo para conocerme mejor. En el momento de mi realizaci\u00f3n, vi el mundo tal como es, me vi a m\u00ed mismo en todo lo que es. Los rompecabezas se unieron en un todo y me invadi\u00f3 una paz incre\u00edble. Qu\u00e9 sue\u00f1o, pens\u00e9.<br \/>\nAs\u00ed que les contar\u00e9 mi sue\u00f1o, tal como lo vio y lo vivi\u00f3 el hombre. No s\u00f3lo compartir\u00e9 las historias, sino tambi\u00e9n la sabidur\u00eda que me lleg\u00f3. La he entretejido entre l\u00edneas y he escrito su esencia en la segunda parte del libro, relativa al final de mi despertar. Durante este per\u00edodo final, aparecieron los Maestros iluminados: Tob\u00edas, Adamus Saint Germain y mi drag\u00f3n personal. Ellos fueron los que me ayudaron a despedirme de las \u00faltimas ilusiones y a enderezar mi forma de verme a m\u00ed mismo y al mundo. Yeshua (en otras palabras, Jes\u00fas) tambi\u00e9n vino muchas veces, principalmente con ense\u00f1anzas en forma de ``Curso de Milagros``.<br \/>\nEn este libro intentar\u00e9 captar la esencia de la riqueza de sabidur\u00eda sobre el proceso de despertar a la iluminaci\u00f3n. Esta ser\u00e1 mi perspectiva personal, ya que cada uno tiene su propio y \u00fanico camino de despertar.<br \/>\nTe invito a que me acompa\u00f1es en este viaje.<\/div>\n\t\t\t\n\t\t\t\n\t\t<\/div>\n\t\t\n\t\t<\/div><\/div><\/div><div class=\"wpb_column vc_column_container vc_col-sm-2\"><div class=\"vc_column-inner\"><div class=\"wpb_wrapper\"><\/div><\/div><\/div><div class=\"wpb_column vc_column_container vc_col-sm-12\"><div class=\"vc_column-inner\"><div class=\"wpb_wrapper\"><\/div><\/div><\/div><\/div><div class=\"vc_row-full-width vc_clearfix\"><\/div>\n<\/div>","protected":false},"excerpt":{"rendered":"<p class=\"Styl1\"><span lang=\"DE\">\u00a0<\/span><\/p>\n<p class=\"Styl1\"><span lang=\"DE\">Te invito a entrar en mi mundo. Te contar\u00e9 mi historia, la historia de Ariana, que, como t\u00fa, ha renacido m\u00e1s de mil veces. Ella anhelaba jugar con la vida, saturarse de ella, experimentar todo lo que hay que experimentar. Hasta que, en esa vida especial, un d\u00eda escuch\u00f3 a su Alma gritar &#8222;Es hora, es hora de despertar&#8221; y anhel\u00f3 con todo su coraz\u00f3n ser libre.<\/span><\/p>\n<h2>LEER<\/h2>\n<div class=\"_df_thumb \" id=\"df_18796\"  _slug=\"el-sueno-de-aliya-una-historia-del-despertar\" data-title=\"el-sueno-de-aliya-una-historia-del-despertar\" wpoptions=\"true\" thumb=\"https:\/\/alija.com.pl\/wp-content\/uploads\/2024\/06\/hiszpanska-okladka-senaliji.pl_.jpg\" thumbtype=\"\" >El sue\u00f1o de Aliya &#8211; Una historia del despertar<\/div>\n<p><script class=\"df-shortcode-script\" nowprocket type=\"application\/javascript\">window.option_df_18796 = {\"outline\":[],\"autoEnableOutline\":\"false\",\"autoEnableThumbnail\":\"false\",\"overwritePDFOutline\":\"false\",\"direction\":\"1\",\"pageSize\":\"0\",\"source\":\"https:\\\/\\\/alija.com.pl\\\/wp-content\\\/uploads\\\/2024\\\/06\\\/hiszpanski-sen-na-senaliji.pl_.pdf\",\"wpOptions\":\"true\"}; if(window.DFLIP &#038;& window.DFLIP.parseBooks){window.DFLIP.parseBooks();}<\/script><\/p>\n","protected":false},"featured_media":18770,"template":"","meta":[],"product_brand":[],"product_cat":[195],"product_tag":[1278,1276,1273,1272,1274,1282,1280,1281,1284,1283,1275,1279,1277],"class_list":{"0":"post-18809","1":"product","2":"type-product","3":"status-publish","4":"has-post-thumbnail","6":"product_cat-sen-aliji","7":"product_tag-conciencia","8":"product_tag-desarrollo-espiritual","9":"product_tag-despertar-espiritual","10":"product_tag-el-sueno-de-aliya-una-historia-del-despertar","11":"product_tag-iluminacion","12":"product_tag-libro-sobre-el-despertar","13":"product_tag-libro-sobre-el-despertar-espiritual","14":"product_tag-libro-sobre-la-iluminacion","15":"product_tag-libro-sobre-la-transformacion-interior","16":"product_tag-relato-sobre-la-transformacion-espiritual","17":"product_tag-transformacion-interior","18":"product_tag-transformacion-personal","19":"product_tag-viajes-espirituales","21":"first","22":"instock","23":"shipping-taxable","24":"product-type-external"},"jetpack_sharing_enabled":true,"_links":{"self":[{"href":"https:\/\/alija.com.pl\/pl_pl\/wp-json\/wp\/v2\/product\/18809","targetHints":{"allow":["GET"]}}],"collection":[{"href":"https:\/\/alija.com.pl\/pl_pl\/wp-json\/wp\/v2\/product"}],"about":[{"href":"https:\/\/alija.com.pl\/pl_pl\/wp-json\/wp\/v2\/types\/product"}],"version-history":[{"count":4,"href":"https:\/\/alija.com.pl\/pl_pl\/wp-json\/wp\/v2\/product\/18809\/revisions"}],"predecessor-version":[{"id":18813,"href":"https:\/\/alija.com.pl\/pl_pl\/wp-json\/wp\/v2\/product\/18809\/revisions\/18813"}],"wp:featuredmedia":[{"embeddable":true,"href":"https:\/\/alija.com.pl\/pl_pl\/wp-json\/wp\/v2\/media\/18770"}],"wp:attachment":[{"href":"https:\/\/alija.com.pl\/pl_pl\/wp-json\/wp\/v2\/media?parent=18809"}],"wp:term":[{"taxonomy":"product_brand","embeddable":true,"href":"https:\/\/alija.com.pl\/pl_pl\/wp-json\/wp\/v2\/product_brand?post=18809"},{"taxonomy":"product_cat","embeddable":true,"href":"https:\/\/alija.com.pl\/pl_pl\/wp-json\/wp\/v2\/product_cat?post=18809"},{"taxonomy":"product_tag","embeddable":true,"href":"https:\/\/alija.com.pl\/pl_pl\/wp-json\/wp\/v2\/product_tag?post=18809"}],"curies":[{"name":"wp","href":"https:\/\/api.w.org\/{rel}","templated":true}]}}