{"id":18818,"date":"2024-06-19T10:04:49","date_gmt":"2024-06-19T10:04:49","guid":{"rendered":"https:\/\/alija.com.pl\/?post_type=product&#038;p=18818"},"modified":"2024-06-19T10:34:38","modified_gmt":"2024-06-19T10:34:38","slug":"le-reve-daliya-une-histoire-deveil","status":"publish","type":"product","link":"https:\/\/alija.com.pl\/pl_pl\/product\/le-reve-daliya-une-histoire-deveil\/","title":{"rendered":"Le r\u00eave d&#8217;Aliya &#8211; Une histoire d&#8217;\u00e9veil"},"content":{"rendered":"<div class=\"wpb-content-wrapper\"><div data-vc-full-width=\"true\" data-vc-full-width-init=\"false\" data-vc-stretch-content=\"true\" class=\"vc_row wpb_row vc_row-fluid vc_row-o-equal-height vc_row-o-content-top vc_row-flex wd-rs-651017d3e10e9\"><div class=\"wpb_column vc_column_container vc_col-sm-2\"><div class=\"vc_column-inner\"><div class=\"wpb_wrapper\"><\/div><\/div><\/div><div class=\"wpb_column vc_column_container vc_col-sm-4\"><div class=\"vc_column-inner\"><div class=\"wpb_wrapper\">\n\t\t<div id=\"wd-6672ad8409639\" class=\"title-wrapper wd-wpb set-mb-s reset-last-child  wd-rs-6672ad8409639 wd-title-color-default wd-title-style-default text-left  wd-underline-colored\">\n\t\t\t\n\t\t\t<div class=\"liner-continer\">\n\t\t\t\t<h4 class=\"woodmart-title-container title  wd-font-weight- wd-fontsize-l\" >Le r\u00eave d'Aliya - Une histoire d'\u00e9veil<br \/>\nAlija Ariana Karima<\/h4>\n\t\t\t\t\t\t\t<\/div>\n\t\t\t\n\t\t\t\t\t\t\t<div class=\"title-after_title  set-cont-mb-s reset-last-child  wd-fontsize-xs\">\u00ab Le r\u00eave d'Aliya - Une histoire d'\u00e9veil \u00bb est un livre destin\u00e9 \u00e0 tous ceux qui sont sur le chemin de l'\u00e9veil, \u00e0 la recherche de r\u00e9ponses \u00e0 la plus importante des questions, celle de savoir qui je suis. Pour ceux qui veulent d\u00e9couvrir le sens de leur existence, qui veulent mieux se comprendre eux-m\u00eames, la fa\u00e7on dont ils cr\u00e9ent la r\u00e9alit\u00e9. Peut-\u00eatre se sentent-ils satur\u00e9s par les exp\u00e9riences terrestres et entendent-ils d\u00e9j\u00e0 l'appel de leur \u00e2me qui les invite \u00e0 d\u00e9couvrir leurs profondeurs.<br \/>\nEn d\u00e9crivant mon propre processus d'\u00e9veil \u00e0 l'illumination, je montre les diff\u00e9rentes \u00e9tapes, les d\u00e9fis et les d\u00e9couvertes. Je partage les histoires et la sagesse qui m'ont amen\u00e9e \u00e0 me souvenir de ma v\u00e9ritable nature divine. Il s'agit d'une histoire honn\u00eate et inspirante sur la recherche du Saint Graal, qui s'est av\u00e9r\u00e9 \u00eatre ma propre \u00e2me.<\/p>\n<p>Je l'ai \u00e9crit pour que chacun puisse conna\u00eetre sa vraie nature, r\u00e9veiller le Ma\u00eetre qu'il est d\u00e9j\u00e0, abandonner ses limites et commencer \u00e0 vivre pour la pure joie de vivre.<\/p>\n<p>Au cours de mon voyage vers l'illumination, j'ai \u00e9t\u00e9 accompagn\u00e9 par les Ma\u00eetres Ascensionn\u00e9s : Adamus Saint Germain, Tobias, Kuthumi et le Dragon de Cristal. Ils seront \u00e9galement avec vous pendant votre lecture.<br \/>\nLe livre contient plus de 100 illustrations, y compris des peintures de I'\u00c2me et des photographies de fabuleux voyages autour du monde.<\/div>\n\t\t\t\n\t\t\t\n\t\t<\/div>\n\t\t\n\t\t\n\t\t<div id=\"wd-6672af0b87e04\" class=\"title-wrapper wd-wpb set-mb-s reset-last-child  wd-rs-6672af0b87e04 wd-title-color-default wd-title-style-default text-left  wd-underline-colored\">\n\t\t\t\n\t\t\t<div class=\"liner-continer\">\n\t\t\t\t<h4 class=\"woodmart-title-container title  wd-font-weight- wd-fontsize-l\" >Des t\u00e9moignages<\/h4>\n\t\t\t\t\t\t\t<\/div>\n\t\t\t\n\t\t\t\n\t\t\t\n\t\t<\/div>\n\t\t\n\t\t\t\t<div id=\"wd-6672ae2037e5b\" class=\"wd-text-block wd-wpb reset-last-child wd-rs-6672ae2037e5b text-left vc_custom_1718791732673\">\n\t\t\t<div dir=\"auto\">\n<p><em>&#8222;Un des cinq plus beaux livres que j&#8217;ai lus. &#8222;<\/em> &#8211; Annette<\/p>\n<p>\u201e<em>J&#8217;ai lu des milliers de livres sur le d\u00e9veloppement, la spiritualit\u00e9 et l&#8217;\u00e9veil, et celui-ci m&#8217;a encore surpris. Je n&#8217;arrive pas \u00e0 m&#8217;en d\u00e9tacher. Je ne sais pas si c&#8217;est parce que mon professeur d&#8217;art v\u00e9dique l&#8217;a \u00e9crit et qu&#8217;il se trouve que je connais certaines des personnes et des \u00e9v\u00e9nements d\u00e9crits ici &#8211; c&#8217;est pourquoi c&#8217;est une si bonne lecture ? Est-ce parce que je peux ressentir avec chaque cellule de mon corps ce qu&#8217;Alija \u00e9crit ? Est-ce parce que, en plus, je peux regarder et admirer ses peintures, qui sont nombreuses dans le livre ? Mais est-ce la fa\u00e7on unique dont elle a formul\u00e9 le th\u00e8me de l&#8217;\u00e9veil ? Est-ce que je me trouve \u00e0 nouveau \u00e0 un stade diff\u00e9rent ? Ou pouvez-vous mettre tout cela ensemble ? Le fait est que je pense que ce livre est brillant et je suis immens\u00e9ment reconnaissante qu&#8217;il ait vu le jour.\u201d<\/em> &#8211; Magdalena B.<\/p>\n<p><em>&#8222;Ce livre est sensationnel \u00e0 tous points de vue. Je le recommande \u00e0 tous ceux qui sont sur le chemin de l&#8217;\u00e9veil.&#8221;<\/em> &#8211; Joanna. K<\/p>\n<p>&nbsp;<\/p>\n<\/div>\n\t\t<\/div>\n\t\t<\/div><\/div><\/div><div class=\"wpb_column vc_column_container vc_col-sm-4\"><div class=\"vc_column-inner\"><div class=\"wpb_wrapper\">\n\t\t<div id=\"wd-6672afc2a57c2\" class=\"title-wrapper wd-wpb set-mb-s reset-last-child  wd-rs-6672afc2a57c2 wd-title-color-default wd-title-style-default text-left  wd-underline-colored\">\n\t\t\t\n\t\t\t<div class=\"liner-continer\">\n\t\t\t\t<h4 class=\"woodmart-title-container title  wd-font-weight- wd-fontsize-l\" >Description<\/h4>\n\t\t\t\t\t\t\t<\/div>\n\t\t\t\n\t\t\t\n\t\t\t\n\t\t<\/div>\n\t\t\n\t\t\t\t<div id=\"wd-6672ae894ead8\" class=\"wd-text-block wd-wpb reset-last-child wd-rs-6672ae894ead8 text-left vc_custom_1718791918382\">\n\t\t\t<div dir=\"auto\">\n<ul>\n<li>Le livre est disponible en 7 langues sur amazon (allemand, fran\u00e7ais, italien, espagnol, norv\u00e9gien, n\u00e9erlandais et japonais)<\/li>\n<li>Version livre ou e-book<\/li>\n<li>La version e-book contient plus de 100 images d&#8217;\u00e2mes.<\/li>\n<li>D&#8217;autres versions sont en pr\u00e9paration (anglais, russe, portugais, tch\u00e8que, roumain, chinois).<\/li>\n<\/ul>\n<\/div>\n\t\t<\/div>\n\t\t\n\t\t<div id=\"wd-6672aef61d701\" class=\"title-wrapper wd-wpb set-mb-s reset-last-child  wd-rs-6672aef61d701 wd-title-color-default wd-title-style-default text-left  wd-underline-colored\">\n\t\t\t\n\t\t\t<div class=\"liner-continer\">\n\t\t\t\t<h4 class=\"woodmart-title-container title  wd-font-weight- wd-fontsize-l\" >Voir<\/h4>\n\t\t\t\t\t\t\t<\/div>\n\t\t\t\n\t\t\t\n\t\t\t\n\t\t<\/div>\n\t\t\n\t\t\t\t<div id=\"wd-667296ae3e524\" class=\"wd-text-block wd-wpb reset-last-child wd-rs-667296ae3e524 text-left vc_custom_1718785717395\">\n\t\t\t<div dir=\"auto\">\n<p><iframe title=\"Ksi\u0105\u017cka o przebudzeniu - &quot;Sen Aliji&quot; Ariany Karimy\" width=\"500\" height=\"281\" src=\"https:\/\/www.youtube.com\/embed\/F4ZSyn94TCo?feature=oembed\" frameborder=\"0\" allow=\"accelerometer; autoplay; clipboard-write; encrypted-media; gyroscope; picture-in-picture; web-share\" referrerpolicy=\"strict-origin-when-cross-origin\" allowfullscreen><\/iframe><\/p>\n<\/div>\n\t\t<\/div>\n\t\t<\/div><\/div><\/div><div class=\"wpb_column vc_column_container vc_col-sm-2\"><div class=\"vc_column-inner\"><div class=\"wpb_wrapper\"><\/div><\/div><\/div><\/div><div class=\"vc_row-full-width vc_clearfix\"><\/div><div data-vc-full-width=\"true\" data-vc-full-width-init=\"false\" data-vc-stretch-content=\"true\" class=\"vc_row wpb_row vc_row-fluid vc_row-o-equal-height vc_row-o-content-top vc_row-flex wd-rs-651017d3e10e9\"><div class=\"wpb_column vc_column_container vc_col-sm-2\"><div class=\"vc_column-inner\"><div class=\"wpb_wrapper\"><\/div><\/div><\/div><div class=\"wpb_column vc_column_container vc_col-sm-8\"><div class=\"vc_column-inner\"><div class=\"wpb_wrapper\">\n\t\t<div id=\"wd-6672af195b6da\" class=\"title-wrapper wd-wpb set-mb-s reset-last-child  wd-rs-6672af195b6da wd-title-color-default wd-title-style-default text-left  wd-underline-colored\">\n\t\t\t\n\t\t\t<div class=\"liner-continer\">\n\t\t\t\t<h4 class=\"woodmart-title-container title  wd-font-weight- wd-fontsize-l\" >De quoi parle ce livre ?<\/h4>\n\t\t\t\t\t\t\t<\/div>\n\t\t\t\n\t\t\t\n\t\t\t\n\t\t<\/div>\n\t\t\n\t\t<\/div><\/div><\/div><\/div><div class=\"vc_row-full-width vc_clearfix\"><\/div><div class=\"vc_row wpb_row vc_row-fluid\"><div class=\"wpb_column vc_column_container vc_col-sm-12\"><div class=\"vc_column-inner\"><div class=\"wpb_wrapper\"><\/div><\/div><\/div><\/div><div data-vc-full-width=\"true\" data-vc-full-width-init=\"false\" data-vc-stretch-content=\"true\" class=\"vc_row wpb_row vc_row-fluid vc_row-o-equal-height vc_row-o-content-top vc_row-flex wd-rs-651017d3e10e9\"><div class=\"wpb_column vc_column_container vc_col-sm-2\"><div class=\"vc_column-inner\"><div class=\"wpb_wrapper\"><\/div><\/div><\/div><div class=\"wpb_column vc_column_container vc_col-sm-4\"><div class=\"vc_column-inner\"><div class=\"wpb_wrapper\">\n\t\t<div id=\"wd-6672ae5a79b9b\" class=\"title-wrapper wd-wpb set-mb-s reset-last-child  wd-rs-6672ae5a79b9b wd-title-color-default wd-title-style-default text-left  wd-title-empty wd-underline-colored\">\n\t\t\t\n\t\t\t<div class=\"liner-continer\">\n\t\t\t\t<h4 class=\"woodmart-title-container title  wd-font-weight- wd-fontsize-l\" ><\/h4>\n\t\t\t\t\t\t\t<\/div>\n\t\t\t\n\t\t\t\t\t\t\t<div class=\"title-after_title  set-cont-mb-s reset-last-child  wd-fontsize-xs\">Tout le monde a un moment dans sa vie o\u00f9 il commence \u00e0 sentir de tout son \u00eatre qu'il ne trouvera pas d'\u00e9panouissement dans ce monde, parce que rien n'y est permanent. Les bons moments passent et nous ressentons \u00e0 nouveau un vide et un d\u00e9sir indescriptible.<br \/>\nC'est alors que l'\u00e9veil commence. Il peut durer plusieurs ann\u00e9es, voire plusieurs vies. C'est du moins ce qu'il semble \u00e0 une personne qui vit dans l'illusion du temps et de l'espace. Tu dois cependant savoir que ton voyage et le mien, depuis notre arriv\u00e9e ici jusqu'\u00e0 notre retour \u00e0 la maison, sont d\u00e9j\u00e0 termin\u00e9s et n'ont dur\u00e9 qu'un instant hors du temps. Je vous dirai tout. Tu n'as pas besoin de comprendre maintenant.<br \/>\nD\u00e9tendez-vous. Si tu d\u00e9sires le plus au monde la libert\u00e9, tu pourras achever ton cycle dans cette vie. \u00c0 partir du moment o\u00f9 vous choisissez la libert\u00e9 et qu'elle devient le moteur de votre vie, soyez assur\u00e9 que vous \u00eates entre les mains de votre \u00c2me, le Ma\u00eetre qui vous guidera vers elle. Il vous r\u00e9veillera de ce r\u00eave qu'est la vie en douceur, toujours \u00e0 votre rythme, d'une fa\u00e7on qui vous est propre. Il parlera avec des mots que vous comprendrez, il utilisera des symboles et des outils de ce monde irr\u00e9el afin de vous conduire pas \u00e0 pas hors de toutes les illusions.<br \/>\nDe quoi parle ce livre ?<br \/>\nCe livre est un compte-rendu de mon propre voyage dans cette derni\u00e8re partie de la vie humaine. Je partage les \u00e9v\u00e9nements qui m'ont sembl\u00e9 cruciaux sur mon chemin de m\u00e9moire. C'est une sorte de CV spirituel. Il contiendra des histoires qui sont l'essence m\u00eame de la magie de la vie, du point de vue de la conscience qui joue avec sa cr\u00e9ation. Aujourd'hui, je peux voir la beaut\u00e9 de toutes ces exp\u00e9riences parce que je sais que chacune d'entre elles m'a finalement conduit \u00e0 la libert\u00e9.<\/div>\n\t\t\t\n\t\t\t\n\t\t<\/div>\n\t\t\n\t\t\n\t<div class=\"wpb_text_column wpb_content_element\" >\n\t\t<div class=\"wpb_wrapper\">\n\t\t\t<p><strong>Voici quelques-uns des th\u00e8mes abord\u00e9s :<\/strong><\/p>\n<p>&#8211; Les \u00e9tapes et les d\u00e9fis du processus d&#8217;\u00e9veil \u00e0 l&#8217;illumination<br \/>\n&#8211; La gen\u00e8se de notre origine et l&#8217;origine du monde<br \/>\n&#8211; Pourquoi sommes-nous ici ?<br \/>\n&#8211; Qu&#8217;est-ce que l&#8217;\u00e9nergie et la conscience ?<br \/>\n&#8211; Comment cr\u00e9ons-nous la r\u00e9alit\u00e9 ?<br \/>\n&#8211; L&#8217;illusion du temps et de l&#8217;espace<br \/>\n&#8211; La r\u00e9incarnation<br \/>\n&#8211; L&#8217;ayahuasca<br \/>\n&#8211; Jeux d&#8217;\u00e9nergie<br \/>\n&#8211; Lib\u00e9rer les anc\u00eatres, les conditionnements, le karma<br \/>\n&#8211; Processus de gu\u00e9rison<br \/>\n&#8211; Int\u00e9gration des aspects<br \/>\n&#8211; Int\u00e9gration du corps de lumi\u00e8re<br \/>\n&#8211; Dragons et ma\u00eetres ascensionn\u00e9s<br \/>\n&#8211; Acceptation, confiance, sagesse et amour<br \/>\n&#8211; Faire l&#8217;exp\u00e9rience de soi en tant que pure conscience<br \/>\n&#8211; L&#8217;illumination<\/p>\n<p><strong>\u00a0<\/strong><\/p>\n\n\t\t<\/div>\n\t<\/div>\n<\/div><\/div><\/div><div class=\"wpb_column vc_column_container vc_col-sm-4\"><div class=\"vc_column-inner\"><div class=\"wpb_wrapper\">\n\t\t<div id=\"wd-6672ae6e1dec0\" class=\"title-wrapper wd-wpb set-mb-s reset-last-child  wd-rs-6672ae6e1dec0 wd-title-color-default wd-title-style-default text-left  wd-title-empty wd-underline-colored\">\n\t\t\t\n\t\t\t<div class=\"liner-continer\">\n\t\t\t\t<h4 class=\"woodmart-title-container title  wd-font-weight- wd-fontsize-l\" ><\/h4>\n\t\t\t\t\t\t\t<\/div>\n\t\t\t\n\t\t\t\t\t\t\t<div class=\"title-after_title  set-cont-mb-s reset-last-child  wd-fontsize-xs\">Pour \u00e9crire cette histoire, j'ai consult\u00e9 les journaux intimes que j'ai \u00e9crits tout au long de ma vie. Ce que j'ai ressenti lorsque je les ai rouverts est indescriptible. Une immense \u00e9motion, de la gratitude et souvent m\u00eame de la surprise. Car j'ai vu comment je m'\u00e9tais guid\u00e9e toute ma vie pour tenir la promesse de libert\u00e9 que je m'\u00e9tais faite. Cette guidance a pris la forme d'enseignants, de partenaires, de livres, mais pas seulement. Chaque personne rencontr\u00e9e sur mon chemin \u00e9tait un miroir qui me permettait de mieux me conna\u00eetre. Au moment de ma prise de conscience, j'ai vu le monde tel qu'il est, je me suis vu dans tout ce qui est. Les puzzles se sont assembl\u00e9s en un objet complet et une paix incroyable m'a envahi. Quel r\u00eave ! me suis-je dit.<br \/>\nJe vais donc vous raconter mon r\u00eave, tel qu'il a \u00e9t\u00e9 vu et v\u00e9cu par l'homme. Je partagerai non seulement les histoires, mais aussi la sagesse qui m'a \u00e9t\u00e9 transmise. Je l'ai tiss\u00e9e entre les lignes et j'en ai \u00e9crit l'essence dans la deuxi\u00e8me partie du livre, qui concerne la fin de mon \u00e9veil. Durant cette derni\u00e8re p\u00e9riode, les Ma\u00eetres \u00e9clair\u00e9s sont apparus : Tobias, Adamus Saint Germain et mon dragon personnel. Ce sont eux qui m'ont aid\u00e9 \u00e0 dire adieu aux derni\u00e8res illusions et \u00e0 redresser ma fa\u00e7on de me voir et de voir le monde. Yeshua (en d'autres termes, J\u00e9sus) est \u00e9galement venu \u00e0 plusieurs reprises, principalement avec des enseignements sous la forme d'un ``cours en miracles``.<br \/>\nJe serai tent\u00e9 de capturer l'essence de la richesse de la sagesse sur le processus d'\u00e9veil \u00e0 l'illumination dans ce livre. Il s'agira de mon point de vue personnel, car chacun a son propre chemin d'\u00e9veil.<br \/>\nJe vous invite \u00e0 vous joindre \u00e0 moi dans ce voyage !<\/div>\n\t\t\t\n\t\t\t\n\t\t<\/div>\n\t\t\n\t\t\n\t\t\t<div class=\"author-area set-mb-m reset-last-child text-left color-scheme-dark  wd-rs-6672b31dabaa9 \">\n\n\t\t\t\t\t\t\t\t\t<h3 class=\"title author-title\">\n\t\t\t\t\t\tAuteur\t\t\t\t\t<\/h3>\n\t\t\t\t\n\t\t\t\t\t\t\t\t\t<div class=\"author-avatar\">\n\t\t\t\t\t\t<img fetchpriority=\"high\" decoding=\"async\" width=\"648\" height=\"600\" src=\"https:\/\/alija.com.pl\/wp-content\/uploads\/2024\/06\/alija-na-alija.com_.pl1_.jpg\" class=\"author-area-image\" alt=\"\" srcset=\"https:\/\/alija.com.pl\/wp-content\/uploads\/2024\/06\/alija-na-alija.com_.pl1_.jpg 772w, https:\/\/alija.com.pl\/wp-content\/uploads\/2024\/06\/alija-na-alija.com_.pl1_-324x300.jpg 324w, https:\/\/alija.com.pl\/wp-content\/uploads\/2024\/06\/alija-na-alija.com_.pl1_-768x711.jpg 768w, https:\/\/alija.com.pl\/wp-content\/uploads\/2024\/06\/alija-na-alija.com_.pl1_-13x12.jpg 13w, https:\/\/alija.com.pl\/wp-content\/uploads\/2024\/06\/alija-na-alija.com_.pl1_-700x648.jpg 700w, https:\/\/alija.com.pl\/wp-content\/uploads\/2024\/06\/alija-na-alija.com_.pl1_-500x463.jpg 500w\" sizes=\"(max-width: 648px) 100vw, 648px\" \/>\t\t\t\t\t<\/div>\n\t\t\t\t\n\t\t\t\t\t\t\t\t\t<h4 class=\"title author-name\">\n\t\t\t\t\t\tAlija Ariana Karima\t\t\t\t\t<\/h4>\n\t\t\t\t\n\t\t\t\t\t\t\t\t\t<div class=\"author-area-info\">\n\t\t\t\t\t\tGuide spirituel, peintre de l&#8217;\u00e2me, gu\u00e9risseuse, pionni\u00e8re des cours d&#8217;art v\u00e9dique en Pologne, praticienne et enseignante de la fusion corps-\u00e2me, conf\u00e9renci\u00e8re, auteure et voyageuse. En priv\u00e9, elle est une m\u00e8re heureuse qui aime la magie de la vie.\t\t\t\t\t<\/div>\n\t\t\t\t\n\t\t\t\t\n\t\t\t<\/div>\n\n\t\t<\/div><\/div><\/div><div class=\"wpb_column vc_column_container vc_col-sm-2\"><div class=\"vc_column-inner\"><div class=\"wpb_wrapper\"><\/div><\/div><\/div><\/div><div class=\"vc_row-full-width vc_clearfix\"><\/div>\n<\/div>","protected":false},"excerpt":{"rendered":"<p class=\"Styl1\"><span lang=\"DE\"> Je vous invite dans mon monde. Je vais vous raconter mon histoire, l&#8217;histoire d&#8217;Ariana, qui, comme vous, est n\u00e9e plus de mille fois. Elle aspirait \u00e0 jouer avec la vie, \u00e0 s&#8217;en impr\u00e9gner, \u00e0 exp\u00e9rimenter tout ce qu&#8217;il y a \u00e0 exp\u00e9rimenter. Jusqu&#8217;\u00e0 ce que, dans cette vie particuli\u00e8re, elle entende un jour son \u00e2me crier &#8222;Il est temps, il est temps de se r\u00e9veiller&#8221; et qu&#8217;elle aspire de tout son c\u0153ur \u00e0 \u00eatre libre.<\/span><\/p>\n<h2>LIRE<\/h2>\n<div class=\"_df_thumb \" id=\"df_18792\"  _slug=\"le-reve-daliya-une-histoire-devei\" data-title=\"le-reve-daliya-une-histoire-deveil\" wpoptions=\"true\" thumb=\"https:\/\/alija.com.pl\/wp-content\/uploads\/2024\/06\/Reve-dAliya-na-strone.jpg\" thumbtype=\"\" >Le r\u00eave d&#8217;Aliya &#8211; Une histoire d&#8217;\u00e9veil<\/div>\n<p><script class=\"df-shortcode-script\" nowprocket type=\"application\/javascript\">window.option_df_18792 = {\"outline\":[],\"autoEnableOutline\":\"false\",\"autoEnableThumbnail\":\"false\",\"overwritePDFOutline\":\"false\",\"direction\":\"1\",\"pageSize\":\"0\",\"source\":\"https:\\\/\\\/alija.com.pl\\\/wp-content\\\/uploads\\\/2024\\\/06\\\/FRANCUSKI-SEN-ALIJI-WSTPE-I-1-ROZDZIAL-NA-STRONE-SENALIJI-1.pdf\",\"wpOptions\":\"true\"}; if(window.DFLIP &#038;& window.DFLIP.parseBooks){window.DFLIP.parseBooks();}<\/script><\/p>\n","protected":false},"featured_media":18762,"template":"","meta":[],"product_brand":[],"product_cat":[195],"product_tag":[1297,1296,1294,1290,1293,1291,1285,1287,1289,1288,1292,1286,1295],"class_list":{"0":"post-18818","1":"product","2":"type-product","3":"status-publish","4":"has-post-thumbnail","6":"product_cat-sen-aliji","7":"product_tag-chemin-vers-lillumination","8":"product_tag-conscience","9":"product_tag-developpement-spirituel","10":"product_tag-eveil-spirituel","11":"product_tag-histoire-de-la-maitresse","12":"product_tag-illumination","13":"product_tag-le-reve-daliya-une-histoire-deveil","14":"product_tag-livre-sur-lillumination","15":"product_tag-livre-sur-la-realisation-de-soi","16":"product_tag-maitres-ascensionnes","17":"product_tag-transformation-interieure","18":"product_tag-une-histoire-deveil","19":"product_tag-voyages-spirituels","21":"first","22":"instock","23":"shipping-taxable","24":"product-type-external"},"jetpack_sharing_enabled":true,"_links":{"self":[{"href":"https:\/\/alija.com.pl\/pl_pl\/wp-json\/wp\/v2\/product\/18818","targetHints":{"allow":["GET"]}}],"collection":[{"href":"https:\/\/alija.com.pl\/pl_pl\/wp-json\/wp\/v2\/product"}],"about":[{"href":"https:\/\/alija.com.pl\/pl_pl\/wp-json\/wp\/v2\/types\/product"}],"version-history":[{"count":10,"href":"https:\/\/alija.com.pl\/pl_pl\/wp-json\/wp\/v2\/product\/18818\/revisions"}],"predecessor-version":[{"id":18831,"href":"https:\/\/alija.com.pl\/pl_pl\/wp-json\/wp\/v2\/product\/18818\/revisions\/18831"}],"wp:featuredmedia":[{"embeddable":true,"href":"https:\/\/alija.com.pl\/pl_pl\/wp-json\/wp\/v2\/media\/18762"}],"wp:attachment":[{"href":"https:\/\/alija.com.pl\/pl_pl\/wp-json\/wp\/v2\/media?parent=18818"}],"wp:term":[{"taxonomy":"product_brand","embeddable":true,"href":"https:\/\/alija.com.pl\/pl_pl\/wp-json\/wp\/v2\/product_brand?post=18818"},{"taxonomy":"product_cat","embeddable":true,"href":"https:\/\/alija.com.pl\/pl_pl\/wp-json\/wp\/v2\/product_cat?post=18818"},{"taxonomy":"product_tag","embeddable":true,"href":"https:\/\/alija.com.pl\/pl_pl\/wp-json\/wp\/v2\/product_tag?post=18818"}],"curies":[{"name":"wp","href":"https:\/\/api.w.org\/{rel}","templated":true}]}}