{"id":18832,"date":"2024-06-19T10:35:04","date_gmt":"2024-06-19T10:35:04","guid":{"rendered":"https:\/\/alija.com.pl\/?post_type=product&#038;p=18832"},"modified":"2024-06-19T10:46:55","modified_gmt":"2024-06-19T10:46:55","slug":"il-sogno-di-alija-una-storia-di-risveglio","status":"publish","type":"product","link":"https:\/\/alija.com.pl\/pl_pl\/product\/il-sogno-di-alija-una-storia-di-risveglio\/","title":{"rendered":"Il sogno di Alija &#8211; Una storia di risveglio"},"content":{"rendered":"<div class=\"wpb-content-wrapper\"><div data-vc-full-width=\"true\" data-vc-full-width-init=\"false\" data-vc-stretch-content=\"true\" class=\"vc_row wpb_row vc_row-fluid vc_row-o-equal-height vc_row-o-content-top vc_row-flex wd-rs-651017d3e10e9\"><div class=\"wpb_column vc_column_container vc_col-sm-2\"><div class=\"vc_column-inner\"><div class=\"wpb_wrapper\"><\/div><\/div><\/div><div class=\"wpb_column vc_column_container vc_col-sm-4\"><div class=\"vc_column-inner\"><div class=\"wpb_wrapper\">\n\t\t<div id=\"wd-6672b4bb5f001\" class=\"title-wrapper wd-wpb set-mb-s reset-last-child  wd-rs-6672b4bb5f001 wd-title-color-default wd-title-style-default text-left  wd-underline-colored\">\n\t\t\t\n\t\t\t<div class=\"liner-continer\">\n\t\t\t\t<h4 class=\"woodmart-title-container title  wd-font-weight- wd-fontsize-l\" >Il sogno di Alija - Una storia di risveglio<br \/>\nAlija Ariana Karima<\/h4>\n\t\t\t\t\t\t\t<\/div>\n\t\t\t\n\t\t\t\t\t\t\t<div class=\"title-after_title  set-cont-mb-s reset-last-child  wd-fontsize-xs\">\u201cIl sogno di Alija - Una storia di risveglio\u201d \u00e8 un libro per tutti coloro che stanno compiendo un viaggio di risveglio, alla ricerca di risposte alla pi\u00f9 importante delle domande, chi sono. Per coloro che vogliono scoprire il significato della loro esistenza, che vogliono capire meglio se stessi, il modo in cui creano la realt\u00e0. Forse si sentono saturi di esperienze terrene e sentono gi\u00e0 il richiamo della loro Anima che li invita a scoprire le loro profondit\u00e0.<br \/>\nNel descrivere il mio processo di risveglio all'illuminazione, mostro le fasi, le sfide e le scoperte che lo caratterizzano. Condivido le storie e la saggezza che mi hanno portato a ricordare la mia vera natura divina. Questa \u00e8 una storia onesta e stimolante sulla ricerca del Santo Graal, che si \u00e8 rivelato essere la mia stessa Anima.<br \/>\nL'ho scritto perch\u00e9 tutti possano conoscere la propria vera natura, risvegliare il Maestro che gi\u00e0 sono, abbandonare i propri limiti e iniziare a vivere per la pura gioia di vivere.<br \/>\nNel mio viaggio verso l'illuminazione, sono stato accompagnato dai Maestri Ascesi: Adamus Saint Germain, Tobias, Kuthumi e il Drago di Cristallo. Anche loro saranno con voi durante la lettura.<\/div>\n\t\t\t\n\t\t\t\n\t\t<\/div>\n\t\t\n\t\t\n\t\t<div id=\"wd-6672b639cb8ff\" class=\"title-wrapper wd-wpb set-mb-s reset-last-child  wd-rs-6672b639cb8ff wd-title-color-default wd-title-style-default text-left  wd-underline-colored\">\n\t\t\t\n\t\t\t<div class=\"liner-continer\">\n\t\t\t\t<h4 class=\"woodmart-title-container title  wd-font-weight- wd-fontsize-l\" >Testimonianze<\/h4>\n\t\t\t\t\t\t\t<\/div>\n\t\t\t\n\t\t\t\n\t\t\t\n\t\t<\/div>\n\t\t\n\t\t\t\t<div id=\"wd-6672b4d279035\" class=\"wd-text-block wd-wpb reset-last-child wd-rs-6672b4d279035 text-left vc_custom_1718793446373\">\n\t\t\t<div dir=\"auto\">\n<p class=\"Styl1\"><span lang=\"DE\"><em>\u201cUno dei cinque libri pi\u00f9 belli che abbia mai letto\u201d.<\/em> &#8211; Annette<\/span><\/p>\n<p class=\"Styl1\"><span lang=\"DE\">\u00a0<\/span><span lang=\"DE\"><em>&#8222;Ho letto uno zilione di libri sullo sviluppo, la spiritualit\u00e0 e il risveglio e questo mi ha ancora sorpreso. Non riesco a staccarmene. Non so se \u00e8 perch\u00e9 \u00e8 stato scritto dal mio insegnante di Arte Vedica e mi \u00e8 capitato di conoscere alcune delle persone e degli eventi descritti qui &#8211; per questo \u00e8 una lettura cos\u00ec bella? \u00c8 perch\u00e9 riesco a sentire con ogni cellula del mio corpo ci\u00f2 di cui Alija sta scrivendo? \u00c8 forse perch\u00e9, inoltre, posso guardare e ammirare i suoi dipinti, che sono numerosi nel libro? Ma \u00e8 forse il modo unico in cui ha inquadrato il tema del Risveglio? \u00c8 che sono di nuovo in una fase diversa? Oppure si pu\u00f2 mettere insieme tutto questo? Il fatto \u00e8 che penso che il libro sia brillante e sono immensamente grata che sia stato scritto&#8221;.<\/em> &#8211; Magdalena B.<\/span><\/p>\n<p class=\"Styl1\"><em><span lang=\"DE\">\u00a0<\/span><\/em><span lang=\"DE\"><em>&#8222;Questo libro \u00e8 sensazionale sotto ogni aspetto. Lo raccomando a chiunque stia percorrendo il cammino verso l&#8217;illuminazione\u201d<\/em> &#8211; Joanna K.<\/span><\/p>\n<p class=\"Styl1\"><span lang=\"DE\">\u00a0<\/span><\/p>\n<\/div>\n\t\t<\/div>\n\t\t<\/div><\/div><\/div><div class=\"wpb_column vc_column_container vc_col-sm-4\"><div class=\"vc_column-inner\"><div class=\"wpb_wrapper\">\n\t\t<div id=\"wd-6672b66e9d395\" class=\"title-wrapper wd-wpb set-mb-s reset-last-child  wd-rs-6672b66e9d395 wd-title-color-default wd-title-style-default text-left  wd-underline-colored\">\n\t\t\t\n\t\t\t<div class=\"liner-continer\">\n\t\t\t\t<h4 class=\"woodmart-title-container title  wd-font-weight- wd-fontsize-l\" >Descrizione del libro<\/h4>\n\t\t\t\t\t\t\t<\/div>\n\t\t\t\n\t\t\t\n\t\t\t\n\t\t<\/div>\n\t\t\n\t\t\t\t<div id=\"wd-6672b620195a1\" class=\"wd-text-block wd-wpb reset-last-child wd-rs-6672b620195a1 text-left vc_custom_1718793780961\">\n\t\t\t<div dir=\"auto\">\n<ul>\n<li>Il libro \u00e8 disponibile in 7 lingue su Amazon (tedesco, francese, italiano, spagnolo, norvegese, olandese e giapponese)<\/li>\n<li>Versione libro o e-book<\/li>\n<li>La versione e-book contiene pi\u00f9 di 100 immagini di anime.<\/li>\n<li>Altre versioni sono in preparazione (inglese, russo, portoghese, ceco, rumeno, cinese).<\/li>\n<\/ul>\n<\/div>\n\t\t<\/div>\n\t\t\n\t\t<div id=\"wd-6672b67be30ee\" class=\"title-wrapper wd-wpb set-mb-s reset-last-child  wd-rs-6672b67be30ee wd-title-color-default wd-title-style-default text-left  wd-underline-colored\">\n\t\t\t\n\t\t\t<div class=\"liner-continer\">\n\t\t\t\t<h4 class=\"woodmart-title-container title  wd-font-weight- wd-fontsize-l\" >Vedere<\/h4>\n\t\t\t\t\t\t\t<\/div>\n\t\t\t\n\t\t\t\n\t\t\t\n\t\t<\/div>\n\t\t\n\t\t\t\t<div id=\"wd-667296ae3e524\" class=\"wd-text-block wd-wpb reset-last-child wd-rs-667296ae3e524 text-left vc_custom_1718785717395\">\n\t\t\t<div dir=\"auto\">\n<p><iframe title=\"Ksi\u0105\u017cka o przebudzeniu - &quot;Sen Aliji&quot; Ariany Karimy\" width=\"500\" height=\"281\" src=\"https:\/\/www.youtube.com\/embed\/F4ZSyn94TCo?feature=oembed\" frameborder=\"0\" allow=\"accelerometer; autoplay; clipboard-write; encrypted-media; gyroscope; picture-in-picture; web-share\" referrerpolicy=\"strict-origin-when-cross-origin\" allowfullscreen><\/iframe><\/p>\n<\/div>\n\t\t<\/div>\n\t\t<\/div><\/div><\/div><div class=\"wpb_column vc_column_container vc_col-sm-2\"><div class=\"vc_column-inner\"><div class=\"wpb_wrapper\"><\/div><\/div><\/div><\/div><div class=\"vc_row-full-width vc_clearfix\"><\/div><div data-vc-full-width=\"true\" data-vc-full-width-init=\"false\" data-vc-stretch-content=\"true\" class=\"vc_row wpb_row vc_row-fluid vc_row-o-equal-height vc_row-o-content-top vc_row-flex wd-rs-651017d3e10e9\"><div class=\"wpb_column vc_column_container vc_col-sm-2\"><div class=\"vc_column-inner\"><div class=\"wpb_wrapper\"><\/div><\/div><\/div><div class=\"wpb_column vc_column_container vc_col-sm-8\"><div class=\"vc_column-inner\"><div class=\"wpb_wrapper\">\n\t\t<div id=\"wd-6672b64de9f54\" class=\"title-wrapper wd-wpb set-mb-s reset-last-child  wd-rs-6672b64de9f54 wd-title-color-default wd-title-style-default text-left  wd-underline-colored\">\n\t\t\t\n\t\t\t<div class=\"liner-continer\">\n\t\t\t\t<h4 class=\"woodmart-title-container title  wd-font-weight- wd-fontsize-l\" >Di cosa parla questo libro?<br \/>\n<\/h4>\n\t\t\t\t\t\t\t<\/div>\n\t\t\t\n\t\t\t\n\t\t\t\n\t\t<\/div>\n\t\t\n\t\t<\/div><\/div><\/div><\/div><div class=\"vc_row-full-width vc_clearfix\"><\/div><div class=\"vc_row wpb_row vc_row-fluid\"><div class=\"wpb_column vc_column_container vc_col-sm-12\"><div class=\"vc_column-inner\"><div class=\"wpb_wrapper\"><\/div><\/div><\/div><\/div><div data-vc-full-width=\"true\" data-vc-full-width-init=\"false\" data-vc-stretch-content=\"true\" class=\"vc_row wpb_row vc_row-fluid vc_row-o-equal-height vc_row-o-content-top vc_row-flex wd-rs-651017d3e10e9\"><div class=\"wpb_column vc_column_container vc_col-sm-2\"><div class=\"vc_column-inner\"><div class=\"wpb_wrapper\"><\/div><\/div><\/div><div class=\"wpb_column vc_column_container vc_col-sm-4\"><div class=\"vc_column-inner\"><div class=\"wpb_wrapper\">\n\t\t<div id=\"wd-6672b598ee2bf\" class=\"title-wrapper wd-wpb set-mb-s reset-last-child  wd-rs-6672b598ee2bf wd-title-color-default wd-title-style-default text-left  wd-title-empty wd-underline-colored\">\n\t\t\t\n\t\t\t<div class=\"liner-continer\">\n\t\t\t\t<h4 class=\"woodmart-title-container title  wd-font-weight- wd-fontsize-l\" ><\/h4>\n\t\t\t\t\t\t\t<\/div>\n\t\t\t\n\t\t\t\t\t\t\t<div class=\"title-after_title  set-cont-mb-s reset-last-child  wd-fontsize-xs\">Ognuno di noi ha un momento nella vita in cui comincia a sentire con tutto il suo essere che non trover\u00e0 la sua realizzazione in questo mondo, perch\u00e9 qui nulla \u00e8 permanente. I momenti belli passano e si sente di nuovo il vuoto e un desiderio indescrivibile.<br \/>\nPoi inizia il risveglio. Pu\u00f2 durare molti anni o addirittura molte vite. Almeno cos\u00ec sembra a chi vive nell'illusione del tempo e dello spazio. Dovete sapere, per\u00f2, che il vostro viaggio e il mio, da come siamo arrivati qui fino al nostro ritorno a casa, \u00e8 gi\u00e0 finito e dura un momento fuori dal tempo. Vi dir\u00f2 tutto. Non \u00e8 necessario che tu lo capisca ora.<br \/>\nRilassatevi. Se desiderate la libert\u00e0 pi\u00f9 di ogni altra cosa al mondo, potete completare il vostro ciclo in questa vita. Dal momento in cui scegliete la libert\u00e0 e questa diventa il motore della vostra vita, siate certi di essere nelle mani della vostra Anima, il Maestro che vi guider\u00e0 verso di essa. Egli vi risveglier\u00e0 da questo sogno chiamato vita con dolcezza, sempre al vostro ritmo, in un modo personalizzato per voi. Parler\u00e0 con parole che capirete, user\u00e0 simboli e strumenti di questo mondo irreale per condurvi passo dopo passo fuori da tutte le illusioni.<br \/>\nDi cosa parla questo libro?<br \/>\nQuesto libro \u00e8 un resoconto del mio viaggio in quest'ultima vita umana. Condivido gli eventi che ho ritenuto cruciali nel mio cammino di raccoglimento. \u00c8 una sorta di curriculum spirituale. Ci saranno storie che rappresentano l'essenza della magia della vita stessa dal punto di vista della coscienza che gioca con la sua creazione. Oggi posso vedere la bellezza di tutte le esperienze perch\u00e9 so che ognuna di esse mi ha portato alla libert\u00e0.<br \/>\n<\/div>\n\t\t\t\n\t\t\t\n\t\t<\/div>\n\t\t\n\t\t\n\t<div class=\"wpb_text_column wpb_content_element\" >\n\t\t<div class=\"wpb_wrapper\">\n\t\t\t<p class=\"Styl1\"><b><span lang=\"DE\">Ecco alcuni degli argomenti trattati:<\/span><\/b><\/p>\n<p class=\"Styl1\"><span lang=\"DE\">\u00a0<\/span><span lang=\"DE\">&#8211; Le fasi e le sfide del processo di risveglio verso l&#8217;illuminazione<br \/>\n<\/span><span lang=\"DE\">&#8211; Genesi della nostra origine e origine del mondo<br \/>\n<\/span><span lang=\"DE\">&#8211; Perch\u00e9 siamo qui?<br \/>\n<\/span><span lang=\"DE\">&#8211; Cos&#8217;\u00e8 l&#8217;energia e la coscienza<br \/>\n<\/span><span lang=\"DE\">&#8211; Come creiamo la realt\u00e0<br \/>\n<\/span><span lang=\"DE\">&#8211; Illusione del tempo e dello spazio<br \/>\n<\/span><span lang=\"DE\">&#8211; La reincarnazione<br \/>\n<\/span><span lang=\"DE\">&#8211; Ayahuasca<br \/>\n<\/span><span lang=\"DE\">&#8211; Giochi energetici<br \/>\n<\/span><span lang=\"DE\">&#8211; Liberare gli antenati, i condizionamenti, il karma<br \/>\n<\/span><span lang=\"DE\">&#8211; Processo di guarigione<br \/>\n<\/span><span lang=\"DE\">&#8211; Integrazione degli aspetti<br \/>\n<\/span><span lang=\"DE\">&#8211; Integrazione del corpo di luce<br \/>\n<\/span><span lang=\"DE\">&#8211; Draghi e Maestri Ascesi<br \/>\n<\/span><span lang=\"DE\">&#8211; Accettazione, fiducia, saggezza e amore<br \/>\n<\/span><span lang=\"DE\">&#8211; Sperimentare se stessi come pura coscienza<br \/>\n<\/span><span lang=\"DE\">&#8211; Illuminazione<\/span><\/p>\n\n\t\t<\/div>\n\t<\/div>\n<\/div><\/div><\/div><div class=\"wpb_column vc_column_container vc_col-sm-4\"><div class=\"vc_column-inner\"><div class=\"wpb_wrapper\">\n\t\t<div id=\"wd-6672b5a6625af\" class=\"title-wrapper wd-wpb set-mb-s reset-last-child  wd-rs-6672b5a6625af wd-title-color-default wd-title-style-default text-left  wd-title-empty wd-underline-colored\">\n\t\t\t\n\t\t\t<div class=\"liner-continer\">\n\t\t\t\t<h4 class=\"woodmart-title-container title  wd-font-weight- wd-fontsize-l\" ><\/h4>\n\t\t\t\t\t\t\t<\/div>\n\t\t\t\n\t\t\t\t\t\t\t<div class=\"title-after_title  set-cont-mb-s reset-last-child  wd-fontsize-xs\"><br \/>\nPer scrivere questa storia ho preso in mano i diari che ho scritto per tutta la vita. Quello che ho provato quando li ho riaperti \u00e8 indicibile. Enorme emozione, gratitudine e spesso anche sorpresa. Ho visto infatti come mi sono guidato per tutta la vita per mantenere la promessa di libert\u00e0 che avevo fatto a me stesso. Questa guida \u00e8 arrivata sotto forma di insegnanti, partner, libri, ma non solo. Ogni persona che ho incontrato sul mio cammino \u00e8 stata uno specchio che mi ha permesso di conoscermi meglio. Nel momento della mia realizzazione, ho visto il mondo cos\u00ec com'\u00e8, ho visto me stessa in tutto ci\u00f2 che \u00e8. I puzzle si sono uniti in un obiettivo completo e una pace incredibile si \u00e8 impossessata di me. Che sogno \u00e8 stato! Ho pensato.<br \/>\nVi racconter\u00f2 quindi il mio sogno, visto e vissuto dall'uomo. Condivider\u00f2 non solo gli isto- ri, ma anche la saggezza che mi \u00e8 venuta incontro. L'ho intessuta tra le righe e ne ho scritto l'essenza nella seconda parte del libro, che riguarda la conclusione del mio risveglio. Durante questo periodo finale, sono apparsi i Maestri illuminati: Tobias, Adamus Saint Germain e il mio drago personale. Sono stati loro ad aiutarmi a dire addio alle ultime illusioni e a raddrizzare il mio modo di vedere me stesso e il mondo. Anche Yeshua (in altre parole, Ges\u00f9) \u00e8 venuto molte volte, soprattutto con insegnamenti sotto forma di ``Corso in Miracoli``.<br \/>\nIn questo libro cercher\u00f2 di catturare l'essenza della ricchezza di saggezza sul processo di risveglio all'illuminazione. Si tratter\u00e0 della mia prospettiva personale, poich\u00e9 ognuno ha il proprio percorso di risveglio.<br \/>\nVi invito a unirvi a me in questo viaggio!<br \/>\n<\/div>\n\t\t\t\n\t\t\t\n\t\t<\/div>\n\t\t\n\t\t\n\t\t\t<div class=\"author-area set-mb-m reset-last-child text-left color-scheme-dark  wd-rs-6672b6bfd5615 \">\n\n\t\t\t\t\t\t\t\t\t<h3 class=\"title author-title\">\n\t\t\t\t\t\tAutore\t\t\t\t\t<\/h3>\n\t\t\t\t\n\t\t\t\t\t\t\t\t\t<div class=\"author-avatar\">\n\t\t\t\t\t\t<img fetchpriority=\"high\" decoding=\"async\" width=\"648\" height=\"600\" src=\"https:\/\/alija.com.pl\/wp-content\/uploads\/2024\/06\/alija-na-alija.com_.pl1_.jpg\" class=\"author-area-image\" alt=\"\" srcset=\"https:\/\/alija.com.pl\/wp-content\/uploads\/2024\/06\/alija-na-alija.com_.pl1_.jpg 772w, https:\/\/alija.com.pl\/wp-content\/uploads\/2024\/06\/alija-na-alija.com_.pl1_-324x300.jpg 324w, https:\/\/alija.com.pl\/wp-content\/uploads\/2024\/06\/alija-na-alija.com_.pl1_-768x711.jpg 768w, https:\/\/alija.com.pl\/wp-content\/uploads\/2024\/06\/alija-na-alija.com_.pl1_-13x12.jpg 13w, https:\/\/alija.com.pl\/wp-content\/uploads\/2024\/06\/alija-na-alija.com_.pl1_-700x648.jpg 700w, https:\/\/alija.com.pl\/wp-content\/uploads\/2024\/06\/alija-na-alija.com_.pl1_-500x463.jpg 500w\" sizes=\"(max-width: 648px) 100vw, 648px\" \/>\t\t\t\t\t<\/div>\n\t\t\t\t\n\t\t\t\t\t\t\t\t\t<h4 class=\"title author-name\">\n\t\t\t\t\t\tAlija Ariana Karima\t\t\t\t\t<\/h4>\n\t\t\t\t\n\t\t\t\t\t\t\t\t\t<div class=\"author-area-info\">\n\t\t\t\t\t\t<\/p>\n<p class=\"Styl1\"><span lang=\"DE\">Guida spirituale, pittrice dell&#8217;anima, guaritrice, pioniera dei corsi di Arte Vedica in Polonia, praticante e insegnante di Soul Body Fusion, oratrice, autrice e viaggiatrice. In privato \u00e8 una mamma felice che ama la magia della vita.<\/span><\/p>\n<p class=\"Styl1\"><span lang=\"DE\">\u201cIl sogno di Alija &#8211; Una storia di risveglio\u201d \u00e8 stato pubblicato in <b>14 lingue.<\/b><\/span><\/p>\n<p>\t\t\t\t\t<\/div>\n\t\t\t\t\n\t\t\t\t\n\t\t\t<\/div>\n\n\t\t<\/div><\/div><\/div><div class=\"wpb_column vc_column_container vc_col-sm-2\"><div class=\"vc_column-inner\"><div class=\"wpb_wrapper\"><\/div><\/div><\/div><\/div><div class=\"vc_row-full-width vc_clearfix\"><\/div>\n<\/div>","protected":false},"excerpt":{"rendered":"<p class=\"Styl1\">Vi invito nel mio mondo. Vi racconter\u00f2 la mia storia, la storia di Ariana, che, come voi, \u00e8 rinata pi\u00f9 di mille volte. Desiderava giocare con la vita, saturarsi di essa, sperimentare tutto ci\u00f2 che c&#8217;\u00e8 da sperimentare. Finch\u00e9, in quell&#8217;unica vita speciale, un giorno ha sentito la sua anima gridare &#8222;\u00c8 ora, \u00e8 ora di svegliarsi&#8221; e ha desiderato con tutto il cuore di essere libera.<\/p>\n<h2>LEGGE<\/h2>\n<div class=\"_df_thumb \" id=\"df_18788\"  _slug=\"il-sogno-di-alija-una-storia-di-risveglio\" data-title=\"il-sogno-di-alija-una-storia-di-risveglio\" wpoptions=\"true\" thumb=\"https:\/\/alija.com.pl\/wp-content\/uploads\/2024\/06\/wloska-okladka-na-sensliji-1.jpg\" thumbtype=\"\" >Il sogno di Alija &#8211; Una storia di risveglio<\/div>\n<p><script class=\"df-shortcode-script\" nowprocket type=\"application\/javascript\">window.option_df_18788 = {\"outline\":[],\"autoEnableOutline\":\"false\",\"autoEnableThumbnail\":\"false\",\"overwritePDFOutline\":\"false\",\"direction\":\"1\",\"pageSize\":\"0\",\"source\":\"https:\\\/\\\/alija.com.pl\\\/wp-content\\\/uploads\\\/2024\\\/06\\\/WLOSKI-SEN-na-senaliji.pdf\",\"wpOptions\":\"true\"}; if(window.DFLIP &#038;& window.DFLIP.parseBooks){window.DFLIP.parseBooks();}<\/script><\/p>\n","protected":false},"featured_media":18771,"template":"","meta":[],"product_brand":[],"product_cat":[195],"product_tag":[1298,1301,1304,1303,1305,1306,1300,1302,1299],"class_list":{"0":"post-18832","1":"product","2":"type-product","3":"status-publish","4":"has-post-thumbnail","6":"product_cat-sen-aliji","7":"product_tag-il-sogno-di-alija-una-storia-di-risveglio","8":"product_tag-libro-risveglio-spirituale","9":"product_tag-libro-sulla-coscienza","10":"product_tag-libro-sulla-trasformazione-spirituale","11":"product_tag-risveglio-spirituale","12":"product_tag-trasformazione-interiore-il-cammino-verso-lilluminazione","13":"product_tag-un-libro-sul-risveglio-spirituale","14":"product_tag-un-libro-sullilluminazione","15":"product_tag-una-storia-di-risveglio","17":"first","18":"instock","19":"shipping-taxable","20":"product-type-external"},"jetpack_sharing_enabled":true,"_links":{"self":[{"href":"https:\/\/alija.com.pl\/pl_pl\/wp-json\/wp\/v2\/product\/18832","targetHints":{"allow":["GET"]}}],"collection":[{"href":"https:\/\/alija.com.pl\/pl_pl\/wp-json\/wp\/v2\/product"}],"about":[{"href":"https:\/\/alija.com.pl\/pl_pl\/wp-json\/wp\/v2\/types\/product"}],"version-history":[{"count":1,"href":"https:\/\/alija.com.pl\/pl_pl\/wp-json\/wp\/v2\/product\/18832\/revisions"}],"predecessor-version":[{"id":18833,"href":"https:\/\/alija.com.pl\/pl_pl\/wp-json\/wp\/v2\/product\/18832\/revisions\/18833"}],"wp:featuredmedia":[{"embeddable":true,"href":"https:\/\/alija.com.pl\/pl_pl\/wp-json\/wp\/v2\/media\/18771"}],"wp:attachment":[{"href":"https:\/\/alija.com.pl\/pl_pl\/wp-json\/wp\/v2\/media?parent=18832"}],"wp:term":[{"taxonomy":"product_brand","embeddable":true,"href":"https:\/\/alija.com.pl\/pl_pl\/wp-json\/wp\/v2\/product_brand?post=18832"},{"taxonomy":"product_cat","embeddable":true,"href":"https:\/\/alija.com.pl\/pl_pl\/wp-json\/wp\/v2\/product_cat?post=18832"},{"taxonomy":"product_tag","embeddable":true,"href":"https:\/\/alija.com.pl\/pl_pl\/wp-json\/wp\/v2\/product_tag?post=18832"}],"curies":[{"name":"wp","href":"https:\/\/api.w.org\/{rel}","templated":true}]}}