{"id":18834,"date":"2024-06-19T10:47:10","date_gmt":"2024-06-19T10:47:10","guid":{"rendered":"https:\/\/alija.com.pl\/?post_type=product&#038;p=18834"},"modified":"2024-06-19T10:57:31","modified_gmt":"2024-06-19T10:57:31","slug":"alijas-drom-en-historie-om-oppvakning","status":"publish","type":"product","link":"https:\/\/alija.com.pl\/pl_pl\/product\/alijas-drom-en-historie-om-oppvakning\/","title":{"rendered":"Alijas dr\u00f8m &#8211; En historie om oppv\u00e5kning"},"content":{"rendered":"<div class=\"wpb-content-wrapper\"><div data-vc-full-width=\"true\" data-vc-full-width-init=\"false\" data-vc-stretch-content=\"true\" class=\"vc_row wpb_row vc_row-fluid vc_row-o-equal-height vc_row-o-content-top vc_row-flex wd-rs-651017d3e10e9\"><div class=\"wpb_column vc_column_container vc_col-sm-2\"><div class=\"vc_column-inner\"><div class=\"wpb_wrapper\"><\/div><\/div><\/div><div class=\"wpb_column vc_column_container vc_col-sm-4\"><div class=\"vc_column-inner\"><div class=\"wpb_wrapper\">\n\t\t<div id=\"wd-6672b798709dd\" class=\"title-wrapper wd-wpb set-mb-s reset-last-child  wd-rs-6672b798709dd wd-title-color-default wd-title-style-default text-left  wd-underline-colored\">\n\t\t\t\n\t\t\t<div class=\"liner-continer\">\n\t\t\t\t<h4 class=\"woodmart-title-container title  wd-font-weight- wd-fontsize-l\" >Alijas dr\u00f8m - En historie om oppv\u00e5kning<br \/>\nAlija Ariana Karima<\/h4>\n\t\t\t\t\t\t\t<\/div>\n\t\t\t\n\t\t\t\t\t\t\t<div class=\"title-after_title  set-cont-mb-s reset-last-child  wd-fontsize-xs\">``Alijas dr\u00f8m - En historie om oppv\u00e5kning`` er en bok for alle som er p\u00e5 en oppv\u00e5kningsreise, som s\u00f8ker svar p\u00e5 det viktigste av alle sp\u00f8rsm\u00e5l, nemlig hvem jeg er. For dem som \u00f8nsker \u00e5 finne meningen med tilv\u00e6relsen, som \u00f8nsker \u00e5 forst\u00e5 seg selv bedre, m\u00e5ten de skaper virkeligheten p\u00e5. Kanskje de f\u00f8ler seg mettet av jordiske erfaringer og allerede h\u00f8rer kallet fra sjelen som inviterer dem til \u00e5 oppdage sine egne dybder.<br \/>\nI beskrivelsen av min egen oppv\u00e5kningsprosess viser jeg de ulike stadiene, utfordringene og oppdagelsene. Jeg deler historiene og visdommen som f\u00f8rte meg til \u00e5 gjenkalle min sanne guddommelige natur. Dette er en \u00e6rlig og inspirerende fortelling om jakten p\u00e5 den hellige gral, som viste seg \u00e5 v\u00e6re min egen sjel.<br \/>\nJeg skrev den for at alle skal kunne kjenne sin sanne natur, vekke den Mesteren de allerede er, forlate sine begrensninger og begynne \u00e5 leve av ren og skj\u00e6r livsglede.<br \/>\nP\u00e5 min reise til opplysning ble jeg ledsaget av de Oppstegne Mestrene Adamus Saint Germain, Tobias, Kuthumi og Krystalldragen. De vil ogs\u00e5 v\u00e6re med deg under lesningen.<br \/>\n<\/div>\n\t\t\t\n\t\t\t\n\t\t<\/div>\n\t\t\n\t\t\n\t\t<div id=\"wd-6672b8eb165e8\" class=\"title-wrapper wd-wpb set-mb-s reset-last-child  wd-rs-6672b8eb165e8 wd-title-color-default wd-title-style-default text-left  wd-underline-colored\">\n\t\t\t\n\t\t\t<div class=\"liner-continer\">\n\t\t\t\t<h4 class=\"woodmart-title-container title  wd-font-weight- wd-fontsize-l\" >Vitnesbyrd<\/h4>\n\t\t\t\t\t\t\t<\/div>\n\t\t\t\n\t\t\t\n\t\t\t\n\t\t<\/div>\n\t\t\n\t\t\t\t<div id=\"wd-6672b8396cfe4\" class=\"wd-text-block wd-wpb reset-last-child wd-rs-6672b8396cfe4 text-left vc_custom_1718794327492\">\n\t\t\t<p dir=\"auto\"><span lang=\"DE\" style=\"font-size: 10.5pt; font-family: 'Arial',sans-serif; color: #0f1111; background: white;\"><em>&#8222;En av de fem vakreste b\u00f8kene jeg har lest&#8221;.<\/em> &#8211; Annette<\/span><\/p>\n<p><em>&#8222;Jeg har lest en million b\u00f8ker om utvikling, \u00e5ndelighet og oppv\u00e5kning, og denne overrasket meg likevel. Jeg klarer ikke \u00e5 rive meg l\u00f8s fra den. Jeg vet ikke om det er fordi den er skrevet av min l\u00e6rer i vedisk kunst, og fordi jeg tilfeldigvis kjenner noen av personene og hendelsene som beskrives her &#8211; at det er derfor den er s\u00e5 god \u00e5 lese? Er det fordi jeg kan f\u00f8le med hver eneste celle i kroppen hva Alija skriver om? Er det fordi jeg i tillegg kan se p\u00e5 og beundre maleriene hennes, som det er mange av i boken? Men er det den unike m\u00e5ten hun har rammet inn temaet Oppv\u00e5kning p\u00e5? Er det at jeg er p\u00e5 et annet stadium igjen? Eller kan du sette det hele sammen? Faktum er at jeg synes boken er str\u00e5lende, og jeg er utrolig takknemlig for at den ble skrevet.&#8221;<\/em> &#8211; Magdalena B.<\/p>\n<p><em>&#8222;Denne boken er eksepsjonell p\u00e5 alle m\u00e5ter. Anbefales p\u00e5 det varmeste for alle som er p\u00e5 en oppv\u00e5kningsreise.&#8221;-<\/em> Joanna K.<\/p>\n<p class=\"Styl1\"><span lang=\"DE\" style=\"font-size: 10.5pt; font-family: 'Arial',sans-serif; color: #0f1111; background: white;\">\u00a0<\/span><\/p>\n\t\t<\/div>\n\t\t<\/div><\/div><\/div><div class=\"wpb_column vc_column_container vc_col-sm-4\"><div class=\"vc_column-inner\"><div class=\"wpb_wrapper\">\n\t\t<div id=\"wd-6672b91b676b6\" class=\"title-wrapper wd-wpb set-mb-s reset-last-child  wd-rs-6672b91b676b6 wd-title-color-default wd-title-style-default text-left  wd-underline-colored\">\n\t\t\t\n\t\t\t<div class=\"liner-continer\">\n\t\t\t\t<h4 class=\"woodmart-title-container title  wd-font-weight- wd-fontsize-l\" >Beskrivelse<\/h4>\n\t\t\t\t\t\t\t<\/div>\n\t\t\t\n\t\t\t\n\t\t\t\n\t\t<\/div>\n\t\t\n\t\t\t\t<div id=\"wd-6672b8c00f3a6\" class=\"wd-text-block wd-wpb reset-last-child wd-rs-6672b8c00f3a6 text-left vc_custom_1718794472725\">\n\t\t\t<div dir=\"auto\">\n<ul>\n<li>\n<p class=\"Styl1\" style=\"margin-left: 18.0pt;\"><span lang=\"DE\">Boken er tilgjengelig p\u00e5 7 spr\u00e5k p\u00e5 Amazon (tysk, fransk, italiensk, spansk, norsk, nederlandsk og japansk)<\/span><\/p>\n<\/li>\n<li>\n<p class=\"Styl1\" style=\"margin-left: 18.0pt;\"><span lang=\"DE\">Bok- eller e-bokversjon<\/span><\/p>\n<\/li>\n<li>\n<p class=\"Styl1\" style=\"margin-left: 18.0pt;\"><span lang=\"DE\">E-bokversjonen inneholder mer enn 100 sjelebilder<\/span><\/p>\n<\/li>\n<li>\n<p class=\"Styl1\" style=\"margin-left: 18.0pt;\"><span lang=\"DE\">Flere versjoner er under utarbeidelse (engelsk, russisk, portugisisk, tsjekkisk, rumensk, kinesisk)<\/span><\/p>\n<\/li>\n<\/ul>\n<\/div>\n\t\t<\/div>\n\t\t\n\t\t<div id=\"wd-6672b9101f729\" class=\"title-wrapper wd-wpb set-mb-s reset-last-child  wd-rs-6672b9101f729 wd-title-color-default wd-title-style-default text-left  wd-underline-colored\">\n\t\t\t\n\t\t\t<div class=\"liner-continer\">\n\t\t\t\t<h4 class=\"woodmart-title-container title  wd-font-weight- wd-fontsize-l\" >Se<\/h4>\n\t\t\t\t\t\t\t<\/div>\n\t\t\t\n\t\t\t\n\t\t\t\n\t\t<\/div>\n\t\t\n\t\t\t\t<div id=\"wd-667296ae3e524\" class=\"wd-text-block wd-wpb reset-last-child wd-rs-667296ae3e524 text-left vc_custom_1718785717395\">\n\t\t\t<div dir=\"auto\">\n<p><iframe title=\"Ksi\u0105\u017cka o przebudzeniu - &quot;Sen Aliji&quot; Ariany Karimy\" width=\"500\" height=\"281\" src=\"https:\/\/www.youtube.com\/embed\/F4ZSyn94TCo?feature=oembed\" frameborder=\"0\" allow=\"accelerometer; autoplay; clipboard-write; encrypted-media; gyroscope; picture-in-picture; web-share\" referrerpolicy=\"strict-origin-when-cross-origin\" allowfullscreen><\/iframe><\/p>\n<\/div>\n\t\t<\/div>\n\t\t<\/div><\/div><\/div><div class=\"wpb_column vc_column_container vc_col-sm-2\"><div class=\"vc_column-inner\"><div class=\"wpb_wrapper\"><\/div><\/div><\/div><\/div><div class=\"vc_row-full-width vc_clearfix\"><\/div><div data-vc-full-width=\"true\" data-vc-full-width-init=\"false\" data-vc-stretch-content=\"true\" class=\"vc_row wpb_row vc_row-fluid vc_row-o-equal-height vc_row-o-content-top vc_row-flex wd-rs-651017d3e10e9\"><div class=\"wpb_column vc_column_container vc_col-sm-2\"><div class=\"vc_column-inner\"><div class=\"wpb_wrapper\"><\/div><\/div><\/div><div class=\"wpb_column vc_column_container vc_col-sm-8\"><div class=\"vc_column-inner\"><div class=\"wpb_wrapper\">\n\t\t<div id=\"wd-6672b8fbe0c9d\" class=\"title-wrapper wd-wpb set-mb-s reset-last-child  wd-rs-6672b8fbe0c9d wd-title-color-default wd-title-style-default text-left  wd-underline-colored\">\n\t\t\t\n\t\t\t<div class=\"liner-continer\">\n\t\t\t\t<h4 class=\"woodmart-title-container title  wd-font-weight- wd-fontsize-l\" >Hva handler denne boken om?<\/h4>\n\t\t\t\t\t\t\t<\/div>\n\t\t\t\n\t\t\t\n\t\t\t\n\t\t<\/div>\n\t\t\n\t\t<\/div><\/div><\/div><\/div><div class=\"vc_row-full-width vc_clearfix\"><\/div><div class=\"vc_row wpb_row vc_row-fluid\"><div class=\"wpb_column vc_column_container vc_col-sm-12\"><div class=\"vc_column-inner\"><div class=\"wpb_wrapper\"><\/div><\/div><\/div><\/div><div data-vc-full-width=\"true\" data-vc-full-width-init=\"false\" data-vc-stretch-content=\"true\" class=\"vc_row wpb_row vc_row-fluid vc_row-o-equal-height vc_row-o-content-top vc_row-flex wd-rs-651017d3e10e9\"><div class=\"wpb_column vc_column_container vc_col-sm-2\"><div class=\"vc_column-inner\"><div class=\"wpb_wrapper\"><\/div><\/div><\/div><div class=\"wpb_column vc_column_container vc_col-sm-4\"><div class=\"vc_column-inner\"><div class=\"wpb_wrapper\">\n\t\t<div id=\"wd-6672b598ee2bf\" class=\"title-wrapper wd-wpb set-mb-s reset-last-child  wd-rs-6672b598ee2bf wd-title-color-default wd-title-style-default text-left  wd-title-empty wd-underline-colored\">\n\t\t\t\n\t\t\t<div class=\"liner-continer\">\n\t\t\t\t<h4 class=\"woodmart-title-container title  wd-font-weight- wd-fontsize-l\" ><\/h4>\n\t\t\t\t\t\t\t<\/div>\n\t\t\t\n\t\t\t\t\t\t\t<div class=\"title-after_title  set-cont-mb-s reset-last-child  wd-fontsize-xs\">Ognuno di noi ha un momento nella vita in cui comincia a sentire con tutto il suo essere che non trover\u00e0 la sua realizzazione in questo mondo, perch\u00e9 qui nulla \u00e8 permanente. I momenti belli passano e si sente di nuovo il vuoto e un desiderio indescrivibile.<br \/>\nPoi inizia il risveglio. Pu\u00f2 durare molti anni o addirittura molte vite. Almeno cos\u00ec sembra a chi vive nell'illusione del tempo e dello spazio. Dovete sapere, per\u00f2, che il vostro viaggio e il mio, da come siamo arrivati qui fino al nostro ritorno a casa, \u00e8 gi\u00e0 finito e dura un momento fuori dal tempo. Vi dir\u00f2 tutto. Non \u00e8 necessario che tu lo capisca ora.<br \/>\nRilassatevi. Se desiderate la libert\u00e0 pi\u00f9 di ogni altra cosa al mondo, potete completare il vostro ciclo in questa vita. Dal momento in cui scegliete la libert\u00e0 e questa diventa il motore della vostra vita, siate certi di essere nelle mani della vostra Anima, il Maestro che vi guider\u00e0 verso di essa. Egli vi risveglier\u00e0 da questo sogno chiamato vita con dolcezza, sempre al vostro ritmo, in un modo personalizzato per voi. Parler\u00e0 con parole che capirete, user\u00e0 simboli e strumenti di questo mondo irreale per condurvi passo dopo passo fuori da tutte le illusioni.<br \/>\nDi cosa parla questo libro?<br \/>\nQuesto libro \u00e8 un resoconto del mio viaggio in quest'ultima vita umana. Condivido gli eventi che ho ritenuto cruciali nel mio cammino di raccoglimento. \u00c8 una sorta di curriculum spirituale. Ci saranno storie che rappresentano l'essenza della magia della vita stessa dal punto di vista della coscienza che gioca con la sua creazione. Oggi posso vedere la bellezza di tutte le esperienze perch\u00e9 so che ognuna di esse mi ha portato alla libert\u00e0.<\/div>\n\t\t\t\n\t\t\t\n\t\t<\/div>\n\t\t\n\t\t\n\t<div class=\"wpb_text_column wpb_content_element\" >\n\t\t<div class=\"wpb_wrapper\">\n\t\t\t<p class=\"Styl1\"><strong>Her er noen av temaene som dekkes:<\/strong><\/p>\n<p>&#8211; Stadiene og utfordringene i oppv\u00e5kningsprosessen mot opplysning<br \/>\n&#8211; V\u00e5r opprinnelse og verdens opprinnelse<br \/>\n&#8211; Hvorfor er vi her?<br \/>\n&#8211; Hva er energi og bevissthet?<br \/>\n&#8211; Hvordan skaper vi virkeligheten<br \/>\n&#8211; Illusjonen om tid og rom<br \/>\n&#8211; Reinkarnasjon<br \/>\n&#8211; Ayahuasca<br \/>\n&#8211; Energispill<br \/>\n&#8211; Frigj\u00f8ring av forfedre, kondisjonering, karma<br \/>\n&#8211; Helbredelsesprosess<br \/>\n&#8211; Integrering av aspekter<br \/>\n&#8211; Integrering av lyskroppen<br \/>\n&#8211; Drager og opph\u00f8yde mestere<br \/>\n&#8211; Aksept, tillit, visdom og kj\u00e6rlighet<br \/>\n&#8211; Opplevelse av seg selv som ren bevissthet<br \/>\n&#8211; Opplysning<\/p>\n\n\t\t<\/div>\n\t<\/div>\n<\/div><\/div><\/div><div class=\"wpb_column vc_column_container vc_col-sm-4\"><div class=\"vc_column-inner\"><div class=\"wpb_wrapper\">\n\t\t<div id=\"wd-6672b5a6625af\" class=\"title-wrapper wd-wpb set-mb-s reset-last-child  wd-rs-6672b5a6625af wd-title-color-default wd-title-style-default text-left  wd-title-empty wd-underline-colored\">\n\t\t\t\n\t\t\t<div class=\"liner-continer\">\n\t\t\t\t<h4 class=\"woodmart-title-container title  wd-font-weight- wd-fontsize-l\" ><\/h4>\n\t\t\t\t\t\t\t<\/div>\n\t\t\t\n\t\t\t\t\t\t\t<div class=\"title-after_title  set-cont-mb-s reset-last-child  wd-fontsize-xs\">Per scrivere questa storia ho preso in mano i diari che ho scritto per tutta la vita. Quello che ho provato quando li ho riaperti \u00e8 indicibile. Enorme emozione, gratitudine e spesso anche sorpresa. Ho visto infatti come mi sono guidato per tutta la vita per mantenere la promessa di libert\u00e0 che avevo fatto a me stesso. Questa guida \u00e8 arrivata sotto forma di insegnanti, partner, libri, ma non solo. Ogni persona che ho incontrato sul mio cammino \u00e8 stata uno specchio che mi ha permesso di conoscermi meglio. Nel momento della mia realizzazione, ho visto il mondo cos\u00ec com'\u00e8, ho visto me stessa in tutto ci\u00f2 che \u00e8. I puzzle si sono uniti in un obiettivo completo e una pace incredibile si \u00e8 impossessata di me. Che sogno \u00e8 stato! Ho pensato.<br \/>\nVi racconter\u00f2 quindi il mio sogno, visto e vissuto dall'uomo. Condivider\u00f2 non solo gli isto- ri, ma anche la saggezza che mi \u00e8 venuta incontro. L'ho intessuta tra le righe e ne ho scritto l'essenza nella seconda parte del libro, che riguarda la conclusione del mio risveglio. Durante questo periodo finale, sono apparsi i Maestri illuminati: Tobias, Adamus Saint Germain e il mio drago personale. Sono stati loro ad aiutarmi a dire addio alle ultime illusioni e a raddrizzare il mio modo di vedere me stesso e il mondo. Anche Yeshua (in altre parole, Ges\u00f9) \u00e8 venuto molte volte, soprattutto con insegnamenti sotto forma di ``Corso in Miracoli``.<br \/>\nIn questo libro cercher\u00f2 di catturare l'essenza della ricchezza di saggezza sul processo di risveglio all'illuminazione. Si tratter\u00e0 della mia prospettiva personale, poich\u00e9 ognuno ha il proprio percorso di risveglio.<br \/>\nVi invito a unirvi a me in questo viaggio!<\/div>\n\t\t\t\n\t\t\t\n\t\t<\/div>\n\t\t\n\t\t\n\t\t\t<div class=\"author-area set-mb-m reset-last-child text-left color-scheme-dark  wd-rs-6672b82104db9 \">\n\n\t\t\t\t\t\t\t\t\t<h3 class=\"title author-title\">\n\t\t\t\t\t\tForfatter\t\t\t\t\t<\/h3>\n\t\t\t\t\n\t\t\t\t\t\t\t\t\t<div class=\"author-avatar\">\n\t\t\t\t\t\t<img fetchpriority=\"high\" decoding=\"async\" width=\"648\" height=\"600\" src=\"https:\/\/alija.com.pl\/wp-content\/uploads\/2024\/06\/alija-na-alija.com_.pl1_.jpg\" class=\"author-area-image\" alt=\"\" srcset=\"https:\/\/alija.com.pl\/wp-content\/uploads\/2024\/06\/alija-na-alija.com_.pl1_.jpg 772w, https:\/\/alija.com.pl\/wp-content\/uploads\/2024\/06\/alija-na-alija.com_.pl1_-324x300.jpg 324w, https:\/\/alija.com.pl\/wp-content\/uploads\/2024\/06\/alija-na-alija.com_.pl1_-768x711.jpg 768w, https:\/\/alija.com.pl\/wp-content\/uploads\/2024\/06\/alija-na-alija.com_.pl1_-13x12.jpg 13w, https:\/\/alija.com.pl\/wp-content\/uploads\/2024\/06\/alija-na-alija.com_.pl1_-700x648.jpg 700w, https:\/\/alija.com.pl\/wp-content\/uploads\/2024\/06\/alija-na-alija.com_.pl1_-500x463.jpg 500w\" sizes=\"(max-width: 648px) 100vw, 648px\" \/>\t\t\t\t\t<\/div>\n\t\t\t\t\n\t\t\t\t\t\t\t\t\t<h4 class=\"title author-name\">\n\t\t\t\t\t\tAlija Ariana Karima\t\t\t\t\t<\/h4>\n\t\t\t\t\n\t\t\t\t\t\t\t\t\t<div class=\"author-area-info\">\n\t\t\t\t\t\t<\/p>\n<p class=\"Styl1\">Spirituell guide, sjelemaler, healer, pioner innen Vedic Art-kurs i Polen, Soul Body Fusion-ut\u00f8ver og -l\u00e6rer, foredragsholder, forfatter og reisende. Privat er hun en lykkelig mamma som elsker livets magi.<\/p>\n<p>&#8222;Alijas dr\u00f8m &#8211; En historie om oppv\u00e5kning&#8221; er utgitt p\u00e5\u00a0<strong>14 spr\u00e5k.<\/strong>\t\t\t\t\t<\/div>\n\t\t\t\t\n\t\t\t\t\n\t\t\t<\/div>\n\n\t\t<\/div><\/div><\/div><div class=\"wpb_column vc_column_container vc_col-sm-2\"><div class=\"vc_column-inner\"><div class=\"wpb_wrapper\"><\/div><\/div><\/div><\/div><div class=\"vc_row-full-width vc_clearfix\"><\/div>\n<\/div>","protected":false},"excerpt":{"rendered":"<p class=\"Styl1\">Jeg inviterer deg inn i min verden. Jeg vil fortelle deg min historie, historien om Ariana, som, i likhet med deg, har blitt gjenf\u00f8dt mer enn tusen ganger. Hun lengtet etter \u00e5 leke med livet, etter \u00e5 mette seg med det, etter \u00e5 oppleve alt som finnes \u00e5 oppleve. Helt til hun en dag, i det ene spesielle livet, h\u00f8rte sjelen sin rope &#8222;Det er p\u00e5 tide, det er p\u00e5 tide \u00e5 v\u00e5kne&#8221;, og hun lengtet av hele sitt hjerte etter \u00e5 v\u00e6re fri.<\/p>\n<h2>LES<\/h2>\n<div class=\"_df_thumb \" id=\"df_18799\"  _slug=\"alijas-drom-en-historie-om-oppvakning\" data-title=\"alijas-drom-en-historie-om-oppvakning\" wpoptions=\"true\" thumb=\"https:\/\/alija.com.pl\/wp-content\/uploads\/2024\/06\/norweska-okladka-342-sen.pl_.jpg\" thumbtype=\"\" >Alijas dr\u00f8m &#8211; En historie om oppv\u00e5kning<\/div>\n<p><script class=\"df-shortcode-script\" nowprocket type=\"application\/javascript\">window.option_df_18799 = {\"outline\":[],\"autoEnableOutline\":\"false\",\"autoEnableThumbnail\":\"false\",\"overwritePDFOutline\":\"false\",\"direction\":\"1\",\"pageSize\":\"0\",\"source\":\"https:\\\/\\\/alija.com.pl\\\/wp-content\\\/uploads\\\/2024\\\/06\\\/norweski-sen-na-senaliji.pl_.pdf\",\"wpOptions\":\"true\"}; if(window.DFLIP &#038;& window.DFLIP.parseBooks){window.DFLIP.parseBooks();}<\/script><\/p>\n","protected":false},"featured_media":18768,"template":"","meta":[],"product_brand":[],"product_cat":[195],"product_tag":[1307,1312,1309,1321,1319,1314,1316,1308,1320,1317,1315,1311,1318,1310,1313],"class_list":{"0":"post-18834","1":"product","2":"type-product","3":"status-publish","4":"has-post-thumbnail","6":"product_cat-sen-aliji","7":"product_tag-alijas-drom-en-historie-om-oppvakning","8":"product_tag-andelig-mester","9":"product_tag-andelig-oppvakning","10":"product_tag-andelig-vei","11":"product_tag-andelig-veiledning","12":"product_tag-andelige-drager","13":"product_tag-arbeid-med-energii","14":"product_tag-en-historie-om-oppvakning","15":"product_tag-energibalanse","16":"product_tag-energihelbredelse","17":"product_tag-helbredende-energii","18":"product_tag-indre-transformasjon","19":"product_tag-mystikk","20":"product_tag-opplysning","21":"product_tag-oppstegne-mestere","23":"first","24":"instock","25":"shipping-taxable","26":"product-type-external"},"jetpack_sharing_enabled":true,"_links":{"self":[{"href":"https:\/\/alija.com.pl\/pl_pl\/wp-json\/wp\/v2\/product\/18834","targetHints":{"allow":["GET"]}}],"collection":[{"href":"https:\/\/alija.com.pl\/pl_pl\/wp-json\/wp\/v2\/product"}],"about":[{"href":"https:\/\/alija.com.pl\/pl_pl\/wp-json\/wp\/v2\/types\/product"}],"version-history":[{"count":1,"href":"https:\/\/alija.com.pl\/pl_pl\/wp-json\/wp\/v2\/product\/18834\/revisions"}],"predecessor-version":[{"id":18835,"href":"https:\/\/alija.com.pl\/pl_pl\/wp-json\/wp\/v2\/product\/18834\/revisions\/18835"}],"wp:featuredmedia":[{"embeddable":true,"href":"https:\/\/alija.com.pl\/pl_pl\/wp-json\/wp\/v2\/media\/18768"}],"wp:attachment":[{"href":"https:\/\/alija.com.pl\/pl_pl\/wp-json\/wp\/v2\/media?parent=18834"}],"wp:term":[{"taxonomy":"product_brand","embeddable":true,"href":"https:\/\/alija.com.pl\/pl_pl\/wp-json\/wp\/v2\/product_brand?post=18834"},{"taxonomy":"product_cat","embeddable":true,"href":"https:\/\/alija.com.pl\/pl_pl\/wp-json\/wp\/v2\/product_cat?post=18834"},{"taxonomy":"product_tag","embeddable":true,"href":"https:\/\/alija.com.pl\/pl_pl\/wp-json\/wp\/v2\/product_tag?post=18834"}],"curies":[{"name":"wp","href":"https:\/\/api.w.org\/{rel}","templated":true}]}}