{"id":18836,"date":"2024-06-19T10:58:25","date_gmt":"2024-06-19T10:58:25","guid":{"rendered":"https:\/\/alija.com.pl\/?post_type=product&#038;p=18836"},"modified":"2024-06-19T11:08:41","modified_gmt":"2024-06-19T11:08:41","slug":"aliyas-droom-een-verhaal-over-ontwaken","status":"publish","type":"product","link":"https:\/\/alija.com.pl\/pl_pl\/product\/aliyas-droom-een-verhaal-over-ontwaken\/","title":{"rendered":"Aliya&#8217;s droom &#8211; Een verhaal over ontwaken"},"content":{"rendered":"<div class=\"wpb-content-wrapper\"><div data-vc-full-width=\"true\" data-vc-full-width-init=\"false\" data-vc-stretch-content=\"true\" class=\"vc_row wpb_row vc_row-fluid vc_row-o-equal-height vc_row-o-content-top vc_row-flex wd-rs-651017d3e10e9\"><div class=\"wpb_column vc_column_container vc_col-sm-2\"><div class=\"vc_column-inner\"><div class=\"wpb_wrapper\"><\/div><\/div><\/div><div class=\"wpb_column vc_column_container vc_col-sm-4\"><div class=\"vc_column-inner\"><div class=\"wpb_wrapper\">\n\t\t<div id=\"wd-6672ba01a0f0f\" class=\"title-wrapper wd-wpb set-mb-s reset-last-child  wd-rs-6672ba01a0f0f wd-title-color-default wd-title-style-default text-left  wd-underline-colored\">\n\t\t\t\n\t\t\t<div class=\"liner-continer\">\n\t\t\t\t<h4 class=\"woodmart-title-container title  wd-font-weight- wd-fontsize-l\" >Aliya's droom - Een verhaal over ontwaken<br \/>\nAlija Ariana Karima<\/h4>\n\t\t\t\t\t\t\t<\/div>\n\t\t\t\n\t\t\t\t\t\t\t<div class=\"title-after_title  set-cont-mb-s reset-last-child  wd-fontsize-xs\">`` is een boek voor iedereen die op een reis van ontwaken is, op zoek naar antwoorden op de belangrijkste vraag: wie ben ik? Voor hen die de zin van hun bestaan willen ontdekken, die zichzelf beter willen begrijpen, de manier waarop ze de werkelijkheid cre\u00ebren. Misschien voelen ze zich verzadigd door aardse ervaringen en horen ze al de roep van hun Ziel die hen uitnodigt om hun diepten te ontdekken.<br \/>\nDoor mijn eigen proces van ontwaken tot verlichting te beschrijven, laat ik de verschillende stadia, uitdagingen en ontdekkingen zien. Ik deel de verhalen en wijsheden die me ertoe brachten om mijn ware goddelijke aard terug te vinden. Dit is een eerlijk, inspirerend verhaal over de zoektocht naar de Heilige Graal, die mijn eigen Ziel bleek te zijn.<br \/>\nIk heb het geschreven zodat iedereen zijn ware aard kan leren kennen, de Meester die hij of zij al is kan doen ontwaken, zijn of haar beperkingen achter zich kan laten en kan gaan leven voor de pure vreugde van het leven.<br \/>\nOp mijn reis naar verlichting werd ik vergezeld door Opgestegen Meesters Adamus Saint Germain, Tobias, Kuthumi en de Kristallen Draak. Zij zullen ook bij je zijn tijdens het lezen.<br \/>\n<\/div>\n\t\t\t\n\t\t\t\n\t\t<\/div>\n\t\t\n\t\t\n\t\t<div id=\"wd-6672bb82317cd\" class=\"title-wrapper wd-wpb set-mb-s reset-last-child  wd-rs-6672bb82317cd wd-title-color-default wd-title-style-default text-left  wd-underline-colored\">\n\t\t\t\n\t\t\t<div class=\"liner-continer\">\n\t\t\t\t<h4 class=\"woodmart-title-container title  wd-font-weight- wd-fontsize-l\" >Getuigenissen<\/h4>\n\t\t\t\t\t\t\t<\/div>\n\t\t\t\n\t\t\t\n\t\t\t\n\t\t<\/div>\n\t\t\n\t\t\t\t<div id=\"wd-6672bad24f3fe\" class=\"wd-text-block wd-wpb reset-last-child wd-rs-6672bad24f3fe text-left vc_custom_1718794996629\">\n\t\t\t<p class=\"Styl1\" style=\"margin-left: 18.0pt;\"><span lang=\"DE\"><em>&#8222;Een van de vijf mooiste boeken die ik heb gelezen.&#8221;<\/em> &#8211; Annette<\/span><\/p>\n<p class=\"Styl1\" style=\"margin-left: 18.0pt;\"><span lang=\"DE\">\u00a0<\/span><span lang=\"DE\"><em>&#8222;Ik heb een ziljoen boeken gelezen over ontwikkeling, spiritualiteit en ontwaken en deze heeft me nog steeds verrast. Ik kan me er niet van losrukken. Ik weet niet of het komt omdat het geschreven is door mijn Vedische kunstleraar en ik toevallig een aantal van de mensen en gebeurtenissen die hier beschreven worden ken &#8211; daarom is het zo&#8217;n geweldig boek om te lezen? Is het omdat ik met elke cel van mijn lichaam kan voelen waar Alija over schrijft? Is het omdat ik bovendien haar schilderijen, waarvan er veel in het boek staan, kan bekijken en bewonderen? Maar is het de unieke manier waarop ze het thema Ontwaken heeft ingekaderd? Zit ik weer in een andere fase? Of kun je het allemaal samenvoegen? Feit is dat ik het boek briljant vind en dat ik enorm dankbaar ben dat het geschreven is.&#8221;<\/em> &#8211; Magdalena B.<\/span><\/p>\n<p class=\"Styl1\" style=\"margin-left: 18.0pt;\"><em><span lang=\"DE\">\u00a0<\/span><\/em><span lang=\"DE\"><em>&#8222;Dit boek is in alle opzichten een openbaring. Ik raad het iedereen aan die zich op het pad van ontwaken bevindt.&#8221;<\/em>&#8211; Joanna K.<\/span><\/p>\n\t\t<\/div>\n\t\t<\/div><\/div><\/div><div class=\"wpb_column vc_column_container vc_col-sm-4\"><div class=\"vc_column-inner\"><div class=\"wpb_wrapper\">\n\t\t<div id=\"wd-6672bc1ba84f0\" class=\"title-wrapper wd-wpb set-mb-s reset-last-child  wd-rs-6672bc1ba84f0 wd-title-color-default wd-title-style-default text-left  wd-underline-colored\">\n\t\t\t\n\t\t\t<div class=\"liner-continer\">\n\t\t\t\t<h4 class=\"woodmart-title-container title  wd-font-weight- wd-fontsize-l\" >Beschrijving<\/h4>\n\t\t\t\t\t\t\t<\/div>\n\t\t\t\n\t\t\t\n\t\t\t\n\t\t<\/div>\n\t\t\n\t\t\t\t<div id=\"wd-6672bb61de043\" class=\"wd-text-block wd-wpb reset-last-child wd-rs-6672bb61de043 text-left vc_custom_1718795134812\">\n\t\t\t<div dir=\"auto\">\n<ul>\n<li>\n<p class=\"Styl1\" style=\"margin-left: 18.0pt;\"><span lang=\"DE\">Het boek is beschikbaar in 7 talen op amazon (Duits, Frans, Italiaans, Spaans, Noors, Nederlands en Japans)<\/span><\/p>\n<\/li>\n<li>\n<p class=\"Styl1\" style=\"margin-left: 18.0pt;\"><span lang=\"DE\">Boek of e-book versie<\/span><\/p>\n<\/li>\n<li>\n<p class=\"Styl1\" style=\"margin-left: 18.0pt;\"><span lang=\"DE\">De e-book versie bevat meer dan 100 zielenbeelden<\/span><\/p>\n<\/li>\n<li>\n<p class=\"Styl1\" style=\"margin-left: 18.0pt;\"><span lang=\"DE\">Andere versies zijn in voorbereiding (Engels, Russisch, Portugees, Tsjechisch, Roemeens, Chinees)<\/span><\/p>\n<p class=\"Styl1\" style=\"margin-left: 18.0pt;\"><span lang=\"DE\">\u00a0<\/span><\/p>\n<\/li>\n<\/ul>\n<\/div>\n\t\t<\/div>\n\t\t\n\t\t<div id=\"wd-6672bb9e88780\" class=\"title-wrapper wd-wpb set-mb-s reset-last-child  wd-rs-6672bb9e88780 wd-title-color-default wd-title-style-default text-left  wd-underline-colored\">\n\t\t\t\n\t\t\t<div class=\"liner-continer\">\n\t\t\t\t<h4 class=\"woodmart-title-container title  wd-font-weight- wd-fontsize-l\" >Zie<br \/>\n<\/h4>\n\t\t\t\t\t\t\t<\/div>\n\t\t\t\n\t\t\t\n\t\t\t\n\t\t<\/div>\n\t\t\n\t\t\t\t<div id=\"wd-667296ae3e524\" class=\"wd-text-block wd-wpb reset-last-child wd-rs-667296ae3e524 text-left vc_custom_1718785717395\">\n\t\t\t<div dir=\"auto\">\n<p><iframe title=\"Ksi\u0105\u017cka o przebudzeniu - &quot;Sen Aliji&quot; Ariany Karimy\" width=\"500\" height=\"281\" src=\"https:\/\/www.youtube.com\/embed\/F4ZSyn94TCo?feature=oembed\" frameborder=\"0\" allow=\"accelerometer; autoplay; clipboard-write; encrypted-media; gyroscope; picture-in-picture; web-share\" referrerpolicy=\"strict-origin-when-cross-origin\" allowfullscreen><\/iframe><\/p>\n<\/div>\n\t\t<\/div>\n\t\t<\/div><\/div><\/div><div class=\"wpb_column vc_column_container vc_col-sm-2\"><div class=\"vc_column-inner\"><div class=\"wpb_wrapper\"><\/div><\/div><\/div><\/div><div class=\"vc_row-full-width vc_clearfix\"><\/div><div data-vc-full-width=\"true\" data-vc-full-width-init=\"false\" data-vc-stretch-content=\"true\" class=\"vc_row wpb_row vc_row-fluid vc_row-o-equal-height vc_row-o-content-top vc_row-flex wd-rs-651017d3e10e9\"><div class=\"wpb_column vc_column_container vc_col-sm-2\"><div class=\"vc_column-inner\"><div class=\"wpb_wrapper\"><\/div><\/div><\/div><div class=\"wpb_column vc_column_container vc_col-sm-8\"><div class=\"vc_column-inner\"><div class=\"wpb_wrapper\">\n\t\t<div id=\"wd-6672bb922b8dd\" class=\"title-wrapper wd-wpb set-mb-s reset-last-child  wd-rs-6672bb922b8dd wd-title-color-default wd-title-style-default text-left  wd-underline-colored\">\n\t\t\t\n\t\t\t<div class=\"liner-continer\">\n\t\t\t\t<h4 class=\"woodmart-title-container title  wd-font-weight- wd-fontsize-l\" >Waar gaat dit boek over?<\/h4>\n\t\t\t\t\t\t\t<\/div>\n\t\t\t\n\t\t\t\n\t\t\t\n\t\t<\/div>\n\t\t\n\t\t<\/div><\/div><\/div><\/div><div class=\"vc_row-full-width vc_clearfix\"><\/div><div class=\"vc_row wpb_row vc_row-fluid\"><div class=\"wpb_column vc_column_container vc_col-sm-12\"><div class=\"vc_column-inner\"><div class=\"wpb_wrapper\"><\/div><\/div><\/div><\/div><div data-vc-full-width=\"true\" data-vc-full-width-init=\"false\" data-vc-stretch-content=\"true\" class=\"vc_row wpb_row vc_row-fluid vc_row-o-equal-height vc_row-o-content-top vc_row-flex wd-rs-651017d3e10e9\"><div class=\"wpb_column vc_column_container vc_col-sm-2\"><div class=\"vc_column-inner\"><div class=\"wpb_wrapper\"><\/div><\/div><\/div><div class=\"wpb_column vc_column_container vc_col-sm-4\"><div class=\"vc_column-inner\"><div class=\"wpb_wrapper\">\n\t\t<div id=\"wd-6672b598ee2bf\" class=\"title-wrapper wd-wpb set-mb-s reset-last-child  wd-rs-6672b598ee2bf wd-title-color-default wd-title-style-default text-left  wd-title-empty wd-underline-colored\">\n\t\t\t\n\t\t\t<div class=\"liner-continer\">\n\t\t\t\t<h4 class=\"woodmart-title-container title  wd-font-weight- wd-fontsize-l\" ><\/h4>\n\t\t\t\t\t\t\t<\/div>\n\t\t\t\n\t\t\t\t\t\t\t<div class=\"title-after_title  set-cont-mb-s reset-last-child  wd-fontsize-xs\">Ognuno di noi ha un momento nella vita in cui comincia a sentire con tutto il suo essere che non trover\u00e0 la sua realizzazione in questo mondo, perch\u00e9 qui nulla \u00e8 permanente. I momenti belli passano e si sente di nuovo il vuoto e un desiderio indescrivibile.<br \/>\nPoi inizia il risveglio. Pu\u00f2 durare molti anni o addirittura molte vite. Almeno cos\u00ec sembra a chi vive nell'illusione del tempo e dello spazio. Dovete sapere, per\u00f2, che il vostro viaggio e il mio, da come siamo arrivati qui fino al nostro ritorno a casa, \u00e8 gi\u00e0 finito e dura un momento fuori dal tempo. Vi dir\u00f2 tutto. Non \u00e8 necessario che tu lo capisca ora.<br \/>\nRilassatevi. Se desiderate la libert\u00e0 pi\u00f9 di ogni altra cosa al mondo, potete completare il vostro ciclo in questa vita. Dal momento in cui scegliete la libert\u00e0 e questa diventa il motore della vostra vita, siate certi di essere nelle mani della vostra Anima, il Maestro che vi guider\u00e0 verso di essa. Egli vi risveglier\u00e0 da questo sogno chiamato vita con dolcezza, sempre al vostro ritmo, in un modo personalizzato per voi. Parler\u00e0 con parole che capirete, user\u00e0 simboli e strumenti di questo mondo irreale per condurvi passo dopo passo fuori da tutte le illusioni.<br \/>\nDi cosa parla questo libro?<br \/>\nQuesto libro \u00e8 un resoconto del mio viaggio in quest'ultima vita umana. Condivido gli eventi che ho ritenuto cruciali nel mio cammino di raccoglimento. \u00c8 una sorta di curriculum spirituale. Ci saranno storie che rappresentano l'essenza della magia della vita stessa dal punto di vista della coscienza che gioca con la sua creazione. Oggi posso vedere la bellezza di tutte le esperienze perch\u00e9 so che ognuna di esse mi ha portato alla libert\u00e0.<\/div>\n\t\t\t\n\t\t\t\n\t\t<\/div>\n\t\t\n\t\t\n\t<div class=\"wpb_text_column wpb_content_element\" >\n\t\t<div class=\"wpb_wrapper\">\n\t\t\t<p class=\"Styl1\" style=\"margin-left: 18.0pt;\"><b><span lang=\"DE\">Dit zijn enkele van de onderwerpen die aan bod komen:<\/span><\/b><\/p>\n<p class=\"Styl1\" style=\"margin-left: 18.0pt;\"><span lang=\"DE\">\u00a0<\/span><span lang=\"DE\">&#8211; De stadia en uitdagingen van het proces van ontwaken tot verlichting<br \/>\n<\/span><span lang=\"DE\">&#8211; Het ontstaan van onze oorsprong en de oorsprong van de wereld<br \/>\n<\/span><span lang=\"DE\">&#8211; Waarom zijn we hier?<br \/>\n<\/span><span lang=\"DE\">&#8211; Wat is energie en bewustzijn<br \/>\n<\/span><span lang=\"DE\">&#8211; Hoe cre\u00ebren we de werkelijkheid<br \/>\n<\/span><span lang=\"DE\">&#8211; De illusie van tijd en ruimte<br \/>\n<\/span><span lang=\"DE\">&#8211; Re\u00efncarnatie<br \/>\n<\/span><span lang=\"DE\">&#8211; Ayahuasca<br \/>\n<\/span><span lang=\"DE\">&#8211; Energiespelletjes<br \/>\n<\/span><span lang=\"DE\">&#8211; Loslaten van voorouders, conditionering, karma<br \/>\n<\/span><span lang=\"DE\">&#8211; Genezingsproces<br \/>\n<\/span><span lang=\"DE\">&#8211; Integratie van aspecten<br \/>\n<\/span><span lang=\"DE\">&#8211; Integratie van het lichtlichaam<br \/>\n<\/span><span lang=\"DE\">&#8211; Draken en Opgestegen Meesters<br \/>\n<\/span><span lang=\"DE\">&#8211; Acceptatie, vertrouwen, wijsheid en liefde<br \/>\n<\/span><span lang=\"DE\">&#8211; Zichzelf ervaren als zuiver bewustzijn<br \/>\n<\/span><span lang=\"DE\">&#8211; Verlichting<\/span><\/p>\n\n\t\t<\/div>\n\t<\/div>\n<\/div><\/div><\/div><div class=\"wpb_column vc_column_container vc_col-sm-4\"><div class=\"vc_column-inner\"><div class=\"wpb_wrapper\">\n\t\t<div id=\"wd-6672b5a6625af\" class=\"title-wrapper wd-wpb set-mb-s reset-last-child  wd-rs-6672b5a6625af wd-title-color-default wd-title-style-default text-left  wd-title-empty wd-underline-colored\">\n\t\t\t\n\t\t\t<div class=\"liner-continer\">\n\t\t\t\t<h4 class=\"woodmart-title-container title  wd-font-weight- wd-fontsize-l\" ><\/h4>\n\t\t\t\t\t\t\t<\/div>\n\t\t\t\n\t\t\t\t\t\t\t<div class=\"title-after_title  set-cont-mb-s reset-last-child  wd-fontsize-xs\">Per scrivere questa storia ho preso in mano i diari che ho scritto per tutta la vita. Quello che ho provato quando li ho riaperti \u00e8 indicibile. Enorme emozione, gratitudine e spesso anche sorpresa. Ho visto infatti come mi sono guidato per tutta la vita per mantenere la promessa di libert\u00e0 che avevo fatto a me stesso. Questa guida \u00e8 arrivata sotto forma di insegnanti, partner, libri, ma non solo. Ogni persona che ho incontrato sul mio cammino \u00e8 stata uno specchio che mi ha permesso di conoscermi meglio. Nel momento della mia realizzazione, ho visto il mondo cos\u00ec com'\u00e8, ho visto me stessa in tutto ci\u00f2 che \u00e8. I puzzle si sono uniti in un obiettivo completo e una pace incredibile si \u00e8 impossessata di me. Che sogno \u00e8 stato! Ho pensato.<br \/>\nVi racconter\u00f2 quindi il mio sogno, visto e vissuto dall'uomo. Condivider\u00f2 non solo gli isto- ri, ma anche la saggezza che mi \u00e8 venuta incontro. L'ho intessuta tra le righe e ne ho scritto l'essenza nella seconda parte del libro, che riguarda la conclusione del mio risveglio. Durante questo periodo finale, sono apparsi i Maestri illuminati: Tobias, Adamus Saint Germain e il mio drago personale. Sono stati loro ad aiutarmi a dire addio alle ultime illusioni e a raddrizzare il mio modo di vedere me stesso e il mondo. Anche Yeshua (in altre parole, Ges\u00f9) \u00e8 venuto molte volte, soprattutto con insegnamenti sotto forma di ``Corso in Miracoli``.<br \/>\nIn questo libro cercher\u00f2 di catturare l'essenza della ricchezza di saggezza sul processo di risveglio all'illuminazione. Si tratter\u00e0 della mia prospettiva personale, poich\u00e9 ognuno ha il proprio percorso di risveglio.<br \/>\nVi invito a unirvi a me in questo viaggio!<\/div>\n\t\t\t\n\t\t\t\n\t\t<\/div>\n\t\t\n\t\t\n\t\t\t<div class=\"author-area set-mb-m reset-last-child text-left color-scheme-dark  wd-rs-6672baaf34533 \">\n\n\t\t\t\t\t\t\t\t\t<h3 class=\"title author-title\">\n\t\t\t\t\t\tAuteur\t\t\t\t\t<\/h3>\n\t\t\t\t\n\t\t\t\t\t\t\t\t\t<div class=\"author-avatar\">\n\t\t\t\t\t\t<img fetchpriority=\"high\" decoding=\"async\" width=\"648\" height=\"600\" src=\"https:\/\/alija.com.pl\/wp-content\/uploads\/2024\/06\/alija-na-alija.com_.pl1_.jpg\" class=\"author-area-image\" alt=\"\" srcset=\"https:\/\/alija.com.pl\/wp-content\/uploads\/2024\/06\/alija-na-alija.com_.pl1_.jpg 772w, https:\/\/alija.com.pl\/wp-content\/uploads\/2024\/06\/alija-na-alija.com_.pl1_-324x300.jpg 324w, https:\/\/alija.com.pl\/wp-content\/uploads\/2024\/06\/alija-na-alija.com_.pl1_-768x711.jpg 768w, https:\/\/alija.com.pl\/wp-content\/uploads\/2024\/06\/alija-na-alija.com_.pl1_-13x12.jpg 13w, https:\/\/alija.com.pl\/wp-content\/uploads\/2024\/06\/alija-na-alija.com_.pl1_-700x648.jpg 700w, https:\/\/alija.com.pl\/wp-content\/uploads\/2024\/06\/alija-na-alija.com_.pl1_-500x463.jpg 500w\" sizes=\"(max-width: 648px) 100vw, 648px\" \/>\t\t\t\t\t<\/div>\n\t\t\t\t\n\t\t\t\t\t\t\t\t\t<h4 class=\"title author-name\">\n\t\t\t\t\t\tAlija Ariana Karima\t\t\t\t\t<\/h4>\n\t\t\t\t\n\t\t\t\t\t\t\t\t\t<div class=\"author-area-info\">\n\t\t\t\t\t\t<\/p>\n<p class=\"Styl1\" style=\"margin-left: 18.0pt;\"><span lang=\"DE\">Spirituele gids, zielenschilder, healer, pionier van Vedische Kunstcursussen in Polen, Soul Body Fusion beoefenaar en leraar, docent, auteur en reiziger. Priv\u00e9 is ze een gelukkige moeder die houdt van de magie van het leven.<\/span><\/p>\n<p class=\"Styl1\" style=\"margin-left: 18.0pt;\"><span lang=\"DE\">&#8222;Alija&#8217;s Droom &#8211; Een verhaal van ontwaken&#8221; is gepubliceerd in <b>14 talen.<\/b><\/span><\/p>\n<p>\t\t\t\t\t<\/div>\n\t\t\t\t\n\t\t\t\t\n\t\t\t<\/div>\n\n\t\t<\/div><\/div><\/div><div class=\"wpb_column vc_column_container vc_col-sm-2\"><div class=\"vc_column-inner\"><div class=\"wpb_wrapper\"><\/div><\/div><\/div><\/div><div class=\"vc_row-full-width vc_clearfix\"><\/div>\n<\/div>","protected":false},"excerpt":{"rendered":"<p>Ik nodig je uit in mijn wereld. Ik zal je mijn verhaal vertellen, het verhaal van Ariana, die net als jij meer dan duizend keer herboren is. Ze verlangde ernaar om met het leven te spelen, om zich ermee te verzadigen, om alles te ervaren wat er te ervaren valt. Totdat ze in dat ene speciale leven op een dag haar Ziel hoorde roepen &#8222;Het is tijd, het is tijd om wakker te worden&#8221; en ze er met heel haar hart naar verlangde om vrij te zijn.<\/p>\n<h2>LEES<\/h2>\n<div class=\"_df_thumb \" id=\"df_18802\"  _slug=\"aliyas-droom-een-verhaal-over-ontwaken\" data-title=\"aliyas-droom-een-verhaal-over-ontwaken\" wpoptions=\"true\" thumb=\"https:\/\/alija.com.pl\/wp-content\/uploads\/2024\/06\/holenderska-358-senaliji.pl_.jpg\" thumbtype=\"\" >Aliya&#8217;s droom &#8211; Een verhaal over ontwaken<\/div>\n<p><script class=\"df-shortcode-script\" nowprocket type=\"application\/javascript\">window.option_df_18802 = {\"outline\":[],\"autoEnableOutline\":\"false\",\"autoEnableThumbnail\":\"false\",\"overwritePDFOutline\":\"false\",\"direction\":\"1\",\"pageSize\":\"0\",\"source\":\"https:\\\/\\\/alija.com.pl\\\/wp-content\\\/uploads\\\/2024\\\/06\\\/holenderski-sen-na-senaliji.pl_.pdf\",\"wpOptions\":\"true\"}; if(window.DFLIP &#038;& window.DFLIP.parseBooks){window.DFLIP.parseBooks();}<\/script><\/p>\n","protected":false},"featured_media":18767,"template":"","meta":[],"product_brand":[],"product_cat":[195],"product_tag":[1322,1323,1335,1332,1330,1326,1333,1328,1324,1336,1334,1329,1327,1325,1331],"class_list":{"0":"post-18836","1":"product","2":"type-product","3":"status-publish","4":"has-post-thumbnail","6":"product_cat-sen-aliji","7":"product_tag-aliyas-droom-een-verhaal-over-ontwaken","8":"product_tag-een-verhaal-over-ontwaken","9":"product_tag-energiebalans","10":"product_tag-energiehealing","11":"product_tag-helende-energie","12":"product_tag-innerlijke-transformatie","13":"product_tag-mystiek","14":"product_tag-opgestegen-meesters","15":"product_tag-spiritueel-ontwaken","16":"product_tag-spiritueel-pad","17":"product_tag-spirituele-begeleiding","18":"product_tag-spirituele-draken","19":"product_tag-spirituele-meester","20":"product_tag-verlichting","21":"product_tag-werken-met-energie","23":"first","24":"instock","25":"shipping-taxable","26":"product-type-external"},"jetpack_sharing_enabled":true,"_links":{"self":[{"href":"https:\/\/alija.com.pl\/pl_pl\/wp-json\/wp\/v2\/product\/18836","targetHints":{"allow":["GET"]}}],"collection":[{"href":"https:\/\/alija.com.pl\/pl_pl\/wp-json\/wp\/v2\/product"}],"about":[{"href":"https:\/\/alija.com.pl\/pl_pl\/wp-json\/wp\/v2\/types\/product"}],"version-history":[{"count":1,"href":"https:\/\/alija.com.pl\/pl_pl\/wp-json\/wp\/v2\/product\/18836\/revisions"}],"predecessor-version":[{"id":18837,"href":"https:\/\/alija.com.pl\/pl_pl\/wp-json\/wp\/v2\/product\/18836\/revisions\/18837"}],"wp:featuredmedia":[{"embeddable":true,"href":"https:\/\/alija.com.pl\/pl_pl\/wp-json\/wp\/v2\/media\/18767"}],"wp:attachment":[{"href":"https:\/\/alija.com.pl\/pl_pl\/wp-json\/wp\/v2\/media?parent=18836"}],"wp:term":[{"taxonomy":"product_brand","embeddable":true,"href":"https:\/\/alija.com.pl\/pl_pl\/wp-json\/wp\/v2\/product_brand?post=18836"},{"taxonomy":"product_cat","embeddable":true,"href":"https:\/\/alija.com.pl\/pl_pl\/wp-json\/wp\/v2\/product_cat?post=18836"},{"taxonomy":"product_tag","embeddable":true,"href":"https:\/\/alija.com.pl\/pl_pl\/wp-json\/wp\/v2\/product_tag?post=18836"}],"curies":[{"name":"wp","href":"https:\/\/api.w.org\/{rel}","templated":true}]}}