{"id":18854,"date":"2024-07-08T06:11:43","date_gmt":"2024-07-08T06:11:43","guid":{"rendered":"https:\/\/alija.com.pl\/?post_type=product&#038;p=18854"},"modified":"2024-07-08T06:55:42","modified_gmt":"2024-07-08T06:55:42","slug":"alijas-drom-historien-om-uppvaknandet","status":"publish","type":"product","link":"https:\/\/alija.com.pl\/pl_pl\/product\/alijas-drom-historien-om-uppvaknandet\/","title":{"rendered":"Alijas dr\u00f6m &#8211; Historien om uppvaknandet"},"content":{"rendered":"<div class=\"wpb-content-wrapper\"><div data-vc-full-width=\"true\" data-vc-full-width-init=\"false\" data-vc-stretch-content=\"true\" class=\"vc_row wpb_row vc_row-fluid vc_row-o-equal-height vc_row-o-content-top vc_row-flex wd-rs-651017d3e10e9\"><div class=\"wpb_column vc_column_container vc_col-sm-2\"><div class=\"vc_column-inner\"><div class=\"wpb_wrapper\"><\/div><\/div><\/div><div class=\"wpb_column vc_column_container vc_col-sm-4\"><div class=\"vc_column-inner\"><div class=\"wpb_wrapper\">\n\t\t<div id=\"wd-668b84092e2fc\" class=\"title-wrapper wd-wpb set-mb-s reset-last-child  wd-rs-668b84092e2fc wd-title-color-default wd-title-style-default text-left  wd-underline-colored\">\n\t\t\t\n\t\t\t<div class=\"liner-continer\">\n\t\t\t\t<h4 class=\"woodmart-title-container title  wd-font-weight- wd-fontsize-l\" >Alijas dr\u00f6m - Historien om uppvaknandet<br \/>\nAlija Ariana Karima<\/h4>\n\t\t\t\t\t\t\t<\/div>\n\t\t\t\n\t\t\t\t\t\t\t<div class=\"title-after_title  set-cont-mb-s reset-last-child  wd-fontsize-xs\">``Alijas dr\u00f6m - Historien om uppvaknandet`` \u00e4r en bok f\u00f6r alla dem som befinner sig p\u00e5 en uppvaknande resa och s\u00f6ker svar p\u00e5 den viktigaste av fr\u00e5gor, vem jag \u00e4r. F\u00f6r dem som vill uppt\u00e4cka meningen med sin existens , som b\u00e4ttre vill f\u00f6rst\u00e5 sig sj\u00e4lva och hur de skapar verkligheten. Kanske k\u00e4nner de sig m\u00e4ttade av jordiska upplevelser och h\u00f6r redan sin sj\u00e4ls kallelse som inbjuder dem att uppt\u00e4cka sina djup.<br \/>\nN\u00e4r jag beskriver min egen process fr\u00e5n uppvaknande till upplysning visar jag de distinkta stadierna, utmaningarna och uppt\u00e4ckterna. Jag delar med mig av de ber\u00e4ttelser och den visdom som ledde mig till att minnas min sanna gudomliga natur. Detta \u00e4r en \u00e4rlig, inspirerande ber\u00e4ttelse om s\u00f6kandet efter den heliga Graal, som visade sig vara min egen sj\u00e4l.<br \/>\nJag skrev den f\u00f6r att alla ska kunna k\u00e4nna sin sanna natur, v\u00e4cka den M\u00e4stare de redan \u00e4r, l\u00e4mna sina begr\u00e4nsningar och b\u00f6rja leva av ren livsgl\u00e4dje.<br \/>\nP\u00e5 min resa mot upplysning \u00e5tf\u00f6ljdes jag av de Uppstigna M\u00e4starna Adamus Saint Germain, Tobias, Kuthumi och Kristalldraken. De kommer ocks\u00e5 att vara med dig under din l\u00e4sning.<\/div>\n\t\t\t\n\t\t\t\n\t\t<\/div>\n\t\t\n\t\t\n\t\t<div id=\"wd-668b8509c9fa4\" class=\"title-wrapper wd-wpb set-mb-s reset-last-child  wd-rs-668b8509c9fa4 wd-title-color-default wd-title-style-default text-left  wd-underline-colored\">\n\t\t\t\n\t\t\t<div class=\"liner-continer\">\n\t\t\t\t<h4 class=\"woodmart-title-container title  wd-font-weight- wd-fontsize-l\" >Vittnesm\u00e5l<\/h4>\n\t\t\t\t\t\t\t<\/div>\n\t\t\t\n\t\t\t\n\t\t\t\n\t\t<\/div>\n\t\t\n\t\t\t\t<div id=\"wd-668b852d5cddc\" class=\"wd-text-block wd-wpb reset-last-child wd-rs-668b852d5cddc text-left vc_custom_1720419642321\">\n\t\t\t<p class=\"Styl1\" style=\"margin-left: 18.0pt;\"><em>&#8222;En av de fem vackraste b\u00f6cker jag har l\u00e4st&#8221;. &#8211; Annette<\/em><\/p>\n<p><em>&#8222;Jag har l\u00e4st en ziljon b\u00f6cker om utveckling, andlighet och uppvaknande och den h\u00e4r \u00f6verraskade mig fortfarande. Jag kan inte slita mig fr\u00e5n den. Jag vet inte om det \u00e4r f\u00f6r att den \u00e4r skriven av min Vedic Art-l\u00e4rare och jag r\u00e5kar k\u00e4nna n\u00e5gra av de m\u00e4nniskor och h\u00e4ndelser som beskrivs h\u00e4r &#8211; att det \u00e4r d\u00e4rf\u00f6r den \u00e4r s\u00e5 bra att l\u00e4sa? \u00c4r det f\u00f6r att jag med varje cell i min kropp kan k\u00e4nna vad Alija skriver om? \u00c4r det f\u00f6r att jag dessutom kan titta p\u00e5 och beundra hennes m\u00e5lningar, som det finns m\u00e5nga av i boken? Men \u00e4r det det unika s\u00e4tt p\u00e5 vilket hon har formulerat temat Uppvaknande? \u00c4r det jag som befinner mig i ett annat skede igen? Eller kan man l\u00e4gga ihop allt? Faktum \u00e4r att jag tycker att boken \u00e4r lysande och jag \u00e4r oerh\u00f6rt tacksam f\u00f6r att den skrevs.&#8221; &#8211; Magdalena B.<\/em><\/p>\n<p><em>&#8222;Den h\u00e4r boken \u00e4r en uppenbarelse p\u00e5 alla s\u00e4tt och vis. Jag rekommenderar den till alla som \u00e4r p\u00e5 v\u00e4g mot uppvaknandet.&#8221;- Joanna K.<\/em><\/p>\n<p><em>&#8222;Jag l\u00e4ste den i ett andetag. Dina insikter \u00e4r fantastiska. Din bok p\u00e5pekade en hel del f\u00f6r mig. Underbart att du skrev det. Jag kommer att forts\u00e4tta komma tillbaka till det. &#8221; &#8211; Marzena<\/em><\/p>\n\t\t<\/div>\n\t\t<\/div><\/div><\/div><div class=\"wpb_column vc_column_container vc_col-sm-4\"><div class=\"vc_column-inner\"><div class=\"wpb_wrapper\">\n\t\t<div id=\"wd-668b84f6b9ca5\" class=\"title-wrapper wd-wpb set-mb-s reset-last-child  wd-rs-668b84f6b9ca5 wd-title-color-default wd-title-style-default text-left  wd-underline-colored\">\n\t\t\t\n\t\t\t<div class=\"liner-continer\">\n\t\t\t\t<h4 class=\"woodmart-title-container title  wd-font-weight- wd-fontsize-l\" >Beskrivning av boken<\/h4>\n\t\t\t\t\t\t\t<\/div>\n\t\t\t\n\t\t\t\n\t\t\t\n\t\t<\/div>\n\t\t\n\t\t\t\t<div id=\"wd-668b84381b0af\" class=\"wd-text-block wd-wpb reset-last-child wd-rs-668b84381b0af text-left vc_custom_1720419515136\">\n\t\t\t<div dir=\"auto\">\n<ul>\n<li>Boken finns tillg\u00e4nglig p\u00e5 nio spr\u00e5k p\u00e5 Amazon (tyska, franska, italienska, spanska, norska, nederl\u00e4ndska, svenska, subtuguese och japanska)<\/li>\n<li>Bok- eller e-boksversion<\/li>\n<li>E-boksversionen inneh\u00e5ller mer \u00e4n 100 bilder av sj\u00e4len<\/li>\n<li>Andra versioner \u00e4r under f\u00f6rberedelse (engelska, ryska, tjeckiska, rum\u00e4nska, kinesiska)<\/li>\n<\/ul>\n<\/div>\n\t\t<\/div>\n\t\t\n\t\t<div id=\"wd-668b8544ee1c9\" class=\"title-wrapper wd-wpb set-mb-s reset-last-child  wd-rs-668b8544ee1c9 wd-title-color-default wd-title-style-default text-left  wd-underline-colored\">\n\t\t\t\n\t\t\t<div class=\"liner-continer\">\n\t\t\t\t<h4 class=\"woodmart-title-container title  wd-font-weight- wd-fontsize-l\" >Se<\/h4>\n\t\t\t\t\t\t\t<\/div>\n\t\t\t\n\t\t\t\n\t\t\t\n\t\t<\/div>\n\t\t\n\t\t\t\t<div id=\"wd-667296ae3e524\" class=\"wd-text-block wd-wpb reset-last-child wd-rs-667296ae3e524 text-left vc_custom_1718785717395\">\n\t\t\t<div dir=\"auto\">\n<p><iframe title=\"Ksi\u0105\u017cka o przebudzeniu - &quot;Sen Aliji&quot; Ariany Karimy\" width=\"500\" height=\"281\" src=\"https:\/\/www.youtube.com\/embed\/F4ZSyn94TCo?feature=oembed\" frameborder=\"0\" allow=\"accelerometer; autoplay; clipboard-write; encrypted-media; gyroscope; picture-in-picture; web-share\" referrerpolicy=\"strict-origin-when-cross-origin\" allowfullscreen><\/iframe><\/p>\n<\/div>\n\t\t<\/div>\n\t\t<\/div><\/div><\/div><div class=\"wpb_column vc_column_container vc_col-sm-2\"><div class=\"vc_column-inner\"><div class=\"wpb_wrapper\"><\/div><\/div><\/div><\/div><div class=\"vc_row-full-width vc_clearfix\"><\/div><div data-vc-full-width=\"true\" data-vc-full-width-init=\"false\" data-vc-stretch-content=\"true\" class=\"vc_row wpb_row vc_row-fluid vc_row-o-equal-height vc_row-o-content-top vc_row-flex wd-rs-651017d3e10e9\"><div class=\"wpb_column vc_column_container vc_col-sm-2\"><div class=\"vc_column-inner\"><div class=\"wpb_wrapper\"><\/div><\/div><\/div><div class=\"wpb_column vc_column_container vc_col-sm-8\"><div class=\"vc_column-inner\"><div class=\"wpb_wrapper\">\n\t\t<div id=\"wd-668b85d7d9384\" class=\"title-wrapper wd-wpb set-mb-s reset-last-child  wd-rs-668b85d7d9384 wd-title-color-default wd-title-style-default text-left  wd-underline-colored\">\n\t\t\t\n\t\t\t<div class=\"liner-continer\">\n\t\t\t\t<h4 class=\"woodmart-title-container title  wd-font-weight- wd-fontsize-l\" >Vad handlar den h\u00e4r boken om?<\/h4>\n\t\t\t\t\t\t\t<\/div>\n\t\t\t\n\t\t\t\n\t\t\t\n\t\t<\/div>\n\t\t\n\t\t<\/div><\/div><\/div><\/div><div class=\"vc_row-full-width vc_clearfix\"><\/div><div class=\"vc_row wpb_row vc_row-fluid\"><div class=\"wpb_column vc_column_container vc_col-sm-12\"><div class=\"vc_column-inner\"><div class=\"wpb_wrapper\"><\/div><\/div><\/div><\/div><div data-vc-full-width=\"true\" data-vc-full-width-init=\"false\" data-vc-stretch-content=\"true\" class=\"vc_row wpb_row vc_row-fluid vc_row-o-equal-height vc_row-o-content-top vc_row-flex wd-rs-651017d3e10e9\"><div class=\"wpb_column vc_column_container vc_col-sm-2\"><div class=\"vc_column-inner\"><div class=\"wpb_wrapper\"><\/div><\/div><\/div><div class=\"wpb_column vc_column_container vc_col-sm-4\"><div class=\"vc_column-inner\"><div class=\"wpb_wrapper\">\n\t\t<div id=\"wd-668b87cfe6089\" class=\"title-wrapper wd-wpb set-mb-s reset-last-child  wd-rs-668b87cfe6089 wd-title-color-default wd-title-style-default text-left  wd-title-empty wd-underline-colored\">\n\t\t\t\n\t\t\t<div class=\"liner-continer\">\n\t\t\t\t<h4 class=\"woodmart-title-container title  wd-font-weight- wd-fontsize-l\" ><\/h4>\n\t\t\t\t\t\t\t<\/div>\n\t\t\t\n\t\t\t\t\t\t\t<div class=\"title-after_title  set-cont-mb-s reset-last-child  wd-fontsize-xs\">Alla har n\u00e5gon g\u00e5ng i livet b\u00f6rjat k\u00e4nna med hela sitt v\u00e4sen att de inte kommer att finna tillfredsst\u00e4llelse i denna v\u00e4rld, eftersom ingenting h\u00e4r \u00e4r permanent. De goda stunderna passerar och vi k\u00e4nner \u00e5ter tomhet och en obeskrivlig l\u00e4ngtan.<br \/>\nD\u00e5 b\u00f6rjar uppvaknandet. Det kan ta m\u00e5nga \u00e5r eller till och med m\u00e5nga livstider. \u00c5tminstone verkar det s\u00e5 f\u00f6r en person som lever i illusionen av tid och rum. Men du m\u00e5ste veta att din och min resa, fr\u00e5n hur vi kom hit till v\u00e5r \u00e5terkomst till Hemmet, redan har avslutats och varat ett \u00f6gonblick ur tiden. Jag kommer att ber\u00e4tta allt f\u00f6r dig. Du beh\u00f6ver inte f\u00f6rst\u00e5 det nu.<br \/>\nSlappna av. Om du \u00f6nskar frihet mest i v\u00e4rlden s\u00e5 kan du slutf\u00f6ra din cykel i det h\u00e4r livet. Fr\u00e5n det \u00f6gonblick du v\u00e4ljer frihet och det blir drivkraften i ditt liv, kan du vara s\u00e4ker p\u00e5 att du \u00e4r i h\u00e4nderna p\u00e5 din sj\u00e4l, m\u00e4staren som kommer att v\u00e4gleda dig till den. Han kommer att v\u00e4cka dig ur denna dr\u00f6m som kallas livet f\u00f6rsiktigt, alltid i din takt, p\u00e5 ett s\u00e4tt som \u00e4r individuellt anpassat f\u00f6r dig. Han kommer att tala med ord som du f\u00f6rst\u00e5r, han kommer att anv\u00e4nda symboler och verktyg fr\u00e5n denna overkliga v\u00e4rld f\u00f6r att steg f\u00f6r steg leda dig ut ur alla illusioner.<br \/>\nVad handlar den h\u00e4r boken om?<br \/>\nDen h\u00e4r boken \u00e4r en redog\u00f6relse f\u00f6r min egen resa i detta m\u00e4nniskolivets sista skede. Jag delar med mig av h\u00e4ndelser som jag upplevt som avg\u00f6rande p\u00e5 min minnesresa. Det \u00e4r ett slags andligt CV. Det kommer att finnas ber\u00e4ttelser i den som \u00e4r essensen av livets egen magi ur medvetandets perspektiv som leker med dess skapelse. I dag kan jag se sk\u00f6nheten i alla upplevelser eftersom jag vet att var och en av dem i slut\u00e4ndan ledde mig till frihet.<\/div>\n\t\t\t\n\t\t\t\n\t\t<\/div>\n\t\t\n\t\t\n\t<div class=\"wpb_text_column wpb_content_element\" >\n\t\t<div class=\"wpb_wrapper\">\n\t\t\t<p><strong>H\u00e4r \u00e4r n\u00e5gra av de \u00e4mnen som behandlas:<\/strong><\/p>\n<p>&#8211; Stadierna och utmaningarna i processen fr\u00e5n uppvaknande till upplysning<br \/>\n&#8211; V\u00e5rt ursprung och v\u00e4rldens ursprung<br \/>\n&#8211; Varf\u00f6r \u00e4r vi h\u00e4r?<br \/>\n&#8211; Vad \u00e4r energi och medvetande<br \/>\n&#8211; Hur skapar vi verkligheten<br \/>\n&#8211; Illusionen av tid och rum<br \/>\n&#8211; Reinkarnation<br \/>\n&#8211; Ayahuasca<br \/>\n&#8211; Energispel<br \/>\n&#8211; Frig\u00f6rande av f\u00f6rf\u00e4der, betingning, karma<br \/>\n&#8211; L\u00e4kande process<br \/>\n&#8211; Integration av aspekter<br \/>\n&#8211; Integrering av den lysande kroppen<br \/>\n&#8211; Drakar och Uppstigna M\u00e4stare<br \/>\n&#8211; Acceptans, Tillit, Visdom och K\u00e4rlek<br \/>\n&#8211; Att uppleva sig sj\u00e4lv som rent medvetande<br \/>\n&#8211; Upplysning<\/p>\n\n\t\t<\/div>\n\t<\/div>\n<\/div><\/div><\/div><div class=\"wpb_column vc_column_container vc_col-sm-4\"><div class=\"vc_column-inner\"><div class=\"wpb_wrapper\">\n\t\t<div id=\"wd-668b87e99988f\" class=\"title-wrapper wd-wpb set-mb-s reset-last-child  wd-rs-668b87e99988f wd-title-color-default wd-title-style-default text-left  wd-title-empty wd-underline-colored\">\n\t\t\t\n\t\t\t<div class=\"liner-continer\">\n\t\t\t\t<h4 class=\"woodmart-title-container title  wd-font-weight- wd-fontsize-l\" ><\/h4>\n\t\t\t\t\t\t\t<\/div>\n\t\t\t\n\t\t\t\t\t\t\t<div class=\"title-after_title  set-cont-mb-s reset-last-child  wd-fontsize-xs\"><\/p>\n<p>F\u00f6r att skriva ner den h\u00e4r ber\u00e4ttelsen tog jag fram de dagb\u00f6cker som jag har skrivit i hela mitt liv. Det jag k\u00e4nde n\u00e4r jag \u00f6ppnade dem igen \u00e4r obeskrivligt. Enorma k\u00e4nslor, tacksamhet och ofta \u00e4ven f\u00f6rv\u00e5ning. F\u00f6r jag s\u00e5g hur jag hade v\u00e4glett mig sj\u00e4lv hela livet f\u00f6r att uppfylla det l\u00f6fte om frihet som jag hade gett mig sj\u00e4lv. Denna v\u00e4gledning kom i form av l\u00e4rare, partners, b\u00f6cker, men inte bara. Varje person jag m\u00f6tte p\u00e5 min v\u00e4g var en spegel s\u00e5 att jag kunde l\u00e4ra k\u00e4nna mig sj\u00e4lv b\u00e4ttre. I \u00f6gonblicket av min insikt s\u00e5g jag v\u00e4rlden som den \u00e4r, jag s\u00e5g mig sj\u00e4lv i allt som \u00e4r. Pusslen f\u00f6ll p\u00e5 plats i en helhetsbild och en otrolig frid infann sig i mig. Vilken dr\u00f6m det var! t\u00e4nkte jag.<br \/>\nS\u00e5 jag ska ber\u00e4tta om min dr\u00f6m, s\u00e5 som den har setts och upplevts av m\u00e4nniskan. Jag kommer inte bara att dela med mig av ber\u00e4ttelserna, utan ocks\u00e5 av den visdom som kom till mig. Jag har v\u00e4vt in den mellan raderna och skrivit ner dess essens i den andra delen av boken, som handlar om slutet p\u00e5 mitt uppvaknande. Under denna sista period framtr\u00e4dde de upplysta m\u00e4starna: Tobias, Adamus Saint Germain och min personliga drake. De var de som hj\u00e4lpte mig att ta farv\u00e4l av de sista illusionerna och att r\u00e4ta upp min syn p\u00e5 mig sj\u00e4lv och v\u00e4rlden. Yeshua (med andra ord Jesus) kom ocks\u00e5 m\u00e5nga g\u00e5nger, fr\u00e4mst med l\u00e4rdomar i form av en ``Kurs i mirakler``.<br \/>\nJag kommer att f\u00f6rs\u00f6ka f\u00e5nga essensen av den rika visdom som finns om uppvaknandet till upplysning i den h\u00e4r boken. Detta kommer att vara mitt personliga perspektiv, eftersom alla har sin egen unika v\u00e4g till uppvaknande.<br \/>\nJag inbjuder dig att f\u00f6lja med mig p\u00e5 denna resa!<\/div>\n\t\t\t\n\t\t\t\n\t\t<\/div>\n\t\t\n\t\t\n\t\t\t<div class=\"author-area set-mb-m reset-last-child text-left color-scheme-dark  wd-rs-668b88018c77e \">\n\n\t\t\t\t\t\t\t\t\t<h3 class=\"title author-title\">\n\t\t\t\t\t\tAuteur\t\t\t\t\t<\/h3>\n\t\t\t\t\n\t\t\t\t\t\t\t\t\t<div class=\"author-avatar\">\n\t\t\t\t\t\t<img fetchpriority=\"high\" decoding=\"async\" width=\"648\" height=\"600\" src=\"https:\/\/alija.com.pl\/wp-content\/uploads\/2024\/06\/alija-na-alija.com_.pl1_.jpg\" class=\"author-area-image\" alt=\"\" srcset=\"https:\/\/alija.com.pl\/wp-content\/uploads\/2024\/06\/alija-na-alija.com_.pl1_.jpg 772w, https:\/\/alija.com.pl\/wp-content\/uploads\/2024\/06\/alija-na-alija.com_.pl1_-324x300.jpg 324w, https:\/\/alija.com.pl\/wp-content\/uploads\/2024\/06\/alija-na-alija.com_.pl1_-768x711.jpg 768w, https:\/\/alija.com.pl\/wp-content\/uploads\/2024\/06\/alija-na-alija.com_.pl1_-13x12.jpg 13w, https:\/\/alija.com.pl\/wp-content\/uploads\/2024\/06\/alija-na-alija.com_.pl1_-700x648.jpg 700w, https:\/\/alija.com.pl\/wp-content\/uploads\/2024\/06\/alija-na-alija.com_.pl1_-500x463.jpg 500w\" sizes=\"(max-width: 648px) 100vw, 648px\" \/>\t\t\t\t\t<\/div>\n\t\t\t\t\n\t\t\t\t\t\t\t\t\t<h4 class=\"title author-name\">\n\t\t\t\t\t\tAlija Ariana Karima\t\t\t\t\t<\/h4>\n\t\t\t\t\n\t\t\t\t\t\t\t\t\t<div class=\"author-area-info\">\n\t\t\t\t\t\t<\/p>\n<p>F\u00f6rfattare till den andliga uppvakningsboken &#8222;Alijas dr\u00f6m &#8211; en ber\u00e4ttelse om uppvaknande&#8221;, som nu finns utgiven p\u00e5 14 spr\u00e5k. Alija \u00e4r en andlig guide, sj\u00e4lsm\u00e5lare, healer, pionj\u00e4r inom kurser i Vedic Art-m\u00e5lning i Polen, Soul Body Fusion-ut\u00f6vare och l\u00e4rare, talare och resen\u00e4r. Privat \u00e4r hon en lycklig mamma som \u00e4lskar livets magi.<br \/>\nHennes arbete och hennes aktiviteter har som tema: Frihet, f\u00f6rverkligande, sj\u00e4lvk\u00e4nnedom, sj\u00e4lsuttryck.\t\t\t\t\t<\/div>\n\t\t\t\t\n\t\t\t\t\n\t\t\t<\/div>\n\n\t\t<\/div><\/div><\/div><div class=\"wpb_column vc_column_container vc_col-sm-2\"><div class=\"vc_column-inner\"><div class=\"wpb_wrapper\"><\/div><\/div><\/div><\/div><div class=\"vc_row-full-width vc_clearfix\"><\/div>\n<\/div>","protected":false},"excerpt":{"rendered":"<p>Jag bjuder in dig till min v\u00e4rld. Jag ska ber\u00e4tta min historia, historien om Ariana som, precis som du, har \u00e5terf\u00f6tts mer \u00e4n tusen g\u00e5nger. Hon l\u00e4ngtade efter att f\u00e5 leka med livet, att f\u00e5 m\u00e4tta sig med det, att f\u00e5 uppleva allt som finns att uppleva. Tills hon, i det d\u00e4r speciella livet, en dag h\u00f6rde sin sj\u00e4l ropa &#8222;Det \u00e4r dags, det \u00e4r dags att vakna&#8221; och hon l\u00e4ngtade av hela sitt hj\u00e4rta efter att bli fri.<\/p>\n<h2>L\u00e4s<\/h2>\n<div class=\"_df_thumb \" id=\"df_18857\"  _slug=\"alijas-drom-historien-om-uppvaknandet\" data-title=\"alijas-drom-historien-om-uppvaknandet\" wpoptions=\"true\" thumb=\"https:\/\/alija.com.pl\/wp-content\/uploads\/2024\/07\/szwedzka-okladka-senaliji.jpg\" thumbtype=\"\" >Alijas dr\u00f6m &#8211; Historien om uppvaknandet<\/div>\n<p><script class=\"df-shortcode-script\" nowprocket type=\"application\/javascript\">window.option_df_18857 = {\"outline\":[],\"autoEnableOutline\":\"false\",\"autoEnableThumbnail\":\"false\",\"overwritePDFOutline\":\"false\",\"direction\":\"1\",\"pageSize\":\"0\",\"source\":\"https:\\\/\\\/alija.com.pl\\\/wp-content\\\/uploads\\\/2024\\\/07\\\/SZWEDZKI-SEN-KSIAZKA-\\u2014-na-senaliji.pdf\",\"wpOptions\":\"true\"}; if(window.DFLIP &#038;& window.DFLIP.parseBooks){window.DFLIP.parseBooks();}<\/script><\/p>\n","protected":false},"featured_media":18855,"template":"","meta":[],"product_brand":[],"product_cat":[195],"product_tag":[1345,1347,1352,1348,1346,1349,1351,1350,1354,1353],"class_list":{"0":"post-18854","1":"product","2":"type-product","3":"status-publish","4":"has-post-thumbnail","6":"product_cat-sen-aliji","7":"product_tag-alijas-drom-historien-om-uppvaknandet","8":"product_tag-andligt-uppvaknande","9":"product_tag-bok-om-andligt-uppvaknande","10":"product_tag-forverkligande","11":"product_tag-historien-om-uppvaknandet","12":"product_tag-medvetenhet","13":"product_tag-sjalvforverkligande","14":"product_tag-sjalvkannedom","15":"product_tag-upplysning","16":"product_tag-uppstigna-mastare","18":"first","19":"instock","20":"shipping-taxable","21":"product-type-external"},"jetpack_sharing_enabled":true,"_links":{"self":[{"href":"https:\/\/alija.com.pl\/pl_pl\/wp-json\/wp\/v2\/product\/18854","targetHints":{"allow":["GET"]}}],"collection":[{"href":"https:\/\/alija.com.pl\/pl_pl\/wp-json\/wp\/v2\/product"}],"about":[{"href":"https:\/\/alija.com.pl\/pl_pl\/wp-json\/wp\/v2\/types\/product"}],"version-history":[{"count":4,"href":"https:\/\/alija.com.pl\/pl_pl\/wp-json\/wp\/v2\/product\/18854\/revisions"}],"predecessor-version":[{"id":18862,"href":"https:\/\/alija.com.pl\/pl_pl\/wp-json\/wp\/v2\/product\/18854\/revisions\/18862"}],"wp:featuredmedia":[{"embeddable":true,"href":"https:\/\/alija.com.pl\/pl_pl\/wp-json\/wp\/v2\/media\/18855"}],"wp:attachment":[{"href":"https:\/\/alija.com.pl\/pl_pl\/wp-json\/wp\/v2\/media?parent=18854"}],"wp:term":[{"taxonomy":"product_brand","embeddable":true,"href":"https:\/\/alija.com.pl\/pl_pl\/wp-json\/wp\/v2\/product_brand?post=18854"},{"taxonomy":"product_cat","embeddable":true,"href":"https:\/\/alija.com.pl\/pl_pl\/wp-json\/wp\/v2\/product_cat?post=18854"},{"taxonomy":"product_tag","embeddable":true,"href":"https:\/\/alija.com.pl\/pl_pl\/wp-json\/wp\/v2\/product_tag?post=18854"}],"curies":[{"name":"wp","href":"https:\/\/api.w.org\/{rel}","templated":true}]}}