{"id":18863,"date":"2024-07-08T06:34:55","date_gmt":"2024-07-08T06:34:55","guid":{"rendered":"https:\/\/alija.com.pl\/?post_type=product&#038;p=18863"},"modified":"2024-07-08T06:53:36","modified_gmt":"2024-07-08T06:53:36","slug":"o-sonho-de-aliya-uma-historia-de-despertar","status":"publish","type":"product","link":"https:\/\/alija.com.pl\/pl_pl\/product\/o-sonho-de-aliya-uma-historia-de-despertar\/","title":{"rendered":"O sonho de Aliya &#8211; Uma hist\u00f3ria de despertar"},"content":{"rendered":"<div class=\"wpb-content-wrapper\"><div data-vc-full-width=\"true\" data-vc-full-width-init=\"false\" data-vc-stretch-content=\"true\" class=\"vc_row wpb_row vc_row-fluid vc_row-o-equal-height vc_row-o-content-top vc_row-flex wd-rs-651017d3e10e9\"><div class=\"wpb_column vc_column_container vc_col-sm-2\"><div class=\"vc_column-inner\"><div class=\"wpb_wrapper\"><\/div><\/div><\/div><div class=\"wpb_column vc_column_container vc_col-sm-4\"><div class=\"vc_column-inner\"><div class=\"wpb_wrapper\">\n\t\t<div id=\"wd-668b89b3e826e\" class=\"title-wrapper wd-wpb set-mb-s reset-last-child  wd-rs-668b89b3e826e wd-title-color-default wd-title-style-default text-left  wd-underline-colored\">\n\t\t\t\n\t\t\t<div class=\"liner-continer\">\n\t\t\t\t<h4 class=\"woodmart-title-container title  wd-font-weight- wd-fontsize-l\" >O sonho de Aliya - Uma hist\u00f3ria de despertar<br \/>\nAlija Ariana Karima<\/h4>\n\t\t\t\t\t\t\t<\/div>\n\t\t\t\n\t\t\t\t\t\t\t<div class=\"title-after_title  set-cont-mb-s reset-last-child  wd-fontsize-xs\">``O Sonho de Aliya - Uma Hist\u00f3ria de Despertar`` \u00e9 um livro para todos aqueles que est\u00e3o numa viagem de despertar, procurando respostas para a mais importante das quest\u00f5es, quem sou eu. Para aqueles que querem descobrir o sentido da sua exist\u00eancia, que querem compreender-se melhor a si pr\u00f3prios, a forma como criam a realidade. Talvez se sintam saturados pelas experi\u00eancias terrenas e j\u00e1 ou\u00e7am o apelo da sua Alma que os convida a descobrir as suas profundezas.<br \/>\nAo descrever o meu pr\u00f3prio processo de despertar para a ilumina\u00e7\u00e3o, mostro as diferentes etapas, desafios e descobertas. Partilho as hist\u00f3rias e a sabedoria que me levaram a recordar a minha verdadeira natureza divina. Esta \u00e9 uma hist\u00f3ria honesta e inspiradora sobre a busca do Santo Graal, que acabou por ser a minha pr\u00f3pria Alma.<br \/>\nEscrevi-a para que todos possam conhecer a sua verdadeira natureza, despertar o Mestre que j\u00e1 s\u00e3o, deixar as suas limita\u00e7\u00f5es e come\u00e7ar a viver pela pura alegria da vida.<br \/>\nNa minha jornada para a ilumina\u00e7\u00e3o, fui acompanhado pelos Mestres Ascensos Adamus Saint Germain, Tobias, Kuthumi e o Drag\u00e3o de Cristal. Eles tamb\u00e9m estar\u00e3o consigo durante a sua leitura.<br \/>\n<\/div>\n\t\t\t\n\t\t\t\n\t\t<\/div>\n\t\t\n\t\t\n\t\t<div id=\"wd-668b8af238cb7\" class=\"title-wrapper wd-wpb set-mb-s reset-last-child  wd-rs-668b8af238cb7 wd-title-color-default wd-title-style-default text-left  wd-underline-colored\">\n\t\t\t\n\t\t\t<div class=\"liner-continer\">\n\t\t\t\t<h4 class=\"woodmart-title-container title  wd-font-weight- wd-fontsize-l\" >Testemunhos<br \/>\n<\/h4>\n\t\t\t\t\t\t\t<\/div>\n\t\t\t\n\t\t\t\n\t\t\t\n\t\t<\/div>\n\t\t\n\t\t\t\t<div id=\"wd-668b89ffa20be\" class=\"wd-text-block wd-wpb reset-last-child wd-rs-668b89ffa20be text-left vc_custom_1720420874257\">\n\t\t\t<div dir=\"auto\">\n<p class=\"Styl1\"><em>&#8222;Um dos cinco livros mais bonitos que j\u00e1 li&#8221;. &#8211; Annette<\/em><\/p>\n<p><em>&#8222;J\u00e1 li um zili\u00e3o de livros sobre desenvolvimento, espiritualidade e despertar e este continua a surpreender-me. N\u00e3o consigo afastar-me dele. N\u00e3o sei se \u00e9 por ter sido escrito pelo meu professor de Arte V\u00e9dica e por eu conhecer algumas das pessoas e acontecimentos aqui descritos &#8211; \u00e9 por isso que \u00e9 uma leitura t\u00e3o boa? Ser\u00e1 porque consigo sentir com cada c\u00e9lula do meu corpo aquilo sobre o que Alija est\u00e1 a escrever? Ser\u00e1 que, para al\u00e9m disso, posso olhar e admirar os seus quadros, que s\u00e3o muitos no livro? Mas ser\u00e1 que \u00e9 a forma \u00fanica como ela enquadrou o tema do Despertar? Ser\u00e1 que estou novamente numa fase diferente? Ou ser\u00e1 que se pode juntar tudo? O facto \u00e9 que acho que o livro \u00e9 brilhante e estou imensamente grata por t\u00ea-lo escrito.&#8221; &#8211; Magdalena B.<\/em><\/p>\n<p><em>&#8222;Este livro \u00e9 revelador em todos os sentidos. Recomendo-o a qualquer pessoa no caminho do despertar.&#8221;- Joanna K.<\/em><\/p>\n<p><em>&#8222;Li-o de uma s\u00f3 vez. As suas ideias s\u00e3o espantosas. O seu livro chamou-me a aten\u00e7\u00e3o para muita coisa. \u00c9 maravilhoso que o tenha escrito. Voltarei sempre a ele. &#8221; &#8211; Marzena<\/em><\/p>\n<\/div>\n\t\t<\/div>\n\t\t<\/div><\/div><\/div><div class=\"wpb_column vc_column_container vc_col-sm-4\"><div class=\"vc_column-inner\"><div class=\"wpb_wrapper\">\n\t\t<div id=\"wd-668b8a50a8f71\" class=\"title-wrapper wd-wpb set-mb-s reset-last-child  wd-rs-668b8a50a8f71 wd-title-color-default wd-title-style-default text-left  wd-underline-colored\">\n\t\t\t\n\t\t\t<div class=\"liner-continer\">\n\t\t\t\t<h4 class=\"woodmart-title-container title  wd-font-weight- wd-fontsize-l\" >Descri\u00e7\u00e3o:<\/h4>\n\t\t\t\t\t\t\t<\/div>\n\t\t\t\n\t\t\t\n\t\t\t\n\t\t<\/div>\n\t\t\n\t\t\t\t<div id=\"wd-668b8a7f2bcd1\" class=\"wd-text-block wd-wpb reset-last-child wd-rs-668b8a7f2bcd1 text-left vc_custom_1720421087721\">\n\t\t\t<div dir=\"auto\">\n<ul>\n<li>O livro est\u00e1 dispon\u00edvel em 9 l\u00ednguas na Amazon (alem\u00e3o, franc\u00eas, italiano, espanhol, noruegu\u00eas, szwedzki, portugalski, neerland\u00eas e japon\u00eas)<\/li>\n<li>Vers\u00e3o livro ou e-book<\/li>\n<li>A vers\u00e3o e-book cont\u00e9m mais de 100 imagens de anime.<\/li>\n<li>Est\u00e3o a ser preparadas outras vers\u00f5es (ingl\u00eas, russo, checo, romeno, chin\u00eas)<\/li>\n<\/ul>\n<\/div>\n\t\t<\/div>\n\t\t\n\t\t<div id=\"wd-668b8b0354c7f\" class=\"title-wrapper wd-wpb set-mb-s reset-last-child  wd-rs-668b8b0354c7f wd-title-color-default wd-title-style-default text-left  wd-underline-colored\">\n\t\t\t\n\t\t\t<div class=\"liner-continer\">\n\t\t\t\t<h4 class=\"woodmart-title-container title  wd-font-weight- wd-fontsize-l\" >Ver<br \/>\n<\/h4>\n\t\t\t\t\t\t\t<\/div>\n\t\t\t\n\t\t\t\n\t\t\t\n\t\t<\/div>\n\t\t\n\t\t\t\t<div id=\"wd-667296ae3e524\" class=\"wd-text-block wd-wpb reset-last-child wd-rs-667296ae3e524 text-left vc_custom_1718785717395\">\n\t\t\t<div dir=\"auto\">\n<p><iframe title=\"Ksi\u0105\u017cka o przebudzeniu - &quot;Sen Aliji&quot; Ariany Karimy\" width=\"500\" height=\"281\" src=\"https:\/\/www.youtube.com\/embed\/F4ZSyn94TCo?feature=oembed\" frameborder=\"0\" allow=\"accelerometer; autoplay; clipboard-write; encrypted-media; gyroscope; picture-in-picture; web-share\" referrerpolicy=\"strict-origin-when-cross-origin\" allowfullscreen><\/iframe><\/p>\n<\/div>\n\t\t<\/div>\n\t\t<\/div><\/div><\/div><div class=\"wpb_column vc_column_container vc_col-sm-2\"><div class=\"vc_column-inner\"><div class=\"wpb_wrapper\"><\/div><\/div><\/div><\/div><div class=\"vc_row-full-width vc_clearfix\"><\/div><div data-vc-full-width=\"true\" data-vc-full-width-init=\"false\" data-vc-stretch-content=\"true\" class=\"vc_row wpb_row vc_row-fluid vc_row-o-equal-height vc_row-o-content-top vc_row-flex wd-rs-651017d3e10e9\"><div class=\"wpb_column vc_column_container vc_col-sm-2\"><div class=\"vc_column-inner\"><div class=\"wpb_wrapper\"><\/div><\/div><\/div><div class=\"wpb_column vc_column_container vc_col-sm-8\"><div class=\"vc_column-inner\"><div class=\"wpb_wrapper\">\n\t\t<div id=\"wd-668b8b1148c52\" class=\"title-wrapper wd-wpb set-mb-s reset-last-child  wd-rs-668b8b1148c52 wd-title-color-default wd-title-style-default text-left  wd-underline-colored\">\n\t\t\t\n\t\t\t<div class=\"liner-continer\">\n\t\t\t\t<h4 class=\"woodmart-title-container title  wd-font-weight- wd-fontsize-l\" >De que trata este livro?<\/h4>\n\t\t\t\t\t\t\t<\/div>\n\t\t\t\n\t\t\t\n\t\t\t\n\t\t<\/div>\n\t\t\n\t\t<\/div><\/div><\/div><\/div><div class=\"vc_row-full-width vc_clearfix\"><\/div><div class=\"vc_row wpb_row vc_row-fluid\"><div class=\"wpb_column vc_column_container vc_col-sm-12\"><div class=\"vc_column-inner\"><div class=\"wpb_wrapper\"><\/div><\/div><\/div><\/div><div data-vc-full-width=\"true\" data-vc-full-width-init=\"false\" data-vc-stretch-content=\"true\" class=\"vc_row wpb_row vc_row-fluid vc_row-o-equal-height vc_row-o-content-top vc_row-flex wd-rs-651017d3e10e9\"><div class=\"wpb_column vc_column_container vc_col-sm-2\"><div class=\"vc_column-inner\"><div class=\"wpb_wrapper\"><\/div><\/div><\/div><div class=\"wpb_column vc_column_container vc_col-sm-4\"><div class=\"vc_column-inner\"><div class=\"wpb_wrapper\">\n\t\t<div id=\"wd-668b8a23f0e77\" class=\"title-wrapper wd-wpb set-mb-s reset-last-child  wd-rs-668b8a23f0e77 wd-title-color-default wd-title-style-default text-left  wd-title-empty wd-underline-colored\">\n\t\t\t\n\t\t\t<div class=\"liner-continer\">\n\t\t\t\t<h4 class=\"woodmart-title-container title  wd-font-weight- wd-fontsize-l\" ><\/h4>\n\t\t\t\t\t\t\t<\/div>\n\t\t\t\n\t\t\t\t\t\t\t<div class=\"title-after_title  set-cont-mb-s reset-last-child  wd-fontsize-xs\">Toda a gente tem um momento na vida em que come\u00e7a a sentir com todo o seu ser que n\u00e3o vai encontrar realiza\u00e7\u00e3o neste mundo, porque nada aqui \u00e9 permanente. Os bons momentos passam e voltamos a sentir um vazio e uma saudade indescrit\u00edvel.<br \/>\n\u00c9 ent\u00e3o que come\u00e7a o despertar. Pode durar muitos anos ou mesmo muitas vidas. Pelo menos, \u00e9 o que parece a uma pessoa que vive na ilus\u00e3o do tempo e do espa\u00e7o. Mas tens de saber que a tua viagem e a minha, desde que cheg\u00e1mos aqui at\u00e9 ao nosso regresso a Casa, j\u00e1 terminou e durou um momento fora do tempo. Vou contar-te tudo. N\u00e3o precisas de compreender agora.<br \/>\nRelaxa. Se mais desejas a liberdade no mundo e podes completar o teu ciclo nesta vida. A partir do momento em que escolheres a liberdade e ela se tornar a for\u00e7a motriz da tua vida, tem a certeza de que est\u00e1s nas m\u00e3os da tua Alma, o Mestre que te guiar\u00e1 at\u00e9 ela. Ele despertar-vos-\u00e1 deste sonho chamado vida, suavemente, sempre ao vosso ritmo, de uma forma individualizada para v\u00f3s. Falar\u00e1 com palavras que compreender\u00e1s, utilizar\u00e1 s\u00edmbolos e ferramentas deste mundo irreal para te conduzir passo a passo para fora de todas as ilus\u00f5es.<br \/>\nDe que trata este livro?<br \/>\nEste livro \u00e9 um registo da minha pr\u00f3pria viagem ao fim da vida humana. Partilho acontecimentos que me pareceram cruciais na minha viagem de recorda\u00e7\u00e3o. \u00c9 uma esp\u00e9cie de curr\u00edculo espiritual. Nele haver\u00e1 hist\u00f3rias que s\u00e3o a ess\u00eancia da magia da pr\u00f3pria vida, na perspetiva da consci\u00eancia que brinca com a sua cria\u00e7\u00e3o. Hoje, consigo ver a beleza de todas as experi\u00eancias porque sei que cada uma delas acabou por me conduzir \u00e0 liberdade.<br \/>\n<\/div>\n\t\t\t\n\t\t\t\n\t\t<\/div>\n\t\t\n\t\t\n\t<div class=\"wpb_text_column wpb_content_element\" >\n\t\t<div class=\"wpb_wrapper\">\n\t\t\t<p class=\"Styl1\"><strong>Eis alguns dos temas abordados:<\/strong><\/p>\n<p>&#8211; As etapas e os desafios do processo de despertar para a ilumina\u00e7\u00e3o<br \/>\n&#8211; A g\u00e9nese da nossa origem e a origem do mundo<br \/>\n&#8211; Porque \u00e9 que estamos aqui?<br \/>\n&#8211; O que \u00e9 a energia e a consci\u00eancia<br \/>\n&#8211; Como \u00e9 que criamos a realidade<br \/>\n&#8211; A ilus\u00e3o do tempo e do espa\u00e7o<br \/>\n&#8211; A reencarna\u00e7\u00e3o<br \/>\n&#8211; Ayahuasca<br \/>\n&#8211; Jogos energ\u00e9ticos<br \/>\n&#8211; Liberta\u00e7\u00e3o de antepassados, condicionamentos, karma<br \/>\n&#8211; Processo de cura<br \/>\n&#8211; Integra\u00e7\u00e3o dos aspectos<br \/>\n&#8211; Integra\u00e7\u00e3o do corpo luminoso<br \/>\n&#8211; Drag\u00f5es e Mestres Ascensos<br \/>\n&#8211; Aceita\u00e7\u00e3o, confian\u00e7a, sabedoria e amor<br \/>\n&#8211; Experienciando a si mesmo como consci\u00eancia pura<br \/>\n&#8211; Ilumina\u00e7\u00e3o<\/p>\n\n\t\t<\/div>\n\t<\/div>\n<\/div><\/div><\/div><div class=\"wpb_column vc_column_container vc_col-sm-4\"><div class=\"vc_column-inner\"><div class=\"wpb_wrapper\">\n\t\t<div id=\"wd-668b8a3a536c5\" class=\"title-wrapper wd-wpb set-mb-s reset-last-child  wd-rs-668b8a3a536c5 wd-title-color-default wd-title-style-default text-left  wd-title-empty wd-underline-colored\">\n\t\t\t\n\t\t\t<div class=\"liner-continer\">\n\t\t\t\t<h4 class=\"woodmart-title-container title  wd-font-weight- wd-fontsize-l\" ><\/h4>\n\t\t\t\t\t\t\t<\/div>\n\t\t\t\n\t\t\t\t\t\t\t<div class=\"title-after_title  set-cont-mb-s reset-last-child  wd-fontsize-xs\">Para escrever esta hist\u00f3ria, peguei nos di\u00e1rios que escrevi durante toda a minha vida. O que senti quando os voltei a abrir \u00e9 indescrit\u00edvel. Uma enorme emo\u00e7\u00e3o, gratid\u00e3o e muitas vezes at\u00e9 surpresa. Porque vi como me guiei durante toda a minha vida para cumprir a promessa de liberdade que tinha feito a mim pr\u00f3prio. Esta orienta\u00e7\u00e3o veio sob a forma de professores, parceiros, livros, mas n\u00e3o s\u00f3. Cada pessoa que encontrei no meu caminho foi um espelho para me conhecer melhor. No momento da minha realiza\u00e7\u00e3o, vi o mundo tal como ele \u00e9, vi-me a mim pr\u00f3prio em tudo o que existe. Os puzzles juntaram-se numa imagem completa e uma paz incr\u00edvel apoderou-se de mim. Que sonho! pensei.<br \/>\nPor isso, vou contar-vos o meu sonho, tal como foi visto e vivido pelo homem. Partilharei n\u00e3o s\u00f3 as hist\u00f3rias, mas tamb\u00e9m a sabedoria que me veio. Teci-o nas entrelinhas e escrevi a sua ess\u00eancia na segunda parte do livro, relativa ao final do meu despertar. Durante este per\u00edodo final, apareceram os Mestres iluminados: Tobias, Adamus Saint Germain e o meu drag\u00e3o pessoal. Foram eles que me ajudaram a despedir-me das \u00faltimas ilus\u00f5es e a endireitar a minha maneira de ver a mim pr\u00f3prio e o mundo. Yeshua (por outras palavras, Jesus) tamb\u00e9m veio muitas vezes, principalmente com ensinamentos sob a forma de um ``Curso em Milagres``.<br \/>\nVou tentar captar a ess\u00eancia da riqueza de sabedoria sobre o processo de despertar para a ilumina\u00e7\u00e3o neste livro. Esta ser\u00e1 a minha perspetiva pessoal, pois cada um tem o seu pr\u00f3prio caminho de despertar.<br \/>\nConvido-o a juntar-se a mim nesta viagem!<br \/>\n<\/div>\n\t\t\t\n\t\t\t\n\t\t<\/div>\n\t\t\n\t\t\n\t\t\t<div class=\"author-area set-mb-m reset-last-child text-left color-scheme-dark  wd-rs-668b89e4b261e \">\n\n\t\t\t\t\t\t\t\t\t<h3 class=\"title author-title\">\n\t\t\t\t\t\tAutore\t\t\t\t\t<\/h3>\n\t\t\t\t\n\t\t\t\t\t\t\t\t\t<div class=\"author-avatar\">\n\t\t\t\t\t\t<img fetchpriority=\"high\" decoding=\"async\" width=\"648\" height=\"600\" src=\"https:\/\/alija.com.pl\/wp-content\/uploads\/2024\/06\/alija-na-alija.com_.pl1_.jpg\" class=\"author-area-image\" alt=\"\" srcset=\"https:\/\/alija.com.pl\/wp-content\/uploads\/2024\/06\/alija-na-alija.com_.pl1_.jpg 772w, https:\/\/alija.com.pl\/wp-content\/uploads\/2024\/06\/alija-na-alija.com_.pl1_-324x300.jpg 324w, https:\/\/alija.com.pl\/wp-content\/uploads\/2024\/06\/alija-na-alija.com_.pl1_-768x711.jpg 768w, https:\/\/alija.com.pl\/wp-content\/uploads\/2024\/06\/alija-na-alija.com_.pl1_-13x12.jpg 13w, https:\/\/alija.com.pl\/wp-content\/uploads\/2024\/06\/alija-na-alija.com_.pl1_-700x648.jpg 700w, https:\/\/alija.com.pl\/wp-content\/uploads\/2024\/06\/alija-na-alija.com_.pl1_-500x463.jpg 500w\" sizes=\"(max-width: 648px) 100vw, 648px\" \/>\t\t\t\t\t<\/div>\n\t\t\t\t\n\t\t\t\t\t\t\t\t\t<h4 class=\"title author-name\">\n\t\t\t\t\t\tAlija Ariana Karima\t\t\t\t\t<\/h4>\n\t\t\t\t\n\t\t\t\t\t\t\t\t\t<div class=\"author-area-info\">\n\t\t\t\t\t\t<\/p>\n<p class=\"Styl1\"><strong>Alija Ariana Karima<\/strong> \u00e9 uma guia espiritual, pintora de almas, curandeira, pioneira dos cursos de Arte V\u00e9dica na Pol\u00f3nia, praticante e professora de Soul Body Fusion, conferencista, autora e viajante. Em privado, \u00e9 uma m\u00e3e feliz que adora a magia da vida.<br \/>\n&#8222;O Sonho de Alija &#8211; Uma hist\u00f3ria de despertar&#8221; foi publicado em <strong>14 l\u00ednguas.<\/strong><\/p>\n<p>\t\t\t\t\t<\/div>\n\t\t\t\t\n\t\t\t\t\n\t\t\t<\/div>\n\n\t\t<\/div><\/div><\/div><div class=\"wpb_column vc_column_container vc_col-sm-2\"><div class=\"vc_column-inner\"><div class=\"wpb_wrapper\"><\/div><\/div><\/div><\/div><div class=\"vc_row-full-width vc_clearfix\"><\/div>\n<\/div>","protected":false},"excerpt":{"rendered":"<p class=\"Styl1\">Convido-vos a entrar no meu mundo. Vou contar-vos a minha hist\u00f3ria, a hist\u00f3ria de Ariana, que, tal como v\u00f3s, renasceu mais de mil vezes. Ela ansiava por brincar com a vida, por se saturar dela, por experimentar tudo o que h\u00e1 para experimentar. At\u00e9 que, numa vida especial, um dia ouviu a sua Alma gritar &#8222;Est\u00e1 na hora, est\u00e1 na hora de acordar&#8221; e desejou de todo o cora\u00e7\u00e3o ser livre.<\/p>\n<h3 class=\"Styl1\"><strong>LER<\/strong><\/h3>\n<div class=\"_df_thumb \" id=\"df_18865\"  _slug=\"o-sonho-de-aliya-uma-historia-de-despertar\" data-title=\"o-sonho-de-aliya-uma-historia-de-despertar\" wpoptions=\"true\" thumb=\"https:\/\/alija.com.pl\/wp-content\/uploads\/2024\/07\/portugalska-349-sen.jpg\" thumbtype=\"\" >O sonho de Aliya &#8211; Uma hist\u00f3ria de despertar<\/div>\n<p><script class=\"df-shortcode-script\" nowprocket type=\"application\/javascript\">window.option_df_18865 = {\"outline\":[],\"autoEnableOutline\":\"false\",\"autoEnableThumbnail\":\"false\",\"overwritePDFOutline\":\"false\",\"direction\":\"1\",\"pageSize\":\"0\",\"source\":\"https:\\\/\\\/alija.com.pl\\\/wp-content\\\/uploads\\\/2024\\\/07\\\/portugalski-sen-na-senaliji.pdf\",\"wpOptions\":\"true\"}; if(window.DFLIP &#038;& window.DFLIP.parseBooks){window.DFLIP.parseBooks();}<\/script><\/p>\n","protected":false},"featured_media":18864,"template":"","meta":[],"product_brand":[],"product_cat":[195],"product_tag":[1359,1360,1358,1273,1363,1361,1362,1355,1357,1356],"class_list":{"0":"post-18863","1":"product","2":"type-product","3":"status-publish","4":"has-post-thumbnail","6":"product_cat-sen-aliji","7":"product_tag-auto-conhecimento","8":"product_tag-auto-realizacao","9":"product_tag-consciencia","10":"product_tag-despertar-espiritual","11":"product_tag-iluminacao","12":"product_tag-livro-do-despertar-espiritual","13":"product_tag-mestres-ascensos","14":"product_tag-o-sonho-de-aliya-uma-historia-de-despertar","15":"product_tag-realizacao","16":"product_tag-uma-historia-de-despertar","18":"first","19":"instock","20":"shipping-taxable","21":"product-type-external"},"jetpack_sharing_enabled":true,"_links":{"self":[{"href":"https:\/\/alija.com.pl\/pl_pl\/wp-json\/wp\/v2\/product\/18863","targetHints":{"allow":["GET"]}}],"collection":[{"href":"https:\/\/alija.com.pl\/pl_pl\/wp-json\/wp\/v2\/product"}],"about":[{"href":"https:\/\/alija.com.pl\/pl_pl\/wp-json\/wp\/v2\/types\/product"}],"version-history":[{"count":2,"href":"https:\/\/alija.com.pl\/pl_pl\/wp-json\/wp\/v2\/product\/18863\/revisions"}],"predecessor-version":[{"id":18869,"href":"https:\/\/alija.com.pl\/pl_pl\/wp-json\/wp\/v2\/product\/18863\/revisions\/18869"}],"wp:featuredmedia":[{"embeddable":true,"href":"https:\/\/alija.com.pl\/pl_pl\/wp-json\/wp\/v2\/media\/18864"}],"wp:attachment":[{"href":"https:\/\/alija.com.pl\/pl_pl\/wp-json\/wp\/v2\/media?parent=18863"}],"wp:term":[{"taxonomy":"product_brand","embeddable":true,"href":"https:\/\/alija.com.pl\/pl_pl\/wp-json\/wp\/v2\/product_brand?post=18863"},{"taxonomy":"product_cat","embeddable":true,"href":"https:\/\/alija.com.pl\/pl_pl\/wp-json\/wp\/v2\/product_cat?post=18863"},{"taxonomy":"product_tag","embeddable":true,"href":"https:\/\/alija.com.pl\/pl_pl\/wp-json\/wp\/v2\/product_tag?post=18863"}],"curies":[{"name":"wp","href":"https:\/\/api.w.org\/{rel}","templated":true}]}}