{"id":19135,"date":"2025-03-16T13:02:32","date_gmt":"2025-03-16T13:02:32","guid":{"rendered":"https:\/\/alija.com.pl\/?post_type=product&#038;p=19135"},"modified":"2026-03-18T09:52:21","modified_gmt":"2026-03-18T09:52:21","slug":"certyfikowany-kurs-soul-body-fusion-16-17-maja-szczytna","status":"publish","type":"product","link":"https:\/\/alija.com.pl\/pl_pl\/product\/certyfikowany-kurs-soul-body-fusion-16-17-maja-szczytna\/","title":{"rendered":"Certyfikowany Kurs Soul Body Fusion 16-17 maja, Szczytna"},"content":{"rendered":"<div class=\"wpb-content-wrapper\"><div data-vc-full-width=\"true\" data-vc-full-width-init=\"false\" data-vc-stretch-content=\"true\" class=\"vc_row wpb_row vc_row-fluid vc_row-o-equal-height vc_row-o-content-top vc_row-flex wd-rs-651017d3e10e9\"><div class=\"wpb_column vc_column_container vc_col-sm-2\"><div class=\"vc_column-inner\"><div class=\"wpb_wrapper\"><\/div><\/div><\/div><div class=\"wpb_column vc_column_container vc_col-sm-4\"><div class=\"vc_column-inner\"><div class=\"wpb_wrapper\">\n\t\t<div id=\"wd-69ba757842300\" class=\"title-wrapper wd-wpb set-mb-s reset-last-child  wd-rs-69ba757842300 wd-title-color-default wd-title-style-default text-left  wd-underline-colored\">\n\t\t\t\n\t\t\t<div class=\"liner-continer\">\n\t\t\t\t<h4 class=\"woodmart-title-container title  wd-font-weight- wd-fontsize-l\" >Certyfikowany Kurs Soul Body Fusion na \u017cywo<br \/>\n16-17 maja<br \/>\nDom \u015awiat\u0142a w Szczytnej k. K\u0142odzka<\/h4>\n\t\t\t\t\t\t\t<\/div>\n\t\t\t\n\t\t\t\n\t\t\t\n\t\t<\/div>\n\t\t\n\t\t\n\t<div class=\"wpb_text_column wpb_content_element\" >\n\t\t<div class=\"wpb_wrapper\">\n\t\t\t<h1><\/h1>\n<h1>KURS SOUL BODY FUSION\u00a0na \u017cywo<\/h1>\n<h3>Dom \u015awiat\u0142a w Szczytnej k. K\u0142odzka<\/h3>\n<p>Wyjazdowy kurs Soul Body Fusion to wyj\u0105tkowa okazja, by pozna\u0107 i do\u015bwiadczy\u0107<strong> integracji twojej Duszy z twoim Cia\u0142em,\u00a0<\/strong>w towarzystwie innych pi\u0119knych Istot.<\/p>\n<p>Podczas kursu:<\/p>\n<ul>\n<li>Poka\u017c\u0119 ci jak mo\u017cesz towarzyszy\u0107 innym w tym procesie, jako <strong>Praktyk Soul Body Fusion\u00ae<\/strong>.<\/li>\n<li>Opowiem ci,\u00a0<strong>na czym polega ten proces<\/strong>, jakie jest jego\u00a0<strong>dzia\u0142anie<\/strong>, czego mo\u017cesz si\u0119 spodziewa\u0107 podczas sesji.<\/li>\n<li>Poznasz\u00a0<strong>genez\u0119 naszego pojawienia si\u0119 na Ziemi<\/strong>. Dzi\u0119ki temu mo\u017cesz uzyska\u0107 wiele zrozumienia dlaczego cz\u0142owiek cz\u0119sto czuje si\u0119 taki zagubiony w tym \u015bwiecie i zobaczysz\u00a0<strong>dlaczego w\u0142a\u015bciwie t\u0119sknimy do po\u0142\u0105czenia Duszy z Cia\u0142em.\u00a0<\/strong>Opowiem\u00a0 jak to si\u0119 sta\u0142o, \u017ce do\u015bwiadczamy jakby by\u0142y one oddzielone i co spowodowa\u0142o owo oddzielenie.<\/li>\n<li><strong>Zademonstruj\u0119 tobie sesj\u0119 Soul Body Fusion\u00ae<\/strong>.<br \/>\nJako Certyfikowany Praktyk tej metody b\u0119dziesz m\u00f3g\u0142 wykonywa\u0107 sesje indywidualne dla innych os\u00f3b. Mo\u017ce by\u0107 to twoje profesjonalne zaj\u0119cie.<\/li>\n<li>Podczas tego kursu przeprowadzisz sesj\u0119 SBF dla\u00a0<strong>minimum jednej osoby\u00a0<\/strong>zar\u00f3wno na miejscu, jak i na odleg\u0142o\u015b\u0107.<\/li>\n<li>Do\u015bwiadczysz sesji Po\u0142\u0105czenia Duszy z Cia\u0142em.<\/li>\n<li>Poka\u017c\u0119 jak mo\u017cesz robi\u0107 <strong>sesje sam\/a dla siebie.\u00a0<\/strong><\/li>\n<li>Uko\u0144czenie Certyfikowanego Kursu Praktyka Soul Body Fusion\u00ae uprawnia do prowadzenia indywidualnych sesji SBF. Otrzymasz mi\u0119dzynarodowy Certyfikat Praktyka Soul Body Fusion\u00ae.<\/li>\n<li>Wsp\u00f3lny wiecz\u00f3r i kolacja<\/li>\n<\/ul>\n<p><strong>Program:<\/strong><br \/>\n16 maja<br \/>\nprzyjazd do 9.30<br \/>\n10.00 &#8211; 17.00 zaj\u0119cia<br \/>\n13.00 &#8211; przerwa (mo\u017cliwo\u015b\u0107 wykupienia obiadu)<\/p>\n<p>17 maja<br \/>\n10.00 &#8211; 13.00 zaj\u0119cia<\/p>\n<p><strong>Warsztaty Soul Body Fusion:<\/strong> 700 z\u0142<\/p>\n<p>Nocleg: w pobliskiej agroturystyce (100 z\u0142 ze \u015bniadaniem, pokoje 2-3 osobowe)<br \/>\nPosi\u0142ek: mo\u017cliwo\u015b\u0107 obiadu (30 z\u0142), wyj\u015bcie na wsp\u00f3ln\u0105 kolacj\u0119<\/p>\n<p><strong>Miejsce:<\/strong> Dom \u015awiat\u0142a w Szczytnej k. K\u0142odzka<\/p>\n<p>Rezerwacja i zaliczka 200 z\u0142: adriana@koloryduszy.pl, 791 930 350<\/p>\n<p>Ariana Karima<br \/>\nCertyfikowany Nauczyciel Soul Body Fusion\u00ae<\/p>\n\n\t\t<\/div>\n\t<\/div>\n<\/div><\/div><\/div><div class=\"wpb_column vc_column_container vc_col-sm-4\"><div class=\"vc_column-inner\"><div class=\"wpb_wrapper\">\n\t\t<div id=\"wd-651fb86a51562\" class=\"title-wrapper wd-wpb set-mb-s reset-last-child  wd-rs-651fb86a51562 wd-title-color-default wd-title-style-default text-left  wd-underline-colored\">\n\t\t\t\n\t\t\t<div class=\"liner-continer\">\n\t\t\t\t<h4 class=\"woodmart-title-container title  wd-font-weight- wd-fontsize-l\" >Zobacz film<\/h4>\n\t\t\t\t\t\t\t<\/div>\n\t\t\t\n\t\t\t\n\t\t\t\n\t\t<\/div>\n\t\t\n\t\t\t\t<div id=\"wd-652d537cd282e\" class=\"wd-text-block wd-wpb reset-last-child wd-rs-652d537cd282e text-left vc_custom_1697469401158\">\n\t\t\t<p><iframe title=\"Soul Body Fusion - kurs dla praktyk\u00f3w Soul Body Fusion\" width=\"500\" height=\"281\" src=\"https:\/\/www.youtube.com\/embed\/Y4lrzrGtkxg?feature=oembed\" frameborder=\"0\" allow=\"accelerometer; autoplay; clipboard-write; encrypted-media; gyroscope; picture-in-picture; web-share\" referrerpolicy=\"strict-origin-when-cross-origin\" allowfullscreen><\/iframe><\/p>\n\t\t<\/div>\n\t\t<div class=\"vc_empty_space\"   style=\"height: 32px\"><span class=\"vc_empty_space_inner\"><\/span><\/div><div id=\"wd-652d6d151452f\" class=\" wd-rs-652d6d151452f  wd-button-wrapper text-center\"><a href=\"https:\/\/alija.com.pl\/pl_pl\/soul-body-fusion\/\" title=\"\" class=\"btn btn-color-primary btn-style-default btn-style-round btn-size-default\">WI\u0118CEJ O SOUL BODY FUSION<\/a><\/div><\/div><\/div><\/div><div class=\"wpb_column vc_column_container vc_col-sm-2\"><div class=\"vc_column-inner\"><div class=\"wpb_wrapper\"><\/div><\/div><\/div><\/div><div class=\"vc_row-full-width vc_clearfix\"><\/div><div class=\"vc_row wpb_row vc_row-fluid\"><div class=\"wpb_column vc_column_container vc_col-sm-12\"><div class=\"vc_column-inner\"><div class=\"wpb_wrapper\">\t\t\t\n\t\t\t<div id=\"wd-652d6ba0a3932\" class=\"testimonials testimonials-wrapper testimonials-slider testimon-style-standard color-scheme-  testimon-align-center testimon-with-rating  wd-carousel-container wd-carousel-spacing-30\" data-owl-carousel data-wrap=\"no\" data-hide_pagination_control=\"no\" data-hide_prev_next_buttons=\"no\" data-desktop=\"2\" data-tablet_landscape=\"2\" data-tablet=\"1\" data-mobile=\"1\">\n\t\t\t\t<div class=\" owl-carousel wd-owl owl-items-lg-2 owl-items-md-2 owl-items-sm-1 owl-items-xs-1\" >\n\t\t\t\t\t\n<div class=\"testimonial column \">\n\t<div class=\"testimonial-inner\">\n\t\t\t\t\t<div class=\"testimonial-avatar\">\n\t\t\t\t<img decoding=\"async\" width=\"100\" height=\"100\" src=\"https:\/\/alija.com.pl\/wp-content\/uploads\/2023\/10\/reconnection-2-100x100.jpg\" class=\"testimonial-avatar-image\" alt=\"\" srcset=\"https:\/\/alija.com.pl\/wp-content\/uploads\/2023\/10\/reconnection-2-100x100.jpg 100w, https:\/\/alija.com.pl\/wp-content\/uploads\/2023\/10\/reconnection-2-150x150.jpg 150w\" sizes=\"(max-width: 100px) 100vw, 100px\" \/>\t\t\t<\/div>\n\t\t\n\t\t<div class=\"testimonial-content\">\n\t\t\t<div class=\"testimonial-rating\">\n\t\t\t\t<span class=\"star-rating\">\n\t\t\t\t\t<span style=\"width:100%\"><\/span>\n\t\t\t\t<\/span>\n\t\t\t<\/div>\n\n\t\t\tKurs online Soul Body Fusion prowadzony przez Arian\u0119 spe\u0142ni\u0142 moje oczekiwania. Wiedza zosta\u0142a przekazana w przyst\u0119pny spos\u00f3b i ciesz\u0119 si\u0119, \u017ce mog\u0142em uczestniczy\u0107 w tym procesie. Podoba\u0142a mi si\u0119 formu\u0142a kursu, oraz przyk\u0142ady prowadzenia sesji. Jestem w pe\u0142ni zadowolony z rezultat\u00f3w Soul Body Fusion i polecam ten kurs wszystkim zainteresowanym.\n\t\t\t<footer>\n\t\t\t\tMicha\u0142\n\t\t\t\t\t\t\t<\/footer>\n\t\t<\/div>\n\t<\/div>\n<\/div>\n<div class=\"testimonial column \">\n\t<div class=\"testimonial-inner\">\n\t\t\t\t\t<div class=\"testimonial-avatar\">\n\t\t\t\t<img decoding=\"async\" width=\"100\" height=\"100\" src=\"https:\/\/alija.com.pl\/wp-content\/uploads\/2023\/10\/reconnection-alija-ariana-karima-100x100.jpg\" class=\"testimonial-avatar-image\" alt=\"\" srcset=\"https:\/\/alija.com.pl\/wp-content\/uploads\/2023\/10\/reconnection-alija-ariana-karima-100x100.jpg 100w, https:\/\/alija.com.pl\/wp-content\/uploads\/2023\/10\/reconnection-alija-ariana-karima-300x300.jpg 300w, https:\/\/alija.com.pl\/wp-content\/uploads\/2023\/10\/reconnection-alija-ariana-karima-150x150.jpg 150w, https:\/\/alija.com.pl\/wp-content\/uploads\/2023\/10\/reconnection-alija-ariana-karima-12x12.jpg 12w, https:\/\/alija.com.pl\/wp-content\/uploads\/2023\/10\/reconnection-alija-ariana-karima.jpg 600w\" sizes=\"(max-width: 100px) 100vw, 100px\" \/>\t\t\t<\/div>\n\t\t\n\t\t<div class=\"testimonial-content\">\n\t\t\t<div class=\"testimonial-rating\">\n\t\t\t\t<span class=\"star-rating\">\n\t\t\t\t\t<span style=\"width:100%\"><\/span>\n\t\t\t\t<\/span>\n\t\t\t<\/div>\n\n\t\t\tSpotkanie z Arian\u0105 Karim\u0105 zatytu\u0142owa\u0142abym JESTEM W DOMU<\/p>\n<p>\u015awiat\u0142o\u00a0\u2665\u00a0B\u0142ogo\u015b\u0107 \u2665 Czu\u0142o\u015b\u0107 \u00a0\u2665 Mi\u0142o\u015b\u0107<br \/>\nOtulenie \u2665 Zanurzenie \u2665\u00a0Zakotwiczenie<\/p>\n<p>To wszystko zadzia\u0142o si\u0119, zosta\u0142o odczute, poczute podczas kursu Soul Body Fusion.<br \/>\nAriana dzieli si\u0119 wiedz\u0105 w spos\u00f3b prosty, dost\u0119pny dla ka\u017cdego. Cudowne jest to, \u017ce mo\u017cna t\u0105 wiedz\u0119 od razu wprowadza\u0107 w \u017cycie, w swoje \u017cycie i innych je\u015bli s\u0105 na to tylko gotowi. Ka\u017cdy jest Mistrzem, ka\u017cdy jest swoim uzdrowicielem. Wszystko mamy w sobie.<\/p>\n<p>Ariana dzi\u0119kuj\u0119 za spotkanie w \u017cyciu.\n\t\t\t<footer>\n\t\t\t\tKasia\n\t\t\t\t\t\t\t<\/footer>\n\t\t<\/div>\n\t<\/div>\n<\/div>\t\t\t\t<\/div>\n\t\t\t<\/div>\n\t\t<\/div><\/div><\/div><\/div>\n<\/div>","protected":false},"excerpt":{"rendered":"<p>Czy pragniesz przyj\u0105\u0107 swoj\u0105 Dusz\u0119?<br \/>\nChcesz pomaga\u0107 sobie i innym, by wr\u00f3ci\u0107 do pe\u0142ni \u017cycia w zdrowiu, obfito\u015bci, spe\u0142nieniu i do\u015bwiadczy\u0107 przebudzenia?<br \/>\nCzy chcesz mie\u0107 udzia\u0142 w globalnym przebudzeniu ludzi na Ziemi?<br \/>\nJe\u017celi odpowiedzia\u0142e\u015b \u201ctak\u201d na przynajmniej jedno pytanie, to zapoznaj si\u0119 z ofert\u0105 magicznej\u00a0<strong>metody Soul Body Fusion<\/strong>.<\/p>\n<p>Serdecznie zapraszam na warsztaty!\u00a0Odbywaj\u0105 si\u0119 one\u00a0na \u017cywo oraz online.<\/p>\n","protected":false},"featured_media":12066,"template":"","meta":[],"product_brand":[],"product_cat":[196],"product_tag":[74,75,890,1458,1454,1460,240,152,891,1456,1441,1459,191,1457,1455,1462,1461],"class_list":{"0":"post-19135","1":"product","2":"type-product","3":"status-publish","4":"has-post-thumbnail","6":"product_cat-warsztaty","7":"product_tag-alija","8":"product_tag-ariana-karima","9":"product_tag-certyfikowany-kurs-soul-body-fusion","10":"product_tag-integracja-ciala-i-duszy","11":"product_tag-kurs-certyfikowany","12":"product_tag-kurs-online","13":"product_tag-kurs-soul-body-fusion","14":"product_tag-oswiecenie","15":"product_tag-polaczenie-duszy-z-cialem","16":"product_tag-praca-z-cialem-i-dusza","17":"product_tag-rozwoj-osobisty","18":"product_tag-samopoznanie","19":"product_tag-soul-body-fusion","20":"product_tag-techniki-energetyczne","21":"product_tag-uzdrawianie-energetyczne","22":"product_tag-uzdrowienie-holistyczne","23":"product_tag-warsztat-rozwojowy","25":"first","26":"instock","27":"shipping-taxable","28":"purchasable","29":"product-type-variable"},"jetpack_sharing_enabled":true,"_links":{"self":[{"href":"https:\/\/alija.com.pl\/pl_pl\/wp-json\/wp\/v2\/product\/19135","targetHints":{"allow":["GET"]}}],"collection":[{"href":"https:\/\/alija.com.pl\/pl_pl\/wp-json\/wp\/v2\/product"}],"about":[{"href":"https:\/\/alija.com.pl\/pl_pl\/wp-json\/wp\/v2\/types\/product"}],"version-history":[{"count":6,"href":"https:\/\/alija.com.pl\/pl_pl\/wp-json\/wp\/v2\/product\/19135\/revisions"}],"predecessor-version":[{"id":19374,"href":"https:\/\/alija.com.pl\/pl_pl\/wp-json\/wp\/v2\/product\/19135\/revisions\/19374"}],"wp:featuredmedia":[{"embeddable":true,"href":"https:\/\/alija.com.pl\/pl_pl\/wp-json\/wp\/v2\/media\/12066"}],"wp:attachment":[{"href":"https:\/\/alija.com.pl\/pl_pl\/wp-json\/wp\/v2\/media?parent=19135"}],"wp:term":[{"taxonomy":"product_brand","embeddable":true,"href":"https:\/\/alija.com.pl\/pl_pl\/wp-json\/wp\/v2\/product_brand?post=19135"},{"taxonomy":"product_cat","embeddable":true,"href":"https:\/\/alija.com.pl\/pl_pl\/wp-json\/wp\/v2\/product_cat?post=19135"},{"taxonomy":"product_tag","embeddable":true,"href":"https:\/\/alija.com.pl\/pl_pl\/wp-json\/wp\/v2\/product_tag?post=19135"}],"curies":[{"name":"wp","href":"https:\/\/api.w.org\/{rel}","templated":true}]}}