{"id":19145,"date":"2025-05-06T07:54:14","date_gmt":"2025-05-06T07:54:14","guid":{"rendered":"https:\/\/alija.com.pl\/?post_type=product&#038;p=19145"},"modified":"2025-05-06T08:05:07","modified_gmt":"2025-05-06T08:05:07","slug":"alija-wzniesiona","status":"publish","type":"product","link":"https:\/\/alija.com.pl\/pl_pl\/product\/alija-wzniesiona\/","title":{"rendered":"Alija &#8211; Wzniesiona"},"content":{"rendered":"<div class=\"wpb-content-wrapper\"><div data-vc-full-width=\"true\" data-vc-full-width-init=\"false\" data-vc-stretch-content=\"true\" class=\"vc_row wpb_row vc_row-fluid vc_row-o-equal-height vc_row-o-content-top vc_row-flex wd-rs-651017d3e10e9\"><div class=\"wpb_column vc_column_container vc_col-sm-2\"><div class=\"vc_column-inner\"><div class=\"wpb_wrapper\"><\/div><\/div><\/div><div class=\"wpb_column vc_column_container vc_col-sm-2 vc_col-lg-4 vc_col-md-4 vc_col-xs-12 wd-rs-651016f77eae0\"><div class=\"vc_column-inner vc_custom_1695553281474\"><div class=\"wpb_wrapper\">\n\t\t<div id=\"wd-6819c04392d0a\" class=\"title-wrapper wd-wpb set-mb-s reset-last-child  wd-rs-6819c04392d0a wd-title-color-alt wd-title-style-simple text-left  wd-underline-colored\">\n\t\t\t\n\t\t\t<div class=\"liner-continer\">\n\t\t\t\t<h4 class=\"woodmart-title-container title  wd-font-weight- wd-fontsize-l\" >Alija - Wzniesiona<br \/>\nAlija Ariana Karima<\/h4>\n\t\t\t\t\t\t\t<\/div>\n\t\t\t\n\t\t\t\t\t\t\t<div class=\"title-after_title  set-cont-mb-s reset-last-child  wd-fontsize-xs\">Akryl na p\u0142\u00f3tnie<br \/>\n80 cm x 110 cm<br \/>\n2022<\/p>\n<p>Obraz dost\u0119pny jest w formie plakatu \u2013 Fine Art, wydrukowany na wysoko jako\u015bciowym papierze, o gramaturze 200 gsm.<br \/>\nSprzedawany jest bez ramek. Wysy\u0142any z rulonie.<\/p>\n<p>Obraz przygotowuj\u0119 r\u00f3wnie\u017c jako wydruk na p\u0142\u00f3tnie, gotowy do zawieszenia w Twoim Domu.<br \/>\nWydruki na p\u0142\u00f3tnie s\u0105 naci\u0105gni\u0119te na drewnian\u0105 ram\u0119. Obraz jest miejscami wype\u0142niany farbami, by by\u0142 jak najbli\u017cszy orygina\u0142owi.<\/div>\n\t\t\t\n\t\t\t\n\t\t<\/div>\n\t\t\n\t\t<\/div><\/div><\/div><div class=\"wpb_column vc_column_container vc_col-sm-6\"><div class=\"vc_column-inner\"><div class=\"wpb_wrapper\">\n\t<div  class=\"wpb_single_image wpb_content_element vc_align_center vc_custom_1746518597184\">\n\t\t\n\t\t<figure class=\"wpb_wrapper vc_figure\">\n\t\t\t<div class=\"vc_single_image-wrapper   vc_box_border_grey\"><img fetchpriority=\"high\" decoding=\"async\" width=\"800\" height=\"800\" src=\"https:\/\/alija.com.pl\/wp-content\/uploads\/2025\/05\/Kopia-Flower-Alija-Ariana-Karima-800x800.jpg\" class=\"vc_single_image-img attachment-large\" alt=\"\" title=\"Kopia \u2013 Flower Alija Ariana Karima\" srcset=\"https:\/\/alija.com.pl\/wp-content\/uploads\/2025\/05\/Kopia-Flower-Alija-Ariana-Karima-800x800.jpg 800w, https:\/\/alija.com.pl\/wp-content\/uploads\/2025\/05\/Kopia-Flower-Alija-Ariana-Karima-300x300.jpg 300w, https:\/\/alija.com.pl\/wp-content\/uploads\/2025\/05\/Kopia-Flower-Alija-Ariana-Karima-150x150.jpg 150w, https:\/\/alija.com.pl\/wp-content\/uploads\/2025\/05\/Kopia-Flower-Alija-Ariana-Karima-768x768.jpg 768w, https:\/\/alija.com.pl\/wp-content\/uploads\/2025\/05\/Kopia-Flower-Alija-Ariana-Karima-12x12.jpg 12w, https:\/\/alija.com.pl\/wp-content\/uploads\/2025\/05\/Kopia-Flower-Alija-Ariana-Karima-700x700.jpg 700w, https:\/\/alija.com.pl\/wp-content\/uploads\/2025\/05\/Kopia-Flower-Alija-Ariana-Karima-500x500.jpg 500w, https:\/\/alija.com.pl\/wp-content\/uploads\/2025\/05\/Kopia-Flower-Alija-Ariana-Karima.jpg 810w\" sizes=\"(max-width: 800px) 100vw, 800px\" \/><\/div>\n\t\t<\/figure>\n\t<\/div>\n<\/div><\/div><\/div><\/div><div class=\"vc_row-full-width vc_clearfix\"><\/div>\n<\/div>","protected":false},"excerpt":{"rendered":"Alija - Wzniesiona Alija Ariana Karima Akryl na p\u0142\u00f3tnie 80 cm x 110 cm 2022 Obraz dost\u0119pny jest w formie","protected":false},"featured_media":19166,"template":"","meta":[],"product_brand":[],"product_cat":[72],"product_tag":[74,75,1213,1212,369,103],"class_list":{"0":"post-19145","1":"product","2":"type-product","3":"status-publish","4":"has-post-thumbnail","6":"product_cat-obrazy","7":"product_tag-alija","8":"product_tag-ariana-karima","9":"product_tag-obraz-duchowy-elena","10":"product_tag-obraz-elena","11":"product_tag-obraz-na-plotnie","12":"product_tag-przebudzenie","13":"product_shipping_class-polska","15":"first","16":"instock","17":"shipping-taxable","18":"purchasable","19":"product-type-variable","20":"has-default-attributes"},"jetpack_sharing_enabled":true,"_links":{"self":[{"href":"https:\/\/alija.com.pl\/pl_pl\/wp-json\/wp\/v2\/product\/19145","targetHints":{"allow":["GET"]}}],"collection":[{"href":"https:\/\/alija.com.pl\/pl_pl\/wp-json\/wp\/v2\/product"}],"about":[{"href":"https:\/\/alija.com.pl\/pl_pl\/wp-json\/wp\/v2\/types\/product"}],"version-history":[{"count":1,"href":"https:\/\/alija.com.pl\/pl_pl\/wp-json\/wp\/v2\/product\/19145\/revisions"}],"predecessor-version":[{"id":19167,"href":"https:\/\/alija.com.pl\/pl_pl\/wp-json\/wp\/v2\/product\/19145\/revisions\/19167"}],"wp:featuredmedia":[{"embeddable":true,"href":"https:\/\/alija.com.pl\/pl_pl\/wp-json\/wp\/v2\/media\/19166"}],"wp:attachment":[{"href":"https:\/\/alija.com.pl\/pl_pl\/wp-json\/wp\/v2\/media?parent=19145"}],"wp:term":[{"taxonomy":"product_brand","embeddable":true,"href":"https:\/\/alija.com.pl\/pl_pl\/wp-json\/wp\/v2\/product_brand?post=19145"},{"taxonomy":"product_cat","embeddable":true,"href":"https:\/\/alija.com.pl\/pl_pl\/wp-json\/wp\/v2\/product_cat?post=19145"},{"taxonomy":"product_tag","embeddable":true,"href":"https:\/\/alija.com.pl\/pl_pl\/wp-json\/wp\/v2\/product_tag?post=19145"}],"curies":[{"name":"wp","href":"https:\/\/api.w.org\/{rel}","templated":true}]}}