{"id":19253,"date":"2026-01-29T12:32:01","date_gmt":"2026-01-29T12:32:01","guid":{"rendered":"https:\/\/alija.com.pl\/?post_type=product&#038;p=19253"},"modified":"2026-02-02T17:31:51","modified_gmt":"2026-02-02T17:31:51","slug":"sesja-soul-body-fusion","status":"publish","type":"product","link":"https:\/\/alija.com.pl\/pl_pl\/product\/sesja-soul-body-fusion\/","title":{"rendered":"Sesja Soul Body Fusion"},"content":{"rendered":"<div class=\"wpb-content-wrapper\"><div data-vc-full-width=\"true\" data-vc-full-width-init=\"false\" data-vc-stretch-content=\"true\" class=\"vc_row wpb_row vc_row-fluid vc_row-o-equal-height vc_row-o-content-top vc_row-flex wd-rs-651017d3e10e9\"><div class=\"wpb_column vc_column_container vc_col-sm-2\"><div class=\"vc_column-inner\"><div class=\"wpb_wrapper\"><\/div><\/div><\/div><div class=\"wpb_column vc_column_container vc_col-sm-4\"><div class=\"vc_column-inner\"><div class=\"wpb_wrapper\">\n\t<div class=\"wpb_text_column wpb_content_element\" >\n\t\t<div class=\"wpb_wrapper\">\n\t\t\t<h1>SESJA SOUL BODY FUSION<\/h1>\n<h3>Kup raz, s\u0142uchaj kiedy potrzebujesz<\/h3>\n<p>Soul Body Fusion\u00ae to \u0142agodny, a jednocze\u015bnie g\u0142\u0119boki proces, kt\u00f3ry wspiera <strong>\u015bwiadome po\u0142\u0105czenie duszy i cia\u0142a<\/strong>.<\/p>\n<p>Podczas sesji kierujesz uwag\u0119 do wn\u0119trza i pozwalasz, aby Twoja \u015bwiadomo\u015b\u0107 mog\u0142a naturalnie rozszerza\u0107 si\u0119 i osadza\u0107 w ciele. To proces, w kt\u00f3rym coraz wi\u0119cej Twojej obecno\u015bci, \u015bwiat\u0142a Duszy mo\u017ce by\u0107 odczuwalne na poziomie fizycznym. Pozwala nam do\u015bwiadcza\u0107\u00a0powrotu do r\u00f3wnowagi na ka\u017cdym poziomie.<\/p>\n<p>Sesje mo\u017cesz robi\u0107 bez ogranicze\u0144, zawsze:<\/p>\n<ul>\n<li>gdy chcesz pog\u0142\u0119bi\u0107 po\u0142\u0105czenie z Dusz\u0105<\/li>\n<li>gdy potrzebujesz wi\u0119kszej klarowno\u015bci i obecno\u015bci<\/li>\n<li>jako regularn\u0105 praktyk\u0119 wspieraj\u0105c\u0105 Tw\u00f3j proces poszerzania \u015bwiadomo\u015bci<\/li>\n<li>by dostraja\u0107 swoje cia\u0142o do wy\u017cszych wibracji<\/li>\n<\/ul>\n<p>Ka\u017cde do\u015bwiadczenie jest kierowane przez Twoj\u0105 Dusz\u0119, jest indywidualne i przebiega w zgodzie z Twoimi aktualnymi potrzebami oraz gotowo\u015bci\u0105.<\/p>\n<p>Ta sesja ma <strong>tak\u0105 sam\u0105 struktur\u0119 jak sesja indywidualna<\/strong>, trwa oko\u0142o <strong>20 minut<\/strong> (plus kr\u00f3tki wst\u0119p) i zosta\u0142a przygotowana z my\u015bl\u0105 o samodzielnej praktyce.<\/p>\n<p>Kupuj\u0105c dost\u0119p, mo\u017cesz wraca\u0107 do sesji <strong>bez limitu<\/strong>, w dowolnym momencie:<\/p>\n<p>To nie jest medytacja ani terapia.<br \/>\nTo zaproszenie do <strong>bezpo\u015bredniego do\u015bwiadczenia siebie jako \u015bwiadomo\u015bci obecnej w ciele<\/strong>.<\/p>\n<p><strong>Informacje praktyczne<\/strong><\/p>\n<ul>\n<li>forma: nagranie audio<\/li>\n<li>czas trwania: ok. 25 minut<\/li>\n<li>dost\u0119p: nielimitowany<\/li>\n<\/ul>\n<p>prowadzi: Alija Ariana Karima<br \/>\nCertyfikowany nauczyciel i praktyk Soul Body Fusion\u00ae<\/p>\n\n\t\t<\/div>\n\t<\/div>\n<\/div><\/div><\/div><div class=\"wpb_column vc_column_container vc_col-sm-4\"><div class=\"vc_column-inner\"><div class=\"wpb_wrapper\">\t\t\t\n\t\t\t<div id=\"wd-652d6ba0a3932\" class=\"testimonials testimonials-wrapper testimonials-slider testimon-style-standard color-scheme-  testimon-align-center testimon-with-rating  wd-carousel-container wd-carousel-spacing-30\" data-owl-carousel data-wrap=\"no\" data-hide_pagination_control=\"no\" data-hide_prev_next_buttons=\"no\" data-desktop=\"2\" data-tablet_landscape=\"2\" data-tablet=\"1\" data-mobile=\"1\">\n\t\t\t\t<div class=\" owl-carousel wd-owl owl-items-lg-2 owl-items-md-2 owl-items-sm-1 owl-items-xs-1\" >\n\t\t\t\t\t\n<div class=\"testimonial column \">\n\t<div class=\"testimonial-inner\">\n\t\t\t\t\t<div class=\"testimonial-avatar\">\n\t\t\t\t<img decoding=\"async\" width=\"100\" height=\"100\" src=\"https:\/\/alija.com.pl\/wp-content\/uploads\/2023\/10\/reconnection-alija-ariana-karima-100x100.jpg\" class=\"testimonial-avatar-image\" alt=\"\" srcset=\"https:\/\/alija.com.pl\/wp-content\/uploads\/2023\/10\/reconnection-alija-ariana-karima-100x100.jpg 100w, https:\/\/alija.com.pl\/wp-content\/uploads\/2023\/10\/reconnection-alija-ariana-karima-300x300.jpg 300w, https:\/\/alija.com.pl\/wp-content\/uploads\/2023\/10\/reconnection-alija-ariana-karima-150x150.jpg 150w, https:\/\/alija.com.pl\/wp-content\/uploads\/2023\/10\/reconnection-alija-ariana-karima-12x12.jpg 12w, https:\/\/alija.com.pl\/wp-content\/uploads\/2023\/10\/reconnection-alija-ariana-karima.jpg 600w\" sizes=\"(max-width: 100px) 100vw, 100px\" \/>\t\t\t<\/div>\n\t\t\n\t\t<div class=\"testimonial-content\">\n\t\t\t<div class=\"testimonial-rating\">\n\t\t\t\t<span class=\"star-rating\">\n\t\t\t\t\t<span style=\"width:100%\"><\/span>\n\t\t\t\t<\/span>\n\t\t\t<\/div>\n\n\t\t\tSpotkanie z Arian\u0105 Karim\u0105 zatytu\u0142owa\u0142abym JESTEM W DOMU<\/p>\n<p>\u015awiat\u0142o\u00a0\u2665\u00a0B\u0142ogo\u015b\u0107 \u2665 Czu\u0142o\u015b\u0107 \u00a0\u2665 Mi\u0142o\u015b\u0107<br \/>\nOtulenie \u2665 Zanurzenie \u2665\u00a0Zakotwiczenie<\/p>\n<p>To wszystko zadzia\u0142o si\u0119, zosta\u0142o odczute, poczute podczas sesji i kursu Soul Body Fusion.\n\t\t\t<footer>\n\t\t\t\tKasia\n\t\t\t\t\t\t\t<\/footer>\n\t\t<\/div>\n\t<\/div>\n<\/div>\n<div class=\"testimonial column \">\n\t<div class=\"testimonial-inner\">\n\t\t\t\t\t<div class=\"testimonial-avatar\">\n\t\t\t\t<img decoding=\"async\" width=\"100\" height=\"100\" src=\"https:\/\/alija.com.pl\/wp-content\/uploads\/2024\/08\/zeszyt-ayahuasca-illumination-100x100.jpg\" class=\"testimonial-avatar-image\" alt=\"\" srcset=\"https:\/\/alija.com.pl\/wp-content\/uploads\/2024\/08\/zeszyt-ayahuasca-illumination-100x100.jpg 100w, https:\/\/alija.com.pl\/wp-content\/uploads\/2024\/08\/zeszyt-ayahuasca-illumination-150x150.jpg 150w\" sizes=\"(max-width: 100px) 100vw, 100px\" \/>\t\t\t<\/div>\n\t\t\n\t\t<div class=\"testimonial-content\">\n\t\t\t<div class=\"testimonial-rating\">\n\t\t\t\t<span class=\"star-rating\">\n\t\t\t\t\t<span style=\"width:100%\"><\/span>\n\t\t\t\t<\/span>\n\t\t\t<\/div>\n\n\t\t\t<em>\u201eTo rzuci\u0142o mnie na kolana! Przez pierwsze 10 minut czu\u0142am poruszaj\u0105c\u0105 energi\u0119. Nagle poczu\u0142am si\u0119 \u00a0jak gra Tetris, gdzie ka\u017cdy kawa\u0142ek w moim ciele u\u0142o\u017cy\u0142 si\u0119 \u00a0w doskona\u0142ym porz\u0105dku! Poczu\u0142am si\u0119 \u00a0taka wielka! Ka\u017cda moja cz\u0119\u015b\u0107 jest\u00a0<b>doskona\u0142a<\/b>. Ja jestem ca\u0142a, \u00a0kompletna. Pozby\u0142am si\u0119 \u00a0urazu szyi po dawny, wypadku samochodowym, poczu\u0142am jak\u00a0<b>odesz\u0142a\u00a0trauma<\/b>\u00a0zwi\u0105zania z tym wydarzeniem\u201d<\/em>\n\t\t\t<footer>\n\t\t\t\tJanina\n\t\t\t\t\t\t\t<\/footer>\n\t\t<\/div>\n\t<\/div>\n<\/div>\n<div class=\"testimonial column \">\n\t<div class=\"testimonial-inner\">\n\t\t\t\t\t<div class=\"testimonial-avatar\">\n\t\t\t\t<img decoding=\"async\" width=\"100\" height=\"100\" src=\"https:\/\/alija.com.pl\/wp-content\/uploads\/2024\/04\/zeszyt-Lsnij-Swoim-Swiatlem-dziennik-dla-kobiet-alijacompl-100x100.jpg\" class=\"testimonial-avatar-image\" alt=\"\" srcset=\"https:\/\/alija.com.pl\/wp-content\/uploads\/2024\/04\/zeszyt-Lsnij-Swoim-Swiatlem-dziennik-dla-kobiet-alijacompl-100x100.jpg 100w, https:\/\/alija.com.pl\/wp-content\/uploads\/2024\/04\/zeszyt-Lsnij-Swoim-Swiatlem-dziennik-dla-kobiet-alijacompl-150x150.jpg 150w\" sizes=\"(max-width: 100px) 100vw, 100px\" \/>\t\t\t<\/div>\n\t\t\n\t\t<div class=\"testimonial-content\">\n\t\t\t<div class=\"testimonial-rating\">\n\t\t\t\t<span class=\"star-rating\">\n\t\t\t\t\t<span style=\"width:100%\"><\/span>\n\t\t\t\t<\/span>\n\t\t\t<\/div>\n\n\t\t\t<em>\u201eSBF otworzy\u0142o dla mnie nowe drzwi, takie o kt\u00f3rych istnieniu w og\u00f3le nie wiedzia\u0142am. Po raz pierwszy do\u015bwiadczy\u0142am siebie jako\u00a0<b>czystej niewinno\u015bci<\/b>\u00a0\u2013 ka\u017cdy uczynek jest kierowany wy\u0142\u0105cznie mi\u0142o\u015bci\u0105.\u00a0Zacz\u0119\u0142am si\u0119 \u00a0\u015bmia\u0107, gdy zda\u0142am sobie spraw\u0119, ze<b>\u00a0jestem tym, kim cale \u017cycie pr\u00f3bowa\u0142am si\u0119 \u00a0sta\u0107.\u201d<\/b><\/em><\/p>\n<p><em>\u201eDzi\u0119ki SBF zobaczy\u0142am, \u017ce ju\u017c jestem Niebem (moja Dusza) na Ziemi (moje cia\u0142o)\u201d<\/em>\n\t\t\t<footer>\n\t\t\t\t\n\t\t\t\t\t\t\t<\/footer>\n\t\t<\/div>\n\t<\/div>\n<\/div>\t\t\t\t<\/div>\n\t\t\t<\/div>\n\t\t\n\t\t<div id=\"wd-697baad6bda3e\" class=\"title-wrapper wd-wpb set-mb-s reset-last-child  wd-rs-697baad6bda3e wd-title-color-default wd-title-style-default text-left  wd-underline-colored\">\n\t\t\t\n\t\t\t<div class=\"liner-continer\">\n\t\t\t\t<h4 class=\"woodmart-title-container title  wd-font-weight- wd-fontsize-l\" >Je\u015bli poczujesz, \u017ce chcieliby\u015bcie zosta\u0107 praktykiem SBF i towarzyszy\u0107 innym w ich integracji, zapraszam na Kurs Soul Body Fusion<\/h4>\n\t\t\t\t\t\t\t<\/div>\n\t\t\t\n\t\t\t\n\t\t\t\n\t\t<\/div>\n\t\t\n\t\t\t\t<div id=\"wd-652d537cd282e\" class=\"wd-text-block wd-wpb reset-last-child wd-rs-652d537cd282e text-left vc_custom_1697469401158\">\n\t\t\t<p><iframe title=\"Soul Body Fusion - kurs dla praktyk\u00f3w Soul Body Fusion\" width=\"500\" height=\"281\" src=\"https:\/\/www.youtube.com\/embed\/Y4lrzrGtkxg?feature=oembed\" frameborder=\"0\" allow=\"accelerometer; autoplay; clipboard-write; encrypted-media; gyroscope; picture-in-picture; web-share\" referrerpolicy=\"strict-origin-when-cross-origin\" allowfullscreen><\/iframe><\/p>\n\t\t<\/div>\n\t\t<div class=\"vc_empty_space\"   style=\"height: 32px\"><span class=\"vc_empty_space_inner\"><\/span><\/div><div id=\"wd-652d6d151452f\" class=\" wd-rs-652d6d151452f  wd-button-wrapper text-center\"><a href=\"https:\/\/alija.com.pl\/pl_pl\/soul-body-fusion\/\" title=\"\" class=\"btn btn-color-primary btn-style-default btn-style-round btn-size-default\">WI\u0118CEJ O SOUL BODY FUSION<\/a><\/div><\/div><\/div><\/div><div class=\"wpb_column vc_column_container vc_col-sm-2\"><div class=\"vc_column-inner\"><div class=\"wpb_wrapper\"><\/div><\/div><\/div><\/div><div class=\"vc_row-full-width vc_clearfix\"><\/div><div class=\"vc_row wpb_row vc_row-fluid\"><div class=\"wpb_column vc_column_container vc_col-sm-12\"><div class=\"vc_column-inner\"><div class=\"wpb_wrapper\"><\/div><\/div><\/div><\/div>\n<\/div>","protected":false},"excerpt":{"rendered":"<p>Je\u015bli czujesz, \u017ce chcesz by\u0107 bli\u017cej siebie, swojej Duszy, sesja <strong data-start=\"620\" data-end=\"641\">Soul Body Fusion\u00ae<\/strong> zaprasza Ci\u0119 do do\u015bwiadczenia jej obecno\u015bci w ciele. To \u0142agodny proces poszerzania \u015bwiadomo\u015bci i podnoszenia wibracji w zgodzie z Twoim rytmem i gotowo\u015bci\u0105.<\/p>\n<p><strong>Kup raz, s\u0142uchaj kiedy potrzebujesz<\/strong><\/p>\n","protected":false},"featured_media":19264,"template":"","meta":[],"product_brand":[],"product_cat":[196],"product_tag":[74,75,1458,152,891,1456,1441,1459,1475,191,1457,1455,1462,1461],"class_list":{"0":"post-19253","1":"product","2":"type-product","3":"status-publish","4":"has-post-thumbnail","6":"product_cat-warsztaty","7":"product_tag-alija","8":"product_tag-ariana-karima","9":"product_tag-integracja-ciala-i-duszy","10":"product_tag-oswiecenie","11":"product_tag-polaczenie-duszy-z-cialem","12":"product_tag-praca-z-cialem-i-dusza","13":"product_tag-rozwoj-osobisty","14":"product_tag-samopoznanie","15":"product_tag-sesja-soul-body-fusion","16":"product_tag-soul-body-fusion","17":"product_tag-techniki-energetyczne","18":"product_tag-uzdrawianie-energetyczne","19":"product_tag-uzdrowienie-holistyczne","20":"product_tag-warsztat-rozwojowy","22":"first","23":"instock","24":"downloadable","25":"virtual","26":"sold-individually","27":"purchasable","28":"product-type-simple"},"jetpack_sharing_enabled":true,"_links":{"self":[{"href":"https:\/\/alija.com.pl\/pl_pl\/wp-json\/wp\/v2\/product\/19253","targetHints":{"allow":["GET"]}}],"collection":[{"href":"https:\/\/alija.com.pl\/pl_pl\/wp-json\/wp\/v2\/product"}],"about":[{"href":"https:\/\/alija.com.pl\/pl_pl\/wp-json\/wp\/v2\/types\/product"}],"version-history":[{"count":8,"href":"https:\/\/alija.com.pl\/pl_pl\/wp-json\/wp\/v2\/product\/19253\/revisions"}],"predecessor-version":[{"id":19261,"href":"https:\/\/alija.com.pl\/pl_pl\/wp-json\/wp\/v2\/product\/19253\/revisions\/19261"}],"wp:featuredmedia":[{"embeddable":true,"href":"https:\/\/alija.com.pl\/pl_pl\/wp-json\/wp\/v2\/media\/19264"}],"wp:attachment":[{"href":"https:\/\/alija.com.pl\/pl_pl\/wp-json\/wp\/v2\/media?parent=19253"}],"wp:term":[{"taxonomy":"product_brand","embeddable":true,"href":"https:\/\/alija.com.pl\/pl_pl\/wp-json\/wp\/v2\/product_brand?post=19253"},{"taxonomy":"product_cat","embeddable":true,"href":"https:\/\/alija.com.pl\/pl_pl\/wp-json\/wp\/v2\/product_cat?post=19253"},{"taxonomy":"product_tag","embeddable":true,"href":"https:\/\/alija.com.pl\/pl_pl\/wp-json\/wp\/v2\/product_tag?post=19253"}],"curies":[{"name":"wp","href":"https:\/\/api.w.org\/{rel}","templated":true}]}}