{"id":9853,"date":"2023-09-29T07:58:11","date_gmt":"2023-09-29T07:58:11","guid":{"rendered":"https:\/\/alija.com.pl\/?post_type=product&#038;p=9853"},"modified":"2024-04-15T10:21:44","modified_gmt":"2024-04-15T10:21:44","slug":"drzewo-zycia","status":"publish","type":"product","link":"https:\/\/alija.com.pl\/pl_pl\/product\/drzewo-zycia\/","title":{"rendered":"Drzewo \u017bycia"},"content":{"rendered":"<div class=\"wpb-content-wrapper\"><div data-vc-full-width=\"true\" data-vc-full-width-init=\"false\" data-vc-stretch-content=\"true\" class=\"vc_row wpb_row vc_row-fluid vc_row-o-equal-height vc_row-o-content-top vc_row-flex wd-rs-651017d3e10e9\"><div class=\"wpb_column vc_column_container vc_col-sm-2\"><div class=\"vc_column-inner\"><div class=\"wpb_wrapper\"><\/div><\/div><\/div><div class=\"wpb_column vc_column_container vc_col-sm-2 vc_col-lg-4 vc_col-md-4 vc_col-xs-12 wd-rs-651016f77eae0\"><div class=\"vc_column-inner vc_custom_1695553281474\"><div class=\"wpb_wrapper\">\n\t\t<div id=\"wd-651bcfbd70986\" class=\"title-wrapper wd-wpb set-mb-s reset-last-child  wd-rs-651bcfbd70986 wd-title-color-alt wd-title-style-simple text-left  wd-underline-colored\">\n\t\t\t\n\t\t\t<div class=\"liner-continer\">\n\t\t\t\t<h4 class=\"woodmart-title-container title  wd-font-weight- wd-fontsize-l\" >Drzewo \u017bycia \u2013 Tree of Life<br \/>\nAlija Ariana Karima<\/h4>\n\t\t\t\t\t\t\t<\/div>\n\t\t\t\n\t\t\t\t\t\t\t<div class=\"title-after_title  set-cont-mb-s reset-last-child  wd-fontsize-xs\">Olej na p\u0142\u00f3tnie<br \/>\n80 cm x 80 cm<br \/>\n2006<\/p>\n<p>Obrazy s\u0105 w formie plakat\u00f3w \u2013 Fine Art, wydrukowane na wysoko jako\u015bciowym papierze, o gramaturze 200 gsm.<br \/>\nSprzedawane s\u0105 bez ramek. Wysy\u0142ane z rulonie.<br \/>\nDost\u0119pne s\u0105 r\u00f3wnie\u017c jako wydruk na p\u0142\u00f3tnie, gotowe do zawieszenia w Twoim Domu.<br \/>\nWydruki na p\u0142\u00f3tnie s\u0105 naci\u0105gni\u0119te na drewnian\u0105 ram\u0119. Obraz jest miejscami wype\u0142niany farbami, by by\u0142 jak najbli\u017cszy orygina\u0142owi.<br \/>\nDla przyk\u0142adu Drzewo \u017bycia ma elementy podkre\u015blone z\u0142otem, zielone, bia\u0142e i czerwone pasma r\u00f3wnie\u017c s\u0105 dodatkowo malowane.<\/div>\n\t\t\t\n\t\t\t\n\t\t<\/div>\n\t\t\n\t\t<\/div><\/div><\/div><div class=\"wpb_column vc_column_container vc_col-sm-6\"><div class=\"vc_column-inner\"><div class=\"wpb_wrapper\">\n\t<div  class=\"wpb_single_image wpb_content_element vc_align_center vc_custom_1696322164319\">\n\t\t\n\t\t<figure class=\"wpb_wrapper vc_figure\">\n\t\t\t<div class=\"vc_single_image-wrapper   vc_box_border_grey\"><img fetchpriority=\"high\" decoding=\"async\" width=\"600\" height=\"429\" src=\"https:\/\/alija.com.pl\/wp-content\/uploads\/2023\/09\/314962920_10222787854516948_4867247789523223905_n-e1696322358423.jpg\" class=\"vc_single_image-img attachment-large\" alt=\"\" title=\"Drzewo Zycia Alija Ariana Karima 17\" srcset=\"https:\/\/alija.com.pl\/wp-content\/uploads\/2023\/09\/314962920_10222787854516948_4867247789523223905_n-e1696322358423.jpg 600w, https:\/\/alija.com.pl\/wp-content\/uploads\/2023\/09\/314962920_10222787854516948_4867247789523223905_n-e1696322358423-150x107.jpg 150w, https:\/\/alija.com.pl\/wp-content\/uploads\/2023\/09\/314962920_10222787854516948_4867247789523223905_n-e1696322358423-400x286.jpg 400w, https:\/\/alija.com.pl\/wp-content\/uploads\/2023\/09\/314962920_10222787854516948_4867247789523223905_n-e1696322358423-18x12.jpg 18w\" sizes=\"(max-width: 600px) 100vw, 600px\" \/><\/div>\n\t\t<\/figure>\n\t<\/div>\n<\/div><\/div><\/div><\/div><div class=\"vc_row-full-width vc_clearfix\"><\/div>\n<\/div>","protected":false},"excerpt":{"rendered":"<div dir=\"auto\">\n<p>Opowiem Ci o Drzewie \u017bycia. To obraz, kt\u00f3ry powsta\u0142 ponad 15 lat temu, kiedy dopiero zacz\u0119\u0142am moj\u0105 przygod\u0119 z malowaniem. Wcze\u015bniej nie uczy\u0142am si\u0119 malowa\u0107, nie sko\u0144czy\u0142am \u017cadnych szk\u00f3\u0142 artystycznych. Pragn\u0119\u0142am za to tworzy\u0107 i czu\u0142am, \u017ce mog\u0119, \u017ce potrafi\u0119. A Drzewo po prostu ze mnie wyp\u0142yn\u0119\u0142o. Ja tylko trzyma\u0142am p\u0119dzel. Namalowa\u0142 si\u0119 sam, jakby w natchnieniu. Odda\u0142 to, co nienamacalne: Ducha, \u015awiadomo\u015b\u0107, esencj\u0119 \u017cycia. Jest dziewiczy i niewinny \u2013 to jego moc. Przypomina, \u017ce wszystko jest w nas, tylko mamy pozwoli\u0107, by ca\u0142a nasza moc si\u0119 nam ukaza\u0142a i by j\u0105 przyj\u0105\u0107.<\/p>\n<p>Obraz zosta\u0142 sprawdzony przez jasnowidz\u0105cych pod k\u0105tem jego oddzia\u0142ywania i energii, kt\u00f3r\u0105 emanuje. Ten obraz UZDRAWIA. Dotyczy to nie tylko orygina\u0142u, ale r\u00f3wnie\u017c ka\u017cdej reprodukcji, kt\u00f3r\u0105 wykonuj\u0119 na zam\u00f3wienie.<br \/>\nMo\u017cesz mie\u0107 w domu jego reprodukcj\u0119, wiernie oddaj\u0105ca orygina\u0142, w dowolnym rozmiarze!<\/p>\n<p>Wybieraj\u0105c rozmiar <strong>plakatu<\/strong>, dodatkowo wybierz w opcji p\u0142\u00f3tno &#8211; nie dotyczy<br \/>\nWybieraj\u0105c rozmiar <strong>p\u0142\u00f3tna<\/strong>, dodatkowo wybierz w opcji plakat &#8211; nie dotyczy<\/p>\n<\/div>\n<div dir=\"auto\"><\/div>\n","protected":false},"featured_media":9840,"template":"","meta":[],"product_brand":[],"product_cat":[72],"product_tag":[74,75,101,1238,1237,1163,1164,369,103,102],"class_list":{"0":"post-9853","1":"product","2":"type-product","3":"status-publish","4":"has-post-thumbnail","6":"product_cat-obrazy","7":"product_tag-alija","8":"product_tag-ariana-karima","9":"product_tag-drzewo-zycia","10":"product_tag-obraz-drzewa-zycia","11":"product_tag-obraz-drzewo-zycia","12":"product_tag-obraz-duchowy","13":"product_tag-obraz-duszy","14":"product_tag-obraz-na-plotnie","15":"product_tag-przebudzenie","16":"product_tag-tree-of-life","17":"product_shipping_class-polska","19":"first","20":"instock","21":"shipping-taxable","22":"purchasable","23":"product-type-variable","24":"has-default-attributes"},"jetpack_sharing_enabled":true,"_links":{"self":[{"href":"https:\/\/alija.com.pl\/pl_pl\/wp-json\/wp\/v2\/product\/9853","targetHints":{"allow":["GET"]}}],"collection":[{"href":"https:\/\/alija.com.pl\/pl_pl\/wp-json\/wp\/v2\/product"}],"about":[{"href":"https:\/\/alija.com.pl\/pl_pl\/wp-json\/wp\/v2\/types\/product"}],"version-history":[{"count":2,"href":"https:\/\/alija.com.pl\/pl_pl\/wp-json\/wp\/v2\/product\/9853\/revisions"}],"predecessor-version":[{"id":9966,"href":"https:\/\/alija.com.pl\/pl_pl\/wp-json\/wp\/v2\/product\/9853\/revisions\/9966"}],"wp:featuredmedia":[{"embeddable":true,"href":"https:\/\/alija.com.pl\/pl_pl\/wp-json\/wp\/v2\/media\/9840"}],"wp:attachment":[{"href":"https:\/\/alija.com.pl\/pl_pl\/wp-json\/wp\/v2\/media?parent=9853"}],"wp:term":[{"taxonomy":"product_brand","embeddable":true,"href":"https:\/\/alija.com.pl\/pl_pl\/wp-json\/wp\/v2\/product_brand?post=9853"},{"taxonomy":"product_cat","embeddable":true,"href":"https:\/\/alija.com.pl\/pl_pl\/wp-json\/wp\/v2\/product_cat?post=9853"},{"taxonomy":"product_tag","embeddable":true,"href":"https:\/\/alija.com.pl\/pl_pl\/wp-json\/wp\/v2\/product_tag?post=9853"}],"curies":[{"name":"wp","href":"https:\/\/api.w.org\/{rel}","templated":true}]}}